{"id":977,"date":"2018-03-08T14:08:17","date_gmt":"2018-03-08T13:08:17","guid":{"rendered":"http:\/\/lotsarnastockholm.se\/?page_id=977"},"modified":"2023-05-13T21:55:26","modified_gmt":"2023-05-13T20:55:26","slug":"lots-galleriet","status":"publish","type":"page","link":"https:\/\/lotsarnastockholm.se\/index.php\/lots-galleriet\/","title":{"rendered":"Stockholm 1897"},"content":{"rendered":"\n<p>F\u00f6ljande lotsar \u00e4r fr\u00e5n tavlan som visar lotsarna \u00e5r 1897 som h\u00e4nger p\u00e5 Rosenviks lotsstation. Tavlan sk\u00e4nktes 1919 av Lotsl\u00f6jtnant Bengt \u00d6strand till Lotsarna i Stockholm.<\/p>\n\n\n\n<figure class=\"wp-block-gallery has-nested-images columns-default is-cropped wp-block-gallery-1 is-layout-flex wp-block-gallery-is-layout-flex\">\n<figure class=\"wp-block-image size-large\"><a href=\"https:\/\/lotsarnastockholm.se\/wp-content\/uploads\/lotsar\/stockholm\/Alfred-Julius-Sjoblom.jpg\"><img fetchpriority=\"high\" decoding=\"async\" width=\"457\" height=\"709\" data-id=\"2023\" src=\"https:\/\/lotsarnastockholm.se\/wp-content\/uploads\/lotsar\/stockholm\/Alfred-Julius-Sjoblom.jpg\" alt=\"\" class=\"wp-image-2023\" srcset=\"https:\/\/lotsarnastockholm.se\/wp-content\/uploads\/lotsar\/stockholm\/Alfred-Julius-Sjoblom.jpg 457w, https:\/\/lotsarnastockholm.se\/wp-content\/uploads\/lotsar\/stockholm\/Alfred-Julius-Sjoblom-193x300.jpg 193w\" sizes=\"(max-width: 457px) 100vw, 457px\" \/><\/a><figcaption class=\"wp-element-caption\">Alfred Julius Sj\u00f6blom<\/figcaption><\/figure>\n\n\n\n<figure class=\"wp-block-image size-large\"><a href=\"https:\/\/lotsarnastockholm.se\/wp-content\/uploads\/lotsar\/stockholm\/Alfred-Wilhelm-dy-Westerberg.jpg\"><img decoding=\"async\" width=\"472\" height=\"784\" data-id=\"2024\" src=\"https:\/\/lotsarnastockholm.se\/wp-content\/uploads\/lotsar\/stockholm\/Alfred-Wilhelm-dy-Westerberg.jpg\" alt=\"\" class=\"wp-image-2024\" srcset=\"https:\/\/lotsarnastockholm.se\/wp-content\/uploads\/lotsar\/stockholm\/Alfred-Wilhelm-dy-Westerberg.jpg 472w, https:\/\/lotsarnastockholm.se\/wp-content\/uploads\/lotsar\/stockholm\/Alfred-Wilhelm-dy-Westerberg-181x300.jpg 181w\" sizes=\"(max-width: 472px) 100vw, 472px\" \/><\/a><figcaption class=\"wp-element-caption\">Alfred Wilhelm dy Westerberg<\/figcaption><\/figure>\n\n\n\n<figure class=\"wp-block-image size-large\"><a href=\"https:\/\/lotsarnastockholm.se\/wp-content\/uploads\/lotsar\/stockholm\/Alfred-Wilhelm-Westerberg.jpg\"><img decoding=\"async\" width=\"437\" height=\"664\" data-id=\"2025\" src=\"https:\/\/lotsarnastockholm.se\/wp-content\/uploads\/lotsar\/stockholm\/Alfred-Wilhelm-Westerberg.jpg\" alt=\"\" class=\"wp-image-2025\" srcset=\"https:\/\/lotsarnastockholm.se\/wp-content\/uploads\/lotsar\/stockholm\/Alfred-Wilhelm-Westerberg.jpg 437w, https:\/\/lotsarnastockholm.se\/wp-content\/uploads\/lotsar\/stockholm\/Alfred-Wilhelm-Westerberg-197x300.jpg 197w\" sizes=\"(max-width: 437px) 100vw, 437px\" \/><\/a><figcaption class=\"wp-element-caption\">Alfred Wilhelm Westerberg<\/figcaption><\/figure>\n\n\n\n<figure class=\"wp-block-image size-large\"><a href=\"https:\/\/lotsarnastockholm.se\/wp-content\/uploads\/lotsar\/stockholm\/Anders-Gustaf-Soderberg.jpg\"><img loading=\"lazy\" decoding=\"async\" width=\"511\" height=\"757\" data-id=\"2026\" src=\"https:\/\/lotsarnastockholm.se\/wp-content\/uploads\/lotsar\/stockholm\/Anders-Gustaf-Soderberg.jpg\" alt=\"\" class=\"wp-image-2026\" srcset=\"https:\/\/lotsarnastockholm.se\/wp-content\/uploads\/lotsar\/stockholm\/Anders-Gustaf-Soderberg.jpg 511w, https:\/\/lotsarnastockholm.se\/wp-content\/uploads\/lotsar\/stockholm\/Anders-Gustaf-Soderberg-203x300.jpg 203w\" sizes=\"(max-width: 511px) 100vw, 511px\" \/><\/a><figcaption class=\"wp-element-caption\">Anders Gustaf S\u00f6derberg<\/figcaption><\/figure>\n\n\n\n<figure class=\"wp-block-image size-large\"><a href=\"https:\/\/lotsarnastockholm.se\/wp-content\/uploads\/lotsar\/stockholm\/August-Conrad-Johansson.jpg\"><img loading=\"lazy\" decoding=\"async\" width=\"527\" height=\"794\" data-id=\"2027\" src=\"https:\/\/lotsarnastockholm.se\/wp-content\/uploads\/lotsar\/stockholm\/August-Conrad-Johansson.jpg\" alt=\"\" class=\"wp-image-2027\" srcset=\"https:\/\/lotsarnastockholm.se\/wp-content\/uploads\/lotsar\/stockholm\/August-Conrad-Johansson.jpg 527w, https:\/\/lotsarnastockholm.se\/wp-content\/uploads\/lotsar\/stockholm\/August-Conrad-Johansson-199x300.jpg 199w\" sizes=\"(max-width: 527px) 100vw, 527px\" \/><\/a><figcaption class=\"wp-element-caption\">August Conrad Johansson<\/figcaption><\/figure>\n\n\n\n<figure class=\"wp-block-image size-large\"><a href=\"https:\/\/lotsarnastockholm.se\/wp-content\/uploads\/lotsar\/stockholm\/Axel-Boman.jpg\"><img loading=\"lazy\" decoding=\"async\" width=\"515\" height=\"723\" data-id=\"2028\" src=\"https:\/\/lotsarnastockholm.se\/wp-content\/uploads\/lotsar\/stockholm\/Axel-Boman.jpg\" alt=\"\" class=\"wp-image-2028\" srcset=\"https:\/\/lotsarnastockholm.se\/wp-content\/uploads\/lotsar\/stockholm\/Axel-Boman.jpg 515w, https:\/\/lotsarnastockholm.se\/wp-content\/uploads\/lotsar\/stockholm\/Axel-Boman-214x300.jpg 214w\" sizes=\"(max-width: 515px) 100vw, 515px\" \/><\/a><figcaption class=\"wp-element-caption\">Axel Boman<\/figcaption><\/figure>\n\n\n\n<figure class=\"wp-block-image size-large\"><a href=\"https:\/\/lotsarnastockholm.se\/wp-content\/uploads\/lotsar\/stockholm\/Bengt-S-Ostrand.jpg\"><img loading=\"lazy\" decoding=\"async\" width=\"725\" height=\"1024\" data-id=\"2029\" src=\"https:\/\/lotsarnastockholm.se\/wp-content\/uploads\/lotsar\/stockholm\/Bengt-S-Ostrand-725x1024.jpg\" alt=\"\" class=\"wp-image-2029\" srcset=\"https:\/\/lotsarnastockholm.se\/wp-content\/uploads\/lotsar\/stockholm\/Bengt-S-Ostrand-725x1024.jpg 725w, https:\/\/lotsarnastockholm.se\/wp-content\/uploads\/lotsar\/stockholm\/Bengt-S-Ostrand-212x300.jpg 212w, https:\/\/lotsarnastockholm.se\/wp-content\/uploads\/lotsar\/stockholm\/Bengt-S-Ostrand.jpg 737w\" sizes=\"(max-width: 725px) 100vw, 725px\" \/><\/a><figcaption class=\"wp-element-caption\">Bengt S \u00d6strand<\/figcaption><\/figure>\n\n\n\n<figure class=\"wp-block-image size-large\"><a href=\"https:\/\/lotsarnastockholm.se\/wp-content\/uploads\/lotsar\/stockholm\/Carl-Conrad-Sundgren.jpg\"><img loading=\"lazy\" decoding=\"async\" width=\"539\" height=\"664\" data-id=\"2030\" src=\"https:\/\/lotsarnastockholm.se\/wp-content\/uploads\/lotsar\/stockholm\/Carl-Conrad-Sundgren.jpg\" alt=\"\" class=\"wp-image-2030\" srcset=\"https:\/\/lotsarnastockholm.se\/wp-content\/uploads\/lotsar\/stockholm\/Carl-Conrad-Sundgren.jpg 539w, https:\/\/lotsarnastockholm.se\/wp-content\/uploads\/lotsar\/stockholm\/Carl-Conrad-Sundgren-244x300.jpg 244w\" sizes=\"(max-width: 539px) 100vw, 539px\" \/><\/a><figcaption class=\"wp-element-caption\">Carl Conrad Sundgren<\/figcaption><\/figure>\n\n\n\n<figure class=\"wp-block-image size-large\"><a href=\"https:\/\/lotsarnastockholm.se\/wp-content\/uploads\/lotsar\/stockholm\/Carl-Erik-Sundgren.jpg\"><img loading=\"lazy\" decoding=\"async\" width=\"539\" height=\"750\" data-id=\"2031\" src=\"https:\/\/lotsarnastockholm.se\/wp-content\/uploads\/lotsar\/stockholm\/Carl-Erik-Sundgren.jpg\" alt=\"\" class=\"wp-image-2031\" srcset=\"https:\/\/lotsarnastockholm.se\/wp-content\/uploads\/lotsar\/stockholm\/Carl-Erik-Sundgren.jpg 539w, https:\/\/lotsarnastockholm.se\/wp-content\/uploads\/lotsar\/stockholm\/Carl-Erik-Sundgren-216x300.jpg 216w\" sizes=\"(max-width: 539px) 100vw, 539px\" \/><\/a><figcaption class=\"wp-element-caption\">Carl Erik Sundgren<\/figcaption><\/figure>\n\n\n\n<figure class=\"wp-block-image size-large\"><a href=\"https:\/\/lotsarnastockholm.se\/wp-content\/uploads\/lotsar\/stockholm\/Ejnar-Reinhold-Blomqvist.jpg\"><img loading=\"lazy\" decoding=\"async\" width=\"534\" height=\"704\" data-id=\"2032\" src=\"https:\/\/lotsarnastockholm.se\/wp-content\/uploads\/lotsar\/stockholm\/Ejnar-Reinhold-Blomqvist.jpg\" alt=\"\" class=\"wp-image-2032\" srcset=\"https:\/\/lotsarnastockholm.se\/wp-content\/uploads\/lotsar\/stockholm\/Ejnar-Reinhold-Blomqvist.jpg 534w, https:\/\/lotsarnastockholm.se\/wp-content\/uploads\/lotsar\/stockholm\/Ejnar-Reinhold-Blomqvist-228x300.jpg 228w\" sizes=\"(max-width: 534px) 100vw, 534px\" \/><\/a><figcaption class=\"wp-element-caption\">Ejnar Reinhold Blomqvist<\/figcaption><\/figure>\n\n\n\n<figure class=\"wp-block-image size-large\"><a href=\"https:\/\/lotsarnastockholm.se\/wp-content\/uploads\/lotsar\/stockholm\/Erik-Gustav-Bernhard-Johansson.jpg\"><img loading=\"lazy\" decoding=\"async\" width=\"538\" height=\"709\" data-id=\"2033\" src=\"https:\/\/lotsarnastockholm.se\/wp-content\/uploads\/lotsar\/stockholm\/Erik-Gustav-Bernhard-Johansson.jpg\" alt=\"\" class=\"wp-image-2033\" srcset=\"https:\/\/lotsarnastockholm.se\/wp-content\/uploads\/lotsar\/stockholm\/Erik-Gustav-Bernhard-Johansson.jpg 538w, https:\/\/lotsarnastockholm.se\/wp-content\/uploads\/lotsar\/stockholm\/Erik-Gustav-Bernhard-Johansson-228x300.jpg 228w\" sizes=\"(max-width: 538px) 100vw, 538px\" \/><\/a><figcaption class=\"wp-element-caption\">Erik Gustav Bernhard Johansson<\/figcaption><\/figure>\n\n\n\n<figure class=\"wp-block-image size-large\"><a href=\"https:\/\/lotsarnastockholm.se\/wp-content\/uploads\/lotsar\/stockholm\/Ernfrid-Hjalmar-Sundqvist.jpg\"><img loading=\"lazy\" decoding=\"async\" width=\"511\" height=\"804\" data-id=\"2034\" src=\"https:\/\/lotsarnastockholm.se\/wp-content\/uploads\/lotsar\/stockholm\/Ernfrid-Hjalmar-Sundqvist.jpg\" alt=\"\" class=\"wp-image-2034\" srcset=\"https:\/\/lotsarnastockholm.se\/wp-content\/uploads\/lotsar\/stockholm\/Ernfrid-Hjalmar-Sundqvist.jpg 511w, https:\/\/lotsarnastockholm.se\/wp-content\/uploads\/lotsar\/stockholm\/Ernfrid-Hjalmar-Sundqvist-191x300.jpg 191w\" sizes=\"(max-width: 511px) 100vw, 511px\" \/><\/a><figcaption class=\"wp-element-caption\">Ernfrid Hjalmar Sundqvist<\/figcaption><\/figure>\n\n\n\n<figure class=\"wp-block-image size-large\"><a href=\"https:\/\/lotsarnastockholm.se\/wp-content\/uploads\/lotsar\/stockholm\/Gustaf-Albert-Alexander-Oman.jpg\"><img loading=\"lazy\" decoding=\"async\" width=\"573\" height=\"741\" data-id=\"2035\" src=\"https:\/\/lotsarnastockholm.se\/wp-content\/uploads\/lotsar\/stockholm\/Gustaf-Albert-Alexander-Oman.jpg\" alt=\"\" class=\"wp-image-2035\" srcset=\"https:\/\/lotsarnastockholm.se\/wp-content\/uploads\/lotsar\/stockholm\/Gustaf-Albert-Alexander-Oman.jpg 573w, https:\/\/lotsarnastockholm.se\/wp-content\/uploads\/lotsar\/stockholm\/Gustaf-Albert-Alexander-Oman-232x300.jpg 232w\" sizes=\"(max-width: 573px) 100vw, 573px\" \/><\/a><figcaption class=\"wp-element-caption\">Gustaf Albert Alexander \u00d6man<\/figcaption><\/figure>\n\n\n\n<figure class=\"wp-block-image size-large\"><a href=\"https:\/\/lotsarnastockholm.se\/wp-content\/uploads\/lotsar\/stockholm\/Gustaf-Engelbert-Sjoblom.jpg\"><img loading=\"lazy\" decoding=\"async\" width=\"544\" height=\"713\" data-id=\"2036\" src=\"https:\/\/lotsarnastockholm.se\/wp-content\/uploads\/lotsar\/stockholm\/Gustaf-Engelbert-Sjoblom.jpg\" alt=\"\" class=\"wp-image-2036\" srcset=\"https:\/\/lotsarnastockholm.se\/wp-content\/uploads\/lotsar\/stockholm\/Gustaf-Engelbert-Sjoblom.jpg 544w, https:\/\/lotsarnastockholm.se\/wp-content\/uploads\/lotsar\/stockholm\/Gustaf-Engelbert-Sjoblom-229x300.jpg 229w\" sizes=\"(max-width: 544px) 100vw, 544px\" \/><\/a><figcaption class=\"wp-element-caption\">Gustaf Engelbert Sj\u00f6blom<\/figcaption><\/figure>\n\n\n\n<figure class=\"wp-block-image size-large\"><a href=\"https:\/\/lotsarnastockholm.se\/wp-content\/uploads\/lotsar\/stockholm\/Gustaf-Reinhold-Lindqvist.jpg\"><img loading=\"lazy\" decoding=\"async\" width=\"462\" height=\"657\" data-id=\"2037\" src=\"https:\/\/lotsarnastockholm.se\/wp-content\/uploads\/lotsar\/stockholm\/Gustaf-Reinhold-Lindqvist.jpg\" alt=\"\" class=\"wp-image-2037\" srcset=\"https:\/\/lotsarnastockholm.se\/wp-content\/uploads\/lotsar\/stockholm\/Gustaf-Reinhold-Lindqvist.jpg 462w, https:\/\/lotsarnastockholm.se\/wp-content\/uploads\/lotsar\/stockholm\/Gustaf-Reinhold-Lindqvist-211x300.jpg 211w\" sizes=\"(max-width: 462px) 100vw, 462px\" \/><\/a><figcaption class=\"wp-element-caption\">Gustaf Reinhold Lindqvist<\/figcaption><\/figure>\n\n\n\n<figure class=\"wp-block-image size-large\"><a href=\"https:\/\/lotsarnastockholm.se\/wp-content\/uploads\/lotsar\/stockholm\/Henrik-Sundstrom.jpg\"><img loading=\"lazy\" decoding=\"async\" width=\"560\" height=\"739\" data-id=\"2038\" src=\"https:\/\/lotsarnastockholm.se\/wp-content\/uploads\/lotsar\/stockholm\/Henrik-Sundstrom.jpg\" alt=\"\" class=\"wp-image-2038\" srcset=\"https:\/\/lotsarnastockholm.se\/wp-content\/uploads\/lotsar\/stockholm\/Henrik-Sundstrom.jpg 560w, https:\/\/lotsarnastockholm.se\/wp-content\/uploads\/lotsar\/stockholm\/Henrik-Sundstrom-227x300.jpg 227w\" sizes=\"(max-width: 560px) 100vw, 560px\" \/><\/a><figcaption class=\"wp-element-caption\">Henrik Sundstr\u00f6m<\/figcaption><\/figure>\n\n\n\n<figure class=\"wp-block-image size-large\"><a href=\"https:\/\/lotsarnastockholm.se\/wp-content\/uploads\/lotsar\/stockholm\/Johan-August-Sundgren.jpg\"><img loading=\"lazy\" decoding=\"async\" width=\"539\" height=\"715\" data-id=\"2039\" src=\"https:\/\/lotsarnastockholm.se\/wp-content\/uploads\/lotsar\/stockholm\/Johan-August-Sundgren.jpg\" alt=\"\" class=\"wp-image-2039\" srcset=\"https:\/\/lotsarnastockholm.se\/wp-content\/uploads\/lotsar\/stockholm\/Johan-August-Sundgren.jpg 539w, https:\/\/lotsarnastockholm.se\/wp-content\/uploads\/lotsar\/stockholm\/Johan-August-Sundgren-226x300.jpg 226w\" sizes=\"(max-width: 539px) 100vw, 539px\" \/><\/a><figcaption class=\"wp-element-caption\">Johan August Sundgren<\/figcaption><\/figure>\n\n\n\n<figure class=\"wp-block-image size-large\"><a href=\"https:\/\/lotsarnastockholm.se\/wp-content\/uploads\/lotsar\/stockholm\/Johan-Axel-Oman.jpg\"><img loading=\"lazy\" decoding=\"async\" width=\"510\" height=\"795\" data-id=\"2040\" src=\"https:\/\/lotsarnastockholm.se\/wp-content\/uploads\/lotsar\/stockholm\/Johan-Axel-Oman.jpg\" alt=\"\" class=\"wp-image-2040\" srcset=\"https:\/\/lotsarnastockholm.se\/wp-content\/uploads\/lotsar\/stockholm\/Johan-Axel-Oman.jpg 510w, https:\/\/lotsarnastockholm.se\/wp-content\/uploads\/lotsar\/stockholm\/Johan-Axel-Oman-192x300.jpg 192w\" sizes=\"(max-width: 510px) 100vw, 510px\" \/><\/a><figcaption class=\"wp-element-caption\">Johan Axel \u00d6man<\/figcaption><\/figure>\n\n\n\n<figure class=\"wp-block-image size-large\"><a href=\"https:\/\/lotsarnastockholm.se\/wp-content\/uploads\/lotsar\/stockholm\/Johan-Fredrik-Forsberg.jpg\"><img loading=\"lazy\" decoding=\"async\" width=\"526\" height=\"742\" data-id=\"2041\" src=\"https:\/\/lotsarnastockholm.se\/wp-content\/uploads\/lotsar\/stockholm\/Johan-Fredrik-Forsberg.jpg\" alt=\"\" class=\"wp-image-2041\" srcset=\"https:\/\/lotsarnastockholm.se\/wp-content\/uploads\/lotsar\/stockholm\/Johan-Fredrik-Forsberg.jpg 526w, https:\/\/lotsarnastockholm.se\/wp-content\/uploads\/lotsar\/stockholm\/Johan-Fredrik-Forsberg-213x300.jpg 213w\" sizes=\"(max-width: 526px) 100vw, 526px\" \/><\/a><figcaption class=\"wp-element-caption\">Johan Fredrik Forsberg<\/figcaption><\/figure>\n\n\n\n<figure class=\"wp-block-image size-large\"><a href=\"https:\/\/lotsarnastockholm.se\/wp-content\/uploads\/lotsar\/stockholm\/Johan-Fredrik-Oman.jpg\"><img loading=\"lazy\" decoding=\"async\" width=\"500\" height=\"783\" data-id=\"2042\" src=\"https:\/\/lotsarnastockholm.se\/wp-content\/uploads\/lotsar\/stockholm\/Johan-Fredrik-Oman.jpg\" alt=\"\" class=\"wp-image-2042\" srcset=\"https:\/\/lotsarnastockholm.se\/wp-content\/uploads\/lotsar\/stockholm\/Johan-Fredrik-Oman.jpg 500w, https:\/\/lotsarnastockholm.se\/wp-content\/uploads\/lotsar\/stockholm\/Johan-Fredrik-Oman-192x300.jpg 192w\" sizes=\"(max-width: 500px) 100vw, 500px\" \/><\/a><figcaption class=\"wp-element-caption\">Johan Fredrik \u00d6man<\/figcaption><\/figure>\n\n\n\n<figure class=\"wp-block-image size-large\"><a href=\"https:\/\/lotsarnastockholm.se\/wp-content\/uploads\/lotsar\/stockholm\/Johan-Gustaf-Blomqvist.jpg\"><img loading=\"lazy\" decoding=\"async\" width=\"504\" height=\"785\" data-id=\"2043\" src=\"https:\/\/lotsarnastockholm.se\/wp-content\/uploads\/lotsar\/stockholm\/Johan-Gustaf-Blomqvist.jpg\" alt=\"\" class=\"wp-image-2043\" srcset=\"https:\/\/lotsarnastockholm.se\/wp-content\/uploads\/lotsar\/stockholm\/Johan-Gustaf-Blomqvist.jpg 504w, https:\/\/lotsarnastockholm.se\/wp-content\/uploads\/lotsar\/stockholm\/Johan-Gustaf-Blomqvist-193x300.jpg 193w\" sizes=\"(max-width: 504px) 100vw, 504px\" \/><\/a><figcaption class=\"wp-element-caption\">Johan Gustaf Blomqvist<\/figcaption><\/figure>\n\n\n\n<figure class=\"wp-block-image size-large\"><a href=\"https:\/\/lotsarnastockholm.se\/wp-content\/uploads\/lotsar\/stockholm\/Johan-Oskar-Blomqvist.jpg\"><img loading=\"lazy\" decoding=\"async\" width=\"540\" height=\"777\" data-id=\"2044\" src=\"https:\/\/lotsarnastockholm.se\/wp-content\/uploads\/lotsar\/stockholm\/Johan-Oskar-Blomqvist.jpg\" alt=\"\" class=\"wp-image-2044\" srcset=\"https:\/\/lotsarnastockholm.se\/wp-content\/uploads\/lotsar\/stockholm\/Johan-Oskar-Blomqvist.jpg 540w, https:\/\/lotsarnastockholm.se\/wp-content\/uploads\/lotsar\/stockholm\/Johan-Oskar-Blomqvist-208x300.jpg 208w\" sizes=\"(max-width: 540px) 100vw, 540px\" \/><\/a><figcaption class=\"wp-element-caption\">Johan Oskar Blomqvist<\/figcaption><\/figure>\n\n\n\n<figure class=\"wp-block-image size-large\"><a href=\"https:\/\/lotsarnastockholm.se\/wp-content\/uploads\/lotsar\/stockholm\/Johan-Reinhold-Ollongren.jpg\"><img loading=\"lazy\" decoding=\"async\" width=\"470\" height=\"813\" data-id=\"2045\" src=\"https:\/\/lotsarnastockholm.se\/wp-content\/uploads\/lotsar\/stockholm\/Johan-Reinhold-Ollongren.jpg\" alt=\"\" class=\"wp-image-2045\" srcset=\"https:\/\/lotsarnastockholm.se\/wp-content\/uploads\/lotsar\/stockholm\/Johan-Reinhold-Ollongren.jpg 470w, https:\/\/lotsarnastockholm.se\/wp-content\/uploads\/lotsar\/stockholm\/Johan-Reinhold-Ollongren-173x300.jpg 173w\" sizes=\"(max-width: 470px) 100vw, 470px\" \/><\/a><figcaption class=\"wp-element-caption\">Johan Reinhold Ollongren<\/figcaption><\/figure>\n\n\n\n<figure class=\"wp-block-image size-large\"><a href=\"https:\/\/lotsarnastockholm.se\/wp-content\/uploads\/lotsar\/stockholm\/Karl-Helmer-Westerberg.jpg\"><img loading=\"lazy\" decoding=\"async\" width=\"500\" height=\"759\" data-id=\"2046\" src=\"https:\/\/lotsarnastockholm.se\/wp-content\/uploads\/lotsar\/stockholm\/Karl-Helmer-Westerberg.jpg\" alt=\"\" class=\"wp-image-2046\" srcset=\"https:\/\/lotsarnastockholm.se\/wp-content\/uploads\/lotsar\/stockholm\/Karl-Helmer-Westerberg.jpg 500w, https:\/\/lotsarnastockholm.se\/wp-content\/uploads\/lotsar\/stockholm\/Karl-Helmer-Westerberg-198x300.jpg 198w\" sizes=\"(max-width: 500px) 100vw, 500px\" \/><\/a><figcaption class=\"wp-element-caption\">Karl Helmer Westerberg<\/figcaption><\/figure>\n\n\n\n<figure class=\"wp-block-image size-large\"><a href=\"https:\/\/lotsarnastockholm.se\/wp-content\/uploads\/lotsar\/stockholm\/Rudolf-William-Sundgren.jpg\"><img loading=\"lazy\" decoding=\"async\" width=\"527\" height=\"707\" data-id=\"2047\" src=\"https:\/\/lotsarnastockholm.se\/wp-content\/uploads\/lotsar\/stockholm\/Rudolf-William-Sundgren.jpg\" alt=\"\" class=\"wp-image-2047\" srcset=\"https:\/\/lotsarnastockholm.se\/wp-content\/uploads\/lotsar\/stockholm\/Rudolf-William-Sundgren.jpg 527w, https:\/\/lotsarnastockholm.se\/wp-content\/uploads\/lotsar\/stockholm\/Rudolf-William-Sundgren-224x300.jpg 224w\" sizes=\"(max-width: 527px) 100vw, 527px\" \/><\/a><figcaption class=\"wp-element-caption\">Rudolf William Sundgren<\/figcaption><\/figure>\n<\/figure>\n","protected":false},"excerpt":{"rendered":"<p>F\u00f6ljande lotsar \u00e4r fr\u00e5n tavlan som visar lotsarna \u00e5r 1897 som h\u00e4nger p\u00e5 Rosenviks lotsstation. Tavlan sk\u00e4nktes 1919 av Lotsl\u00f6jtnant Bengt \u00d6strand till Lotsarna i Stockholm.<\/p>\n","protected":false},"author":1,"featured_media":0,"parent":0,"menu_order":0,"comment_status":"closed","ping_status":"closed","template":"","meta":{"footnotes":""},"class_list":["post-977","page","type-page","status-publish","hentry","entry"],"_links":{"self":[{"href":"https:\/\/lotsarnastockholm.se\/index.php\/wp-json\/wp\/v2\/pages\/977","targetHints":{"allow":["GET"]}}],"collection":[{"href":"https:\/\/lotsarnastockholm.se\/index.php\/wp-json\/wp\/v2\/pages"}],"about":[{"href":"https:\/\/lotsarnastockholm.se\/index.php\/wp-json\/wp\/v2\/types\/page"}],"author":[{"embeddable":true,"href":"https:\/\/lotsarnastockholm.se\/index.php\/wp-json\/wp\/v2\/users\/1"}],"replies":[{"embeddable":true,"href":"https:\/\/lotsarnastockholm.se\/index.php\/wp-json\/wp\/v2\/comments?post=977"}],"version-history":[{"count":18,"href":"https:\/\/lotsarnastockholm.se\/index.php\/wp-json\/wp\/v2\/pages\/977\/revisions"}],"predecessor-version":[{"id":5688,"href":"https:\/\/lotsarnastockholm.se\/index.php\/wp-json\/wp\/v2\/pages\/977\/revisions\/5688"}],"wp:attachment":[{"href":"https:\/\/lotsarnastockholm.se\/index.php\/wp-json\/wp\/v2\/media?parent=977"}],"curies":[{"name":"wp","href":"https:\/\/api.w.org\/{rel}","templated":true}]}}