{"id":893,"date":"2016-01-14T17:37:48","date_gmt":"2016-01-14T16:37:48","guid":{"rendered":"http:\/\/lotsarnastockholm.se\/?page_id=893"},"modified":"2016-01-14T17:37:48","modified_gmt":"2016-01-14T16:37:48","slug":"julfest-2015","status":"publish","type":"page","link":"https:\/\/lotsarnastockholm.se\/index.php\/julfest-2015\/","title":{"rendered":"Julfest 2015"},"content":{"rendered":"<p>Den 16 december samlade vi 23 fd lotsar, nya lotsar, VTS are och lite kontorsfolk, Vi hade lite information om dagens arbete och pratade lite allm\u00e4nt om hur det var f\u00f6rr. Sen var det dags f\u00f6r en liten jultallrik, \u00f6l med kaffe och dopp. Mycket trevligt och uppskattat. Hoppas vi kan ses n\u00e5n fler g\u00e5ng!<\/p>\n<figure id=\"attachment_751\" aria-describedby=\"caption-attachment-751\" style=\"width: 300px\" class=\"wp-caption aligncenter\"><a href=\"http:\/\/lotsarnastockholm.se\/wp-content\/uploads\/2015\/12\/DSC03027.jpg\" rel=\"attachment wp-att-751\"><img fetchpriority=\"high\" decoding=\"async\" class=\"wp-image-751 size-medium\" src=\"http:\/\/lotsarnastockholm.se\/wp-content\/uploads\/2015\/12\/DSC03027-300x225.jpg\" alt=\"DSC03027\" width=\"300\" height=\"225\" srcset=\"https:\/\/lotsarnastockholm.se\/wp-content\/uploads\/2015\/12\/DSC03027-300x225.jpg 300w, https:\/\/lotsarnastockholm.se\/wp-content\/uploads\/2015\/12\/DSC03027-1024x768.jpg 1024w\" sizes=\"(max-width: 300px) 100vw, 300px\" \/><\/a><figcaption id=\"caption-attachment-751\" class=\"wp-caption-text\">G\u00f6sta Grundel, Gerhard Stenhammar, PiggJanne och Hansolof, och s\u00e5 Wille i bakgrunden<\/figcaption><\/figure>\n<p>&nbsp;<\/p>\n<p><a href=\"http:\/\/lotsarnastockholm.se\/wp-content\/uploads\/2015\/12\/DSC03026.jpg\" rel=\"attachment wp-att-750\"><img decoding=\"async\" class=\"alignnone size-medium wp-image-750\" src=\"http:\/\/lotsarnastockholm.se\/wp-content\/uploads\/2015\/12\/DSC03026-300x225.jpg\" alt=\"DSC03026\" width=\"300\" height=\"225\" srcset=\"https:\/\/lotsarnastockholm.se\/wp-content\/uploads\/2015\/12\/DSC03026-300x225.jpg 300w, https:\/\/lotsarnastockholm.se\/wp-content\/uploads\/2015\/12\/DSC03026-1024x768.jpg 1024w\" sizes=\"(max-width: 300px) 100vw, 300px\" \/><\/a> <a href=\"http:\/\/lotsarnastockholm.se\/wp-content\/uploads\/2015\/12\/DSC03025.jpg\" rel=\"attachment wp-att-749\"><img decoding=\"async\" class=\"alignnone size-medium wp-image-749\" src=\"http:\/\/lotsarnastockholm.se\/wp-content\/uploads\/2015\/12\/DSC03025-300x225.jpg\" alt=\"DSC03025\" width=\"300\" height=\"225\" srcset=\"https:\/\/lotsarnastockholm.se\/wp-content\/uploads\/2015\/12\/DSC03025-300x225.jpg 300w, https:\/\/lotsarnastockholm.se\/wp-content\/uploads\/2015\/12\/DSC03025-1024x768.jpg 1024w\" sizes=\"(max-width: 300px) 100vw, 300px\" \/><\/a> <a href=\"http:\/\/lotsarnastockholm.se\/wp-content\/uploads\/2015\/12\/DSC03024.jpg\" rel=\"attachment wp-att-748\"><img loading=\"lazy\" decoding=\"async\" class=\"alignnone size-medium wp-image-748\" src=\"http:\/\/lotsarnastockholm.se\/wp-content\/uploads\/2015\/12\/DSC03024-300x225.jpg\" alt=\"DSC03024\" width=\"300\" height=\"225\" srcset=\"https:\/\/lotsarnastockholm.se\/wp-content\/uploads\/2015\/12\/DSC03024-300x225.jpg 300w, https:\/\/lotsarnastockholm.se\/wp-content\/uploads\/2015\/12\/DSC03024-1024x768.jpg 1024w\" sizes=\"(max-width: 300px) 100vw, 300px\" \/><\/a> <a href=\"http:\/\/lotsarnastockholm.se\/wp-content\/uploads\/2015\/12\/DSC03023.jpg\" rel=\"attachment wp-att-747\"><img loading=\"lazy\" decoding=\"async\" class=\"alignnone size-medium wp-image-747\" src=\"http:\/\/lotsarnastockholm.se\/wp-content\/uploads\/2015\/12\/DSC03023-300x225.jpg\" alt=\"DSC03023\" width=\"300\" height=\"225\" srcset=\"https:\/\/lotsarnastockholm.se\/wp-content\/uploads\/2015\/12\/DSC03023-300x225.jpg 300w, https:\/\/lotsarnastockholm.se\/wp-content\/uploads\/2015\/12\/DSC03023-1024x768.jpg 1024w\" sizes=\"(max-width: 300px) 100vw, 300px\" \/><\/a> <a href=\"http:\/\/lotsarnastockholm.se\/wp-content\/uploads\/2015\/12\/DSC03022.jpg\" rel=\"attachment wp-att-746\"><img loading=\"lazy\" decoding=\"async\" class=\"alignnone size-medium wp-image-746\" src=\"http:\/\/lotsarnastockholm.se\/wp-content\/uploads\/2015\/12\/DSC03022-300x225.jpg\" alt=\"DSC03022\" width=\"300\" height=\"225\" srcset=\"https:\/\/lotsarnastockholm.se\/wp-content\/uploads\/2015\/12\/DSC03022-300x225.jpg 300w, https:\/\/lotsarnastockholm.se\/wp-content\/uploads\/2015\/12\/DSC03022-1024x768.jpg 1024w, https:\/\/lotsarnastockholm.se\/wp-content\/uploads\/2015\/12\/DSC03022.jpg 1814w\" sizes=\"(max-width: 300px) 100vw, 300px\" \/><\/a> <a href=\"http:\/\/lotsarnastockholm.se\/wp-content\/uploads\/2015\/12\/DSC03021.jpg\" rel=\"attachment wp-att-745\"><img loading=\"lazy\" decoding=\"async\" class=\"alignnone size-medium wp-image-745\" src=\"http:\/\/lotsarnastockholm.se\/wp-content\/uploads\/2015\/12\/DSC03021-300x225.jpg\" alt=\"DSC03021\" width=\"300\" height=\"225\" srcset=\"https:\/\/lotsarnastockholm.se\/wp-content\/uploads\/2015\/12\/DSC03021-300x225.jpg 300w, https:\/\/lotsarnastockholm.se\/wp-content\/uploads\/2015\/12\/DSC03021-1024x768.jpg 1024w\" sizes=\"(max-width: 300px) 100vw, 300px\" \/><\/a> <a href=\"http:\/\/lotsarnastockholm.se\/wp-content\/uploads\/2015\/12\/DSC03020.jpg\" rel=\"attachment wp-att-744\"><img loading=\"lazy\" decoding=\"async\" class=\"alignnone size-medium wp-image-744\" src=\"http:\/\/lotsarnastockholm.se\/wp-content\/uploads\/2015\/12\/DSC03020-300x225.jpg\" alt=\"DSC03020\" width=\"300\" height=\"225\" srcset=\"https:\/\/lotsarnastockholm.se\/wp-content\/uploads\/2015\/12\/DSC03020-300x225.jpg 300w, https:\/\/lotsarnastockholm.se\/wp-content\/uploads\/2015\/12\/DSC03020-1024x768.jpg 1024w\" sizes=\"(max-width: 300px) 100vw, 300px\" \/><\/a> <a href=\"http:\/\/lotsarnastockholm.se\/wp-content\/uploads\/2015\/12\/DSC03019.jpg\" rel=\"attachment wp-att-743\"><img loading=\"lazy\" decoding=\"async\" class=\"alignnone size-medium wp-image-743\" src=\"http:\/\/lotsarnastockholm.se\/wp-content\/uploads\/2015\/12\/DSC03019-300x225.jpg\" alt=\"DSC03019\" width=\"300\" height=\"225\" srcset=\"https:\/\/lotsarnastockholm.se\/wp-content\/uploads\/2015\/12\/DSC03019-300x225.jpg 300w, https:\/\/lotsarnastockholm.se\/wp-content\/uploads\/2015\/12\/DSC03019-1024x768.jpg 1024w\" sizes=\"(max-width: 300px) 100vw, 300px\" \/><\/a> <a href=\"http:\/\/lotsarnastockholm.se\/wp-content\/uploads\/2015\/12\/DSC03016.jpg\" rel=\"attachment wp-att-742\"><img loading=\"lazy\" decoding=\"async\" class=\"alignnone size-medium wp-image-742\" src=\"http:\/\/lotsarnastockholm.se\/wp-content\/uploads\/2015\/12\/DSC03016-300x225.jpg\" alt=\"DSC03016\" width=\"300\" height=\"225\" srcset=\"https:\/\/lotsarnastockholm.se\/wp-content\/uploads\/2015\/12\/DSC03016-300x225.jpg 300w, https:\/\/lotsarnastockholm.se\/wp-content\/uploads\/2015\/12\/DSC03016-1024x768.jpg 1024w, https:\/\/lotsarnastockholm.se\/wp-content\/uploads\/2015\/12\/DSC03016.jpg 1815w\" sizes=\"(max-width: 300px) 100vw, 300px\" \/><\/a> <a href=\"http:\/\/lotsarnastockholm.se\/wp-content\/uploads\/2015\/12\/DSC03015.jpg\" rel=\"attachment wp-att-741\"><img loading=\"lazy\" decoding=\"async\" class=\"alignnone size-medium wp-image-741\" src=\"http:\/\/lotsarnastockholm.se\/wp-content\/uploads\/2015\/12\/DSC03015-300x225.jpg\" alt=\"DSC03015\" width=\"300\" height=\"225\" srcset=\"https:\/\/lotsarnastockholm.se\/wp-content\/uploads\/2015\/12\/DSC03015-300x225.jpg 300w, https:\/\/lotsarnastockholm.se\/wp-content\/uploads\/2015\/12\/DSC03015-1024x768.jpg 1024w\" sizes=\"(max-width: 300px) 100vw, 300px\" \/><\/a> <a href=\"http:\/\/lotsarnastockholm.se\/wp-content\/uploads\/2015\/12\/DSC03013.jpg\" rel=\"attachment wp-att-740\"><img loading=\"lazy\" decoding=\"async\" class=\"alignnone size-medium wp-image-740\" src=\"http:\/\/lotsarnastockholm.se\/wp-content\/uploads\/2015\/12\/DSC03013-181x300.jpg\" alt=\"DSC03013\" width=\"181\" height=\"300\" srcset=\"https:\/\/lotsarnastockholm.se\/wp-content\/uploads\/2015\/12\/DSC03013-181x300.jpg 181w, https:\/\/lotsarnastockholm.se\/wp-content\/uploads\/2015\/12\/DSC03013-619x1024.jpg 619w, https:\/\/lotsarnastockholm.se\/wp-content\/uploads\/2015\/12\/DSC03013.jpg 1049w\" sizes=\"(max-width: 181px) 100vw, 181px\" \/><\/a> <a href=\"http:\/\/lotsarnastockholm.se\/wp-content\/uploads\/2015\/12\/DSC03012.jpg\" rel=\"attachment wp-att-739\"><img loading=\"lazy\" decoding=\"async\" class=\"alignnone size-medium wp-image-739\" src=\"http:\/\/lotsarnastockholm.se\/wp-content\/uploads\/2015\/12\/DSC03012-300x225.jpg\" alt=\"DSC03012\" width=\"300\" height=\"225\" srcset=\"https:\/\/lotsarnastockholm.se\/wp-content\/uploads\/2015\/12\/DSC03012-300x225.jpg 300w, https:\/\/lotsarnastockholm.se\/wp-content\/uploads\/2015\/12\/DSC03012-1024x768.jpg 1024w, https:\/\/lotsarnastockholm.se\/wp-content\/uploads\/2015\/12\/DSC03012.jpg 1814w\" sizes=\"(max-width: 300px) 100vw, 300px\" \/><\/a> <a href=\"http:\/\/lotsarnastockholm.se\/wp-content\/uploads\/2015\/12\/DSC03011.jpg\" rel=\"attachment wp-att-738\"><img loading=\"lazy\" decoding=\"async\" class=\"alignnone size-medium wp-image-738\" src=\"http:\/\/lotsarnastockholm.se\/wp-content\/uploads\/2015\/12\/DSC03011-300x225.jpg\" alt=\"DSC03011\" width=\"300\" height=\"225\" srcset=\"https:\/\/lotsarnastockholm.se\/wp-content\/uploads\/2015\/12\/DSC03011-300x225.jpg 300w, https:\/\/lotsarnastockholm.se\/wp-content\/uploads\/2015\/12\/DSC03011-1024x768.jpg 1024w\" sizes=\"(max-width: 300px) 100vw, 300px\" \/><\/a> <a href=\"http:\/\/lotsarnastockholm.se\/wp-content\/uploads\/2015\/12\/DSC03010.jpg\" rel=\"attachment wp-att-737\"><img loading=\"lazy\" decoding=\"async\" class=\"alignnone size-medium wp-image-737\" src=\"http:\/\/lotsarnastockholm.se\/wp-content\/uploads\/2015\/12\/DSC03010-267x300.jpg\" alt=\"DSC03010\" width=\"267\" height=\"300\" srcset=\"https:\/\/lotsarnastockholm.se\/wp-content\/uploads\/2015\/12\/DSC03010-267x300.jpg 267w, https:\/\/lotsarnastockholm.se\/wp-content\/uploads\/2015\/12\/DSC03010-910x1024.jpg 910w, https:\/\/lotsarnastockholm.se\/wp-content\/uploads\/2015\/12\/DSC03010.jpg 1435w\" sizes=\"(max-width: 267px) 100vw, 267px\" \/><\/a> <a href=\"http:\/\/lotsarnastockholm.se\/wp-content\/uploads\/2015\/12\/DSC03009.jpg\" rel=\"attachment wp-att-736\"><img loading=\"lazy\" decoding=\"async\" class=\"alignnone size-medium wp-image-736\" src=\"http:\/\/lotsarnastockholm.se\/wp-content\/uploads\/2015\/12\/DSC03009-300x272.jpg\" alt=\"DSC03009\" width=\"300\" height=\"272\" srcset=\"https:\/\/lotsarnastockholm.se\/wp-content\/uploads\/2015\/12\/DSC03009-300x272.jpg 300w, https:\/\/lotsarnastockholm.se\/wp-content\/uploads\/2015\/12\/DSC03009-1024x927.jpg 1024w, https:\/\/lotsarnastockholm.se\/wp-content\/uploads\/2015\/12\/DSC03009.jpg 1933w\" sizes=\"(max-width: 300px) 100vw, 300px\" \/><\/a> <a href=\"http:\/\/lotsarnastockholm.se\/wp-content\/uploads\/2015\/12\/DSC03008.jpg\" rel=\"attachment wp-att-735\"><img loading=\"lazy\" decoding=\"async\" class=\"alignnone size-medium wp-image-735\" src=\"http:\/\/lotsarnastockholm.se\/wp-content\/uploads\/2015\/12\/DSC03008-291x300.jpg\" alt=\"DSC03008\" width=\"291\" height=\"300\" srcset=\"https:\/\/lotsarnastockholm.se\/wp-content\/uploads\/2015\/12\/DSC03008-291x300.jpg 291w, https:\/\/lotsarnastockholm.se\/wp-content\/uploads\/2015\/12\/DSC03008-993x1024.jpg 993w, https:\/\/lotsarnastockholm.se\/wp-content\/uploads\/2015\/12\/DSC03008.jpg 1843w\" sizes=\"(max-width: 291px) 100vw, 291px\" \/><\/a> <a href=\"http:\/\/lotsarnastockholm.se\/wp-content\/uploads\/2015\/12\/DSC03007.jpg\" rel=\"attachment wp-att-734\"><img loading=\"lazy\" decoding=\"async\" class=\"alignnone size-medium wp-image-734\" src=\"http:\/\/lotsarnastockholm.se\/wp-content\/uploads\/2015\/12\/DSC03007-260x300.jpg\" alt=\"DSC03007\" width=\"260\" height=\"300\" srcset=\"https:\/\/lotsarnastockholm.se\/wp-content\/uploads\/2015\/12\/DSC03007-260x300.jpg 260w, https:\/\/lotsarnastockholm.se\/wp-content\/uploads\/2015\/12\/DSC03007-887x1024.jpg 887w, https:\/\/lotsarnastockholm.se\/wp-content\/uploads\/2015\/12\/DSC03007.jpg 1344w\" sizes=\"(max-width: 260px) 100vw, 260px\" \/><\/a> <a href=\"http:\/\/lotsarnastockholm.se\/wp-content\/uploads\/2015\/12\/DSC03003.jpg\" rel=\"attachment wp-att-733\"><img loading=\"lazy\" decoding=\"async\" class=\"alignnone size-medium wp-image-733\" src=\"http:\/\/lotsarnastockholm.se\/wp-content\/uploads\/2015\/12\/DSC03003-300x157.jpg\" alt=\"DSC03003\" width=\"300\" height=\"157\" srcset=\"https:\/\/lotsarnastockholm.se\/wp-content\/uploads\/2015\/12\/DSC03003-300x157.jpg 300w, https:\/\/lotsarnastockholm.se\/wp-content\/uploads\/2015\/12\/DSC03003-1024x535.jpg 1024w\" sizes=\"(max-width: 300px) 100vw, 300px\" \/><\/a> <a href=\"http:\/\/lotsarnastockholm.se\/wp-content\/uploads\/2015\/12\/DSC03002.jpg\" rel=\"attachment wp-att-732\"><img loading=\"lazy\" decoding=\"async\" class=\"alignnone size-medium wp-image-732\" src=\"http:\/\/lotsarnastockholm.se\/wp-content\/uploads\/2015\/12\/DSC03002-300x210.jpg\" alt=\"DSC03002\" width=\"300\" height=\"210\" srcset=\"https:\/\/lotsarnastockholm.se\/wp-content\/uploads\/2015\/12\/DSC03002-300x210.jpg 300w, https:\/\/lotsarnastockholm.se\/wp-content\/uploads\/2015\/12\/DSC03002-1024x718.jpg 1024w\" sizes=\"(max-width: 300px) 100vw, 300px\" \/><\/a> <a href=\"http:\/\/lotsarnastockholm.se\/wp-content\/uploads\/2015\/12\/DSC03001.jpg\" rel=\"attachment wp-att-731\"><img loading=\"lazy\" decoding=\"async\" class=\"alignnone size-medium wp-image-731\" src=\"http:\/\/lotsarnastockholm.se\/wp-content\/uploads\/2015\/12\/DSC03001-300x225.jpg\" alt=\"DSC03001\" width=\"300\" height=\"225\" srcset=\"https:\/\/lotsarnastockholm.se\/wp-content\/uploads\/2015\/12\/DSC03001-300x225.jpg 300w, https:\/\/lotsarnastockholm.se\/wp-content\/uploads\/2015\/12\/DSC03001-1024x767.jpg 1024w, https:\/\/lotsarnastockholm.se\/wp-content\/uploads\/2015\/12\/DSC03001.jpg 1815w\" sizes=\"(max-width: 300px) 100vw, 300px\" \/><\/a> <a href=\"http:\/\/lotsarnastockholm.se\/wp-content\/uploads\/2015\/12\/DSC03000.jpg\" rel=\"attachment wp-att-730\"><img loading=\"lazy\" decoding=\"async\" class=\"alignnone size-medium wp-image-730\" src=\"http:\/\/lotsarnastockholm.se\/wp-content\/uploads\/2015\/12\/DSC03000-300x300.jpg\" alt=\"DSC03000\" width=\"300\" height=\"300\" srcset=\"https:\/\/lotsarnastockholm.se\/wp-content\/uploads\/2015\/12\/DSC03000-300x300.jpg 300w, https:\/\/lotsarnastockholm.se\/wp-content\/uploads\/2015\/12\/DSC03000-150x150.jpg 150w, https:\/\/lotsarnastockholm.se\/wp-content\/uploads\/2015\/12\/DSC03000-1020x1024.jpg 1020w, https:\/\/lotsarnastockholm.se\/wp-content\/uploads\/2015\/12\/DSC03000.jpg 1376w\" sizes=\"(max-width: 300px) 100vw, 300px\" \/><\/a> <a href=\"http:\/\/lotsarnastockholm.se\/wp-content\/uploads\/2015\/12\/DSC02999.jpg\" rel=\"attachment wp-att-729\"><img loading=\"lazy\" decoding=\"async\" class=\"alignnone size-medium wp-image-729\" src=\"http:\/\/lotsarnastockholm.se\/wp-content\/uploads\/2015\/12\/DSC02999-300x225.jpg\" alt=\"DSC02999\" width=\"300\" height=\"225\" srcset=\"https:\/\/lotsarnastockholm.se\/wp-content\/uploads\/2015\/12\/DSC02999-300x225.jpg 300w, https:\/\/lotsarnastockholm.se\/wp-content\/uploads\/2015\/12\/DSC02999-1024x768.jpg 1024w, https:\/\/lotsarnastockholm.se\/wp-content\/uploads\/2015\/12\/DSC02999.jpg 1814w\" sizes=\"(max-width: 300px) 100vw, 300px\" \/><\/a> <a href=\"http:\/\/lotsarnastockholm.se\/wp-content\/uploads\/2015\/12\/DSC02996.jpg\" rel=\"attachment wp-att-728\"><img loading=\"lazy\" decoding=\"async\" class=\"alignnone size-medium wp-image-728\" src=\"http:\/\/lotsarnastockholm.se\/wp-content\/uploads\/2015\/12\/DSC02996-300x218.jpg\" alt=\"DSC02996\" width=\"300\" height=\"218\" srcset=\"https:\/\/lotsarnastockholm.se\/wp-content\/uploads\/2015\/12\/DSC02996-300x218.jpg 300w, https:\/\/lotsarnastockholm.se\/wp-content\/uploads\/2015\/12\/DSC02996-1024x744.jpg 1024w, https:\/\/lotsarnastockholm.se\/wp-content\/uploads\/2015\/12\/DSC02996.jpg 1572w\" sizes=\"(max-width: 300px) 100vw, 300px\" \/><\/a> <a href=\"http:\/\/lotsarnastockholm.se\/wp-content\/uploads\/2015\/12\/DSC02994.jpg\" rel=\"attachment wp-att-727\"><img loading=\"lazy\" decoding=\"async\" class=\"alignnone size-medium wp-image-727\" src=\"http:\/\/lotsarnastockholm.se\/wp-content\/uploads\/2015\/12\/DSC02994-300x225.jpg\" alt=\"DSC02994\" width=\"300\" height=\"225\" srcset=\"https:\/\/lotsarnastockholm.se\/wp-content\/uploads\/2015\/12\/DSC02994-300x225.jpg 300w, https:\/\/lotsarnastockholm.se\/wp-content\/uploads\/2015\/12\/DSC02994-1024x768.jpg 1024w\" sizes=\"(max-width: 300px) 100vw, 300px\" \/><\/a> <a href=\"http:\/\/lotsarnastockholm.se\/wp-content\/uploads\/2015\/12\/DSC02992.jpg\" rel=\"attachment wp-att-726\"><img loading=\"lazy\" decoding=\"async\" class=\"alignnone size-medium wp-image-726\" src=\"http:\/\/lotsarnastockholm.se\/wp-content\/uploads\/2015\/12\/DSC02992-300x225.jpg\" alt=\"DSC02992\" width=\"300\" height=\"225\" srcset=\"https:\/\/lotsarnastockholm.se\/wp-content\/uploads\/2015\/12\/DSC02992-300x225.jpg 300w, https:\/\/lotsarnastockholm.se\/wp-content\/uploads\/2015\/12\/DSC02992-1024x768.jpg 1024w, https:\/\/lotsarnastockholm.se\/wp-content\/uploads\/2015\/12\/DSC02992.jpg 1814w\" sizes=\"(max-width: 300px) 100vw, 300px\" \/><\/a> <a href=\"http:\/\/lotsarnastockholm.se\/wp-content\/uploads\/2015\/12\/DSC02991.jpg\" rel=\"attachment wp-att-725\"><img loading=\"lazy\" decoding=\"async\" class=\"alignnone size-medium wp-image-725\" src=\"http:\/\/lotsarnastockholm.se\/wp-content\/uploads\/2015\/12\/DSC02991-300x184.jpg\" alt=\"DSC02991\" width=\"300\" height=\"184\" srcset=\"https:\/\/lotsarnastockholm.se\/wp-content\/uploads\/2015\/12\/DSC02991-300x184.jpg 300w, https:\/\/lotsarnastockholm.se\/wp-content\/uploads\/2015\/12\/DSC02991-1024x628.jpg 1024w, https:\/\/lotsarnastockholm.se\/wp-content\/uploads\/2015\/12\/DSC02991-825x510.jpg 825w\" sizes=\"(max-width: 300px) 100vw, 300px\" \/><\/a> <a href=\"http:\/\/lotsarnastockholm.se\/wp-content\/uploads\/2015\/12\/DSC02990.jpg\" rel=\"attachment wp-att-724\"><img loading=\"lazy\" decoding=\"async\" class=\"alignnone size-medium wp-image-724\" src=\"http:\/\/lotsarnastockholm.se\/wp-content\/uploads\/2015\/12\/DSC02990-300x247.jpg\" alt=\"DSC02990\" width=\"300\" height=\"247\" srcset=\"https:\/\/lotsarnastockholm.se\/wp-content\/uploads\/2015\/12\/DSC02990-300x247.jpg 300w, https:\/\/lotsarnastockholm.se\/wp-content\/uploads\/2015\/12\/DSC02990-1024x842.jpg 1024w, https:\/\/lotsarnastockholm.se\/wp-content\/uploads\/2015\/12\/DSC02990.jpg 1892w\" sizes=\"(max-width: 300px) 100vw, 300px\" \/><\/a> <a href=\"http:\/\/lotsarnastockholm.se\/wp-content\/uploads\/2015\/12\/DSC02989.jpg\" rel=\"attachment wp-att-723\"><img loading=\"lazy\" decoding=\"async\" class=\"alignnone size-medium wp-image-723\" src=\"http:\/\/lotsarnastockholm.se\/wp-content\/uploads\/2015\/12\/DSC02989-300x225.jpg\" alt=\"DSC02989\" width=\"300\" height=\"225\" srcset=\"https:\/\/lotsarnastockholm.se\/wp-content\/uploads\/2015\/12\/DSC02989-300x225.jpg 300w, https:\/\/lotsarnastockholm.se\/wp-content\/uploads\/2015\/12\/DSC02989-1024x768.jpg 1024w, https:\/\/lotsarnastockholm.se\/wp-content\/uploads\/2015\/12\/DSC02989.jpg 1815w\" sizes=\"(max-width: 300px) 100vw, 300px\" \/><\/a> <a href=\"http:\/\/lotsarnastockholm.se\/wp-content\/uploads\/2015\/12\/DSC02987.jpg\" rel=\"attachment wp-att-722\"><img loading=\"lazy\" decoding=\"async\" class=\"alignnone size-medium wp-image-722\" src=\"http:\/\/lotsarnastockholm.se\/wp-content\/uploads\/2015\/12\/DSC02987-300x259.jpg\" alt=\"DSC02987\" width=\"300\" height=\"259\" srcset=\"https:\/\/lotsarnastockholm.se\/wp-content\/uploads\/2015\/12\/DSC02987-300x259.jpg 300w, https:\/\/lotsarnastockholm.se\/wp-content\/uploads\/2015\/12\/DSC02987-1024x885.jpg 1024w, https:\/\/lotsarnastockholm.se\/wp-content\/uploads\/2015\/12\/DSC02987.jpg 1898w\" sizes=\"(max-width: 300px) 100vw, 300px\" \/><\/a><\/p>\n","protected":false},"excerpt":{"rendered":"<p>Den 16 december samlade vi 23 fd lotsar, nya lotsar, VTS are och lite kontorsfolk, Vi hade lite information om dagens arbete och pratade lite allm\u00e4nt om hur det var f\u00f6rr. Sen var det dags f\u00f6r en liten jultallrik, \u00f6l med kaffe och dopp. Mycket trevligt och uppskattat. Hoppas vi kan ses n\u00e5n fler g\u00e5ng!&hellip; <a class=\"more-link\" href=\"https:\/\/lotsarnastockholm.se\/index.php\/julfest-2015\/\">Forts\u00e4tt l\u00e4sa <span class=\"screen-reader-text\">Julfest 2015<\/span><\/a><\/p>\n","protected":false},"author":1,"featured_media":0,"parent":0,"menu_order":0,"comment_status":"closed","ping_status":"closed","template":"","meta":{"footnotes":""},"class_list":["post-893","page","type-page","status-publish","hentry","entry"],"_links":{"self":[{"href":"https:\/\/lotsarnastockholm.se\/index.php\/wp-json\/wp\/v2\/pages\/893","targetHints":{"allow":["GET"]}}],"collection":[{"href":"https:\/\/lotsarnastockholm.se\/index.php\/wp-json\/wp\/v2\/pages"}],"about":[{"href":"https:\/\/lotsarnastockholm.se\/index.php\/wp-json\/wp\/v2\/types\/page"}],"author":[{"embeddable":true,"href":"https:\/\/lotsarnastockholm.se\/index.php\/wp-json\/wp\/v2\/users\/1"}],"replies":[{"embeddable":true,"href":"https:\/\/lotsarnastockholm.se\/index.php\/wp-json\/wp\/v2\/comments?post=893"}],"version-history":[{"count":1,"href":"https:\/\/lotsarnastockholm.se\/index.php\/wp-json\/wp\/v2\/pages\/893\/revisions"}],"predecessor-version":[{"id":894,"href":"https:\/\/lotsarnastockholm.se\/index.php\/wp-json\/wp\/v2\/pages\/893\/revisions\/894"}],"wp:attachment":[{"href":"https:\/\/lotsarnastockholm.se\/index.php\/wp-json\/wp\/v2\/media?parent=893"}],"curies":[{"name":"wp","href":"https:\/\/api.w.org\/{rel}","templated":true}]}}