{"id":7478,"date":"2025-10-15T20:35:59","date_gmt":"2025-10-15T19:35:59","guid":{"rendered":"https:\/\/lotsarnastockholm.se\/?page_id=7478"},"modified":"2025-10-15T20:35:59","modified_gmt":"2025-10-15T19:35:59","slug":"lotsbarnskolorna","status":"publish","type":"page","link":"https:\/\/lotsarnastockholm.se\/index.php\/lotsbarnskolorna\/","title":{"rendered":"Lotsbarnskolorna"},"content":{"rendered":"\n<p>Sammandrag af uppgifter r\u00f6rande undervisningen i lotsbarnskolorna i riket \u00e5r 1874<\/p>\n\n\n\n<p>Undervisning i Innanl\u00e4sning, Katekes, Biblisk historia, Geografi, Svensk Historia, Naturl\u00e4ra, R\u00e4kning, Skrifning<\/p>\n\n\n\n<figure class=\"wp-block-table alignwide\"><table class=\"has-fixed-layout\"><tbody><tr><td><strong>Norra Lotsdistriktet<\/strong><\/td><td><strong>Antal Barn<\/strong><\/td><td><strong>L\u00e4rare<\/strong><\/td><td><strong>Anst\u00e4lld<\/strong><\/td><\/tr><tr><td>Tjock\u00f6<\/td><td>2<\/td><td>CW Alard<\/td><td>1853<\/td><\/tr><tr><td>Furusund<\/td><td>25<\/td><td>Th. Henschen<\/td><td>1869<\/td><\/tr><tr><td>Husar\u00f6<\/td><td>3<\/td><td>Th Henschen<\/td><td>1869<\/td><\/tr><tr><td>Sandhamn<\/td><td>29<\/td><td>Beda Berglind<\/td><td>&nbsp;<\/td><\/tr><tr><td>Stockholm\/Runmar\u00f6n<\/td><td>15<\/td><td>C.W. Alard<\/td><td>1853<\/td><\/tr><tr><td>Dalar\u00f6<\/td><td>0<\/td><td>Inst\u00e4lld pga lokalbrist<\/td><td>&nbsp;<\/td><\/tr><tr><td>Landsort<\/td><td>18<\/td><td>Amalia Modin<\/td><td>1870<\/td><\/tr><tr><td><strong>S\u00f6dra Lotsdistriktet<\/strong><\/td><td>&nbsp;<\/td><td>&nbsp;<\/td><td>&nbsp;<\/td><\/tr><tr><td>Kr\u00e5kelund<\/td><td>13<\/td><td>A.P. Larsson<\/td><td>1871<\/td><\/tr><tr><td>W\u00e5ll\u00f6<\/td><td>14<\/td><td>L.P. Nilsson<\/td><td>1868<\/td><\/tr><tr><td>L\u00e5ng\u00f6ren<\/td><td>41<\/td><td>J- Tobiaeson<\/td><td>1870<\/td><\/tr><tr><td>Asp\u00f6<\/td><td>20<\/td><td>&#8211;<\/td><td>&nbsp;<\/td><\/tr><tr><td><strong>Vestra Lotsdistriktet<\/strong><\/td><td>&nbsp;<\/td><td>&nbsp;<\/td><td>&nbsp;<\/td><\/tr><tr><td>Vr\u00e5ng\u00f6<\/td><td>27<\/td><td>Julie M\u00f6ller<\/td><td>1867<\/td><\/tr><tr><td>Br\u00e4nn\u00f6<\/td><td>26<\/td><td>Julie M\u00f6ller<\/td><td>1867<\/td><\/tr><tr><td>H\u00f6n\u00f6<\/td><td>17<\/td><td>Julie M\u00f6ller<\/td><td>1867<\/td><\/tr><tr><td>G\u00f6teborg\/L\u00e5ngedrag<\/td><td>31<\/td><td>Mar. Mollberg<\/td><td>1873<\/td><\/tr><tr><td>R\u00f6r\u00f6<\/td><td>21<\/td><td>Mar. Mollberg<\/td><td>1873<\/td><\/tr><tr><td>Kungshamn\/Sm\u00f6gen<\/td><td>15<\/td><td>Mar. Mollberg<\/td><td>1873<\/td><\/tr><tr><td>V\u00e4der\u00f6arne<\/td><td>10<\/td><td>Mathilda Simonsdotter<\/td><td>1873<\/td><\/tr><tr><td>Dyng\u00f6<\/td><td>9<\/td><td>Mathilda Simonsdotter<\/td><td>&nbsp;<\/td><\/tr><tr><td>Hafstenssund<\/td><td>15<\/td><td>Mathilda Simonsdotter<\/td><td>&nbsp;<\/td><\/tr><\/tbody><\/table><\/figure>\n\n\n\n<p>Sammanlagt 171 barn (84 Gossar och 87 flickor) varav 106 fr\u00e5n lots och fyrfolk. \u00c5ldersspannet var mellan 5-20 \u00e5r varav det f\u00f6rh\u00e4rskande var 7-14 \u00e5r<\/p>\n\n\n\n<p class=\"has-text-align-center\"><strong>Lotsbarnskolorna 1894<\/strong><\/p>\n\n\n\n<p class=\"has-text-align-center\"><strong>Fr\u00e5n Rulla<\/strong><\/p>\n\n\n\n<p class=\"has-text-align-center\"><strong>\u00d6fver<\/strong><\/p>\n\n\n\n<p class=\"has-text-align-center\"><strong>Personalen vid Kongl. Lotsstyrelsen och Lotsverket<\/strong><\/p>\n\n\n\n<figure class=\"wp-block-table alignwide\"><table class=\"has-fixed-layout\"><tbody><tr><td>Arholma lotsbarnskola<\/td><td>Mathilda Eriksson 7\/10 1848 A: 25\/7 1879<\/td><\/tr><tr><td>Tjock\u00f6 lotsbarnskola<\/td><td>Johan Anton Edberg 29\/9 1862 A: 1\/1 1893<\/td><\/tr><tr><td>Furusunds lotsbarnskola &nbsp;<\/td><td>Olof Hedin 7\/11 1837 A:29\/12 1880<\/td><\/tr><tr><td>Svenska H\u00f6garnes lotsbarnskola<\/td><td>Laura Emilie Cornelia Sandstr\u00f6m 10\/8 1872 A: 15\/4 1890<\/td><\/tr><tr><td>Runmar\u00f6 lotsbarnskola<\/td><td>Carl Gustaf Hellkvist 10\/9 1864 A: 1\/7 1886<\/td><\/tr><tr><td>Hufvudsk\u00e4r lotsbarnskola<\/td><td>Laura Emilie Cornelia Sandstr\u00f6m 10\/8 1872 A: 15\/4 1890<\/td><\/tr><tr><td>Landsort lotsbarnskola<\/td><td>L\u00e4rarinna Amalia Modin15\/4 1843 A: 10-6 1870<\/td><\/tr><tr><td>Id\u00f6 lotsbarnskola<\/td><td>Augusta Amalia Lindgren 18\/1 1868, A: 20\/3 1888<strong><\/strong><\/td><\/tr><tr><td>Strup\u00f6 lotsbarnskola<\/td><td>Augusta Amalia Lindgren 18\/1 1868, A: 20\/3 1888<\/td><\/tr><tr><td>Svart\u00f6 D\u00e4mmans lotsbarnskola<\/td><td>Maria Andersson 28\/7 1858 A: 14\/4 1879<strong><\/strong><\/td><\/tr><tr><td>L\u00e5ng\u00f6rens lotsbarnskola<\/td><td>J\u00f6ns Tobiaesson 3\/6 1843 A: 17\/2 1870<strong><\/strong><\/td><\/tr><tr><td>Asp\u00f6 lotsbarnskola<\/td><td>J\u00f6ns Tobiaesson 3\/6 1843 A: 17\/2 1870<strong><\/strong><\/td><\/tr><tr><td>Hallands V\u00e4der\u00f6 lotsbarnskola<\/td><td>Hanna Persson 19\/9 1864 A: 26\/1 1891<\/td><\/tr><tr><td>Tyl\u00f6 lotsbarnskola<\/td><td>Elise Charlotta Teresia Banck 11\/7 1851 A: 12\/1 1878<\/td><\/tr><tr><td>Vinga lotsbarnskola<\/td><td>Elise Charlotta Teresia Banck 11\/7 1851 A: 12\/1 1878<\/td><\/tr><tr><td>Gr\u00f6nsk\u00e4rens lotsbarnskola<\/td><td>Elise Charlotta Teresia Banck 11\/7 1851 A: 12\/1 1878<\/td><\/tr><tr><td>H\u00e5ll\u00f6 lotsbarnskola<\/td><td>Mathilda Simonsson 4\/1 1850 A: 12\/1 1874<\/td><\/tr><tr><td>V\u00e4der\u00f6arnes lotsbarnskola<\/td><td>Mathilda Simonsson 4\/1 1850 A: 12\/1 1874<\/td><\/tr><tr><td>Ursholmens lotsbarnskola<\/td><td>Mathilda Simonsson 4\/1 1850 A: 12\/1 1874<\/td><\/tr><\/tbody><\/table><\/figure>\n\n\n\n<p class=\"has-text-align-center\"><strong>Lotsbarnskolorna 1897<\/strong><br><strong>Fr\u00e5n Rulla<\/strong><br><strong>\u00d6fver<\/strong><\/p>\n\n\n\n<p class=\"has-text-align-center\"><strong>Personalen vid Kongl. Lotsstyrelsen och Lotsverket<\/strong><\/p>\n\n\n\n<figure class=\"wp-block-table alignwide\"><table class=\"has-fixed-layout\"><tbody><tr><td>Stora Fj\u00e4der\u00e4gg lotsbarnskola<\/td><td>Johanna Gravilda Nilsson 23\/12 1878 A: \u00be 1897<\/td><\/tr><tr><td>Holm\u00f6gadds lotsbarnskola<\/td><td>Johanna Gravilda Nilsson 23\/12 1878 A: \u00be 1897<\/td><\/tr><tr><td>Understens lotsbarnskola<\/td><td>Laura Emilie Cornelia Sandstr\u00f6m 10\/8 1872 A: 15\/4 1890<\/td><\/tr><tr><td>Arholma lotsbarnskola<\/td><td>Mathilda Eriksson 7\/10 1848 A: 25\/7 1879<\/td><\/tr><tr><td>Tjock\u00f6 lotsbarnskola<\/td><td>Johan Anton Edberg 29\/9 1862 A: 1\/1 1893<\/td><\/tr><tr><td>Furusunds lotsbarnskola &nbsp;<\/td><td>Olof Hedin 7\/11 1837 A:29\/12 1880<\/td><\/tr><tr><td>Svenska H\u00f6garnes lotsbarnskola<\/td><td>Laura Emilie Cornelia Sandstr\u00f6m 10\/8 1872 A: 15\/4 1890<\/td><\/tr><tr><td>Runmar\u00f6 lotsbarnskola<\/td><td>Carl Gustaf Hellkvist 10\/9 1864 A: 1\/7 1886<\/td><\/tr><tr><td>H\u00e4radssk\u00e4r lotsbarnskola<\/td><td>Augusta Amalia Lindgren 18\/1 1868, A: 20\/3 1888<\/td><\/tr><tr><td>Id\u00f6 lotsbarnskola<\/td><td>Augusta Amalia Lindgren 18\/1 1868, A: 20\/3 1888<\/td><\/tr><tr><td>Strup\u00f6 lotsbarnskola<\/td><td>Augusta Amalia Lindgren 18\/1 1868, A: 20\/3 1888<\/td><\/tr><tr><td>V\u00e5ll\u00f6 lotsbarnskola<\/td><td>Hanna Persson 19\/9 1864 A: 26\/1 1891<\/td><\/tr><tr><td>Svart\u00f6 D\u00e4mmans lotsbarnskola<\/td><td>Maria Andersson 28\/7 1858 A: 14\/4 1879<\/td><\/tr><tr><td>L\u00e5ng\u00f6rens lotsbarnskola<\/td><td>J\u00f6ns Tobiaesson 3\/6 1843 A: 17\/2 1870<\/td><\/tr><tr><td>Asp\u00f6 lotsbarnskola<\/td><td>J\u00f6ns Tobiaesson 3\/6 1843 A: 17\/2 1870<\/td><\/tr><tr><td>Hallands V\u00e4der\u00f6 lotsbarnskola<\/td><td>Hanna Persson 19\/9 1864 A: 26\/1 1891<\/td><\/tr><tr><td>Tyl\u00f6 lotsbarnskola<\/td><td>L\u00e4rarinna Mariana Wounsch<\/td><\/tr><tr><td>Vinga lotsbarnskola<\/td><td>L\u00e4rarinna Mariana Wounsch<\/td><\/tr><tr><td>Gr\u00f6nsk\u00e4rens lotsbarnskola<\/td><td>L\u00e4rarinna Mariana Wounsch<\/td><\/tr><tr><td>H\u00e5ll\u00f6 lotsbarnskola<\/td><td>L\u00e4rarinna Elise Banck<\/td><\/tr><tr><td>V\u00e4der\u00f6arnes lotsbarnskola<\/td><td>L\u00e4rarinna Elise Banck<\/td><\/tr><tr><td>Ursholmens lotsbarnskola<\/td><td>L\u00e4rarinna Elise Banck<\/td><\/tr><\/tbody><\/table><\/figure>\n\n\n\n<p><strong>Rullor \u00f6ver l\u00e4rare p\u00e5 Lotsbarnskolorna 1903-1925<\/strong><\/p>\n\n\n\n<figure class=\"wp-block-table alignwide\"><table class=\"has-fixed-layout\"><tbody><tr><td>&nbsp;<\/td><td>&nbsp;<\/td><\/tr><tr><td><strong>Rulla 1903<\/strong><\/td><td>&nbsp;<\/td><\/tr><tr><td>Bjur\u00f6klubb<\/td><td>Johanna Gravilda Nilsson 23\/12 1878 A: \u00be 1897<\/td><\/tr><tr><td>Lesk\u00e4r<\/td><td>Johanna Gravilda Nilsson 23\/12 1878 A: 1\/1 1902<\/td><\/tr><tr><td>Holm\u00f6gadd<\/td><td>Johanna Gravilda Nilsson 23\/12 1878 A: 26\/8 1896<\/td><\/tr><tr><td>\u00d6rsk\u00e4r<\/td><td>Charlotta Carolina Nyqvist 19\/5 1860, Anst 1902<\/td><\/tr><tr><td>Understen<\/td><td>Gertrud Alma Victoria Bergvall 13\/3 1883, A: 1902<\/td><\/tr><tr><td>Arholma<\/td><td>Mathilda Eriksson 7\/10 1848, A: 25\/7 1879<\/td><\/tr><tr><td>S\u00f6derarm<\/td><td>Gertrud Alma Victoria Bergvall 13\/3 1883, A:1902<\/td><\/tr><tr><td>Furusund<\/td><td>J\u00f6ns T\u00f6rnqvist 21\/3 1853 A: 1899<\/td><\/tr><tr><td>Hufvudsk\u00e4r<\/td><td>Ida Wahlgren 11\/3 1875 A: 1899<\/td><\/tr><tr><td>Landsort<\/td><td>Amalia Modin 15\/4 1843 A: 10-6 1870<\/td><\/tr><tr><td>H\u00e4radsk\u00e4r<\/td><td>Augusta Amalia Lindgren 18\/1 1868, A: 20\/3 1888<\/td><\/tr><tr><td>Id\u00f6<\/td><td>Augusta Amalia Lindgren 18\/1 1868, A: 20\/3 1888<\/td><\/tr><tr><td>Fjuk<\/td><td>Augusta Amalia Lindgren 18\/1 1868, A: 20\/3 1888<\/td><\/tr><tr><td>V\u00e5ll\u00f6<\/td><td>Maria Andersson 28\/7 1858 A: 14\/4 1879<\/td><\/tr><tr><td>L\u00e5ng\u00f6ren<\/td><td>Maria Andersson 28\/7 1858 A: 14\/4 1879<\/td><\/tr><tr><td>Utl\u00e4ngan<\/td><td>Maria Andersson 28\/7 1858 A: 14\/4 1879,p\u00e5 Utl 1\/1 1902<\/td><\/tr><tr><td>Hallands v\u00e4der\u00f6<\/td><td>Hanna Persson 19\/9 1864 A: 26\/1 1891<\/td><\/tr><tr><td>Tyl\u00f6<\/td><td>Mariana Carlsd:r Wunsch 1\/9 1876 A: 4\/9 1896<\/td><\/tr><tr><td>Nidingen<\/td><td>Elise Charlotta Teresia Banck 11\/7 1851 A: 12\/1 1878 A: p\u00e5 nidingen 1900<\/td><\/tr><tr><td>Vinga<\/td><td>Mariana Carlsd:r Wunsch 1\/9 1876 A: 4\/9 1896<\/td><\/tr><tr><td>M\u00e5sesk\u00e4r<\/td><td>Mariana Carlsd:r Wunsch 1\/9 1876 A: 4\/9 1896<\/td><\/tr><tr><td>V\u00e4der\u00f6arnes<\/td><td>Elise Charlotta Teresia Banck 11\/7 1851 A: 12\/1 1878<\/td><\/tr><tr><td>Ursholmens<\/td><td>Elise Charlotta Teresia Banck 11\/7 1851 A: 12\/1 1878<\/td><\/tr><tr><td>Gotska Sand\u00f6n<\/td><td>Alma Julia Johanna D\u00f6rring 1\/7 1871 A:23\/6 1898<\/td><\/tr><tr><td>&nbsp;<\/td><td>&nbsp;<\/td><\/tr><tr><td><strong>Rulla 1912<\/strong><\/td><td>&nbsp;<\/td><\/tr><tr><td>\u00d6fre Norra Lotsdistriktet<\/td><td>Betty Johanna Lundberg 8\/5 1890 A:21\/9 1911<\/td><\/tr><tr><td>&nbsp;<\/td><td>&nbsp;<\/td><\/tr><tr><td>Nedre Norra Lotsdistriktet<\/td><td>Ellen Augusta Elvira Zahl\u00e9n 1\/1 1880 A: 1905<\/td><\/tr><tr><td>&nbsp;<\/td><td>Elin Maria Nordstr\u00f6m 25\/11 1890 A: 1911<\/td><\/tr><tr><td>&nbsp;<\/td><td>&nbsp;<\/td><\/tr><tr><td>Mellersta Lotsdistriktet<\/td><td>J\u00f6ns T\u00f6rnqvist 21\/3 1853 A: 1892<\/td><\/tr><tr><td>&nbsp;<\/td><td>Ida Wahlgren 11\/3 1875 A: 1899<\/td><\/tr><tr><td>&nbsp;<\/td><td>Alma Julia Johanna D\u00f6rring 1\/7 1871 A:23\/6 1898<\/td><\/tr><tr><td>&nbsp;<\/td><td>Ellen Augusta Elvira Zahl\u00e9n 1\/1 1880 A: 15\/1 1908<\/td><\/tr><tr><td>&nbsp;<\/td><td>Agnes Katarina Vesterberg 6\/1 1888 A: 20\/8 1909<\/td><\/tr><tr><td>&nbsp;<\/td><td>&nbsp;<\/td><\/tr><tr><td>\u00d6stra Lotsdistriktet<\/td><td>Augusta Amalia Lindgren 18\/1 1868, A: 20\/3 1888<\/td><\/tr><tr><td>&nbsp;<\/td><td>Maria Andersson 28\/7 1858 A: 14\/4 1879<\/td><\/tr><tr><td>&nbsp;<\/td><td>&nbsp;<\/td><\/tr><tr><td>S\u00f6dra Lotsdistriktet<\/td><td>Berta Andrea Svensson 30\/11 1882 A:29\/1 1906<\/td><\/tr><tr><td>&nbsp;<\/td><td>&nbsp;<\/td><\/tr><tr><td>V\u00e4stra Lotsdistriktet<\/td><td>Signe Sofia Boman 30\/11 1882 A:18\/3 1907<\/td><\/tr><tr><td>&nbsp;<\/td><td>Mariana Carlsd:r Wunsch 1\/9 1876 A: 4\/9 1896<\/td><\/tr><tr><td>&nbsp;<\/td><td>Blenda Kristina Johansson 13\/2 1886 A: 1908<\/td><\/tr><tr><td>&nbsp;<\/td><td>Rut Ferdinanda Scherman 12\/1 1889 A: 28\/1 1909<\/td><\/tr><tr><td><strong>&nbsp;<\/strong><\/td><td>Agda Isabella Petrea Nilsson 18\/5 1880 A:17\/6 1911<\/td><\/tr><tr><td><strong>RULLA 1915<\/strong><\/td><td>&nbsp;<\/td><\/tr><tr><td>\u00d6vre Norra Lotsdistriktet<\/td><td>Anna Alida Vikman 21\/6 1894 A: 1\/1 1914<\/td><\/tr><tr><td>Nedre Norra Lotsdistriktet<\/td><td>Linnea Abrahamsson 26\/11 1889 A:29\/7 1912<\/td><\/tr><tr><td>&nbsp;<\/td><td>Elin Maria Nordstr\u00f6m 25\/11 1890 A: 4\/1 1911<\/td><\/tr><tr><td>&nbsp;<\/td><td>Maria Sophie Malmros 29\/1 1859 A: 23\/4 1915<\/td><\/tr><tr><td>Mellersta Lotsdistriktet<\/td><td>J\u00f6ns T\u00f6rnqvist 21\/3 1853 A: 1892<\/td><\/tr><tr><td>&nbsp;<\/td><td>Elin Elvira Sofia Dahlberg 2\/9 1890 A: 25\/8 1909<\/td><\/tr><tr><td>&nbsp;<\/td><td>Ida Johansson 16\/8 1877 A: 16\/7 1910<\/td><\/tr><tr><td>&nbsp;<\/td><td>Ruth Valborg Maris Hejdenberg 23\/7 1893 A: 26\/6 1914<\/td><\/tr><tr><td>&nbsp;<\/td><td>Alma Julia Johanna D\u00f6rring 1\/7 1871 A:23\/6 1898<\/td><\/tr><tr><td>&nbsp;<\/td><td>Ellen Augusta Elvira Zahl\u00e9n 1\/1 1880 A: 1\/5 1905<\/td><\/tr><tr><td>&nbsp;<\/td><td>Agnes Katarina Vesterberg 6\/1 1888 A:20\/8 1909<\/td><\/tr><tr><td>&nbsp;<\/td><td>Maria Sophie Malmros 29\/1 1859 A: 23\/4 1915<\/td><\/tr><tr><td>\u00d6stra Lotsdistriktet<\/td><td>Augusta Amalia Lindgren 18\/1 1868, A: 20\/3 1888<\/td><\/tr><tr><td>S\u00f6dra Lotsdistriktet<\/td><td>Berta Andrea Svensson 30\/11 1882 A:29\/1 1906<\/td><\/tr><tr><td>V\u00e4stra Lotsdistriktet<\/td><td>Rut Ferdinanda Scherman 12\/1 1889 A: 28\/1 1909<\/td><\/tr><tr><td>&nbsp;<\/td><td>Gerda Sofia Svensson 28\/12 1887 A:25\/12 1912<\/td><\/tr><tr><td>&nbsp;<\/td><td>Rut Sylvia Bejer 1\/11 1889 A: 7\/1 1915<\/td><\/tr><tr><td>&nbsp;<\/td><td>M\u00e4rtha Catharina Jakobsson 6\/8 1887 A:17\/7 1913<\/td><\/tr><tr><td>&nbsp;<\/td><td>&nbsp;<\/td><\/tr><tr><td><strong>Rulla 1921<\/strong><\/td><td>&nbsp;<\/td><\/tr><tr><td>\u00d6vre Norra Lotsdistriktet<strong><\/strong><\/td><td>Vendla Thorslund 17\/8 1883 A: 1919-2-10<\/td><\/tr><tr><td><strong>&nbsp;<\/strong><\/td><td>Hilma Augusta Sj\u00f6stedt\/Lindahl 3\/8 1876 A: 16\/8 1920<\/td><\/tr><tr><td>&nbsp;<\/td><td>Sara Lovisa Vikstr\u00f6m 7\/11 1885 A: 17\/1 1921<\/td><\/tr><tr><td>Nedre Norra Lotsdistriktet<\/td><td>Astrid Elisabeth H\u00e4gglund 28\/3 1888 A: 1919<\/td><\/tr><tr><td>Mellersta Lotsdistriktet<\/td><td>Klara Kornelia Lundahl 15\/6 1895 A: 26\/1 1920<\/td><\/tr><tr><td>&nbsp;<\/td><td>Ida Johansson 16\/8 1877 A: 16\/7 1910<\/td><\/tr><tr><td>&nbsp;<\/td><td>Sigrid Mathilda Karlsson5\/4 1897 A: 1\/9 1917<\/td><\/tr><tr><td>&nbsp;<\/td><td>Alma Julia Johanna D\u00f6rring 1\/7 1871 A:23\/6 1898<\/td><\/tr><tr><td>&nbsp;<\/td><td>Agnes Katarina Vesterberg 6\/1 1888 A:20\/8 1909<\/td><\/tr><tr><td>&nbsp;<\/td><td>Ruth Gunilla Kornelia Eriksson 30\/1 1900 A: 30\/8 1920<\/td><\/tr><tr><td>\u00d6stra Lotsdistriktet<\/td><td>Augusta Amalia Lindgren 18\/1 1868, A: 20\/3 1888<\/td><\/tr><tr><td>S\u00f6dra Lotsdistriktet<\/td><td>Berta Andrea Svensson 30\/11 1882 A:29\/1 1906<\/td><\/tr><tr><td>V\u00e4stra Lotsdistriktet<\/td><td>Gertrud Andreena Olsson 16\/10 1896 A: 1\/8 1916<\/td><\/tr><tr><td>&nbsp;<\/td><td>Edla Maria Str\u00f6mmer 31\/12 1874 A: 1\/7 1892<\/td><\/tr><tr><td><strong>Rulla 1925<\/strong><\/td><td>&nbsp;<\/td><\/tr><tr><td>\u00d6vre Norra Lotsdistriktet<\/td><td>Margareta Sj\u00f6stedt 11\/5 1902 A:10\/6 1923<\/td><\/tr><tr><td>Nedre Norra Lotsdistriktet<\/td><td>Eva Maria Nowak 19\/8 1895 A: 11\/2 1924<\/td><\/tr><tr><td>Mellersta Lotsdistriktet<\/td><td>Alma Julia Johanna D\u00f6rring 1\/7 1871 A:23\/6 1898<\/td><\/tr><tr><td>&nbsp;<\/td><td>Elin Dagmar Bergdahl 29\/4 1903 A: 12\/12 1924<\/td><\/tr><tr><td>\u00d6stra Lotsdistriktet<\/td><td>Augusta Amalia Lindgren 18\/1 1868, A: 20\/3 1888<\/td><\/tr><tr><td>&nbsp;<\/td><td>Agda Charlotta Amundson 8\/4 1899 A: 7\/2 1924<\/td><\/tr><tr><td>S\u00f6dra Lotsdistriktet<\/td><td>Berta Andrea Svensson 30\/11 1882 A:29\/1 1906<\/td><\/tr><tr><td>V\u00e4stra Lotsdistriktet<\/td><td>Vakant<\/td><\/tr><\/tbody><\/table><\/figure>\n","protected":false},"excerpt":{"rendered":"<p>Sammandrag af uppgifter r\u00f6rande undervisningen i lotsbarnskolorna i riket \u00e5r 1874 Undervisning i Innanl\u00e4sning, Katekes, Biblisk historia, Geografi, Svensk Historia, Naturl\u00e4ra, R\u00e4kning, Skrifning Norra Lotsdistriktet Antal Barn L\u00e4rare Anst\u00e4lld Tjock\u00f6 2 CW Alard 1853 Furusund 25 Th. Henschen 1869 Husar\u00f6 3 Th Henschen 1869 Sandhamn 29 Beda Berglind &nbsp; Stockholm\/Runmar\u00f6n 15 C.W. Alard 1853 Dalar\u00f6&hellip; <a class=\"more-link\" href=\"https:\/\/lotsarnastockholm.se\/index.php\/lotsbarnskolorna\/\">Forts\u00e4tt l\u00e4sa <span class=\"screen-reader-text\">Lotsbarnskolorna<\/span><\/a><\/p>\n","protected":false},"author":1,"featured_media":0,"parent":0,"menu_order":0,"comment_status":"closed","ping_status":"closed","template":"","meta":{"footnotes":""},"class_list":["post-7478","page","type-page","status-publish","hentry","entry"],"_links":{"self":[{"href":"https:\/\/lotsarnastockholm.se\/index.php\/wp-json\/wp\/v2\/pages\/7478","targetHints":{"allow":["GET"]}}],"collection":[{"href":"https:\/\/lotsarnastockholm.se\/index.php\/wp-json\/wp\/v2\/pages"}],"about":[{"href":"https:\/\/lotsarnastockholm.se\/index.php\/wp-json\/wp\/v2\/types\/page"}],"author":[{"embeddable":true,"href":"https:\/\/lotsarnastockholm.se\/index.php\/wp-json\/wp\/v2\/users\/1"}],"replies":[{"embeddable":true,"href":"https:\/\/lotsarnastockholm.se\/index.php\/wp-json\/wp\/v2\/comments?post=7478"}],"version-history":[{"count":1,"href":"https:\/\/lotsarnastockholm.se\/index.php\/wp-json\/wp\/v2\/pages\/7478\/revisions"}],"predecessor-version":[{"id":7479,"href":"https:\/\/lotsarnastockholm.se\/index.php\/wp-json\/wp\/v2\/pages\/7478\/revisions\/7479"}],"wp:attachment":[{"href":"https:\/\/lotsarnastockholm.se\/index.php\/wp-json\/wp\/v2\/media?parent=7478"}],"curies":[{"name":"wp","href":"https:\/\/api.w.org\/{rel}","templated":true}]}}