{"id":6959,"date":"2025-02-02T21:32:31","date_gmt":"2025-02-02T20:32:31","guid":{"rendered":"https:\/\/lotsarnastockholm.se\/?page_id=6959"},"modified":"2025-02-02T21:52:19","modified_gmt":"2025-02-02T20:52:19","slug":"generallotsdirektorer","status":"publish","type":"page","link":"https:\/\/lotsarnastockholm.se\/index.php\/generallotsdirektorer\/","title":{"rendered":"Generallotsdirekt\u00f6rer"},"content":{"rendered":"\n<p>G<strong>enerallotsdirekt\u00f6rer i Kungl. lotsverket<\/strong><br>1679-1687\u00a0\u00a0\u00a0 von Rosenfeldt, Werner\u00a0\u00a0(1639-1710), Amiral<br>1687-1697\u00a0\u00a0\u00a0 Gedda, Peter\u00a0\u00a0\u00a0(1661-1697)<br>1697-1740\u00a0\u00a0\u00a0 Str\u00f6m, Nils\u00a0 (1664-1740) Adlad Str\u00f6mcrona 1727, Kapten\/\u00d6verstel\u00f6jtnant<br>1740-1753\u00a0\u00a0\u00a0 Kullenberg, M\u00e5rten\u00a0  (1695-1753)\u00a0\u00a0Kapten<br>1755-1788\u00a0\u00a0\u00a0 Wallman, Kristian Ulrik   (1713-1788)\u00a0Kommend\u00f6rkapten<br>1789-1791\u00a0\u00a0\u00a0 Lejonancker, Fredrik Vilhelm  (1737-1801) \u00d6verste<br>1791-1794\u00a0\u00a0\u00a0 Stierngranat, Mauritz Botwid (1721-1794) Tf 1790, \u00d6verstel\u00f6jtnant<br>1795-1796\u00a0\u00a0\u00a0 af Klint, Erik\u00a0  (1732-1812)  \u00d6verste, Adlad 1805<br>1796-1797\u00a0\u00a0\u00a0 Sj\u00f6bohm, Fredric\u00a0\u00a0\u00a0\u00a0\u00a0(1753-1829) Major\/\u00d6verste, Tj\u00e4nsten drogs in 1797<br>1808-1813\u00a0\u00a0\u00a0 af Schult\u00e9n, Nathanael Gerhard\u00a0\u00a0\u00a0(1750-1825)\u00a0 Professor\/\u00d6verste, Flytt till Finland 1813<br>1817-\u00a0\u00a0\u00a0\u00a0\u00a0\u00a0\u00a0\u00a0\u00a0\u00a0\u00a0\u00a0 Warberg, Peter Johan\u00a0\u00a0\u00a0\u00a0\u00a0(1766-1833\u00a0\u00a0\u00a0 tf GD, Kommend\u00f6rkapten<br>1820-1833\u00a0\u00a0\u00a0 Bruncrona, Nils Abraham\u00a0 (1763-1846)\u00a0 \u00d6verste, Chef f\u00f6r sj\u00f6m\u00e4tningsk\u00e5ren<br>1833-1854\u00a0\u00a0\u00a0 Lundstedt, Gustaf Erik\u00a0\u00a0(1786-1854)\u00a0\u00a0\u00d6verste<br>1854-1858\u00a0\u00a0\u00a0 Alml\u00f6f, Anders\u00a0\u00a0 (1793-1858\u00a0\u00a0\u00a0\u00d6verste<br>1858-1864\u00a0\u00a0\u00a0 Engelhardt, Fredrik\u00a0\u00a0(1803-1878)\u00a0\u00a0Kommend\u00f6rkapten<br>1864-1875\u00a0\u00a0\u00a0 Lillih\u00f6k, Carl Bertil\u00a0\u00a0 (1809-1890)\u00a0\u00a0Kommend\u00f6rkapten<br>1875-1892\u00a0\u00a0\u00a0 von Otter, Carl Gustaf\u00a0 (1827-1900) Statsr\u00e5d 1880<br>1892-1900\u00a0\u00a0\u00a0 Ruuth, Magnus Daniel\u00a0\u00a0(1835-1903) Kommend\u00f6kapten<br><em>(Kommend\u00f6r af f\u00f6rsta klassen af Kongl Wasa orden. Riddare af Kongl Sv\u00e4rds orden. Kejs ryska St Anne orden, Kongl Danska Dannebrogs orden. Kongl Preussiska R\u00f6da \u00d6rns orden)<\/em><br>1900-1920\u00a0\u00a0\u00a0 Linder, Daniel Ulrik Wilhelm (1855-1924)\u00a0\u00a0 Kommend\u00f6rkapten<br>1920-1936\u00a0\u00a0\u00a0 H\u00e4gg, Erik\u00a0\u00a0\u00a0(1870-1958)<br>1936-1955\u00a0\u00a0\u00a0 Petersson Torsten Paul Jonathan\u00a0\u00a0\u00a0(1889-1972)<\/p>\n\n\n\n<p><strong>Sj\u00f6fartsverkets generaldirekt\u00f6rer<\/strong><br>1956-1968&nbsp;&nbsp;&nbsp; Carl-G\u00f6sta Widell &nbsp;(1908-1982)<br>1969-1974&nbsp;&nbsp;&nbsp; Erik Severin &nbsp; (1909-1978)&nbsp;&nbsp;&nbsp;<br>1975-1980&nbsp;&nbsp;&nbsp; Lennart Johansson (1928-1991)&nbsp;<br>1981-1995&nbsp;&nbsp;&nbsp; Kaj Jan\u00e9rus  (1933-2008)<br>1996-2000&nbsp;&nbsp; Anders Lindstr\u00f6m 1945-<br>2000-2009&nbsp;&nbsp; Jan-Olof \u201dSilas\u201d Sel\u00e9n 1944-<br>2010-2017&nbsp;&nbsp; Anne-Catrine Zetterdahl &nbsp;1962-<br>2017-2023&nbsp;&nbsp; Katarina Nor\u00e9n 1963-<br>2023-2024&nbsp;&nbsp; Joel Smith &nbsp;&nbsp;&nbsp;&nbsp;&nbsp;&nbsp;&nbsp;&nbsp;&nbsp;&nbsp;&nbsp;&nbsp;&nbsp;&nbsp;&nbsp;&nbsp;&nbsp;&nbsp;&nbsp;&nbsp;&nbsp;&nbsp;&nbsp;&nbsp;&nbsp;&nbsp;&nbsp;&nbsp;&nbsp;&nbsp;&nbsp;&nbsp;&nbsp;&nbsp;&nbsp;&nbsp;&nbsp;&nbsp;&nbsp;&nbsp;&nbsp;&nbsp;&nbsp; &nbsp;&nbsp;&nbsp;&nbsp;&nbsp;&nbsp;&nbsp;&nbsp;&nbsp;&nbsp;&nbsp;&nbsp;&nbsp;&nbsp;&nbsp;&nbsp;&nbsp;&nbsp;&nbsp;&nbsp;&nbsp;&nbsp;&nbsp;<br>2024-&nbsp;&nbsp;&nbsp;&nbsp;&nbsp;&nbsp;&nbsp;&nbsp;&nbsp;&nbsp; Erik Eklund<\/p>\n","protected":false},"excerpt":{"rendered":"<p>Generallotsdirekt\u00f6rer i Kungl. lotsverket1679-1687\u00a0\u00a0\u00a0 von Rosenfeldt, Werner\u00a0\u00a0(1639-1710), Amiral1687-1697\u00a0\u00a0\u00a0 Gedda, Peter\u00a0\u00a0\u00a0(1661-1697)1697-1740\u00a0\u00a0\u00a0 Str\u00f6m, Nils\u00a0 (1664-1740) Adlad Str\u00f6mcrona 1727, Kapten\/\u00d6verstel\u00f6jtnant1740-1753\u00a0\u00a0\u00a0 Kullenberg, M\u00e5rten\u00a0 (1695-1753)\u00a0\u00a0Kapten1755-1788\u00a0\u00a0\u00a0 Wallman, Kristian Ulrik (1713-1788)\u00a0Kommend\u00f6rkapten1789-1791\u00a0\u00a0\u00a0 Lejonancker, Fredrik Vilhelm (1737-1801) \u00d6verste1791-1794\u00a0\u00a0\u00a0 Stierngranat, Mauritz Botwid (1721-1794) Tf 1790, \u00d6verstel\u00f6jtnant1795-1796\u00a0\u00a0\u00a0 af Klint, Erik\u00a0 (1732-1812) \u00d6verste, Adlad 18051796-1797\u00a0\u00a0\u00a0 Sj\u00f6bohm, Fredric\u00a0\u00a0\u00a0\u00a0\u00a0(1753-1829) Major\/\u00d6verste, Tj\u00e4nsten drogs in 17971808-1813\u00a0\u00a0\u00a0 af Schult\u00e9n, Nathanael Gerhard\u00a0\u00a0\u00a0(1750-1825)\u00a0 Professor\/\u00d6verste,&hellip; <a class=\"more-link\" href=\"https:\/\/lotsarnastockholm.se\/index.php\/generallotsdirektorer\/\">Forts\u00e4tt l\u00e4sa <span class=\"screen-reader-text\">Generallotsdirekt\u00f6rer<\/span><\/a><\/p>\n","protected":false},"author":1,"featured_media":0,"parent":0,"menu_order":0,"comment_status":"closed","ping_status":"closed","template":"","meta":{"footnotes":""},"class_list":["post-6959","page","type-page","status-publish","hentry","entry"],"_links":{"self":[{"href":"https:\/\/lotsarnastockholm.se\/index.php\/wp-json\/wp\/v2\/pages\/6959","targetHints":{"allow":["GET"]}}],"collection":[{"href":"https:\/\/lotsarnastockholm.se\/index.php\/wp-json\/wp\/v2\/pages"}],"about":[{"href":"https:\/\/lotsarnastockholm.se\/index.php\/wp-json\/wp\/v2\/types\/page"}],"author":[{"embeddable":true,"href":"https:\/\/lotsarnastockholm.se\/index.php\/wp-json\/wp\/v2\/users\/1"}],"replies":[{"embeddable":true,"href":"https:\/\/lotsarnastockholm.se\/index.php\/wp-json\/wp\/v2\/comments?post=6959"}],"version-history":[{"count":3,"href":"https:\/\/lotsarnastockholm.se\/index.php\/wp-json\/wp\/v2\/pages\/6959\/revisions"}],"predecessor-version":[{"id":6963,"href":"https:\/\/lotsarnastockholm.se\/index.php\/wp-json\/wp\/v2\/pages\/6959\/revisions\/6963"}],"wp:attachment":[{"href":"https:\/\/lotsarnastockholm.se\/index.php\/wp-json\/wp\/v2\/media?parent=6959"}],"curies":[{"name":"wp","href":"https:\/\/api.w.org\/{rel}","templated":true}]}}