{"id":6875,"date":"2024-12-31T06:39:09","date_gmt":"2024-12-31T05:39:09","guid":{"rendered":"https:\/\/lotsarnastockholm.se\/?page_id=6875"},"modified":"2025-02-11T22:23:41","modified_gmt":"2025-02-11T21:23:41","slug":"oro-lotsplats","status":"publish","type":"page","link":"https:\/\/lotsarnastockholm.se\/index.php\/oro-lotsplats\/","title":{"rendered":"\u00d6r\u00f6 Lotsplats"},"content":{"rendered":"\n<p class=\"has-text-align-center\"><a href=\"https:\/\/www.google.com\/maps\/place\/57%C2%B034'05.2%22N+16%C2%B045'36.5%22E\/@57.5681111,16.757564,17z\/data=!3m1!4b1!4m4!3m3!8m2!3d57.5681111!4d16.7601389!5m1!1e1?entry=ttu&amp;g_ep=EgoyMDI0MTIxMS4wIKXMDSoASAFQAw%3D%3D\">57\u00b034&#8217;05.2&#8243;N 16\u00b045&#8217;36.5&#8243;E<\/a><\/p>\n\n\n\n<p>Lotsplats mellan 1571-1880<\/p>\n\n\n\n<p>F\u00f6ljande inh\u00e4mtat fr\u00e5n Klas Fj\u00e4llrot, \u00e4ttling till lotsar p\u00e5 \u00d6r\u00f6 sen generationer<\/p>\n\n\n\n<p><strong>\u00d6r\u00f6 som lotsplats<\/strong><\/p>\n\n\n\n<p>M\u00e5ns Andersson f.1580 och d.1621 var bosatt p\u00e5 \u00d6r\u00f6 och det finns anteckningar om att han erh\u00e5llit Styrmans hyra eller ers\u00e4ttning f\u00f6r att han styrt Herman Wrangels skepp vid \u00d6r\u00f6 1616.<\/p>\n\n\n\n<p>Det var M\u00e5ns i \u00d6r\u00f6 som hade verkat som styreman och det var vanligt att man bara anv\u00e4nde sig av f\u00f6rnamnet och sedan platsen som man kom ifr\u00e5n.<\/p>\n\n\n\n<p>Herman Wranger hade dock skrivit M\u00e5ns Persson som d\u00e5 skulle vara hans namn, men H\u00e4radsfogen bekr\u00e4ftade senare att M\u00e5ns namn var M\u00e5ns Andersson som tj\u00e4nstgjort som lots. M\u00e5ns Andersson hade d\u00e5 tydligen f\u00e5tt \u00f6verta befattningen som styreman efter sin far Anders Jonsson som skulle vara f\u00f6dd p\u00e5 \u00d6r\u00f6 1555. Den f\u00f6rste lotsen p\u00e5 \u00d6r\u00f6 b\u00f6r d\u00e5 ha varit denne Anders Jonsson som avled 1611. Vilket st\u00e4mmer med en annan uppgift man funnit i Kalmar om att den f\u00f6rsta lotsen p\u00e5 \u00d6r\u00f6 varit en man vid namn Jon som skulle ha lotsat p\u00e5 \u00d6r\u00f6, den 9 Oktober 1571.<\/p>\n\n\n\n<p>Den 21 December 1877 besl\u00f6t man att \u00d6r\u00f6 Lotsplats skulle indragas vid d\u00e5varande lotsars avg\u00e5ng. Den 15 februari 1881 gjordes en omorganisation av Lotsverket och d\u00e5 fanns det inte s\u00e5 m\u00e5nga lotsar kvar p\u00e5 \u00d6r\u00f6 Lotsplats. Den siste lotsen av Didriks sl\u00e4kten Johan Didrik Andersson hade avlidit 1863.<\/p>\n\n\n\n<p>Den siste m\u00e4sterlotsen i tj\u00e4nst A.P. Wirs\u00e9n hade g\u00e5tt i pension 1878 och avlidit 1880. Kronolotsen O. J. Nilsson pensionerade sig 1879 och kvar i tj\u00e4nst var kronolotsarna AP Pettersson och AJ Johansson som d\u00e5 var 55 resp. 49 \u00e5r.<\/p>\n\n\n\n<p>Dessutom fanns tv\u00e5 lotsl\u00e4rlingar, en med styrsedel och lotsexamen, Otto Fredrik Wirs\u00e9n och en utan styrsedel, Johan Olsson. Johan Olsson tog avsked, men Otto Fredrik Wirs\u00e9n befordrades fr\u00e5n lotsl\u00e4rling till lots och placerades p\u00e5 Strup\u00f6 Lotsplats.<\/p>\n\n\n\n<p>Dit kom han 26\/4 1881 och blev lotsf\u00f6rman p\u00e5 Strup\u00f6. 1884 blev han placerad som lots p\u00e5 Id\u00f6 lotsplats, senare lotsf\u00f6rman och \u00f6verlots. Anton Fredrik Johansson f. 1852 var 11 \u00e5r n\u00e4r fadern avled. Han var drygt 25 \u00e5r n\u00e4r han fick m\u00f6jlighet att b\u00f6rja som lotsl\u00e4rling p\u00e5 \u00d6r\u00f6.<\/p>\n\n\n\n<p>1877 kom beslut att \u00d6r\u00f6 lotsplats skulle avvecklas och n\u00e5gra nya lotsar beh\u00f6vde inte utbildas. Det blev ingen l\u00e5ng period Anton Fredrik fick m\u00f6jlighet att utbilda sig till lots p\u00e5 \u00d6r\u00f6. Han beh\u00f6vdes dock hemma p\u00e5 g\u00e5rden p\u00e5 \u00d6r\u00f6 f\u00f6r att hj\u00e4lpa till med f\u00f6rs\u00f6rjningen av mor och syskon. Det fick bli fiske Anton kom att \u00e4gna sig \u00e5t. Han var en av de sista lotsl\u00e4rlingarna p\u00e5 \u00d6r\u00f6. En av hans s\u00f6ner, Axel Fredrik Johansson kom senare att bli lots p\u00e5 Id\u00f6 lotsplats. Axel kom att ta namnet Tholin. \u00c4ven Axel Tholins son Gunnar Fredrik Tholin kom att g\u00e5 i sin fars fotsp\u00e5r och blev lots p\u00e5 Id\u00f6 lotsplats. \u00a0<\/p>\n\n\n\n<p><strong>\u00d6r\u00f6<\/strong><\/p>\n\n\n\n<p>1588 kom Johan III Wasa att inf\u00f6ra den n\u00e5got kortare och rakare lotsleden Id\u00f6sundsleden ist\u00e4llet f\u00f6r den tidigare Sp\u00e5r\u00f6leden. Leden kom att bli Id\u00f6sund-Br\u00e4nd\u00f6sund-Kr\u00e5kelund. Leden kom att trafikeras i ca 400 \u00e5r.<\/p>\n\n\n\n<p>F\u00f6rsta betalningen till lots p\u00e5 \u00d6r\u00f6 skulle best\u00e5 i spannm\u00e5lstilldelning f\u00f6r lotsning och \u00e5ret var 1588. F\u00f6rsta lotstaxan i kontanter p\u00e5 \u00d6r\u00f6 skall vara registrerad 1606. D\u00e5 erh\u00f6ll lotsen vintertid 3 \u00f6re\/ veckosj\u00f6 och sommartid 2,5 \u00f6re veckosj\u00f6. 1634 var taxan &nbsp;4 \u00f6re. . Lotsarna gjorde s\u00e5 kallade veckosj\u00f6ar, roddt\u00f6rnar.<br>&nbsp;(Veckosj\u00f6 var ca 1 sj\u00f6mil, dvs en tysk mil som \u00e4r 7,5 km)<\/p>\n\n\n\n<p>\u00c5r 1598 fick \u00d6r\u00f6lotsen Anders Jonsson ers\u00e4ttning f\u00f6r kreatur som utl\u00e4ndskt krigsfolk hade lagt beslag p\u00e5.<\/p>\n\n\n\n<p>1612 donerades \u00d6r\u00f6 till J\u00f6ran Gyllenstierna som ocks\u00e5 erh\u00f6ll tv\u00e5 g\u00e5rdar i Totebo. \u00d6r\u00f6 hade fram till 1524 varit ett hemman, men samma \u00e5r br\u00f6ts sig \u00d6r\u00f6 ur sk\u00e4rg\u00e5rdsallm\u00e4nningen.<\/p>\n\n\n\n<p>I Craelius 1772 utgivna beskrivning \u00f6ver Tunal\u00e4n finner man att Lotsg\u00e5rden \u00d6r\u00f6 skjutsar till Kr\u00e5kelund 2 mil och till Saltviken 1,5 mil. De har 1 lots\u00e5lderman (\u00e4ldre lots som fortfarande \u00e4r i tj\u00e4nst i begr\u00e4nsad omfattning), 1 lots, 4 dr\u00e4ngar och 5 l\u00e4rodr\u00e4ngar, 4 b\u00e5tar (storb\u00e5tar), och 16 \u00f6kor. Man lotsar en halv mil till sj\u00f6ss.<\/p>\n\n\n\n<p>L\u00e4rodr\u00e4ngar var egentligen lotsar eller lotsarnas s\u00f6ner som var under utbildning, men tj\u00e4nstgjorde som lotsar. Dessa lotsdr\u00e4ngar erh\u00f6ll ett antagningsbevis som utf\u00e4rdades av Amiralitets lotskontor i Karlskrona. Detta bevis var personligt och den anst\u00e4llde lotsdr\u00e4ngen f\u00f6rdes in i lotsrullan. Det \u00e5ligger honom att flitigt \u00f6va och l\u00e4ra sig lotsningen f\u00f6r att framledes efter f\u00f6rtj\u00e4nst m\u00e5 antagas till ordinarie lotsdr\u00e4ng. Den utl\u00e4rda lotsdr\u00e4ngen fick sedan fullmakt att lotsa ankommande och avg\u00e5ende fartyg.<\/p>\n\n\n\n<p>\u00c5r 1781 kom en f\u00f6rordning om att man fick b\u00f6rja som lotsl\u00e4rling vid 13 \u00e5rs \u00e5lder och vid 18 kunde man ta lotsexamen.<\/p>\n\n\n\n<p>1821 fanns 18 kor p\u00e5 \u00d6r\u00f6 sommartid. Korna sl\u00e4pptes ut p\u00e5 holmarna 15 Maj och h\u00e4mtades hem till \u00d6r\u00f6 p\u00e5 Mosedagen den 4 september.<\/p>\n\n\n\n<p>Vid inventering p\u00e5 \u00d6r\u00f6 1821 fann man 7 kappland (cirka 1000 m2) uppodlad jord f\u00f6r potatis\u00e5ker. Man hade b\u00f6rjat odla potatis p\u00e5 \u00d6r\u00f6. Tidigare hade man bara haft k\u00e5lt\u00e4ppor. Riktig fart p\u00e5 potatisodlingen blev det f\u00f6rst p\u00e5 1830-talet d\u00e5 man l\u00e4rt sig att g\u00f6ra br\u00e4nnvin p\u00e5 potatis.<\/p>\n\n\n\n<p>1836 finns registrerat att \u00d6r\u00f6 hade 2 st br\u00e4nnvinspannor. Man har funnit stengrunder till bodar som skulle ha varit uppf\u00f6rda p\u00e5 \u00d6r\u00f6 och daterat dessa till 1300-tal. P\u00e5 1200-talet skall det inte ha funnits n\u00e5gon fast bebyggelse p\u00e5 \u00d6r\u00f6 utan det var f\u00f6rst p\u00e5 1300-talet som det kom ut s\u00e4songsfiskare.<\/p>\n\n\n\n<p>N\u00e4r \u00d6r\u00f6 indrogs 1881 var lotsl\u00f6nen 330 kr.<\/p>\n\n\n\n<p>Saxat ur <a href=\"https:\/\/blakusten.se\/\">https:\/\/blakusten.se\/<\/a><\/p>\n\n\n\n<p><strong>Lotsplatsen<\/strong><\/p>\n\n\n\n<p>\u00d6r\u00f6 omn\u00e4mns 1611 d\u00e5 Karl IX f\u00f6rl\u00e4nade \u00f6n till Peder Michilsson, ett \u00e5r senare drogs dock f\u00f6rl\u00e4ningen in och donerades till friherre J\u00f6ran Gyllenstierna.<\/p>\n\n\n\n<p>\u00d6r\u00f6 var ett fr\u00e4lsehemman som drogs in till Kronan under reduktionen. 1700 pantsatte Kronan \u00d6r\u00f6, d\u00e5 man beh\u00f6vde pengar till kriget, till Georg Zelow. Panten l\u00f6stes 1737 till Lars Hammarskj\u00f6ld som innehade panten efter Zelow\u00b4s bortg\u00e5ng.<\/p>\n\n\n\n<p>1746 bj\u00f6ds \u00d6r\u00f6 ut p\u00e5 auktion varvid de 3 \u00f6borna (br\u00f6derna Hans, Anders och Per Olofsson) k\u00f6pte loss \u00d6r\u00f6 som d\u00e4rmed blev ett skattehemman.<\/p>\n\n\n\n<p>Lotsplatsen drogs in 1880.<\/p>\n\n\n\n<p><strong>Lotsning<\/strong><\/p>\n\n\n\n<p>Lotsplatsen l\u00e5g p\u00e5 \u00d6r\u00f6 men lotsleden gick genom Br\u00e4nd\u00f6sund d\u00e4r \u00e4ven byte av lots skedde.<\/p>\n\n\n\n<p>Lotsarna p\u00e5 \u00d6r\u00f6 och Strup\u00f6 hade delat upp lotsningarna s\u00e5 att \u00d6r\u00f6 lotsade fartygen s\u00f6derut fr\u00e5n Br\u00e4nd\u00f6sund till Kr\u00e5kelund medan Strup\u00f6 lotsade norrg\u00e5ende fartyg fr\u00e5n Strup\u00f6 till&nbsp;Id\u00f6.<\/p>\n\n\n\n<p>Craelius skriver 1772 om lotsarna p\u00e5 \u00d6r\u00f6:<\/p>\n\n\n\n<p><em>\u201cLotsg\u00e5rden \u00d6r\u00f6 skjutsar till Kr\u00e5kelund 2 mil, till Saltviken 1 1\/2, har 1 lots, 4 dr\u00e4ngar och 5 l\u00e4rodr\u00e4ngar, 4 b\u00e5tar och 16 \u00f6kor, samt underh\u00e5ller 2 remmare i Br\u00e4nnesund och 1 i Stickelfjord. Lotsar en halv mil till sj\u00f6ss\u201d.<\/em><\/p>\n\n\n\n<p>Mellan \u00e5ren 1873\u20131880 utf\u00f6rdes 441 lotsningar eller i snitt 55 lotsningar per \u00e5r.<\/p>\n\n\n\n<p><strong>Lotsar<\/strong><\/p>\n\n\n\n<p>Fr\u00e5n 1680 finns en s\u00e5 kallad lotsningssedel bevarad som bevis p\u00e5 att en lotsning \u00e4gt rum<\/p>\n\n\n\n<p><em>\u201dAtt lotsmannen Oluf Andersson haver lotsat mig fr\u00e5n Br\u00e4nnesund till Kr\u00e5kelund det bliver h\u00e4rmed attesterat<br>&nbsp;&nbsp;&nbsp;&nbsp;&nbsp;&nbsp;&nbsp;&nbsp;&nbsp;&nbsp;&nbsp;&nbsp;&nbsp;&nbsp;&nbsp;&nbsp;&nbsp; Stenbocken den 4 maj 1680<br>&nbsp;&nbsp;&nbsp;&nbsp;&nbsp;&nbsp;&nbsp;&nbsp;&nbsp;&nbsp;&nbsp;&nbsp; &nbsp;&nbsp;&nbsp;&nbsp;Hans Wachtmeister\u201d<\/em><\/p>\n\n\n\n<p>180 \u00e5r senare var lotsarna p\u00e5 \u00d6r\u00f6 var behj\u00e4lpliga i samband med Naglers f\u00f6rlisning vilket b\u00e5de uppskattades och bel\u00f6nades av den preussiska staten.<\/p>\n\n\n\n<p>Saxat ur Norrk\u00f6pingsposten 26 juni 1860<\/p>\n\n\n\n<p><em>\u201dTill svenska utrikesdepartmentet ha, ber\u00e4ttar Kalmar-Posten, fr\u00e5n Preussiska regeringen ankommit f\u00f6ljande bel\u00f6ningar, som blifvit tilldelade nedann\u00e4mnde personer f\u00f6r det bitr\u00e4de, som af dem lemnats passagerare och bes\u00e4ttning \u00e5 det sistlidne h\u00f6st strandade K. Preussiska post\u00e5ngfartyget NAGLER nemligen till landssekreteraren, lagmannen C.A. Palme: &nbsp;R\u00f6da \u00d6rns Ordens 3:dje klass till m\u00e4sterlotsen A.P. Eriksson Wirs\u00e9n \u00e5 \u00d6re, K Preussiska Hedersmedaljen; samt lotsarne C.J Nilsson, S.A. Nilsson, O.F. Andersson, A.W. Sandstr\u00f6m, C.J. Nilsson, C. Nilsson, P. Borgeson, S.J. Andersson och C.E. Andersson \u00e5 \u00d6r\u00f6 hvardera K. Preussiska medaljen f\u00f6r \u201dRettung aus Gefahr\u201d; hvarjemte samma departement fr\u00e5n Preussiska regeringen f\u00e5tt emottaga en summa av 1200 rdr rmt med beg\u00e4ran att dessa penningar genom vederb\u00f6rande l\u00e4ns-styrelsers f\u00f6rsorg m\u00e5tte s\u00e5som \u201dytterligare bel\u00f6ning f\u00f6r v\u00e4lf\u00f6rh\u00e5llande vid K. Preussiska post\u00e5ngfartyget NAGLERS skeppsbrott\u201d, f\u00f6rdelas bland nedann\u00e4mnde personer s\u00e5lunda att m\u00e4sterlotsen A.P. Eriksson Wirs\u00e9n erh\u00f6lle 200, kronolotsen C.J. Nilsson 200, kronolotsen C.J. Nilsson 200, samt lotsarne S.A. Nilsson, O.F. Andersson, A.W Sandstr\u00f6m, C.J. Nilsson, C. Nilsson, P. Borgeson, S.J. Andersson och C.E. Andersson hvardera 100 rdr rmt.<\/em><\/p>\n\n\n\n<p>I samband med att verksamheten vid&nbsp;Hofg\u00e5rden&nbsp;intensifierades fick lotsarna p\u00e5 \u00d6r\u00f6 \u00e4ven ansvaret f\u00f6r lotsningen till Verkebecksviken.<\/p>\n\n\n\n<p>En tullpostering fanns p\u00e5 \u00d6r\u00f6 mellan \u00e5ren 1831\u20131867<\/p>\n\n\n\n<figure class=\"wp-block-table alignwide\"><table class=\"has-fixed-layout\"><thead><tr><td colspan=\"6\"><strong>Lotsar p\u00e5 \u00d6r\u00f6<\/strong><\/td><\/tr><tr><td><strong>Efternamn <\/strong><strong><\/strong><\/td><td><strong>Efternamn <\/strong><strong><\/strong><\/td><td><strong>F\u00f6rnamn <\/strong><strong><\/strong><\/td><td><strong>F\u00f6rnamn <\/strong><strong><\/strong><\/td><td><strong>F\u00f6dd<\/strong><strong><\/strong><\/td><td><strong>Rulla<\/strong><strong><\/strong><\/td><\/tr><\/thead><tbody><tr><td>Andersson<\/td><td><\/td><td>Per<\/td><td><\/td><td>1734<\/td><td><\/td><\/tr><tr><td>Andersson<\/td><td><\/td><td>Nils<\/td><td><\/td><td><\/td><td><\/td><\/tr><tr><td>Andersson<\/td><td><\/td><td>A<\/td><td><\/td><td><\/td><td><\/td><\/tr><tr><td>Andersson<\/td><td><\/td><td>P<\/td><td><\/td><td><\/td><td><\/td><\/tr><tr><td>Didrichsson<\/td><td><\/td><td>A<\/td><td><\/td><td><\/td><td><\/td><\/tr><tr><td>Didrichsson<\/td><td><\/td><td>C<\/td><td><\/td><td><\/td><td><\/td><\/tr><tr><td>Hansson<\/td><td><\/td><td>Olof<\/td><td><\/td><td>1735<\/td><td><\/td><\/tr><tr><td>Hansson<\/td><td><\/td><td>Didrich<\/td><td><\/td><td>1747<\/td><td><\/td><\/tr><tr><td>Hansson<\/td><td><\/td><td>Nils<\/td><td><\/td><td>1751<\/td><td><\/td><\/tr><tr><td>Jonsson<\/td><td><\/td><td>Anders<\/td><td><\/td><td><\/td><td><\/td><\/tr><tr><td>Olofsson<\/td><td><\/td><td>Per<\/td><td><\/td><td>1720<\/td><td><\/td><\/tr><tr><td>Olsson<\/td><td><\/td><td>Anders<\/td><td><\/td><td><\/td><td><\/td><\/tr><tr><td>Olsson<\/td><td><\/td><td>N<\/td><td><\/td><td><\/td><td><\/td><\/tr><tr><td>Olsson<\/td><td><\/td><td>V<\/td><td><\/td><td><\/td><td><\/td><\/tr><tr><td>Olufsson<\/td><td><\/td><td>Anders<\/td><td><\/td><td><\/td><td><\/td><\/tr><tr><td>Olufsson<\/td><td><\/td><td>Hans<\/td><td><\/td><td><\/td><td><\/td><\/tr><tr><td>Pehrsson<\/td><td><\/td><td>Erik<\/td><td><\/td><td><\/td><td><\/td><\/tr><tr><td>Pehrsson<\/td><td><\/td><td>A<\/td><td><\/td><td><\/td><td><\/td><\/tr><tr><td>Persson<\/td><td><\/td><td>Johan<\/td><td><\/td><td>1742<\/td><td><\/td><\/tr><tr><td>Persson<\/td><td><\/td><td>Anders<\/td><td><\/td><td><\/td><td><\/td><\/tr><tr><td>Eriksson<\/td><td>Wirs\u00e9n<\/td><td>A<\/td><td>P<\/td><td><\/td><td>1860<\/td><\/tr><tr><td>Nilsson<\/td><td><\/td><td>C<\/td><td>J<\/td><td><\/td><td>1860<\/td><\/tr><tr><td>Andersson<\/td><td><\/td><td>O<\/td><td>F<\/td><td><\/td><td>1860<\/td><\/tr><tr><td>Sandstr\u00f6m<\/td><td><\/td><td>A<\/td><td>W<\/td><td><\/td><td>1860<\/td><\/tr><tr><td>Nilsson<\/td><td><\/td><td>C<\/td><td>J<\/td><td><\/td><td>1860<\/td><\/tr><tr><td>Nilsson<\/td><td><\/td><td>C<\/td><td><\/td><td><\/td><td>1860<\/td><\/tr><tr><td>Borgeson<\/td><td><\/td><td>P<\/td><td><\/td><td><\/td><td>1860<\/td><\/tr><tr><td>Andersson<\/td><td><\/td><td>S<\/td><td>J<\/td><td><\/td><td>1860<\/td><\/tr><tr><td>Andersson<\/td><td><\/td><td>C<\/td><td>E<\/td><td><\/td><td>1860<\/td><\/tr><\/tbody><\/table><\/figure>\n","protected":false},"excerpt":{"rendered":"<p>57\u00b034&#8217;05.2&#8243;N 16\u00b045&#8217;36.5&#8243;E Lotsplats mellan 1571-1880 F\u00f6ljande inh\u00e4mtat fr\u00e5n Klas Fj\u00e4llrot, \u00e4ttling till lotsar p\u00e5 \u00d6r\u00f6 sen generationer \u00d6r\u00f6 som lotsplats M\u00e5ns Andersson f.1580 och d.1621 var bosatt p\u00e5 \u00d6r\u00f6 och det finns anteckningar om att han erh\u00e5llit Styrmans hyra eller ers\u00e4ttning f\u00f6r att han styrt Herman Wrangels skepp vid \u00d6r\u00f6 1616. Det var M\u00e5ns i&hellip; <a class=\"more-link\" href=\"https:\/\/lotsarnastockholm.se\/index.php\/oro-lotsplats\/\">Forts\u00e4tt l\u00e4sa <span class=\"screen-reader-text\">\u00d6r\u00f6 Lotsplats<\/span><\/a><\/p>\n","protected":false},"author":1,"featured_media":0,"parent":0,"menu_order":0,"comment_status":"closed","ping_status":"closed","template":"","meta":{"footnotes":""},"class_list":["post-6875","page","type-page","status-publish","hentry","entry"],"_links":{"self":[{"href":"https:\/\/lotsarnastockholm.se\/index.php\/wp-json\/wp\/v2\/pages\/6875","targetHints":{"allow":["GET"]}}],"collection":[{"href":"https:\/\/lotsarnastockholm.se\/index.php\/wp-json\/wp\/v2\/pages"}],"about":[{"href":"https:\/\/lotsarnastockholm.se\/index.php\/wp-json\/wp\/v2\/types\/page"}],"author":[{"embeddable":true,"href":"https:\/\/lotsarnastockholm.se\/index.php\/wp-json\/wp\/v2\/users\/1"}],"replies":[{"embeddable":true,"href":"https:\/\/lotsarnastockholm.se\/index.php\/wp-json\/wp\/v2\/comments?post=6875"}],"version-history":[{"count":5,"href":"https:\/\/lotsarnastockholm.se\/index.php\/wp-json\/wp\/v2\/pages\/6875\/revisions"}],"predecessor-version":[{"id":6969,"href":"https:\/\/lotsarnastockholm.se\/index.php\/wp-json\/wp\/v2\/pages\/6875\/revisions\/6969"}],"wp:attachment":[{"href":"https:\/\/lotsarnastockholm.se\/index.php\/wp-json\/wp\/v2\/media?parent=6875"}],"curies":[{"name":"wp","href":"https:\/\/api.w.org\/{rel}","templated":true}]}}