{"id":6792,"date":"2024-04-24T21:54:00","date_gmt":"2024-04-24T20:54:00","guid":{"rendered":"https:\/\/lotsarnastockholm.se\/?page_id=6792"},"modified":"2024-04-24T21:54:04","modified_gmt":"2024-04-24T20:54:04","slug":"lotsplatser-1877-statistik","status":"publish","type":"page","link":"https:\/\/lotsarnastockholm.se\/index.php\/lotsplatser-1877-statistik\/","title":{"rendered":"Lotsplatser 1877, Statistik"},"content":{"rendered":"\n<p>Nedan f\u00f6ljer uppgifter om samtliga lotsplatser i Sverige, antal lotsar, antal lotsningar, snitt per lots, under de m\u00e5nader lotsning skedde samt hur stor var max lotslott p\u00e5 den lotsplatsen.<\/p>\n\n\n\n<figure class=\"wp-block-table alignfull\"><table><tbody><tr><td>Lotsplats<\/td><td>Distrikt<\/td><td>F\u00f6rdelning<\/td><td>Lotsar<\/td><td>Lotsningar<\/td><td>\u00d8 \u00a0lotsning\/lots<\/td><td>M\u00e5nad fr\u00e5n<\/td><td>M\u00e5nad till<\/td><td>Max Lotslott<\/td><\/tr><tr><td>Pahaluoti<\/td><td>Norra<\/td><td>Lule\u00e5<\/td><td>1<\/td><td>29<\/td><td>29<\/td><td>7<\/td><td>10<\/td><td>1061<\/td><\/tr><tr><td>Kalix<\/td><td>Norra<\/td><td>Lule\u00e5<\/td><td>6<\/td><td>146<\/td><td>24<\/td><td>7<\/td><td>10<\/td><td>720<\/td><\/tr><tr><td>Mal\u00f6ren<\/td><td>Norra<\/td><td>Lule\u00e5<\/td><td>8<\/td><td>218<\/td><td>27<\/td><td>7<\/td><td>10<\/td><td>700<\/td><\/tr><tr><td>T\u00f6re<\/td><td>Norra<\/td><td>Lule\u00e5<\/td><td>2<\/td><td>55<\/td><td>28<\/td><td>7<\/td><td>10<\/td><td>328<\/td><\/tr><tr><td>R\u00e5ne\u00e5<\/td><td>Norra<\/td><td>Lule\u00e5<\/td><td>3<\/td><td>88<\/td><td>29<\/td><td>7<\/td><td>10<\/td><td>390<\/td><\/tr><tr><td>Liggsk\u00e4r<\/td><td>Norra<\/td><td>Lule\u00e5<\/td><td>8<\/td><td>331<\/td><td>41<\/td><td>7<\/td><td>10<\/td><td>986<\/td><\/tr><tr><td>R\u00f6dkallen<\/td><td>Norra<\/td><td>Lule\u00e5<\/td><td>7<\/td><td>238<\/td><td>34<\/td><td>7<\/td><td>10<\/td><td>732<\/td><\/tr><tr><td>Storrebben<\/td><td>Norra<\/td><td>Lule\u00e5<\/td><td>1<\/td><td>14<\/td><td>14<\/td><td>7<\/td><td>10<\/td><td>281<\/td><\/tr><tr><td>R\u00f6nnsk\u00e4r<\/td><td>Norra<\/td><td>Lule\u00e5<\/td><td>8<\/td><td>317<\/td><td>40<\/td><td>7<\/td><td>11<\/td><td>924<\/td><\/tr><tr><td>\u00c5by<\/td><td>Norra<\/td><td>Lule\u00e5<\/td><td>1<\/td><td>45<\/td><td>45<\/td><td>7<\/td><td>10<\/td><td>438<\/td><\/tr><tr><td>Romels\u00f6<\/td><td>Norra<\/td><td>Lule\u00e5<\/td><td>3<\/td><td>206<\/td><td>69<\/td><td>6<\/td><td>11<\/td><td>1070<\/td><\/tr><tr><td>Stork\u00e5ge<\/td><td>Norra<\/td><td>Lule\u00e5<\/td><td>2<\/td><td>67<\/td><td>34<\/td><td>7<\/td><td>11<\/td><td>658<\/td><\/tr><tr><td>Ursviken<\/td><td>Norra<\/td><td>Ume\u00e5<\/td><td>5<\/td><td>235<\/td><td>47<\/td><td>6<\/td><td>11<\/td><td>898<\/td><\/tr><tr><td>Bjur\u00f6klubb<\/td><td>Norra<\/td><td>Ume\u00e5<\/td><td>8<\/td><td>334<\/td><td>42<\/td><td>6<\/td><td>11<\/td><td>806<\/td><\/tr><tr><td>Ratan<\/td><td>Norra<\/td><td>Ume\u00e5<\/td><td>4<\/td><td>180<\/td><td>45<\/td><td>6<\/td><td>10<\/td><td>617<\/td><\/tr><tr><td>S\u00e4fvar<\/td><td>Norra<\/td><td>Ume\u00e5<\/td><td>1<\/td><td>5<\/td><td>5<\/td><td>7<\/td><td>11<\/td><td>165<\/td><\/tr><tr><td>Bredsk\u00e4r<\/td><td>Norra<\/td><td>Ume\u00e5<\/td><td>6<\/td><td>278<\/td><td>46<\/td><td>7<\/td><td>11<\/td><td>844<\/td><\/tr><tr><td>Jern\u00e4sudde<\/td><td>Norra<\/td><td>Ume\u00e5<\/td><td>6<\/td><td>183<\/td><td>31<\/td><td>6<\/td><td>11<\/td><td>662<\/td><\/tr><tr><td>Skag<\/td><td>Norra<\/td><td>Ume\u00e5<\/td><td>5<\/td><td>193<\/td><td>39<\/td><td>6<\/td><td>11<\/td><td>853<\/td><\/tr><tr><td>\u00d6rnsk\u00f6ldsvik<\/td><td>Norra<\/td><td>Ume\u00e5<\/td><td>3<\/td><td>152<\/td><td>51<\/td><td>6<\/td><td>11<\/td><td>807<\/td><\/tr><tr><td>Ulf\u00f6<\/td><td>Norra<\/td><td>Ume\u00e5<\/td><td>5<\/td><td>157<\/td><td>31<\/td><td>6<\/td><td>12<\/td><td>526<\/td><\/tr><tr><td>Nyland<\/td><td>Norra<\/td><td>Sundsvall<\/td><td>9<\/td><td>414<\/td><td>46<\/td><td>6<\/td><td>11<\/td><td>1753<\/td><\/tr><tr><td>Hern\u00f6<\/td><td>Norra<\/td><td>Sundsvall<\/td><td>10<\/td><td>487<\/td><td>49<\/td><td>6<\/td><td>11<\/td><td>943<\/td><\/tr><tr><td>\u00c5stholmen<\/td><td>Norra<\/td><td>Sundsvall<\/td><td>3<\/td><td>128<\/td><td>43<\/td><td>5<\/td><td>11<\/td><td>732<\/td><\/tr><tr><td>Sundsvall<\/td><td>Norra<\/td><td>Sundsvall<\/td><td>17<\/td><td>1561<\/td><td>92<\/td><td>6<\/td><td>12<\/td><td>1584<\/td><\/tr><tr><td>Brem\u00f6<\/td><td>Norra<\/td><td>Sundsvall<\/td><td>15<\/td><td>1069<\/td><td>71<\/td><td>6<\/td><td>11<\/td><td>1583<\/td><\/tr><tr><td>Ag\u00f6<\/td><td>Norra<\/td><td>Sundsvall<\/td><td>9<\/td><td>621<\/td><td>69<\/td><td>5<\/td><td>11<\/td><td>1737<\/td><\/tr><tr><td>Lilljungfrun<\/td><td>Norra<\/td><td>Sundsvall<\/td><td>12<\/td><td>1426<\/td><td>119<\/td><td>5<\/td><td>11<\/td><td>1943<\/td><\/tr><tr><td>G\u00e5sholma<\/td><td>Norra<\/td><td>\u00d6regrund<\/td><td>4<\/td><td>115<\/td><td>29<\/td><td>5<\/td><td>11<\/td><td>403<\/td><\/tr><tr><td>Gefle<\/td><td>Norra<\/td><td>\u00d6regrund<\/td><td>16<\/td><td>1534<\/td><td>96<\/td><td>5<\/td><td>12<\/td><td>1981<\/td><\/tr><tr><td>\u00d6rsk\u00e4r<\/td><td>Norra<\/td><td>\u00d6regrund<\/td><td>5<\/td><td>49<\/td><td>10<\/td><td>5<\/td><td>11<\/td><td>166<\/td><\/tr><tr><td>\u00d6regrund<\/td><td>Norra<\/td><td>\u00d6regrund<\/td><td>7<\/td><td>338<\/td><td>48<\/td><td>5<\/td><td>12<\/td><td>1026<\/td><\/tr><tr><td>Svartklubben<\/td><td>Norra<\/td><td>\u00d6regrund<\/td><td>6<\/td><td>334<\/td><td>56<\/td><td>5<\/td><td>12<\/td><td>645<\/td><\/tr><tr><td>Arholma<\/td><td>Norra<\/td><td>Stockholm<\/td><td>8<\/td><td>500<\/td><td>63<\/td><td>5<\/td><td>12<\/td><td>710<\/td><\/tr><tr><td>Tjock\u00f6<\/td><td>Norra<\/td><td>Stockholm<\/td><td>7<\/td><td>325<\/td><td>46<\/td><td>5<\/td><td>12<\/td><td>751<\/td><\/tr><tr><td>Furusund<\/td><td>Norra<\/td><td>Stockholm<\/td><td>13<\/td><td>1553<\/td><td>119<\/td><td>5<\/td><td>12<\/td><td>1645<\/td><\/tr><tr><td>Svenska H\u00f6garne<\/td><td>Norra<\/td><td>Stockholm<\/td><td>2<\/td><td>15<\/td><td>8<\/td><td>5<\/td><td>11<\/td><td>82<\/td><\/tr><tr><td>Husar\u00f6<\/td><td>Norra<\/td><td>Stockholm<\/td><td>4<\/td><td>97<\/td><td>24<\/td><td>5<\/td><td>12<\/td><td>132<\/td><\/tr><tr><td>Sandhamn<\/td><td>Norra<\/td><td>Stockholm<\/td><td>18<\/td><td>1747<\/td><td>97<\/td><td>5<\/td><td>12<\/td><td>2189<\/td><\/tr><tr><td>Stockholm<\/td><td>Norra<\/td><td>Stockholm<\/td><td>26<\/td><td>1933<\/td><td>74<\/td><td>5<\/td><td>12<\/td><td>1067<\/td><\/tr><tr><td>M\u00e4laren<\/td><td>Norra<\/td><td>Stockholm<\/td><td>12<\/td><td>459<\/td><td>38<\/td><td>5<\/td><td>12<\/td><td>457<\/td><\/tr><tr><td>Berghamn<\/td><td>Norra<\/td><td>Stockholm<\/td><td>2<\/td><td>98<\/td><td>49<\/td><td>5<\/td><td>12<\/td><td>378<\/td><\/tr><tr><td>Dalar\u00f6<\/td><td>Norra<\/td><td>Stockholm<\/td><td>13<\/td><td>671<\/td><td>52<\/td><td>5<\/td><td>12<\/td><td>1212<\/td><\/tr><tr><td>Landsort<\/td><td>Norra<\/td><td>Stockholm<\/td><td>13<\/td><td>541<\/td><td>42<\/td><td>4<\/td><td>12<\/td><td>907<\/td><\/tr><tr><td>S\u00f6dertelge<\/td><td>Norra<\/td><td>Stockholm<\/td><td>5<\/td><td>173<\/td><td>35<\/td><td>5<\/td><td>12<\/td><td>559<\/td><\/tr><tr><td>S\u00e4f\u00f6sund<\/td><td>Norra<\/td><td>Norrk\u00f6ping<\/td><td>4<\/td><td>335<\/td><td>84<\/td><td>5<\/td><td>12<\/td><td>373<\/td><\/tr><tr><td>Nyk\u00f6ping<\/td><td>Norra<\/td><td>Norrk\u00f6ping<\/td><td>1<\/td><td>51<\/td><td>51<\/td><td>5<\/td><td>12<\/td><td>492<\/td><\/tr><tr><td>Oxel\u00f6<\/td><td>Norra<\/td><td>Norrk\u00f6ping<\/td><td>12<\/td><td>952<\/td><td>79<\/td><td>5<\/td><td>12<\/td><td>796<\/td><\/tr><tr><td>Norrk\u00f6ping<\/td><td>Norra<\/td><td>Norrk\u00f6ping<\/td><td>5<\/td><td>436<\/td><td>87<\/td><td>4<\/td><td>12<\/td><td>1079<\/td><\/tr><tr><td>Gr\u00e4ns\u00f6<\/td><td>Norra<\/td><td>Norrk\u00f6ping<\/td><td>11<\/td><td>722<\/td><td>66<\/td><td>5<\/td><td>12<\/td><td>872<\/td><\/tr><tr><td>Ark\u00f6<\/td><td>Norra<\/td><td>Norrk\u00f6ping<\/td><td>6<\/td><td>490<\/td><td>82<\/td><td>5<\/td><td>12<\/td><td>719<\/td><\/tr><tr><td>Mem<\/td><td>Norra<\/td><td>Norrk\u00f6ping<\/td><td>4<\/td><td>132<\/td><td>33<\/td><td>5<\/td><td>12<\/td><td>761<\/td><\/tr><tr><td>Kettil\u00f6<\/td><td>Norra<\/td><td>Norrk\u00f6ping<\/td><td>7<\/td><td>357<\/td><td>51<\/td><td>4<\/td><td>12<\/td><td>475<\/td><\/tr><tr><td>H\u00e4radsk\u00e4r<\/td><td>Norra<\/td><td>Norrk\u00f6ping<\/td><td>6<\/td><td>253<\/td><td>42<\/td><td>5<\/td><td>12<\/td><td>528<\/td><\/tr><tr><td>Bok\u00f6<\/td><td>Norra<\/td><td>Norrk\u00f6ping<\/td><td>3<\/td><td>193<\/td><td>64<\/td><td>5<\/td><td>12<\/td><td>472<\/td><\/tr><tr><td>Klinte<\/td><td>S\u00f6dra<\/td><td>Gotlands<\/td><td>2<\/td><td>189<\/td><td>95<\/td><td>1<\/td><td>12<\/td><td>549<\/td><\/tr><tr><td>Vestergarn<\/td><td>S\u00f6dra<\/td><td>Gotlands<\/td><td>2<\/td><td>92<\/td><td>46<\/td><td>3<\/td><td>12<\/td><td>261<\/td><\/tr><tr><td>Visby<\/td><td>S\u00f6dra<\/td><td>Gotlands<\/td><td>3<\/td><td>341<\/td><td>114<\/td><td>1<\/td><td>12<\/td><td>491<\/td><\/tr><tr><td>Hallshuk<\/td><td>S\u00f6dra<\/td><td>Gotlands<\/td><td>3<\/td><td>39<\/td><td>13<\/td><td>5<\/td><td>12<\/td><td>80<\/td><\/tr><tr><td>Kapellshamn<\/td><td>S\u00f6dra<\/td><td>Gotlands<\/td><td>2<\/td><td>22<\/td><td>11<\/td><td>4<\/td><td>11<\/td><td>132<\/td><\/tr><tr><td>Ar<\/td><td>S\u00f6dra<\/td><td>Gotlands<\/td><td>1<\/td><td>1<\/td><td>1<\/td><td>8<\/td><td>8<\/td><td>1<\/td><\/tr><tr><td>Lutterhorn<\/td><td>S\u00f6dra<\/td><td>Gotlands<\/td><td>1<\/td><td>15<\/td><td>15<\/td><td>4<\/td><td>11<\/td><td>24<\/td><\/tr><tr><td>F\u00e5r\u00f6sund N<\/td><td>S\u00f6dra<\/td><td>Gotlands<\/td><td>2<\/td><td>46<\/td><td>23<\/td><td>5<\/td><td>12<\/td><td>91<\/td><\/tr><tr><td>F\u00e5r\u00f6sund S<\/td><td>S\u00f6dra<\/td><td>Gotlands<\/td><td>7<\/td><td>106<\/td><td>15<\/td><td>4<\/td><td>12<\/td><td>136<\/td><\/tr><tr><td>Lergraf<\/td><td>S\u00f6dra<\/td><td>Gotlands<\/td><td>1<\/td><td>0<\/td><td>0<\/td><td><\/td><td><\/td><td>0<\/td><\/tr><tr><td>Kylej<\/td><td>S\u00f6dra<\/td><td>Gotlands<\/td><td>4<\/td><td>114<\/td><td>29<\/td><td>4<\/td><td>12<\/td><td>131<\/td><\/tr><tr><td>S:t Olofshamn<\/td><td>S\u00f6dra<\/td><td>Gotlands<\/td><td>1<\/td><td>6<\/td><td>6<\/td><td>2<\/td><td>5<\/td><td>46<\/td><\/tr><tr><td>Slite<\/td><td>S\u00f6dra<\/td><td>Gotlands<\/td><td>4<\/td><td>252<\/td><td>63<\/td><td>2<\/td><td>12<\/td><td>624<\/td><\/tr><tr><td>Katthammarsvik<\/td><td>S\u00f6dra<\/td><td>Gotlands<\/td><td>3<\/td><td>34<\/td><td>11<\/td><td>4<\/td><td>12<\/td><td>88<\/td><\/tr><tr><td>Ljugarn<\/td><td>S\u00f6dra<\/td><td>Gotlands<\/td><td>3<\/td><td>42<\/td><td>14<\/td><td>2<\/td><td>11<\/td><td>89<\/td><\/tr><tr><td>Ronehamn<\/td><td>S\u00f6dra<\/td><td>Gotlands<\/td><td>3<\/td><td>83<\/td><td>28<\/td><td>3<\/td><td>12<\/td><td>203<\/td><\/tr><tr><td>Gr\u00f6ttlingboudde<\/td><td>S\u00f6dra<\/td><td>Gotlands<\/td><td>3<\/td><td>32<\/td><td>11<\/td><td>3<\/td><td>12<\/td><td>58<\/td><\/tr><tr><td>Stockvik<\/td><td>S\u00f6dra<\/td><td>Gotlands<\/td><td>2<\/td><td>9<\/td><td>5<\/td><td>5<\/td><td>10<\/td><td>45<\/td><\/tr><tr><td>Envik<\/td><td>S\u00f6dra<\/td><td>Gotlands<\/td><td>1<\/td><td>4<\/td><td>4<\/td><td>5<\/td><td>7<\/td><td>17<\/td><\/tr><tr><td>Burgsvik<\/td><td>S\u00f6dra<\/td><td>Gotlands<\/td><td>3<\/td><td>66<\/td><td>22<\/td><td>1<\/td><td>12<\/td><td>181<\/td><\/tr><tr><td>Torr\u00f6<\/td><td>S\u00f6dra<\/td><td>Vestervik<\/td><td>5<\/td><td>169<\/td><td>34<\/td><td>5<\/td><td>12<\/td><td>182<\/td><\/tr><tr><td>Stedsholmen<\/td><td>S\u00f6dra<\/td><td>Vestervik<\/td><td>4<\/td><td>159<\/td><td>40<\/td><td>5<\/td><td>12<\/td><td>205<\/td><\/tr><tr><td>Id\u00f6sund<\/td><td>S\u00f6dra<\/td><td>Vestervik<\/td><td>8<\/td><td>476<\/td><td>60<\/td><td>1<\/td><td>12<\/td><td>568<\/td><\/tr><tr><td>Vestervik<\/td><td>S\u00f6dra<\/td><td>Vestervik<\/td><td>6<\/td><td>212<\/td><td>35<\/td><td>5<\/td><td>12<\/td><td>440<\/td><\/tr><tr><td>\u00d6r\u00f6<\/td><td>S\u00f6dra<\/td><td>Vestervik<\/td><td>4<\/td><td>72<\/td><td>18<\/td><td>4<\/td><td>11<\/td><td>183<\/td><\/tr><tr><td>Strup\u00f6<\/td><td>S\u00f6dra<\/td><td>Vestervik<\/td><td>5<\/td><td>191<\/td><td>38<\/td><td>4<\/td><td>12<\/td><td>255<\/td><\/tr><tr><td>Kr\u00e5kelund<\/td><td>S\u00f6dra<\/td><td>Vestervik<\/td><td>6<\/td><td>174<\/td><td>29<\/td><td>4<\/td><td>12<\/td><td>181<\/td><\/tr><tr><td>Figeholm<\/td><td>S\u00f6dra<\/td><td>Kalmar<\/td><td>2<\/td><td>99<\/td><td>50<\/td><td>5<\/td><td>12<\/td><td>322<\/td><\/tr><tr><td>Oskarshamn<\/td><td>S\u00f6dra<\/td><td>Kalmar<\/td><td>8<\/td><td>1238<\/td><td>155<\/td><td>1<\/td><td>12<\/td><td>1103<\/td><\/tr><tr><td>P\u00e5skallavik<\/td><td>S\u00f6dra<\/td><td>Kalmar<\/td><td>1<\/td><td>63<\/td><td>63<\/td><td>5<\/td><td>12<\/td><td>398<\/td><\/tr><tr><td>W\u00e5ll\u00f6<\/td><td>S\u00f6dra<\/td><td>Kalmar<\/td><td>6<\/td><td>207<\/td><td>35<\/td><td>4<\/td><td>12<\/td><td>181<\/td><\/tr><tr><td>M\u00f6nster\u00e5s<\/td><td>S\u00f6dra<\/td><td>Kalmar<\/td><td>2<\/td><td>138<\/td><td>69<\/td><td>5<\/td><td>11<\/td><td>434<\/td><\/tr><tr><td>Timmernabben<\/td><td>S\u00f6dra<\/td><td>Kalmar<\/td><td>2<\/td><td>160<\/td><td>80<\/td><td>5<\/td><td>12<\/td><td>343<\/td><\/tr><tr><td>Pataholm<\/td><td>S\u00f6dra<\/td><td>Kalmar<\/td><td>1<\/td><td>82<\/td><td>82<\/td><td>5<\/td><td>12<\/td><td>488<\/td><\/tr><tr><td>Sk\u00e4ggen\u00e4s<\/td><td>S\u00f6dra<\/td><td>Kalmar<\/td><td>5<\/td><td>699<\/td><td>140<\/td><td>4<\/td><td>12<\/td><td>1295<\/td><\/tr><tr><td>Kalmar<\/td><td>S\u00f6dra<\/td><td>Kalmar<\/td><td>13<\/td><td>2550<\/td><td>196<\/td><td>4<\/td><td>12<\/td><td>1297<\/td><\/tr><tr><td>Botorp<\/td><td>S\u00f6dra<\/td><td>Kalmar<\/td><td>1<\/td><td>33<\/td><td>33<\/td><td>4<\/td><td>12<\/td><td>68<\/td><\/tr><tr><td>Bergqvara<\/td><td>S\u00f6dra<\/td><td>Kalmar<\/td><td>3<\/td><td>585<\/td><td>195<\/td><td>3<\/td><td>12<\/td><td>789<\/td><\/tr><tr><td>Borgholm<\/td><td>S\u00f6dra<\/td><td>Kalmar<\/td><td>1<\/td><td>61<\/td><td>61<\/td><td>4<\/td><td>12<\/td><td>186<\/td><\/tr><tr><td>K\u00e5reholm<\/td><td>S\u00f6dra<\/td><td>Kalmar<\/td><td>1<\/td><td>26<\/td><td>26<\/td><td>3<\/td><td>11<\/td><td>130<\/td><\/tr><tr><td>Kristianopel<\/td><td>S\u00f6dra<\/td><td>Karlskrona<\/td><td>2<\/td><td>65<\/td><td>33<\/td><td>3<\/td><td>11<\/td><td>128<\/td><\/tr><tr><td>Sandhamn<\/td><td>S\u00f6dra<\/td><td>Karlskrona<\/td><td>3<\/td><td>34<\/td><td>11<\/td><td>5<\/td><td>11<\/td><td>76<\/td><\/tr><tr><td>L\u00e5ng\u00f6ren<\/td><td>S\u00f6dra<\/td><td>Karlskrona<\/td><td>8<\/td><td>158<\/td><td>20<\/td><td>4<\/td><td>12<\/td><td>89<\/td><\/tr><tr><td>Ungsk\u00e4r<\/td><td>S\u00f6dra<\/td><td>Karlskrona<\/td><td>4<\/td><td>79<\/td><td>20<\/td><td>3<\/td><td>12<\/td><td>160<\/td><\/tr><tr><td>Inl\u00e4ngan<\/td><td>S\u00f6dra<\/td><td>Karlskrona<\/td><td>4<\/td><td>120<\/td><td>30<\/td><td>4<\/td><td>12<\/td><td>162<\/td><\/tr><tr><td>H\u00e4stholmen<\/td><td>S\u00f6dra<\/td><td>Karlskrona<\/td><td>3<\/td><td>53<\/td><td>18<\/td><td>4<\/td><td>12<\/td><td>33<\/td><\/tr><tr><td>Karlskrona\/Asp\u00f6<\/td><td>S\u00f6dra<\/td><td>Karlskrona<\/td><td>10<\/td><td>753<\/td><td>75<\/td><td>2<\/td><td>12<\/td><td>888<\/td><\/tr><tr><td>Arp\u00f6<\/td><td>S\u00f6dra<\/td><td>Karlskrona<\/td><td>5<\/td><td>130<\/td><td>26<\/td><td>4<\/td><td>12<\/td><td>299<\/td><\/tr><tr><td>Gj\u00f6kalf<\/td><td>S\u00f6dra<\/td><td>Karlskrona<\/td><td>3<\/td><td>154<\/td><td>51<\/td><td>4<\/td><td>12<\/td><td>289<\/td><\/tr><tr><td>Matvik\/Tern\u00f6<\/td><td>S\u00f6dra<\/td><td>Karlskrona<\/td><td>3<\/td><td>178<\/td><td>59<\/td><td>1<\/td><td>12<\/td><td>483<\/td><\/tr><tr><td>Karlshamn<\/td><td>S\u00f6dra<\/td><td>Karlskrona<\/td><td>5<\/td><td>604<\/td><td>121<\/td><td>1<\/td><td>12<\/td><td>779<\/td><\/tr><tr><td>Pukavik<\/td><td>S\u00f6dra<\/td><td>Karlskrona<\/td><td>2<\/td><td>89<\/td><td>45<\/td><td>4<\/td><td>12<\/td><td>202<\/td><\/tr><tr><td>Han\u00f6<\/td><td>S\u00f6dra<\/td><td>Karlskrona<\/td><td>3<\/td><td>68<\/td><td>23<\/td><td>1<\/td><td>12<\/td><td>319<\/td><\/tr><tr><td>S\u00f6lvesborg<\/td><td>S\u00f6dra<\/td><td>Karlskrona<\/td><td>2<\/td><td>265<\/td><td>133<\/td><td>4<\/td><td>12<\/td><td>662<\/td><\/tr><tr><td>\u00c5hus<\/td><td>S\u00f6dra<\/td><td>Landskrona<\/td><td>5<\/td><td>419<\/td><td>84<\/td><td>3<\/td><td>12<\/td><td>597<\/td><\/tr><tr><td>Simrishamn<\/td><td>S\u00f6dra<\/td><td>Landskrona<\/td><td>3<\/td><td>315<\/td><td>105<\/td><td>3<\/td><td>12<\/td><td>602<\/td><\/tr><tr><td>Ystad<\/td><td>S\u00f6dra<\/td><td>Landskrona<\/td><td>5<\/td><td>788<\/td><td>158<\/td><td>1<\/td><td>12<\/td><td>861<\/td><\/tr><tr><td>Trelleborg<\/td><td>S\u00f6dra<\/td><td>Landskrona<\/td><td>4<\/td><td>635<\/td><td>159<\/td><td>1<\/td><td>12<\/td><td>713<\/td><\/tr><tr><td>Skan\u00f6r<\/td><td>S\u00f6dra<\/td><td>Landskrona<\/td><td>5<\/td><td>31<\/td><td>6<\/td><td>7<\/td><td>11<\/td><td>176<\/td><\/tr><tr><td>\u00d6resunds S\u00f6dra<\/td><td>S\u00f6dra<\/td><td>Landskrona<\/td><td>21<\/td><td>1008<\/td><td>48<\/td><td>1<\/td><td>12<\/td><td>1334<\/td><\/tr><tr><td>Malm\u00f6<\/td><td>S\u00f6dra<\/td><td>Landskrona<\/td><td>9<\/td><td>1884<\/td><td>209<\/td><td>1<\/td><td>12<\/td><td>2333<\/td><\/tr><tr><td>Landskrona<\/td><td>S\u00f6dra<\/td><td>Landskrona<\/td><td>5<\/td><td>835<\/td><td>167<\/td><td>1<\/td><td>12<\/td><td>1197<\/td><\/tr><tr><td>Helsingborg<\/td><td>S\u00f6dra<\/td><td>Landskrona<\/td><td>4<\/td><td>775<\/td><td>194<\/td><td>1<\/td><td>12<\/td><td>1523<\/td><\/tr><tr><td>H\u00f6gan\u00e4s<\/td><td>S\u00f6dra<\/td><td>Landskrona<\/td><td>2<\/td><td>150<\/td><td>75<\/td><td>2<\/td><td>12<\/td><td>295<\/td><\/tr><tr><td>\u00d6resunds Norra<\/td><td>S\u00f6dra<\/td><td>Landskrona<\/td><td>15<\/td><td>535<\/td><td>36<\/td><td>1<\/td><td>12<\/td><td>1195<\/td><\/tr><tr><td>Torekow<\/td><td>S\u00f6dra<\/td><td>Landskrona<\/td><td>5<\/td><td>107<\/td><td>21<\/td><td>1<\/td><td>11<\/td><td>153<\/td><\/tr><tr><td>Engelholm<\/td><td>S\u00f6dra<\/td><td>Landskrona<\/td><td>3<\/td><td>196<\/td><td>65<\/td><td>1<\/td><td>12<\/td><td>305<\/td><\/tr><tr><td>Halmstad<\/td><td>V\u00e4stra<\/td><td>Onsala<\/td><td>4<\/td><td>1078<\/td><td>270<\/td><td>1<\/td><td>12<\/td><td>1560<\/td><\/tr><tr><td>Falkenberg<\/td><td>V\u00e4stra<\/td><td>Onsala<\/td><td>3<\/td><td>493<\/td><td>164<\/td><td>1<\/td><td>12<\/td><td>746<\/td><\/tr><tr><td>Warberg<\/td><td>V\u00e4stra<\/td><td>Onsala<\/td><td>4<\/td><td>294<\/td><td>74<\/td><td>1<\/td><td>12<\/td><td>431<\/td><\/tr><tr><td>M\u00f6nster<\/td><td>V\u00e4stra<\/td><td>Onsala<\/td><td>7<\/td><td>90<\/td><td>13<\/td><td>1<\/td><td>12<\/td><td>156<\/td><\/tr><tr><td>Vr\u00e5ng\u00f6<\/td><td>V\u00e4stra<\/td><td>G\u00f6teborg<\/td><td>15<\/td><td>518<\/td><td>35<\/td><td>1<\/td><td>12<\/td><td>698<\/td><\/tr><tr><td>Br\u00e4nn\u00f6<\/td><td>V\u00e4stra<\/td><td>G\u00f6teborg<\/td><td>20<\/td><td>1026<\/td><td>51<\/td><td>1<\/td><td>12<\/td><td>1409<\/td><\/tr><tr><td>G\u00f6teborg<\/td><td>V\u00e4stra<\/td><td>G\u00f6teborg<\/td><td>20<\/td><td>1521<\/td><td>76<\/td><td>1<\/td><td>12<\/td><td>1857<\/td><\/tr><tr><td>Kongelf<\/td><td>V\u00e4stra<\/td><td>G\u00f6teborg<\/td><td>2<\/td><td>22<\/td><td>11<\/td><td>4<\/td><td>12<\/td><td>74<\/td><\/tr><tr><td>Kalfsund<\/td><td>V\u00e4stra<\/td><td>G\u00f6teborg<\/td><td>4<\/td><td>67<\/td><td>17<\/td><td>1<\/td><td>12<\/td><td>359<\/td><\/tr><tr><td>H\u00f6n\u00f6<\/td><td>V\u00e4stra<\/td><td>G\u00f6teborg<\/td><td>10<\/td><td>189<\/td><td>19<\/td><td>1<\/td><td>12<\/td><td>539<\/td><\/tr><tr><td>R\u00f6r\u00f6<\/td><td>V\u00e4stra<\/td><td>G\u00f6teborg<\/td><td>10<\/td><td>286<\/td><td>29<\/td><td>1<\/td><td>12<\/td><td>824<\/td><\/tr><tr><td>Marstrand<\/td><td>V\u00e4stra<\/td><td>Marstrand<\/td><td>5<\/td><td>162<\/td><td>32<\/td><td>1<\/td><td>12<\/td><td>426<\/td><\/tr><tr><td>Kl\u00e4desholmen<\/td><td>V\u00e4stra<\/td><td>Marstrand<\/td><td>7<\/td><td>95<\/td><td>14<\/td><td>1<\/td><td>12<\/td><td>207<\/td><\/tr><tr><td>Kyrkesund<\/td><td>V\u00e4stra<\/td><td>Marstrand<\/td><td>1<\/td><td>12<\/td><td>12<\/td><td>2<\/td><td>12<\/td><td>58<\/td><\/tr><tr><td>Gr\u00f6nsk\u00e4ren<\/td><td>V\u00e4stra<\/td><td>Marstrand<\/td><td>4<\/td><td>30<\/td><td>8<\/td><td>2<\/td><td>12<\/td><td>104<\/td><\/tr><tr><td>K\u00e4rring\u00f6n<\/td><td>V\u00e4stra<\/td><td>Marstrand<\/td><td>5<\/td><td>59<\/td><td>12<\/td><td>1<\/td><td>12<\/td><td>159<\/td><\/tr><tr><td>Gullholmen<\/td><td>V\u00e4stra<\/td><td>Marstrand<\/td><td>3<\/td><td>66<\/td><td>22<\/td><td>2<\/td><td>12<\/td><td>250<\/td><\/tr><tr><td>Lysekil<\/td><td>V\u00e4stra<\/td><td>Marstrand<\/td><td>5<\/td><td>204<\/td><td>41<\/td><td>2<\/td><td>12<\/td><td>393<\/td><\/tr><tr><td>Kungshamn<\/td><td>V\u00e4stra<\/td><td>Marstrand<\/td><td>5<\/td><td>86<\/td><td>17<\/td><td>3<\/td><td>12<\/td><td>153<\/td><\/tr><tr><td>H\u00e4ttan<\/td><td>V\u00e4stra<\/td><td>Marstrand<\/td><td>4<\/td><td>207<\/td><td>52<\/td><td>3<\/td><td>12<\/td><td>674<\/td><\/tr><tr><td>Stora Asker\u00f6n<\/td><td>V\u00e4stra<\/td><td>Marstrand<\/td><td>4<\/td><td>198<\/td><td>50<\/td><td>1<\/td><td>12<\/td><td>640<\/td><\/tr><tr><td>Uddevalla<\/td><td>V\u00e4stra<\/td><td>Marstrand<\/td><td>3<\/td><td>126<\/td><td>42<\/td><td>1<\/td><td>12<\/td><td>693<\/td><\/tr><tr><td>Dyng\u00f6<\/td><td>V\u00e4stra<\/td><td>Str\u00f6mstad<\/td><td>4<\/td><td>53<\/td><td>13<\/td><td>3<\/td><td>12<\/td><td>114<\/td><\/tr><tr><td>V\u00e4der\u00f6arne<\/td><td>V\u00e4stra<\/td><td>Str\u00f6mstad<\/td><td>7<\/td><td>39<\/td><td>6<\/td><td>3<\/td><td>12<\/td><td>63<\/td><\/tr><tr><td>Hafstenssund<\/td><td>V\u00e4stra<\/td><td>Str\u00f6mstad<\/td><td>3<\/td><td>20<\/td><td>7<\/td><td>1<\/td><td>12<\/td><td>59<\/td><\/tr><tr><td>Sydkoster<\/td><td>V\u00e4stra<\/td><td>Str\u00f6mstad<\/td><td>3<\/td><td>35<\/td><td>12<\/td><td>4<\/td><td>12<\/td><td>100<\/td><\/tr><tr><td>Nordkoster<\/td><td>V\u00e4stra<\/td><td>Str\u00f6mstad<\/td><td>4<\/td><td>20<\/td><td>5<\/td><td>3<\/td><td>12<\/td><td>54<\/td><\/tr><tr><td>Str\u00f6mstad<\/td><td>V\u00e4stra<\/td><td>Str\u00f6mstad<\/td><td>3<\/td><td>266<\/td><td>89<\/td><td>2<\/td><td>12<\/td><td>676<\/td><\/tr><\/tbody><\/table><\/figure>\n","protected":false},"excerpt":{"rendered":"<p>Nedan f\u00f6ljer uppgifter om samtliga lotsplatser i Sverige, antal lotsar, antal lotsningar, snitt per lots, under de m\u00e5nader lotsning skedde samt hur stor var max lotslott p\u00e5 den lotsplatsen. Lotsplats Distrikt F\u00f6rdelning Lotsar Lotsningar \u00d8 \u00a0lotsning\/lots M\u00e5nad fr\u00e5n M\u00e5nad till Max Lotslott Pahaluoti Norra Lule\u00e5 1 29 29 7 10 1061 Kalix Norra Lule\u00e5 6&hellip; <a class=\"more-link\" href=\"https:\/\/lotsarnastockholm.se\/index.php\/lotsplatser-1877-statistik\/\">Forts\u00e4tt l\u00e4sa <span class=\"screen-reader-text\">Lotsplatser 1877, Statistik<\/span><\/a><\/p>\n","protected":false},"author":1,"featured_media":0,"parent":0,"menu_order":0,"comment_status":"closed","ping_status":"closed","template":"","meta":{"footnotes":""},"class_list":["post-6792","page","type-page","status-publish","hentry","entry"],"_links":{"self":[{"href":"https:\/\/lotsarnastockholm.se\/index.php\/wp-json\/wp\/v2\/pages\/6792","targetHints":{"allow":["GET"]}}],"collection":[{"href":"https:\/\/lotsarnastockholm.se\/index.php\/wp-json\/wp\/v2\/pages"}],"about":[{"href":"https:\/\/lotsarnastockholm.se\/index.php\/wp-json\/wp\/v2\/types\/page"}],"author":[{"embeddable":true,"href":"https:\/\/lotsarnastockholm.se\/index.php\/wp-json\/wp\/v2\/users\/1"}],"replies":[{"embeddable":true,"href":"https:\/\/lotsarnastockholm.se\/index.php\/wp-json\/wp\/v2\/comments?post=6792"}],"version-history":[{"count":1,"href":"https:\/\/lotsarnastockholm.se\/index.php\/wp-json\/wp\/v2\/pages\/6792\/revisions"}],"predecessor-version":[{"id":6793,"href":"https:\/\/lotsarnastockholm.se\/index.php\/wp-json\/wp\/v2\/pages\/6792\/revisions\/6793"}],"wp:attachment":[{"href":"https:\/\/lotsarnastockholm.se\/index.php\/wp-json\/wp\/v2\/media?parent=6792"}],"curies":[{"name":"wp","href":"https:\/\/api.w.org\/{rel}","templated":true}]}}