{"id":6676,"date":"2024-03-10T13:35:18","date_gmt":"2024-03-10T12:35:18","guid":{"rendered":"https:\/\/lotsarnastockholm.se\/?page_id=6676"},"modified":"2024-03-10T13:39:04","modified_gmt":"2024-03-10T12:39:04","slug":"langedrag","status":"publish","type":"page","link":"https:\/\/lotsarnastockholm.se\/index.php\/langedrag\/","title":{"rendered":"L\u00e5ngedrag"},"content":{"rendered":"\n<p>Hela denna sida om L\u00e5ngedrags sp\u00e4nnande historia \u00e4r framtagen och bearbetad av <strong>Mats Lindau<\/strong>. Mats har \u00e4ven h\u00e4mtat information fr\u00e5n <strong>Lennart Berlin.<\/strong> <\/p>\n\n\n\n<p><em>L\u00e5ngedrag finns inte upptagen s\u00e5som sj\u00e4lvst\u00e4ndig lotsplats i Lotsverkets skrifter men som framg\u00e5r nedan av Mats Lindaus efterforskningar har L\u00e5ngedrag bebotts av lotsar sedan flera sekler tillbaka. <\/em><\/p>\n\n\n\n<p><em>Lotsning fr\u00e5n havet in till G\u00f6teborg delades f\u00f6rr upp i tv\u00e5 str\u00e4ckor om cirka 6 M vardera och lotsbyte skedde p\u00e5 Riv\u00f6fjorden b\u00e5de p\u00e5 in och utg\u00e5ende. Vingalotsarna tog fartygen fr\u00e5n norr och v\u00e4st samt Br\u00e4nn\u00f6 lotsarna de s\u00f6derifr\u00e5n kommande fartygen. Lotsarna i L\u00e5ngedrag var stationerade dels i G\u00f6teborg f\u00f6r &#8221;inomsk\u00e4rslotsningen&#8221; mellan Riv\u00f6fjorden och hamnen men de cirkulerade mellan de olika lotsplatserna efter behov och tj\u00e4nstgjorde periodvis \u00e4ven ute p\u00e5 Vinga och Br\u00e4nn\u00f6.<\/em><\/p>\n\n\n\n<h3 class=\"wp-block-heading\">Lotsarna i L\u00e5ngedrag av Mats Lindau<\/h3>\n\n\n\n<p>L\u00e5ngedrag var sedan gammalt samf\u00e4lld Strandplats f\u00f6r Hinsholmen, K\u00e4ringberget, Tranered, och en del andra hemman i Fr\u00f6lunda Socken. Namnet kommer av det sund eller drag som i forna dagar skar av&nbsp;strandplatsen fr\u00e5n Skutsk\u00e4r, vilket var den lilla \u00f6 d\u00e4r L\u00e5ngedrags Restaurang numera ligger. Strandplatsgatan i det \u00e4ldre L\u00e5ngedrag minner om var den gamla Strandplatsen l\u00e5g, \u00e4ven om den numera slutar vid Talattagatan, och inte vid n\u00e5got vatten. Det l\u00e5nga draget fortsatte mot nuvarande L\u00e5ngedrags sp\u00e5rvagnsh\u00e5llplats, d\u00e4r namnet \u00f6vergick i \u00d6-draget, d\u00e4r den st\u00f6rre Vessings\u00f6 l\u00e5g p\u00e5 andra sidan. Idag \u00e4r alla dragen igenfyllda.<\/p>\n\n\n\n<p>Det \u00e4r inte l\u00e4tt att s\u00e4ga n\u00e4r de f\u00f6rsta m\u00e4nniskorna bosatte sig ute vid L\u00e5ngedrag. Men vi kan i alla fall s\u00e4ga vem som var den f\u00f6rste som officiellt noterades under ortsnamnet. I mantalsl\u00e4ngden f\u00f6r \u00e5r 1771 omn\u00e4mnes Anders Arfvidsson med familj under \u201dL\u00e5ngedraget\u201d i Fr\u00f6lunda socken. I andra k\u00e4llor framg\u00e5r att Anders var fiskare. I en tidigare mantalsl\u00e4ngd (1765) \u00e4r han skriven under K\u00e4ringberget. Det \u00e4r dock os\u00e4kert om han redan d\u00e5 bodde i L\u00e5ngedrag men var skriven under K\u00e4ringberget, eller om han faktiskt flyttade.<\/p>\n\n\n\n<p>N\u00e5gra \u00e5r senare anl\u00e4ggs ett Sillsalteri i L\u00e5ngedrag, och ett f\u00e5tal personer relaterade till detta f\u00f6retag \u00e4r skrivna p\u00e5 orten. \u00c5r 1795 kan vi l\u00e4sa om f\u00f6ljande personer under L\u00e5ngedraget, f\u00f6rutom Anders Arfvidsson och Sillsalteriet:<\/p>\n\n\n\n<p>Lotsdr\u00e4ng Lars Nilsson<br>Lotsdr\u00e4ng J\u00f6ns B\u00f6rjesson<br>Lotsdr\u00e4ng Anders Nilsson<br>Lotsdr\u00e4ng Lars Bengtsson<\/p>\n\n\n\n<p>Lars Nilsson och Lars Bengtsson finns med redan 1785, dock utan att deras yrke redovisats. De \u00f6vriga har kommit efter hand, och det \u00e4r nu tydligt att orten domineras av lotsarna.&nbsp;<\/p>\n\n\n\n<p>Tolv \u00e5r senare, \u00e5r 1807, \u00e4r det fortfarande lotsdr\u00e4ngarna, Lars Nilsson, J\u00f6ns B\u00f6rjesson, Anders Nilsson och Lars Bengtsson som \u00e4r skrivna under L\u00e5ngedrag. Dock har det tillkommit ett par fiskare, Olle Bengtsson och Anders Jernstedt. F\u00f6rdelningen mellan lotsar och \u00f6vriga (fiskare, sj\u00f6m\u00e4n, etc) \u00e4r nu ungef\u00e4r h\u00e4lften\/h\u00e4lften. \u00c5r 1813 \u00e4r de fyra ursprungliga lotsarna ej l\u00e4ngre aktiva och n\u00e4sta generation har tagit \u00f6ver.&nbsp;<\/p>\n\n\n\n<p>Efter Storskiftets genomf\u00f6rande f\u00f6rdelas den samf\u00e4llda marken som L\u00e5ngedrag ligger p\u00e5, p\u00e5 \u00e4garna av de olika hemmansdelarna i Hinsholmen, K\u00e4ringberget, Tranered mm. Det \u00e4r allts\u00e5 m\u00e5nga som har del i den lega, eller hyra, som \u00e5ligger L\u00e5ngedragsborna att betala. F\u00f6r att i viss m\u00e5n r\u00e5da bot p\u00e5 den r\u00f6riga situationen,&nbsp;uppr\u00e4ttar Lantm\u00e4teriet 1826 en karta \u00f6ver lotsarnas boplatser och vad var och en har att betala. Det hela ans\u00e5gs tydligen s\u00e5 viktigt f\u00f6r lotsarna att \u201dLotsdistriktchefens\u201d tillstyrkan ans\u00e5gs n\u00f6dv\u00e4ndig.<\/p>\n\n\n\n<figure class=\"wp-block-image size-large\"><a href=\"https:\/\/lotsarnastockholm.se\/wp-content\/uploads\/2024\/03\/Langedrag-1.jpg\"><img fetchpriority=\"high\" decoding=\"async\" width=\"1024\" height=\"816\" src=\"https:\/\/lotsarnastockholm.se\/wp-content\/uploads\/2024\/03\/Langedrag-1-1024x816.jpg\" alt=\"\" class=\"wp-image-6677\" srcset=\"https:\/\/lotsarnastockholm.se\/wp-content\/uploads\/2024\/03\/Langedrag-1-1024x816.jpg 1024w, https:\/\/lotsarnastockholm.se\/wp-content\/uploads\/2024\/03\/Langedrag-1-300x239.jpg 300w, https:\/\/lotsarnastockholm.se\/wp-content\/uploads\/2024\/03\/Langedrag-1-768x612.jpg 768w, https:\/\/lotsarnastockholm.se\/wp-content\/uploads\/2024\/03\/Langedrag-1.jpg 1386w\" sizes=\"(max-width: 1024px) 100vw, 1024px\" \/><\/a><\/figure>\n\n\n\n<p><strong>Karta \u00f6ver Allm\u00e4nningsplatsen L\u00e5ngedrag<\/strong><\/p>\n\n\n\n<p>Tillh\u00f6rig 7 1\/4 Hemman uti Fr\u00f6lunda Socken i Askims H\u00e4rad och G\u00f6teborgs L\u00e4n&nbsp;<br>Uppr\u00e4ttad \u00e5r 1826 av Jon G Schalin&nbsp;<br>Beskrivning:<\/p>\n\n\n\n<figure class=\"wp-block-table alignwide\"><table><tbody><tr><td>Litt A<\/td><td>Tomtplatsen \u00e5t Lotsen Sven Pettersson&nbsp;&nbsp;&nbsp;&nbsp;&nbsp;&nbsp;&nbsp;&nbsp;&nbsp; &nbsp;&nbsp;&nbsp;&nbsp;&nbsp;&nbsp;&nbsp;&nbsp;&nbsp;&nbsp;&nbsp;&nbsp;&nbsp;&nbsp;&nbsp;&nbsp;&nbsp;&nbsp;&nbsp;&nbsp;&nbsp;&nbsp;&nbsp;&nbsp;&nbsp;&nbsp;&nbsp;&nbsp;&nbsp;&nbsp;&nbsp;&nbsp;&nbsp;&nbsp;&nbsp;&nbsp; inneh\u00e5ller kvadratalnar<\/td><td>&nbsp; 770<\/td><\/tr><tr><td>Litt B<\/td><td>Dito \u00e5t (Lotsen) B\u00f6rje J\u00f6nsson<\/td><td>780<\/td><\/tr><tr><td>Litt C<\/td><td>Dito \u00e5t (Lotsen) Elias J\u00f6nsson<\/td><td>540<\/td><\/tr><tr><td>Litt D<\/td><td>Dito \u00e5t (Lotsen) Isaak Larsson med k\u00e5lhage<\/td><td>1150<\/td><\/tr><tr><td>Litt E<\/td><td>Dito \u00e5t (Lotsen) Elias Pettersson<\/td><td>752<\/td><\/tr><tr><td>Litt F<\/td><td>Dito \u00e5t (Lotsen) Johannes Bengtsson, med k\u00e5lhage<\/td><td>&nbsp; 798<\/td><\/tr><tr><td>&nbsp;<\/td><td>&nbsp;&nbsp;&nbsp;&nbsp;&nbsp;&nbsp;&nbsp;&nbsp;&nbsp;&nbsp;&nbsp;&nbsp;&nbsp;&nbsp;&nbsp;&nbsp;&nbsp;&nbsp;&nbsp;&nbsp;&nbsp;&nbsp;&nbsp;&nbsp;&nbsp;&nbsp;&nbsp;&nbsp;&nbsp;&nbsp;&nbsp;&nbsp;&nbsp;&nbsp;&nbsp;&nbsp;&nbsp; Summa kvadratalnar<\/td><td>4800<\/td><\/tr><\/tbody><\/table><\/figure>\n\n\n\n<p>Litt X &#8211; Utvisar den tomtplatsen som av Jord\u00e4garna blivit \u00e5t Lotsen Isaak Larsson utan avgift \u00f6verl\u00e4mnad. Och om, efter Jord\u00e4garnas p\u00e5st\u00e5ende samt Herrar Lotsdistriktschefens och Kronobefallningsmannens tillstyrkan, avse 4800 kvadratalnar skola med en \u00e5rlig grundlega av Tre Rundstycken Banco f\u00f6r varje kvadratfamn Jord\u00e4garna ers\u00e4ttas, s\u00e5 bliver \u00e5rliga grundlegan 25 Rd Banco.<\/p>\n\n\n\n<p>Efter hand som L\u00e5ngedrag v\u00e4xer tillkommer nya yrken bland inv\u00e5narna. Under f\u00f6rsta h\u00e4lften av artonhundratalet \u00e4r det n\u00e4stan&nbsp;bara lotsar, fiskare och sj\u00f6m\u00e4n, men mot mitten av seklet tillkommer kustvakter, kustroddare, tulluppsyningsm\u00e4n med mera. Mot slutet av seklet \u00e4r det den tilltagande bes\u00f6ksn\u00e4ringen som g\u00f6r sig g\u00e4llande. H\u00e4rute bor nu Handlande, Restaurat\u00f6rer, Fabrik\u00f6rer, Kaf\u00e9idkerskor mm, men lotsar och fiskare \u00e4r fortfarande en stor del av befolkningen.<\/p>\n\n\n\n<p>Allm\u00e4nningen L\u00e5ngedrag har efter storskiftet till slut k\u00f6pts upp av kapitalstarka g\u00f6teborgare. De som framf\u00f6r andra har kommit att f\u00f6rknippas med L\u00e5ngedrags utveckling och markk\u00f6p \u00e4r Maria Ludovica Mica\u00e9li Blomstrand, och hennes brorson Rudolf Aust.&nbsp;De bebyggda tomterna verkar dock ganska direkt ha s\u00e5lts vidare till de boende, dvs lotsar, fiskare, sj\u00f6m\u00e4n mm.<\/p>\n\n\n\n<p>Under 1890-talet blir det \u00e5ter aktuellt att f\u00f6rtydliga var r\u00e5g\u00e5ngarna mellan de olika fastigheterna i strandplatsen L\u00e5ngedrag g\u00e5r, och Lantm\u00e4teriet uppr\u00e4ttar kartan nedan, d\u00e4r man ocks\u00e5 kan se vem som \u00e4r \u00e4gare till de olika fastigheterna. Av n\u00e5gon anledning \u00e4r dock inte Litt VIII, med \u00e4garen lotsen Isak Lange med.<\/p>\n\n\n\n<figure class=\"wp-block-image size-large\"><a href=\"https:\/\/lotsarnastockholm.se\/wp-content\/uploads\/2024\/03\/strandplatsen-langedrag.jpg\"><img decoding=\"async\" width=\"1024\" height=\"903\" src=\"https:\/\/lotsarnastockholm.se\/wp-content\/uploads\/2024\/03\/strandplatsen-langedrag-1024x903.jpg\" alt=\"\" class=\"wp-image-6678\" srcset=\"https:\/\/lotsarnastockholm.se\/wp-content\/uploads\/2024\/03\/strandplatsen-langedrag-1024x903.jpg 1024w, https:\/\/lotsarnastockholm.se\/wp-content\/uploads\/2024\/03\/strandplatsen-langedrag-300x265.jpg 300w, https:\/\/lotsarnastockholm.se\/wp-content\/uploads\/2024\/03\/strandplatsen-langedrag-768x677.jpg 768w, https:\/\/lotsarnastockholm.se\/wp-content\/uploads\/2024\/03\/strandplatsen-langedrag.jpg 1386w\" sizes=\"(max-width: 1024px) 100vw, 1024px\" \/><\/a><\/figure>\n\n\n\n<p><strong>Karta \u00f6ver Strandplatsen L\u00e5ngedrag \u2013 uppritad \u00e5r 1890<\/strong><\/p>\n\n\n\n<figure class=\"wp-block-table alignwide\"><table><tbody><tr><td>No I<\/td><td>Skepparen Sven J Johansson, hans hustru Maria Christina Johansson&nbsp; och Herr Rudolf Aust enligt fullmakt<\/td><\/tr><tr><td>No II<\/td><td>Sj\u00f6mannen Johannes Pettersson<\/td><\/tr><tr><td>No III<\/td><td>Kronolotsen Axel Ahlberg<\/td><\/tr><tr><td>No IV<\/td><td>fd Kronolotsen Abraham Eliasson<\/td><\/tr><tr><td>No V<\/td><td>fd Skepparen Anton Eriksson, hans hustru Anna och Herr Rudolf Aust enligt fullmakt<\/td><\/tr><tr><td>No VI<\/td><td>fd Kronolotsen Peter Johansson<\/td><\/tr><tr><td>No VII<\/td><td>Sj\u00f6mannen Carl Svensson<\/td><\/tr><tr><td>No IX<\/td><td>Kronolotsen Andreas Nilsson<\/td><\/tr><tr><td>No X<\/td><td>fd Kronolotsen Anders Petter Pettersson&nbsp;<\/td><\/tr><tr><td>No XI<\/td><td>\u00c4nkan Johanna Pettersson&nbsp;<\/td><\/tr><tr><td>No XII<\/td><td>fd Kustvakten A M Wijk<\/td><\/tr><tr><td>No XIII<\/td><td>Fiskaren Niklas Eriksson<\/td><\/tr><tr><td>No XIV<\/td><td>Skepparen J A Wijk<\/td><\/tr><tr><td>No XV<\/td><td>Fiskaren Carl Eriksson<\/td><\/tr><tr><td>No XVI<\/td><td>Fiskaren Anders Bernhard Eriksson<\/td><\/tr><tr><td>No XVIII<\/td><td>Herr Rudolf Aust<\/td><\/tr><\/tbody><\/table><\/figure>\n\n\n\n<p>S\u00e5 sm\u00e5ningom kom L\u00e5ngedrag att utvecklas till en mycket popul\u00e4r bostadsort, och inte minst som ett centrum f\u00f6r b\u00e5tsport och segling. Fina hamnar och en sk\u00e4rg\u00e5rd som lockar har hj\u00e4lpt till. Numera g\u00e5r gr\u00e4nserna f\u00f6r vad som \u00e4r L\u00e5ngedrag l\u00e5ngt utanf\u00f6r den ursprungliga strandplatsen, \u00e5tminstone i m\u00e4klarnas annonser.<\/p>\n\n\n\n<p>En som har \u00e4gnat mycket arbete \u00e5t att beskriva L\u00e5ngedrags utveckling \u00e4r Lennart Berlin, som 1983 st\u00e4llde samman ett kalendarium f\u00f6r L\u00e5ngedrag genom tiderna. Jag har d\u00e4rf\u00f6r saxat n\u00e5got av det han skrev om lotsarna:&nbsp;<\/p>\n\n\n\n<p>\u201d\u2026.och platsen avsattes vid storskifte 1806 som gemensam till\u00e4ggs- och upphalningsplats f\u00f6r b\u00e5tar, tillh\u00f6riga befolkningen p\u00e5 Hinsholmen, K\u00e4ringberget, Hagen med flera hemman. Man skrev den g\u00e5ngen, \u201dhamnen skall f\u00f6r ev\u00e4rdelig tid uppl\u00e5tas \u00e5t lotsar och strandsittare\u201d.\u201d<\/p>\n\n\n\n<p>\u201dDet har ej kunnat fastst\u00e4llas n\u00e4r L\u00e5ngedrags Lotsstation inr\u00e4ttades, men det antages p\u00e5 goda grunder att s\u00e5 skedde redan p\u00e5 1800-talets b\u00f6rjan.<\/p>\n\n\n\n<p>\u00c5r 1780 hade man tre bofasta lotsar, och 1800 hade antalet \u00f6kat till fyra.<\/p>\n\n\n\n<p>En stadigvarande \u00f6kning av antalet lotsar tyder p\u00e5 att verksamheten efter hand erh\u00f6ll en fast organisation och L\u00e5ngedrag var sedan lotsplats under l\u00e5nga tider.\u201d<\/p>\n\n\n\n<p>\u00c5r 1856 \u2013 \u201dLotsen Isak Lange har byggt en kallvattensbass\u00e4ng vid L\u00e5ngedrags Strandplats d\u00e4r badet kostar 6 skilling, men d\u00e4r man mot till\u00e4gg ocks\u00e5 kan f\u00e5 avnjuta ett varmt karbad med saltvatten.\u201d<\/p>\n\n\n\n<p>\u00c5r 1863 \u2013 \u201dV\u00e4stra Lotsdistriktet hade vid denna tid tre ambulerande skolor. En l\u00e4rarinna undervisade v\u00e4xelvis vid Kungshamns Lotsplats p\u00e5 Sm\u00f6gen i 3,5 m\u00e5nader, under tiden 18\/5 &#8211; 17\/9 undervisade hon 37 lotsbarn i L\u00e5ngedrag, och slutligen var hon p\u00e5 R\u00f6r\u00f6 i 3,5 m\u00e5nader.\u201d<\/p>\n\n\n\n<p>\u00c5r 1874 \u2013 \u201dKommunalst\u00e4mman beslutar att \u00f6verta den skola som Lotsverket h\u00e5llit under n\u00e5gra \u00e5r i L\u00e5ngedrag. Lotsarna som byggt skolan lovade att underh\u00e5lla skolhuset och f\u00f6rse det med material.\u201d<\/p>\n\n\n\n<p>Avslutningsvis har jag listat de lotsar som enligt mantalsl\u00e4ngder och husf\u00f6rh\u00f6rsl\u00e4ngder varit verksamma i L\u00e5ngedrag. En del lotsar har under sin verksamma tid flyttat till (eller fr\u00e5n) t.ex. Hinsholmen och d\u00e4rf\u00f6r i verkligheten varit verksamma under l\u00e4ngre tid \u00e4n som framg\u00e5r nedan. F\u00f6r de f\u00f6rsta lotsdr\u00e4ngarna har jag angivit \u00e5ret de f\u00f6rst noteras under L\u00e5ngedraget, dock utan att syssels\u00e4ttning angivits, inom parentes.<\/p>\n\n\n\n<figure class=\"wp-block-table alignwide\"><table><tbody><tr><td><\/td><td><\/td><td>F\u00f6dd<\/td><td>Fr\u00e5n<\/td><td>Till<\/td><td>d\u00f6d<\/td><\/tr><tr><td>Lars Nilsson<\/td><td>Lotsdr\u00e4ng<\/td><td>1751<\/td><td>1791(1785)<\/td><td>1810<\/td><td>1829<\/td><\/tr><tr><td>J\u00f6ns B\u00f6rjesson<\/td><td>Lotsdr\u00e4ng<\/td><td>1753<\/td><td>1795<\/td><td>1810<\/td><td>1827<\/td><\/tr><tr><td>Anders Nilsson<\/td><td>Lotsdr\u00e4ng<\/td><td>1760<\/td><td>1792(1786)<\/td><td>1809<\/td><td>1809<\/td><\/tr><tr><td>Lars Bengtsson<\/td><td>Lotsdr\u00e4ng<\/td><td>1753<\/td><td>1791(1785)<\/td><td>1810<\/td><td>1829<\/td><\/tr><tr><td>B\u00f6rje J\u00f6nsson<\/td><td>Sekundlots<\/td><td>1791<\/td><td>1813<\/td><td>1834<\/td><td>1827<\/td><\/tr><tr><td>Isaak Larsson<\/td><td>Sekundlots<\/td><td>1787<\/td><td>1813<\/td><td>1834<\/td><td>1862<\/td><\/tr><tr><td>Niklas Wallander<\/td><td>Lotsl\u00e4rling<\/td><td>1786<\/td><td>1813<\/td><td>1820<\/td><td>1839<\/td><\/tr><tr><td>Sven Petersson<\/td><td>Sekundlots<\/td><td>1791<\/td><td>1820<\/td><td>1834<\/td><td>1832<\/td><\/tr><tr><td>Elias J\u00f6nsson<\/td><td>Lots<\/td><td>1795<\/td><td>1826<\/td><td>1831<\/td><td>1831<\/td><\/tr><tr><td>Elias Petersson<\/td><td>Kronolots<\/td><td>1790<\/td><td>1820<\/td><td>1850<\/td><td>1867<\/td><\/tr><tr><td>Johannes Bengtsson<\/td><td>Sekundlots<\/td><td>1783<\/td><td>1828<\/td><td>1840<\/td><td>1841<\/td><\/tr><tr><td>Anders Svensson<\/td><td>M\u00e4sterlots<\/td><td>1815<\/td><td>1836<\/td><td>1850<\/td><td>1854<\/td><\/tr><tr><td>Benjamin Johansson<\/td><td>Kronolots<\/td><td>1820<\/td><td>1840<\/td><td>1873<\/td><td>1894<\/td><\/tr><tr><td>Isak B\u00f6rjesson<\/td><td>Kronolots<\/td><td>1821<\/td><td>1840<\/td><td>1860<\/td><td>1860<\/td><\/tr><tr><td>Johan Peter Eliasson<\/td><td>Sekundlots<\/td><td>1821<\/td><td>1840<\/td><td><\/td><td>1882<\/td><\/tr><tr><td>Johan Peter Svensson<\/td><td>Lotsl\u00e4rling<\/td><td>1821<\/td><td>1840<\/td><td>1860<\/td><td>1885<\/td><\/tr><tr><td>Lorentz Peter Johansson<\/td><td>Lotsl\u00e4rling<\/td><td>1822<\/td><td>1846<\/td><td>1855<\/td><td>1906<\/td><\/tr><tr><td>Johan Peter Johansson<\/td><td>Lotsl\u00e4rling<\/td><td>1826<\/td><td>1846<\/td><td>1889<\/td><td>1909<\/td><\/tr><tr><td>Abraham Eliasson<\/td><td>Sekundlots<\/td><td>1830<\/td><td>1846<\/td><td>1889<\/td><td>1911<\/td><\/tr><tr><td>Isak Johansson Lange<\/td><td>Sekundlots<\/td><td>1830<\/td><td>1852<\/td><td>1889<\/td><td>1911<\/td><\/tr><tr><td>Alexander Petersson<\/td><td>Lots<\/td><td>1832<\/td><td>1850<\/td><td>1885<\/td><td>1885<\/td><\/tr><tr><td>Anders Eliasson<\/td><td>Lots<\/td><td>1836<\/td><td>1860<\/td><td>1877<\/td><td>1901<\/td><\/tr><\/tbody><\/table><\/figure>\n\n\n\n<figure class=\"wp-block-table alignwide\"><table><tbody><tr><td>Axel Bernhard Benjaminsson Johansson Ahlberg<\/td><td>M\u00e4sterlots<\/td><td>1849<\/td><td>1868<\/td><td>1880<\/td><td>Efter 1925<\/td><\/tr><tr><td>Anders Peter Petersson<\/td><td>Lots<\/td><td>1836<\/td><td>1874<\/td><td>1880<\/td><td>1912<\/td><\/tr><tr><td>Andreas Nilsson<\/td><td>Lots<\/td><td>1833<\/td><td>1874<\/td><td>1899<\/td><td>1920<\/td><\/tr><tr><td>Bernhard Emanuel Isaksson<\/td><td>Lotsl\u00e4rling<\/td><td>1848<\/td><td>1878<\/td><td>1888<\/td><td>1888<\/td><\/tr><tr><td>John Bernhard Petersson Sj\u00f6gren<\/td><td>Kronolots<\/td><td>1851<\/td><td>1880<\/td><td>1897<\/td><td>1897<\/td><\/tr><tr><td>Axel Natanael Lindal<\/td><td>Lots<\/td><td>1855<\/td><td>1890<\/td><td>1904<\/td><td>1904<\/td><\/tr><tr><td>Anders Peter Sand\u00e9n<\/td><td>Lots<\/td><td>1868<\/td><td>1890<\/td><td>1904<\/td><td>1904<\/td><\/tr><tr><td>Frans Oskar Lind<\/td><td>M\u00e4sterlots<\/td><td>1872<\/td><td>1893<\/td><td>1914<\/td><td>Efter 1925<\/td><\/tr><tr><td>Anders Evald Berggren<\/td><td>M\u00e4sterlots<\/td><td>1873<\/td><td>1898<\/td><td>1905<\/td><td>Efter 1925<\/td><\/tr><tr><td>Ludvig Albin Pontus Palm<\/td><td>Kronolots<\/td><td>1865<\/td><td>1890<\/td><td>1905<\/td><td>1906<\/td><\/tr><tr><td>Oskar Ivar Patrik Ahlberg<\/td><td>Kronolots<\/td><td>1876<\/td><td>1900<\/td><td>1908<\/td><td>1908<\/td><\/tr><tr><td>James Peter Gottfrid Sj\u00f6gren<\/td><td>Kronolots<\/td><td>1881<\/td><td>1900<\/td><td>1915<\/td><td>1924<\/td><\/tr><tr><td>Frank Rickard Verner Sj\u00f6gren<\/td><td>Kronolots<\/td><td>1884<\/td><td>1900<\/td><td>1925<\/td><td>Efter 1970<\/td><\/tr><tr><td>August Hilmer Landin<\/td><td>Kronolots<\/td><td>1878<\/td><td>1899<\/td><td>1906<\/td><td>Efter 1960<\/td><\/tr><tr><td>Charles Henry Svensson Henryz<\/td><td>Lotsl\u00e4rling<\/td><td>1894<\/td><td>1914<\/td><td>1925<\/td><td>Efter 1935<\/td><\/tr><tr><td>John Sigfrid Sj\u00f6gren<\/td><td>Lotsl\u00e4rling<\/td><td>1887<\/td><td>1906<\/td><td>1925<\/td><td>Efter 1970<\/td><\/tr><tr><td>Knut Gunnar Albert Sj\u00f6gren<\/td><td>Lotsl\u00e4rling<\/td><td>1892<\/td><td>1912<\/td><td>1925<\/td><td>Efter 1985<\/td><\/tr><\/tbody><\/table><\/figure>\n","protected":false},"excerpt":{"rendered":"<p>Hela denna sida om L\u00e5ngedrags sp\u00e4nnande historia \u00e4r framtagen och bearbetad av Mats Lindau. Mats har \u00e4ven h\u00e4mtat information fr\u00e5n Lennart Berlin. L\u00e5ngedrag finns inte upptagen s\u00e5som sj\u00e4lvst\u00e4ndig lotsplats i Lotsverkets skrifter men som framg\u00e5r nedan av Mats Lindaus efterforskningar har L\u00e5ngedrag bebotts av lotsar sedan flera sekler tillbaka. Lotsning fr\u00e5n havet in till G\u00f6teborg&hellip; <a class=\"more-link\" href=\"https:\/\/lotsarnastockholm.se\/index.php\/langedrag\/\">Forts\u00e4tt l\u00e4sa <span class=\"screen-reader-text\">L\u00e5ngedrag<\/span><\/a><\/p>\n","protected":false},"author":1,"featured_media":0,"parent":0,"menu_order":0,"comment_status":"closed","ping_status":"closed","template":"","meta":{"footnotes":""},"class_list":["post-6676","page","type-page","status-publish","hentry","entry"],"_links":{"self":[{"href":"https:\/\/lotsarnastockholm.se\/index.php\/wp-json\/wp\/v2\/pages\/6676","targetHints":{"allow":["GET"]}}],"collection":[{"href":"https:\/\/lotsarnastockholm.se\/index.php\/wp-json\/wp\/v2\/pages"}],"about":[{"href":"https:\/\/lotsarnastockholm.se\/index.php\/wp-json\/wp\/v2\/types\/page"}],"author":[{"embeddable":true,"href":"https:\/\/lotsarnastockholm.se\/index.php\/wp-json\/wp\/v2\/users\/1"}],"replies":[{"embeddable":true,"href":"https:\/\/lotsarnastockholm.se\/index.php\/wp-json\/wp\/v2\/comments?post=6676"}],"version-history":[{"count":2,"href":"https:\/\/lotsarnastockholm.se\/index.php\/wp-json\/wp\/v2\/pages\/6676\/revisions"}],"predecessor-version":[{"id":6681,"href":"https:\/\/lotsarnastockholm.se\/index.php\/wp-json\/wp\/v2\/pages\/6676\/revisions\/6681"}],"wp:attachment":[{"href":"https:\/\/lotsarnastockholm.se\/index.php\/wp-json\/wp\/v2\/media?parent=6676"}],"curies":[{"name":"wp","href":"https:\/\/api.w.org\/{rel}","templated":true}]}}