{"id":664,"date":"2015-11-27T23:09:25","date_gmt":"2015-11-27T22:09:25","guid":{"rendered":"http:\/\/lotsarnastockholm.se\/?page_id=664"},"modified":"2024-01-01T15:45:34","modified_gmt":"2024-01-01T14:45:34","slug":"bilder-fran-lotsning-prickning-och-annat","status":"publish","type":"page","link":"https:\/\/lotsarnastockholm.se\/index.php\/bilder-fran-lotsning-prickning-och-annat\/","title":{"rendered":"Bilder fr\u00e5n lotsning, prickning och annat"},"content":{"rendered":"<p>Och s\u00e5nt h\u00e4r jobbade vi med<\/p>\n<p><a href=\"http:\/\/lotsarnastockholm.se\/wp-content\/uploads\/2015\/11\/ZZ.jpg\"><img fetchpriority=\"high\" decoding=\"async\" class=\"alignnone size-medium wp-image-715\" src=\"http:\/\/lotsarnastockholm.se\/wp-content\/uploads\/2015\/11\/ZZ-300x201.jpg\" alt=\"ZZ\" width=\"300\" height=\"201\" srcset=\"https:\/\/lotsarnastockholm.se\/wp-content\/uploads\/2015\/11\/ZZ-300x201.jpg 300w, https:\/\/lotsarnastockholm.se\/wp-content\/uploads\/2015\/11\/ZZ-1024x686.jpg 1024w\" sizes=\"(max-width: 300px) 100vw, 300px\" \/><\/a><\/p>\n<p><a href=\"http:\/\/lotsarnastockholm.se\/wp-content\/uploads\/2015\/11\/V.jpg\"><img decoding=\"async\" class=\"alignnone size-medium wp-image-713\" src=\"http:\/\/lotsarnastockholm.se\/wp-content\/uploads\/2015\/11\/V-191x300.jpg\" alt=\"V\" width=\"191\" height=\"300\" srcset=\"https:\/\/lotsarnastockholm.se\/wp-content\/uploads\/2015\/11\/V-191x300.jpg 191w, https:\/\/lotsarnastockholm.se\/wp-content\/uploads\/2015\/11\/V-654x1024.jpg 654w\" sizes=\"(max-width: 191px) 100vw, 191px\" \/><\/a><\/p>\n<p><a href=\"http:\/\/lotsarnastockholm.se\/wp-content\/uploads\/2015\/11\/utprickning-1982.jpg\"><img decoding=\"async\" class=\"alignnone size-medium wp-image-712\" src=\"http:\/\/lotsarnastockholm.se\/wp-content\/uploads\/2015\/11\/utprickning-1982-300x203.jpg\" alt=\"utprickning 1982\" width=\"300\" height=\"203\" srcset=\"https:\/\/lotsarnastockholm.se\/wp-content\/uploads\/2015\/11\/utprickning-1982-300x203.jpg 300w, https:\/\/lotsarnastockholm.se\/wp-content\/uploads\/2015\/11\/utprickning-1982-1024x692.jpg 1024w, https:\/\/lotsarnastockholm.se\/wp-content\/uploads\/2015\/11\/utprickning-1982.jpg 1700w\" sizes=\"(max-width: 300px) 100vw, 300px\" \/><\/a><\/p>\n<p><a href=\"http:\/\/lotsarnastockholm.se\/wp-content\/uploads\/2015\/11\/S.jpg\"><img loading=\"lazy\" decoding=\"async\" class=\"alignnone size-medium wp-image-710\" src=\"http:\/\/lotsarnastockholm.se\/wp-content\/uploads\/2015\/11\/S-222x300.jpg\" alt=\"S\" width=\"222\" height=\"300\" srcset=\"https:\/\/lotsarnastockholm.se\/wp-content\/uploads\/2015\/11\/S-222x300.jpg 222w, https:\/\/lotsarnastockholm.se\/wp-content\/uploads\/2015\/11\/S-758x1024.jpg 758w\" sizes=\"(max-width: 222px) 100vw, 222px\" \/><\/a><\/p>\n<p><a href=\"http:\/\/lotsarnastockholm.se\/wp-content\/uploads\/2015\/11\/rosenvika.jpg\"><img loading=\"lazy\" decoding=\"async\" class=\"alignnone size-medium wp-image-709\" src=\"http:\/\/lotsarnastockholm.se\/wp-content\/uploads\/2015\/11\/rosenvika-300x210.jpg\" alt=\"rosenvika\" width=\"300\" height=\"210\" srcset=\"https:\/\/lotsarnastockholm.se\/wp-content\/uploads\/2015\/11\/rosenvika-300x210.jpg 300w, https:\/\/lotsarnastockholm.se\/wp-content\/uploads\/2015\/11\/rosenvika-1024x717.jpg 1024w\" sizes=\"(max-width: 300px) 100vw, 300px\" \/><\/a><\/p>\n<p><a href=\"http:\/\/lotsarnastockholm.se\/wp-content\/uploads\/2015\/11\/rosenvik.jpg\"><img loading=\"lazy\" decoding=\"async\" class=\"alignnone size-medium wp-image-708\" src=\"http:\/\/lotsarnastockholm.se\/wp-content\/uploads\/2015\/11\/rosenvik-300x190.jpg\" alt=\"rosenvik\" width=\"300\" height=\"190\" srcset=\"https:\/\/lotsarnastockholm.se\/wp-content\/uploads\/2015\/11\/rosenvik-300x190.jpg 300w, https:\/\/lotsarnastockholm.se\/wp-content\/uploads\/2015\/11\/rosenvik-1024x650.jpg 1024w\" sizes=\"(max-width: 300px) 100vw, 300px\" \/><\/a><\/p>\n<p><a href=\"http:\/\/lotsarnastockholm.se\/wp-content\/uploads\/2015\/11\/prickning-17.jpg\"><img loading=\"lazy\" decoding=\"async\" class=\"alignnone size-medium wp-image-706\" src=\"http:\/\/lotsarnastockholm.se\/wp-content\/uploads\/2015\/11\/prickning-17-300x200.jpg\" alt=\"prickning (17)\" width=\"300\" height=\"200\" srcset=\"https:\/\/lotsarnastockholm.se\/wp-content\/uploads\/2015\/11\/prickning-17-300x200.jpg 300w, https:\/\/lotsarnastockholm.se\/wp-content\/uploads\/2015\/11\/prickning-17-1024x684.jpg 1024w, https:\/\/lotsarnastockholm.se\/wp-content\/uploads\/2015\/11\/prickning-17.jpg 1700w\" sizes=\"(max-width: 300px) 100vw, 300px\" \/><\/a><\/p>\n<p><a href=\"http:\/\/lotsarnastockholm.se\/wp-content\/uploads\/2015\/11\/prickning-15.jpg\"><img loading=\"lazy\" decoding=\"async\" class=\"alignnone size-medium wp-image-704\" src=\"http:\/\/lotsarnastockholm.se\/wp-content\/uploads\/2015\/11\/prickning-15-300x213.jpg\" alt=\"prickning (15)\" width=\"300\" height=\"213\" srcset=\"https:\/\/lotsarnastockholm.se\/wp-content\/uploads\/2015\/11\/prickning-15-300x213.jpg 300w, https:\/\/lotsarnastockholm.se\/wp-content\/uploads\/2015\/11\/prickning-15-1024x726.jpg 1024w, https:\/\/lotsarnastockholm.se\/wp-content\/uploads\/2015\/11\/prickning-15.jpg 1624w\" sizes=\"(max-width: 300px) 100vw, 300px\" \/><\/a><\/p>\n<p><a href=\"http:\/\/lotsarnastockholm.se\/wp-content\/uploads\/2015\/11\/prickning-13.jpg\"><img loading=\"lazy\" decoding=\"async\" class=\"alignnone size-medium wp-image-702\" src=\"http:\/\/lotsarnastockholm.se\/wp-content\/uploads\/2015\/11\/prickning-13-300x200.jpg\" alt=\"prickning (13)\" width=\"300\" height=\"200\" srcset=\"https:\/\/lotsarnastockholm.se\/wp-content\/uploads\/2015\/11\/prickning-13-300x200.jpg 300w, https:\/\/lotsarnastockholm.se\/wp-content\/uploads\/2015\/11\/prickning-13-1024x682.jpg 1024w, https:\/\/lotsarnastockholm.se\/wp-content\/uploads\/2015\/11\/prickning-13.jpg 1700w\" sizes=\"(max-width: 300px) 100vw, 300px\" \/><\/a><\/p>\n<p><a href=\"http:\/\/lotsarnastockholm.se\/wp-content\/uploads\/2015\/11\/prickning-10.jpg\"><img loading=\"lazy\" decoding=\"async\" class=\"alignnone size-medium wp-image-699\" src=\"http:\/\/lotsarnastockholm.se\/wp-content\/uploads\/2015\/11\/prickning-10-202x300.jpg\" alt=\"prickning (10)\" width=\"202\" height=\"300\" srcset=\"https:\/\/lotsarnastockholm.se\/wp-content\/uploads\/2015\/11\/prickning-10-202x300.jpg 202w, https:\/\/lotsarnastockholm.se\/wp-content\/uploads\/2015\/11\/prickning-10-689x1024.jpg 689w, https:\/\/lotsarnastockholm.se\/wp-content\/uploads\/2015\/11\/prickning-10.jpg 1144w\" sizes=\"(max-width: 202px) 100vw, 202px\" \/><\/a><\/p>\n<p><a href=\"http:\/\/lotsarnastockholm.se\/wp-content\/uploads\/2015\/11\/prickning-7.jpg\"><img loading=\"lazy\" decoding=\"async\" class=\"alignnone size-medium wp-image-696\" src=\"http:\/\/lotsarnastockholm.se\/wp-content\/uploads\/2015\/11\/prickning-7-300x200.jpg\" alt=\"prickning (7)\" width=\"300\" height=\"200\" srcset=\"https:\/\/lotsarnastockholm.se\/wp-content\/uploads\/2015\/11\/prickning-7-300x200.jpg 300w, https:\/\/lotsarnastockholm.se\/wp-content\/uploads\/2015\/11\/prickning-7-1024x683.jpg 1024w, https:\/\/lotsarnastockholm.se\/wp-content\/uploads\/2015\/11\/prickning-7.jpg 1704w\" sizes=\"(max-width: 300px) 100vw, 300px\" \/><\/a><\/p>\n<p><a href=\"http:\/\/lotsarnastockholm.se\/wp-content\/uploads\/2015\/11\/prickning-3.jpg\"><img loading=\"lazy\" decoding=\"async\" class=\"alignnone size-medium wp-image-692\" src=\"http:\/\/lotsarnastockholm.se\/wp-content\/uploads\/2015\/11\/prickning-3-300x228.jpg\" alt=\"prickning (3)\" width=\"300\" height=\"228\" srcset=\"https:\/\/lotsarnastockholm.se\/wp-content\/uploads\/2015\/11\/prickning-3-300x228.jpg 300w, https:\/\/lotsarnastockholm.se\/wp-content\/uploads\/2015\/11\/prickning-3-1024x778.jpg 1024w\" sizes=\"(max-width: 300px) 100vw, 300px\" \/><\/a><\/p>\n<p><a href=\"http:\/\/lotsarnastockholm.se\/wp-content\/uploads\/2015\/11\/prickning-2.jpg\"><img loading=\"lazy\" decoding=\"async\" class=\"alignnone size-medium wp-image-691\" src=\"http:\/\/lotsarnastockholm.se\/wp-content\/uploads\/2015\/11\/prickning-2-300x236.jpg\" alt=\"prickning (2)\" width=\"300\" height=\"236\" srcset=\"https:\/\/lotsarnastockholm.se\/wp-content\/uploads\/2015\/11\/prickning-2-300x236.jpg 300w, https:\/\/lotsarnastockholm.se\/wp-content\/uploads\/2015\/11\/prickning-2-1024x806.jpg 1024w\" sizes=\"(max-width: 300px) 100vw, 300px\" \/><\/a><\/p>\n<p><a href=\"http:\/\/lotsarnastockholm.se\/wp-content\/uploads\/2015\/11\/PP.jpg\"><img loading=\"lazy\" decoding=\"async\" class=\"alignnone size-medium wp-image-689\" src=\"http:\/\/lotsarnastockholm.se\/wp-content\/uploads\/2015\/11\/PP-300x252.jpg\" alt=\"PP\" width=\"300\" height=\"252\" srcset=\"https:\/\/lotsarnastockholm.se\/wp-content\/uploads\/2015\/11\/PP-300x252.jpg 300w, https:\/\/lotsarnastockholm.se\/wp-content\/uploads\/2015\/11\/PP-1024x861.jpg 1024w\" sizes=\"(max-width: 300px) 100vw, 300px\" \/><\/a><\/p>\n<p><a href=\"http:\/\/lotsarnastockholm.se\/wp-content\/uploads\/2015\/11\/M.jpg\"><img loading=\"lazy\" decoding=\"async\" class=\"alignnone size-medium wp-image-688\" src=\"http:\/\/lotsarnastockholm.se\/wp-content\/uploads\/2015\/11\/M-300x226.jpg\" alt=\"M\" width=\"300\" height=\"226\" \/><\/a><\/p>\n<p><a href=\"http:\/\/lotsarnastockholm.se\/wp-content\/uploads\/2015\/11\/kajen.jpg\"><img loading=\"lazy\" decoding=\"async\" class=\"alignnone size-medium wp-image-687\" src=\"http:\/\/lotsarnastockholm.se\/wp-content\/uploads\/2015\/11\/kajen-252x300.jpg\" alt=\"kajen\" width=\"252\" height=\"300\" srcset=\"https:\/\/lotsarnastockholm.se\/wp-content\/uploads\/2015\/11\/kajen-252x300.jpg 252w, https:\/\/lotsarnastockholm.se\/wp-content\/uploads\/2015\/11\/kajen-861x1024.jpg 861w\" sizes=\"(max-width: 252px) 100vw, 252px\" \/><\/a><\/p>\n<p><a href=\"http:\/\/lotsarnastockholm.se\/wp-content\/uploads\/2015\/11\/jul93.jpg\"><img loading=\"lazy\" decoding=\"async\" class=\"alignnone size-medium wp-image-686\" src=\"http:\/\/lotsarnastockholm.se\/wp-content\/uploads\/2015\/11\/jul93-279x300.jpg\" alt=\"jul93\" width=\"279\" height=\"300\" srcset=\"https:\/\/lotsarnastockholm.se\/wp-content\/uploads\/2015\/11\/jul93-279x300.jpg 279w, https:\/\/lotsarnastockholm.se\/wp-content\/uploads\/2015\/11\/jul93-954x1024.jpg 954w\" sizes=\"(max-width: 279px) 100vw, 279px\" \/><\/a><\/p>\n<p><a href=\"http:\/\/lotsarnastockholm.se\/wp-content\/uploads\/2015\/11\/ingrid2.jpg\"><img loading=\"lazy\" decoding=\"async\" class=\"alignnone size-medium wp-image-685\" src=\"http:\/\/lotsarnastockholm.se\/wp-content\/uploads\/2015\/11\/ingrid2-161x300.jpg\" alt=\"ingrid2\" width=\"161\" height=\"300\" srcset=\"https:\/\/lotsarnastockholm.se\/wp-content\/uploads\/2015\/11\/ingrid2-161x300.jpg 161w, https:\/\/lotsarnastockholm.se\/wp-content\/uploads\/2015\/11\/ingrid2-550x1024.jpg 550w\" sizes=\"(max-width: 161px) 100vw, 161px\" \/><\/a><\/p>\n<p><a href=\"http:\/\/lotsarnastockholm.se\/wp-content\/uploads\/2015\/11\/ingrid.jpg\"><img loading=\"lazy\" decoding=\"async\" class=\"alignnone size-medium wp-image-684\" src=\"http:\/\/lotsarnastockholm.se\/wp-content\/uploads\/2015\/11\/ingrid-203x300.jpg\" alt=\"ingrid\" width=\"203\" height=\"300\" srcset=\"https:\/\/lotsarnastockholm.se\/wp-content\/uploads\/2015\/11\/ingrid-203x300.jpg 203w, https:\/\/lotsarnastockholm.se\/wp-content\/uploads\/2015\/11\/ingrid-694x1024.jpg 694w, https:\/\/lotsarnastockholm.se\/wp-content\/uploads\/2015\/11\/ingrid.jpg 1945w\" sizes=\"(max-width: 203px) 100vw, 203px\" \/><\/a><\/p>\n<p><a href=\"http:\/\/lotsarnastockholm.se\/wp-content\/uploads\/2015\/11\/IMG_0045-Copy-2.jpg\"><img loading=\"lazy\" decoding=\"async\" class=\"alignnone size-medium wp-image-683\" src=\"http:\/\/lotsarnastockholm.se\/wp-content\/uploads\/2015\/11\/IMG_0045-Copy-2-300x163.jpg\" alt=\"IMG_0045 - Copy (2)\" width=\"300\" height=\"163\" srcset=\"https:\/\/lotsarnastockholm.se\/wp-content\/uploads\/2015\/11\/IMG_0045-Copy-2-300x163.jpg 300w, https:\/\/lotsarnastockholm.se\/wp-content\/uploads\/2015\/11\/IMG_0045-Copy-2-1024x556.jpg 1024w\" sizes=\"(max-width: 300px) 100vw, 300px\" \/><\/a><\/p>\n<p><a href=\"http:\/\/lotsarnastockholm.se\/wp-content\/uploads\/2015\/11\/IMG_0031.jpg\"><img loading=\"lazy\" decoding=\"async\" class=\"alignnone size-medium wp-image-679\" src=\"http:\/\/lotsarnastockholm.se\/wp-content\/uploads\/2015\/11\/IMG_0031-300x200.jpg\" alt=\"IMG_0031\" width=\"300\" height=\"200\" \/><\/a><\/p>\n<p><a href=\"http:\/\/lotsarnastockholm.se\/wp-content\/uploads\/2015\/11\/IMG_0027.jpg\"><img loading=\"lazy\" decoding=\"async\" class=\"alignnone size-medium wp-image-678\" src=\"http:\/\/lotsarnastockholm.se\/wp-content\/uploads\/2015\/11\/IMG_0027-300x189.jpg\" alt=\"IMG_0027\" width=\"300\" height=\"189\" \/><\/a><\/p>\n<p><a href=\"http:\/\/lotsarnastockholm.se\/wp-content\/uploads\/2015\/11\/IMG_0026.jpg\"><img loading=\"lazy\" decoding=\"async\" class=\"alignnone size-medium wp-image-677\" src=\"http:\/\/lotsarnastockholm.se\/wp-content\/uploads\/2015\/11\/IMG_0026-242x300.jpg\" alt=\"IMG_0026\" width=\"242\" height=\"300\" srcset=\"https:\/\/lotsarnastockholm.se\/wp-content\/uploads\/2015\/11\/IMG_0026-242x300.jpg 242w, https:\/\/lotsarnastockholm.se\/wp-content\/uploads\/2015\/11\/IMG_0026-825x1024.jpg 825w\" sizes=\"(max-width: 242px) 100vw, 242px\" \/><\/a><\/p>\n<p><a href=\"http:\/\/lotsarnastockholm.se\/wp-content\/uploads\/2015\/11\/IMG_00231.jpg\"><img loading=\"lazy\" decoding=\"async\" class=\"alignnone size-medium wp-image-676\" src=\"http:\/\/lotsarnastockholm.se\/wp-content\/uploads\/2015\/11\/IMG_00231-300x189.jpg\" alt=\"IMG_0023\" width=\"300\" height=\"189\" srcset=\"https:\/\/lotsarnastockholm.se\/wp-content\/uploads\/2015\/11\/IMG_00231-300x189.jpg 300w, https:\/\/lotsarnastockholm.se\/wp-content\/uploads\/2015\/11\/IMG_00231-1024x645.jpg 1024w\" sizes=\"(max-width: 300px) 100vw, 300px\" \/><\/a><\/p>\n<p><a href=\"http:\/\/lotsarnastockholm.se\/wp-content\/uploads\/2015\/11\/IMG_0021.jpg\"><img loading=\"lazy\" decoding=\"async\" class=\"alignnone size-medium wp-image-675\" src=\"http:\/\/lotsarnastockholm.se\/wp-content\/uploads\/2015\/11\/IMG_0021-191x300.jpg\" alt=\"IMG_0021\" width=\"191\" height=\"300\" \/><\/a><\/p>\n<p><a href=\"http:\/\/lotsarnastockholm.se\/wp-content\/uploads\/2015\/11\/IMG_0007.jpg\"><img loading=\"lazy\" decoding=\"async\" class=\"alignnone size-medium wp-image-674\" src=\"http:\/\/lotsarnastockholm.se\/wp-content\/uploads\/2015\/11\/IMG_0007-194x300.jpg\" alt=\"IMG_0007\" width=\"194\" height=\"300\" srcset=\"https:\/\/lotsarnastockholm.se\/wp-content\/uploads\/2015\/11\/IMG_0007-194x300.jpg 194w, https:\/\/lotsarnastockholm.se\/wp-content\/uploads\/2015\/11\/IMG_0007-661x1024.jpg 661w\" sizes=\"(max-width: 194px) 100vw, 194px\" \/><\/a><\/p>\n<p><a href=\"http:\/\/lotsarnastockholm.se\/wp-content\/uploads\/2015\/11\/I.jpg\"><img loading=\"lazy\" decoding=\"async\" class=\"alignnone size-medium wp-image-673\" src=\"http:\/\/lotsarnastockholm.se\/wp-content\/uploads\/2015\/11\/I-300x215.jpg\" alt=\"I\" width=\"300\" height=\"215\" \/><\/a><\/p>\n<p><a href=\"http:\/\/lotsarnastockholm.se\/wp-content\/uploads\/2015\/11\/H.jpg\"><img loading=\"lazy\" decoding=\"async\" class=\"alignnone size-medium wp-image-672\" src=\"http:\/\/lotsarnastockholm.se\/wp-content\/uploads\/2015\/11\/H-300x210.jpg\" alt=\"H\" width=\"300\" height=\"210\" srcset=\"https:\/\/lotsarnastockholm.se\/wp-content\/uploads\/2015\/11\/H-300x210.jpg 300w, https:\/\/lotsarnastockholm.se\/wp-content\/uploads\/2015\/11\/H-1024x715.jpg 1024w\" sizes=\"(max-width: 300px) 100vw, 300px\" \/><\/a><\/p>\n<p><a href=\"http:\/\/lotsarnastockholm.se\/wp-content\/uploads\/2015\/11\/finlandia.jpg\"><img loading=\"lazy\" decoding=\"async\" class=\"alignnone size-medium wp-image-671\" src=\"http:\/\/lotsarnastockholm.se\/wp-content\/uploads\/2015\/11\/finlandia-300x185.jpg\" alt=\"finlandia\" width=\"300\" height=\"185\" srcset=\"https:\/\/lotsarnastockholm.se\/wp-content\/uploads\/2015\/11\/finlandia-300x185.jpg 300w, https:\/\/lotsarnastockholm.se\/wp-content\/uploads\/2015\/11\/finlandia-1024x632.jpg 1024w, https:\/\/lotsarnastockholm.se\/wp-content\/uploads\/2015\/11\/finlandia-825x510.jpg 825w\" sizes=\"(max-width: 300px) 100vw, 300px\" \/><\/a><\/p>\n<p><a href=\"http:\/\/lotsarnastockholm.se\/wp-content\/uploads\/2015\/11\/E.jpg\"><img loading=\"lazy\" decoding=\"async\" class=\"alignnone size-medium wp-image-670\" src=\"http:\/\/lotsarnastockholm.se\/wp-content\/uploads\/2015\/11\/E-300x202.jpg\" alt=\"E\" width=\"300\" height=\"202\" \/><\/a><\/p>\n<p><a href=\"http:\/\/lotsarnastockholm.se\/wp-content\/uploads\/2015\/11\/DD.jpg\"><img loading=\"lazy\" decoding=\"async\" class=\"alignnone size-medium wp-image-669\" src=\"http:\/\/lotsarnastockholm.se\/wp-content\/uploads\/2015\/11\/DD-300x191.jpg\" alt=\"DD\" width=\"300\" height=\"191\" \/><\/a><\/p>\n<p><a href=\"http:\/\/lotsarnastockholm.se\/wp-content\/uploads\/2015\/11\/D.jpg\"><img loading=\"lazy\" decoding=\"async\" class=\"alignnone size-medium wp-image-668\" src=\"http:\/\/lotsarnastockholm.se\/wp-content\/uploads\/2015\/11\/D-300x220.jpg\" alt=\"D\" width=\"300\" height=\"220\" \/><\/a><\/p>\n<p><a href=\"http:\/\/lotsarnastockholm.se\/wp-content\/uploads\/2015\/11\/br\u00e5viken.jpg\"><img loading=\"lazy\" decoding=\"async\" class=\"alignnone size-medium wp-image-667\" src=\"http:\/\/lotsarnastockholm.se\/wp-content\/uploads\/2015\/11\/br\u00e5viken-300x206.jpg\" alt=\"br\u00e5viken\" width=\"300\" height=\"206\" srcset=\"https:\/\/lotsarnastockholm.se\/wp-content\/uploads\/2015\/11\/br\u00e5viken-300x206.jpg 300w, https:\/\/lotsarnastockholm.se\/wp-content\/uploads\/2015\/11\/br\u00e5viken-1024x704.jpg 1024w\" sizes=\"(max-width: 300px) 100vw, 300px\" \/><\/a><\/p>\n<p><a href=\"http:\/\/lotsarnastockholm.se\/wp-content\/uploads\/2015\/11\/B.jpg\"><img loading=\"lazy\" decoding=\"async\" class=\"alignnone size-medium wp-image-666\" src=\"http:\/\/lotsarnastockholm.se\/wp-content\/uploads\/2015\/11\/B-300x193.jpg\" alt=\"B\" width=\"300\" height=\"193\" srcset=\"https:\/\/lotsarnastockholm.se\/wp-content\/uploads\/2015\/11\/B-300x193.jpg 300w, https:\/\/lotsarnastockholm.se\/wp-content\/uploads\/2015\/11\/B-1024x659.jpg 1024w\" sizes=\"(max-width: 300px) 100vw, 300px\" \/><\/a><\/p>\n","protected":false},"excerpt":{"rendered":"<p>Och s\u00e5nt h\u00e4r jobbade vi med<\/p>\n","protected":false},"author":1,"featured_media":0,"parent":0,"menu_order":0,"comment_status":"closed","ping_status":"closed","template":"","meta":{"footnotes":""},"class_list":["post-664","page","type-page","status-publish","hentry","entry"],"_links":{"self":[{"href":"https:\/\/lotsarnastockholm.se\/index.php\/wp-json\/wp\/v2\/pages\/664","targetHints":{"allow":["GET"]}}],"collection":[{"href":"https:\/\/lotsarnastockholm.se\/index.php\/wp-json\/wp\/v2\/pages"}],"about":[{"href":"https:\/\/lotsarnastockholm.se\/index.php\/wp-json\/wp\/v2\/types\/page"}],"author":[{"embeddable":true,"href":"https:\/\/lotsarnastockholm.se\/index.php\/wp-json\/wp\/v2\/users\/1"}],"replies":[{"embeddable":true,"href":"https:\/\/lotsarnastockholm.se\/index.php\/wp-json\/wp\/v2\/comments?post=664"}],"version-history":[{"count":5,"href":"https:\/\/lotsarnastockholm.se\/index.php\/wp-json\/wp\/v2\/pages\/664\/revisions"}],"predecessor-version":[{"id":6408,"href":"https:\/\/lotsarnastockholm.se\/index.php\/wp-json\/wp\/v2\/pages\/664\/revisions\/6408"}],"wp:attachment":[{"href":"https:\/\/lotsarnastockholm.se\/index.php\/wp-json\/wp\/v2\/media?parent=664"}],"curies":[{"name":"wp","href":"https:\/\/api.w.org\/{rel}","templated":true}]}}