{"id":618,"date":"2015-11-27T22:12:27","date_gmt":"2015-11-27T21:12:27","guid":{"rendered":"http:\/\/lotsarnastockholm.se\/?page_id=618"},"modified":"2024-01-01T15:51:24","modified_gmt":"2024-01-01T14:51:24","slug":"fester-traffar-och-allmant-trevliga-sammankomster","status":"publish","type":"page","link":"https:\/\/lotsarnastockholm.se\/index.php\/fester-traffar-och-allmant-trevliga-sammankomster\/","title":{"rendered":"Fester, tr\u00e4ffar och allm\u00e4nt trevliga sammankomster"},"content":{"rendered":"<p>lite blandade bilder genom \u00e5ren<\/p>\n<figure id=\"attachment_655\" aria-describedby=\"caption-attachment-655\" style=\"width: 3489px\" class=\"wp-caption alignnone\"><a href=\"http:\/\/lotsarnastockholm.se\/wp-content\/uploads\/2015\/11\/personal-e1448661930567.jpg\"><img fetchpriority=\"high\" decoding=\"async\" class=\"wp-image-655 size-full\" src=\"https:\/\/lotsarnastockholm.se\/wp-content\/uploads\/2015\/11\/personal-e1448661930567.jpg\" alt=\"personal\" width=\"3489\" height=\"2360\" srcset=\"https:\/\/lotsarnastockholm.se\/wp-content\/uploads\/2015\/11\/personal-e1448661930567.jpg 3489w, https:\/\/lotsarnastockholm.se\/wp-content\/uploads\/2015\/11\/personal-e1448661930567-300x203.jpg 300w, https:\/\/lotsarnastockholm.se\/wp-content\/uploads\/2015\/11\/personal-e1448661930567-1024x693.jpg 1024w\" sizes=\"(max-width: 3489px) 100vw, 3489px\" \/><\/a><figcaption id=\"caption-attachment-655\" class=\"wp-caption-text\">Babsan, Kjellis, Flinta, Benny, Folke, Ernest, M\u00e5rten<\/figcaption><\/figure>\n<figure id=\"attachment_657\" aria-describedby=\"caption-attachment-657\" style=\"width: 2799px\" class=\"wp-caption alignnone\"><a href=\"http:\/\/lotsarnastockholm.se\/wp-content\/uploads\/2015\/11\/\u00e4rtorr.jpg\"><img decoding=\"async\" class=\"wp-image-657 size-full\" src=\"https:\/\/lotsarnastockholm.se\/wp-content\/uploads\/2015\/11\/\u00e4rtorr.jpg\" alt=\"\u00e4rtorr\" width=\"2799\" height=\"1896\" srcset=\"https:\/\/lotsarnastockholm.se\/wp-content\/uploads\/2015\/11\/\u00e4rtorr.jpg 2799w, https:\/\/lotsarnastockholm.se\/wp-content\/uploads\/2015\/11\/\u00e4rtorr-300x203.jpg 300w, https:\/\/lotsarnastockholm.se\/wp-content\/uploads\/2015\/11\/\u00e4rtorr-1024x694.jpg 1024w\" sizes=\"(max-width: 2799px) 100vw, 2799px\" \/><\/a><figcaption id=\"caption-attachment-657\" class=\"wp-caption-text\">Mejtan och L8<\/figcaption><\/figure>\n<figure id=\"attachment_656\" aria-describedby=\"caption-attachment-656\" style=\"width: 3535px\" class=\"wp-caption alignnone\"><a href=\"http:\/\/lotsarnastockholm.se\/wp-content\/uploads\/2015\/11\/\u00e4rtor.jpg\"><img decoding=\"async\" class=\"wp-image-656 size-full\" src=\"https:\/\/lotsarnastockholm.se\/wp-content\/uploads\/2015\/11\/\u00e4rtor.jpg\" alt=\"\u00e4rtor\" width=\"3535\" height=\"2227\" srcset=\"https:\/\/lotsarnastockholm.se\/wp-content\/uploads\/2015\/11\/\u00e4rtor.jpg 3535w, https:\/\/lotsarnastockholm.se\/wp-content\/uploads\/2015\/11\/\u00e4rtor-300x189.jpg 300w, https:\/\/lotsarnastockholm.se\/wp-content\/uploads\/2015\/11\/\u00e4rtor-1024x645.jpg 1024w\" sizes=\"(max-width: 3535px) 100vw, 3535px\" \/><\/a><figcaption id=\"caption-attachment-656\" class=\"wp-caption-text\">G\u00f6sta, Kjellis, Bosse och H\u00e5kan<\/figcaption><\/figure>\n<p><a href=\"http:\/\/lotsarnastockholm.se\/wp-content\/uploads\/2015\/11\/n\u00e4slund.jpg\"><img loading=\"lazy\" decoding=\"async\" class=\"alignnone wp-image-654 size-full\" src=\"http:\/\/lotsarnastockholm.se\/wp-content\/uploads\/2015\/11\/n\u00e4slund.jpg\" alt=\"n\u00e4slund\" width=\"3470\" height=\"2291\" srcset=\"https:\/\/lotsarnastockholm.se\/wp-content\/uploads\/2015\/11\/n\u00e4slund.jpg 3470w, https:\/\/lotsarnastockholm.se\/wp-content\/uploads\/2015\/11\/n\u00e4slund-300x198.jpg 300w, https:\/\/lotsarnastockholm.se\/wp-content\/uploads\/2015\/11\/n\u00e4slund-1024x676.jpg 1024w\" sizes=\"(max-width: 3470px) 100vw, 3470px\" \/><\/a><\/p>\n<p><a href=\"http:\/\/lotsarnastockholm.se\/wp-content\/uploads\/2015\/11\/mer-personal.jpg\"><img loading=\"lazy\" decoding=\"async\" class=\"alignnone wp-image-653 size-full\" src=\"http:\/\/lotsarnastockholm.se\/wp-content\/uploads\/2015\/11\/mer-personal.jpg\" alt=\"mer personal\" width=\"3380\" height=\"2279\" srcset=\"https:\/\/lotsarnastockholm.se\/wp-content\/uploads\/2015\/11\/mer-personal.jpg 3380w, https:\/\/lotsarnastockholm.se\/wp-content\/uploads\/2015\/11\/mer-personal-300x202.jpg 300w, https:\/\/lotsarnastockholm.se\/wp-content\/uploads\/2015\/11\/mer-personal-1024x690.jpg 1024w\" sizes=\"(max-width: 3380px) 100vw, 3380px\" \/><\/a><\/p>\n<p><a href=\"http:\/\/lotsarnastockholm.se\/wp-content\/uploads\/2015\/11\/mars-90.jpg\"><img loading=\"lazy\" decoding=\"async\" class=\"alignnone wp-image-652 size-full\" src=\"http:\/\/lotsarnastockholm.se\/wp-content\/uploads\/2015\/11\/mars-90.jpg\" alt=\"mars 90\" width=\"3461\" height=\"2341\" srcset=\"https:\/\/lotsarnastockholm.se\/wp-content\/uploads\/2015\/11\/mars-90.jpg 3461w, https:\/\/lotsarnastockholm.se\/wp-content\/uploads\/2015\/11\/mars-90-300x203.jpg 300w, https:\/\/lotsarnastockholm.se\/wp-content\/uploads\/2015\/11\/mars-90-1024x693.jpg 1024w\" sizes=\"(max-width: 3461px) 100vw, 3461px\" \/><\/a><\/p>\n<p><a href=\"http:\/\/lotsarnastockholm.se\/wp-content\/uploads\/2015\/11\/lotsar.jpg\"><img loading=\"lazy\" decoding=\"async\" class=\"alignnone wp-image-651 size-full\" src=\"http:\/\/lotsarnastockholm.se\/wp-content\/uploads\/2015\/11\/lotsar.jpg\" alt=\"lotsar\" width=\"3380\" height=\"2285\" srcset=\"https:\/\/lotsarnastockholm.se\/wp-content\/uploads\/2015\/11\/lotsar.jpg 3380w, https:\/\/lotsarnastockholm.se\/wp-content\/uploads\/2015\/11\/lotsar-300x203.jpg 300w, https:\/\/lotsarnastockholm.se\/wp-content\/uploads\/2015\/11\/lotsar-1024x692.jpg 1024w\" sizes=\"(max-width: 3380px) 100vw, 3380px\" \/><\/a><\/p>\n<p><a href=\"http:\/\/lotsarnastockholm.se\/wp-content\/uploads\/2015\/11\/LL.jpg\"><img loading=\"lazy\" decoding=\"async\" class=\"alignnone wp-image-650 size-full\" src=\"http:\/\/lotsarnastockholm.se\/wp-content\/uploads\/2015\/11\/LL.jpg\" alt=\"LL\" width=\"3902\" height=\"4399\" srcset=\"https:\/\/lotsarnastockholm.se\/wp-content\/uploads\/2015\/11\/LL.jpg 3902w, https:\/\/lotsarnastockholm.se\/wp-content\/uploads\/2015\/11\/LL-266x300.jpg 266w, https:\/\/lotsarnastockholm.se\/wp-content\/uploads\/2015\/11\/LL-908x1024.jpg 908w\" sizes=\"(max-width: 3902px) 100vw, 3902px\" \/><\/a><\/p>\n<p><a href=\"http:\/\/lotsarnastockholm.se\/wp-content\/uploads\/2015\/11\/kr\u00e4ftskiva-1988.jpg\"><img loading=\"lazy\" decoding=\"async\" class=\"alignnone wp-image-649 size-full\" src=\"http:\/\/lotsarnastockholm.se\/wp-content\/uploads\/2015\/11\/kr\u00e4ftskiva-1988.jpg\" alt=\"kr\u00e4ftskiva 1988\" width=\"2116\" height=\"1678\" srcset=\"https:\/\/lotsarnastockholm.se\/wp-content\/uploads\/2015\/11\/kr\u00e4ftskiva-1988.jpg 2116w, https:\/\/lotsarnastockholm.se\/wp-content\/uploads\/2015\/11\/kr\u00e4ftskiva-1988-300x238.jpg 300w, https:\/\/lotsarnastockholm.se\/wp-content\/uploads\/2015\/11\/kr\u00e4ftskiva-1988-1024x812.jpg 1024w\" sizes=\"(max-width: 2116px) 100vw, 2116px\" \/><\/a><\/p>\n<p><a href=\"http:\/\/lotsarnastockholm.se\/wp-content\/uploads\/2015\/11\/kr\u00e4ftor.jpg\"><img loading=\"lazy\" decoding=\"async\" class=\"alignnone wp-image-648 size-full\" src=\"http:\/\/lotsarnastockholm.se\/wp-content\/uploads\/2015\/11\/kr\u00e4ftor.jpg\" alt=\"kr\u00e4ftor\" width=\"2090\" height=\"1724\" srcset=\"https:\/\/lotsarnastockholm.se\/wp-content\/uploads\/2015\/11\/kr\u00e4ftor.jpg 2090w, https:\/\/lotsarnastockholm.se\/wp-content\/uploads\/2015\/11\/kr\u00e4ftor-300x247.jpg 300w, https:\/\/lotsarnastockholm.se\/wp-content\/uploads\/2015\/11\/kr\u00e4ftor-1024x845.jpg 1024w\" sizes=\"(max-width: 2090px) 100vw, 2090px\" \/><\/a><\/p>\n<p><a href=\"http:\/\/lotsarnastockholm.se\/wp-content\/uploads\/2015\/11\/konf90h.jpg\"><img loading=\"lazy\" decoding=\"async\" class=\"alignnone wp-image-647 size-full\" src=\"http:\/\/lotsarnastockholm.se\/wp-content\/uploads\/2015\/11\/konf90h.jpg\" alt=\"konf90h\" width=\"3172\" height=\"2056\" srcset=\"https:\/\/lotsarnastockholm.se\/wp-content\/uploads\/2015\/11\/konf90h.jpg 3172w, https:\/\/lotsarnastockholm.se\/wp-content\/uploads\/2015\/11\/konf90h-300x194.jpg 300w, https:\/\/lotsarnastockholm.se\/wp-content\/uploads\/2015\/11\/konf90h-1024x664.jpg 1024w\" sizes=\"(max-width: 3172px) 100vw, 3172px\" \/><\/a><\/p>\n<p><a href=\"http:\/\/lotsarnastockholm.se\/wp-content\/uploads\/2015\/11\/konf90c.jpg\"><img loading=\"lazy\" decoding=\"async\" class=\"alignnone wp-image-646 size-full\" src=\"http:\/\/lotsarnastockholm.se\/wp-content\/uploads\/2015\/11\/konf90c.jpg\" alt=\"konf90c\" width=\"3455\" height=\"2313\" srcset=\"https:\/\/lotsarnastockholm.se\/wp-content\/uploads\/2015\/11\/konf90c.jpg 3455w, https:\/\/lotsarnastockholm.se\/wp-content\/uploads\/2015\/11\/konf90c-300x201.jpg 300w, https:\/\/lotsarnastockholm.se\/wp-content\/uploads\/2015\/11\/konf90c-1024x686.jpg 1024w\" sizes=\"(max-width: 3455px) 100vw, 3455px\" \/><\/a><\/p>\n<p><a href=\"http:\/\/lotsarnastockholm.se\/wp-content\/uploads\/2015\/11\/konf90a.jpg\"><img loading=\"lazy\" decoding=\"async\" class=\"alignnone wp-image-645 size-full\" src=\"http:\/\/lotsarnastockholm.se\/wp-content\/uploads\/2015\/11\/konf90a.jpg\" alt=\"konf90a\" width=\"3368\" height=\"2304\" srcset=\"https:\/\/lotsarnastockholm.se\/wp-content\/uploads\/2015\/11\/konf90a.jpg 3368w, https:\/\/lotsarnastockholm.se\/wp-content\/uploads\/2015\/11\/konf90a-300x205.jpg 300w, https:\/\/lotsarnastockholm.se\/wp-content\/uploads\/2015\/11\/konf90a-1024x701.jpg 1024w\" sizes=\"(max-width: 3368px) 100vw, 3368px\" \/><\/a><\/p>\n<p><a href=\"http:\/\/lotsarnastockholm.se\/wp-content\/uploads\/2015\/11\/KKK.jpg\"><img loading=\"lazy\" decoding=\"async\" class=\"alignnone wp-image-644 size-full\" src=\"http:\/\/lotsarnastockholm.se\/wp-content\/uploads\/2015\/11\/KKK.jpg\" alt=\"KKK\" width=\"4059\" height=\"4508\" srcset=\"https:\/\/lotsarnastockholm.se\/wp-content\/uploads\/2015\/11\/KKK.jpg 4059w, https:\/\/lotsarnastockholm.se\/wp-content\/uploads\/2015\/11\/KKK-270x300.jpg 270w, https:\/\/lotsarnastockholm.se\/wp-content\/uploads\/2015\/11\/KKK-922x1024.jpg 922w\" sizes=\"(max-width: 4059px) 100vw, 4059px\" \/><\/a><\/p>\n<p><a href=\"http:\/\/lotsarnastockholm.se\/wp-content\/uploads\/2015\/11\/kalas1.jpg\"><img loading=\"lazy\" decoding=\"async\" class=\"alignnone wp-image-643 size-full\" src=\"http:\/\/lotsarnastockholm.se\/wp-content\/uploads\/2015\/11\/kalas1.jpg\" alt=\"kalas1\" width=\"3448\" height=\"2023\" srcset=\"https:\/\/lotsarnastockholm.se\/wp-content\/uploads\/2015\/11\/kalas1.jpg 3448w, https:\/\/lotsarnastockholm.se\/wp-content\/uploads\/2015\/11\/kalas1-300x176.jpg 300w, https:\/\/lotsarnastockholm.se\/wp-content\/uploads\/2015\/11\/kalas1-1024x601.jpg 1024w\" sizes=\"(max-width: 3448px) 100vw, 3448px\" \/><\/a><\/p>\n<p><a href=\"http:\/\/lotsarnastockholm.se\/wp-content\/uploads\/2015\/11\/kalas.jpg\"><img loading=\"lazy\" decoding=\"async\" class=\"alignnone wp-image-642 size-full\" src=\"http:\/\/lotsarnastockholm.se\/wp-content\/uploads\/2015\/11\/kalas.jpg\" alt=\"kalas\" width=\"2120\" height=\"1735\" srcset=\"https:\/\/lotsarnastockholm.se\/wp-content\/uploads\/2015\/11\/kalas.jpg 2120w, https:\/\/lotsarnastockholm.se\/wp-content\/uploads\/2015\/11\/kalas-300x246.jpg 300w, https:\/\/lotsarnastockholm.se\/wp-content\/uploads\/2015\/11\/kalas-1024x838.jpg 1024w\" sizes=\"(max-width: 2120px) 100vw, 2120px\" \/><\/a><\/p>\n<p><a href=\"http:\/\/lotsarnastockholm.se\/wp-content\/uploads\/2015\/11\/JJ.jpg\"><img loading=\"lazy\" decoding=\"async\" class=\"alignnone wp-image-641 size-full\" src=\"http:\/\/lotsarnastockholm.se\/wp-content\/uploads\/2015\/11\/JJ.jpg\" alt=\"JJ\" width=\"3964\" height=\"5738\" srcset=\"https:\/\/lotsarnastockholm.se\/wp-content\/uploads\/2015\/11\/JJ.jpg 3964w, https:\/\/lotsarnastockholm.se\/wp-content\/uploads\/2015\/11\/JJ-207x300.jpg 207w, https:\/\/lotsarnastockholm.se\/wp-content\/uploads\/2015\/11\/JJ-707x1024.jpg 707w\" sizes=\"(max-width: 3964px) 100vw, 3964px\" \/><\/a><\/p>\n<p><a href=\"http:\/\/lotsarnastockholm.se\/wp-content\/uploads\/2015\/11\/IMG_00321.jpg\"><img loading=\"lazy\" decoding=\"async\" class=\"alignnone size-medium wp-image-640\" src=\"http:\/\/lotsarnastockholm.se\/wp-content\/uploads\/2015\/11\/IMG_00321.jpg\" alt=\"IMG_0032\" width=\"1\" height=\"1\" \/><\/a> <a href=\"http:\/\/lotsarnastockholm.se\/wp-content\/uploads\/2015\/11\/IMG_00051.jpg\"><img loading=\"lazy\" decoding=\"async\" class=\"alignnone wp-image-639 size-full\" src=\"http:\/\/lotsarnastockholm.se\/wp-content\/uploads\/2015\/11\/IMG_00051.jpg\" alt=\"IMG_0005\" width=\"3881\" height=\"5147\" srcset=\"https:\/\/lotsarnastockholm.se\/wp-content\/uploads\/2015\/11\/IMG_00051.jpg 3881w, https:\/\/lotsarnastockholm.se\/wp-content\/uploads\/2015\/11\/IMG_00051-226x300.jpg 226w, https:\/\/lotsarnastockholm.se\/wp-content\/uploads\/2015\/11\/IMG_00051-772x1024.jpg 772w\" sizes=\"(max-width: 3881px) 100vw, 3881px\" \/><\/a><\/p>\n<p><a href=\"http:\/\/lotsarnastockholm.se\/wp-content\/uploads\/2015\/11\/IMG.jpg\"><img loading=\"lazy\" decoding=\"async\" class=\"alignnone size-medium wp-image-638\" src=\"http:\/\/lotsarnastockholm.se\/wp-content\/uploads\/2015\/11\/IMG.jpg\" alt=\"IMG\" width=\"1\" height=\"1\" \/><\/a> <a href=\"http:\/\/lotsarnastockholm.se\/wp-content\/uploads\/2015\/11\/gullvi-o-hult.jpg\"><img loading=\"lazy\" decoding=\"async\" class=\"alignnone wp-image-637 size-full\" src=\"http:\/\/lotsarnastockholm.se\/wp-content\/uploads\/2015\/11\/gullvi-o-hult.jpg\" alt=\"gullvi o hult\" width=\"2922\" height=\"2046\" srcset=\"https:\/\/lotsarnastockholm.se\/wp-content\/uploads\/2015\/11\/gullvi-o-hult.jpg 2922w, https:\/\/lotsarnastockholm.se\/wp-content\/uploads\/2015\/11\/gullvi-o-hult-300x210.jpg 300w, https:\/\/lotsarnastockholm.se\/wp-content\/uploads\/2015\/11\/gullvi-o-hult-1024x717.jpg 1024w\" sizes=\"(max-width: 2922px) 100vw, 2922px\" \/><\/a><\/p>\n<p><a href=\"http:\/\/lotsarnastockholm.se\/wp-content\/uploads\/2015\/11\/grundel1.jpg\"><img loading=\"lazy\" decoding=\"async\" class=\"alignnone wp-image-636 size-full\" src=\"http:\/\/lotsarnastockholm.se\/wp-content\/uploads\/2015\/11\/grundel1.jpg\" alt=\"grundel\" width=\"2774\" height=\"1559\" srcset=\"https:\/\/lotsarnastockholm.se\/wp-content\/uploads\/2015\/11\/grundel1.jpg 2774w, https:\/\/lotsarnastockholm.se\/wp-content\/uploads\/2015\/11\/grundel1-300x169.jpg 300w, https:\/\/lotsarnastockholm.se\/wp-content\/uploads\/2015\/11\/grundel1-1024x575.jpg 1024w\" sizes=\"(max-width: 2774px) 100vw, 2774px\" \/><\/a><\/p>\n<p><a href=\"http:\/\/lotsarnastockholm.se\/wp-content\/uploads\/2015\/11\/gertrud-o-dorje.jpg\"><img loading=\"lazy\" decoding=\"async\" class=\"alignnone wp-image-635 size-full\" src=\"http:\/\/lotsarnastockholm.se\/wp-content\/uploads\/2015\/11\/gertrud-o-dorje.jpg\" alt=\"gertrud o dorje\" width=\"3802\" height=\"2379\" srcset=\"https:\/\/lotsarnastockholm.se\/wp-content\/uploads\/2015\/11\/gertrud-o-dorje.jpg 3802w, https:\/\/lotsarnastockholm.se\/wp-content\/uploads\/2015\/11\/gertrud-o-dorje-300x188.jpg 300w, https:\/\/lotsarnastockholm.se\/wp-content\/uploads\/2015\/11\/gertrud-o-dorje-1024x641.jpg 1024w\" sizes=\"(max-width: 3802px) 100vw, 3802px\" \/><\/a><\/p>\n<p><a href=\"http:\/\/lotsarnastockholm.se\/wp-content\/uploads\/2015\/11\/folke-maria.jpg\"><img loading=\"lazy\" decoding=\"async\" class=\"alignnone wp-image-634 size-full\" src=\"http:\/\/lotsarnastockholm.se\/wp-content\/uploads\/2015\/11\/folke-maria.jpg\" alt=\"folke maria\" width=\"3482\" height=\"3948\" srcset=\"https:\/\/lotsarnastockholm.se\/wp-content\/uploads\/2015\/11\/folke-maria.jpg 3482w, https:\/\/lotsarnastockholm.se\/wp-content\/uploads\/2015\/11\/folke-maria-265x300.jpg 265w, https:\/\/lotsarnastockholm.se\/wp-content\/uploads\/2015\/11\/folke-maria-903x1024.jpg 903w\" sizes=\"(max-width: 3482px) 100vw, 3482px\" \/><\/a><\/p>\n<p><a href=\"http:\/\/lotsarnastockholm.se\/wp-content\/uploads\/2015\/11\/finlandsb\u00e5t.jpg\"><img loading=\"lazy\" decoding=\"async\" class=\"alignnone wp-image-633 size-full\" src=\"http:\/\/lotsarnastockholm.se\/wp-content\/uploads\/2015\/11\/finlandsb\u00e5t.jpg\" alt=\"finlandsb\u00e5t\" width=\"3428\" height=\"2361\" srcset=\"https:\/\/lotsarnastockholm.se\/wp-content\/uploads\/2015\/11\/finlandsb\u00e5t.jpg 3428w, https:\/\/lotsarnastockholm.se\/wp-content\/uploads\/2015\/11\/finlandsb\u00e5t-300x207.jpg 300w, https:\/\/lotsarnastockholm.se\/wp-content\/uploads\/2015\/11\/finlandsb\u00e5t-1024x705.jpg 1024w\" sizes=\"(max-width: 3428px) 100vw, 3428px\" \/><\/a><\/p>\n<p><a href=\"http:\/\/lotsarnastockholm.se\/wp-content\/uploads\/2015\/11\/fff.jpg\"><img loading=\"lazy\" decoding=\"async\" class=\"alignnone wp-image-632 size-full\" src=\"http:\/\/lotsarnastockholm.se\/wp-content\/uploads\/2015\/11\/fff.jpg\" alt=\"fff\" width=\"3277\" height=\"2257\" srcset=\"https:\/\/lotsarnastockholm.se\/wp-content\/uploads\/2015\/11\/fff.jpg 3277w, https:\/\/lotsarnastockholm.se\/wp-content\/uploads\/2015\/11\/fff-300x207.jpg 300w, https:\/\/lotsarnastockholm.se\/wp-content\/uploads\/2015\/11\/fff-1024x705.jpg 1024w\" sizes=\"(max-width: 3277px) 100vw, 3277px\" \/><\/a><\/p>\n<p><a href=\"http:\/\/lotsarnastockholm.se\/wp-content\/uploads\/2015\/11\/examen.jpg\"><img loading=\"lazy\" decoding=\"async\" class=\"alignnone wp-image-631 size-full\" src=\"http:\/\/lotsarnastockholm.se\/wp-content\/uploads\/2015\/11\/examen.jpg\" alt=\"examen\" width=\"2088\" height=\"2182\" srcset=\"https:\/\/lotsarnastockholm.se\/wp-content\/uploads\/2015\/11\/examen.jpg 2088w, https:\/\/lotsarnastockholm.se\/wp-content\/uploads\/2015\/11\/examen-287x300.jpg 287w, https:\/\/lotsarnastockholm.se\/wp-content\/uploads\/2015\/11\/examen-980x1024.jpg 980w\" sizes=\"(max-width: 2088px) 100vw, 2088px\" \/><\/a><\/p>\n<p><a href=\"http:\/\/lotsarnastockholm.se\/wp-content\/uploads\/2015\/11\/er.jpg\"><img loading=\"lazy\" decoding=\"async\" class=\"alignnone wp-image-630 size-full\" src=\"http:\/\/lotsarnastockholm.se\/wp-content\/uploads\/2015\/11\/er.jpg\" alt=\"er\" width=\"3475\" height=\"2313\" srcset=\"https:\/\/lotsarnastockholm.se\/wp-content\/uploads\/2015\/11\/er.jpg 3475w, https:\/\/lotsarnastockholm.se\/wp-content\/uploads\/2015\/11\/er-300x200.jpg 300w, https:\/\/lotsarnastockholm.se\/wp-content\/uploads\/2015\/11\/er-1024x682.jpg 1024w\" sizes=\"(max-width: 3475px) 100vw, 3475px\" \/><\/a><\/p>\n<p><a href=\"http:\/\/lotsarnastockholm.se\/wp-content\/uploads\/2015\/11\/dds.jpg\"><img loading=\"lazy\" decoding=\"async\" class=\"alignnone wp-image-629 size-full\" src=\"http:\/\/lotsarnastockholm.se\/wp-content\/uploads\/2015\/11\/dds.jpg\" alt=\"dds\" width=\"3569\" height=\"2095\" srcset=\"https:\/\/lotsarnastockholm.se\/wp-content\/uploads\/2015\/11\/dds.jpg 3569w, https:\/\/lotsarnastockholm.se\/wp-content\/uploads\/2015\/11\/dds-300x176.jpg 300w, https:\/\/lotsarnastockholm.se\/wp-content\/uploads\/2015\/11\/dds-1024x601.jpg 1024w\" sizes=\"(max-width: 3569px) 100vw, 3569px\" \/><\/a><\/p>\n<p><a href=\"http:\/\/lotsarnastockholm.se\/wp-content\/uploads\/2015\/11\/dan1.jpg\"><img loading=\"lazy\" decoding=\"async\" class=\"alignnone wp-image-628 size-full\" src=\"http:\/\/lotsarnastockholm.se\/wp-content\/uploads\/2015\/11\/dan1.jpg\" alt=\"dan\" width=\"3687\" height=\"2319\" srcset=\"https:\/\/lotsarnastockholm.se\/wp-content\/uploads\/2015\/11\/dan1.jpg 3687w, https:\/\/lotsarnastockholm.se\/wp-content\/uploads\/2015\/11\/dan1-300x189.jpg 300w, https:\/\/lotsarnastockholm.se\/wp-content\/uploads\/2015\/11\/dan1-1024x644.jpg 1024w\" sizes=\"(max-width: 3687px) 100vw, 3687px\" \/><\/a><\/p>\n<p><a href=\"http:\/\/lotsarnastockholm.se\/wp-content\/uploads\/2015\/11\/braffe.jpg\"><img loading=\"lazy\" decoding=\"async\" class=\"alignnone wp-image-627 size-full\" src=\"http:\/\/lotsarnastockholm.se\/wp-content\/uploads\/2015\/11\/braffe.jpg\" alt=\"braffe\" width=\"3496\" height=\"2584\" srcset=\"https:\/\/lotsarnastockholm.se\/wp-content\/uploads\/2015\/11\/braffe.jpg 3496w, https:\/\/lotsarnastockholm.se\/wp-content\/uploads\/2015\/11\/braffe-300x222.jpg 300w, https:\/\/lotsarnastockholm.se\/wp-content\/uploads\/2015\/11\/braffe-1024x757.jpg 1024w\" sizes=\"(max-width: 3496px) 100vw, 3496px\" \/><\/a><\/p>\n<p><a href=\"http:\/\/lotsarnastockholm.se\/wp-content\/uploads\/2015\/11\/bittar.jpg\"><img loading=\"lazy\" decoding=\"async\" class=\"alignnone wp-image-626 size-full\" src=\"http:\/\/lotsarnastockholm.se\/wp-content\/uploads\/2015\/11\/bittar.jpg\" alt=\"bittar\" width=\"2083\" height=\"1697\" srcset=\"https:\/\/lotsarnastockholm.se\/wp-content\/uploads\/2015\/11\/bittar.jpg 2083w, https:\/\/lotsarnastockholm.se\/wp-content\/uploads\/2015\/11\/bittar-300x244.jpg 300w, https:\/\/lotsarnastockholm.se\/wp-content\/uploads\/2015\/11\/bittar-1024x834.jpg 1024w\" sizes=\"(max-width: 2083px) 100vw, 2083px\" \/><\/a><\/p>\n<p><a href=\"http:\/\/lotsarnastockholm.se\/wp-content\/uploads\/2015\/11\/benny.jpg\"><img loading=\"lazy\" decoding=\"async\" class=\"alignnone wp-image-625 size-full\" src=\"http:\/\/lotsarnastockholm.se\/wp-content\/uploads\/2015\/11\/benny.jpg\" alt=\"benny\" width=\"3368\" height=\"2299\" srcset=\"https:\/\/lotsarnastockholm.se\/wp-content\/uploads\/2015\/11\/benny.jpg 3368w, https:\/\/lotsarnastockholm.se\/wp-content\/uploads\/2015\/11\/benny-300x205.jpg 300w, https:\/\/lotsarnastockholm.se\/wp-content\/uploads\/2015\/11\/benny-1024x699.jpg 1024w\" sizes=\"(max-width: 3368px) 100vw, 3368px\" \/><\/a><\/p>\n<p><a href=\"http:\/\/lotsarnastockholm.se\/wp-content\/uploads\/2015\/11\/araskogs-\u00e4rtor.jpg\"><img loading=\"lazy\" decoding=\"async\" class=\"alignnone wp-image-624 size-full\" src=\"http:\/\/lotsarnastockholm.se\/wp-content\/uploads\/2015\/11\/araskogs-\u00e4rtor.jpg\" alt=\"araskogs \u00e4rtor\" width=\"3523\" height=\"2198\" srcset=\"https:\/\/lotsarnastockholm.se\/wp-content\/uploads\/2015\/11\/araskogs-\u00e4rtor.jpg 3523w, https:\/\/lotsarnastockholm.se\/wp-content\/uploads\/2015\/11\/araskogs-\u00e4rtor-300x187.jpg 300w, https:\/\/lotsarnastockholm.se\/wp-content\/uploads\/2015\/11\/araskogs-\u00e4rtor-1024x639.jpg 1024w\" sizes=\"(max-width: 3523px) 100vw, 3523px\" \/><\/a><\/p>\n<p><a href=\"http:\/\/lotsarnastockholm.se\/wp-content\/uploads\/2015\/11\/annika.jpg\"><img loading=\"lazy\" decoding=\"async\" class=\"alignnone wp-image-623 size-full\" src=\"http:\/\/lotsarnastockholm.se\/wp-content\/uploads\/2015\/11\/annika.jpg\" alt=\"annika\" width=\"3475\" height=\"2258\" srcset=\"https:\/\/lotsarnastockholm.se\/wp-content\/uploads\/2015\/11\/annika.jpg 3475w, https:\/\/lotsarnastockholm.se\/wp-content\/uploads\/2015\/11\/annika-300x195.jpg 300w, https:\/\/lotsarnastockholm.se\/wp-content\/uploads\/2015\/11\/annika-1024x665.jpg 1024w\" sizes=\"(max-width: 3475px) 100vw, 3475px\" \/><\/a><\/p>\n<p><a href=\"http:\/\/lotsarnastockholm.se\/wp-content\/uploads\/2015\/11\/1984lucia.jpg\"><img loading=\"lazy\" decoding=\"async\" class=\"alignnone wp-image-622 size-full\" src=\"http:\/\/lotsarnastockholm.se\/wp-content\/uploads\/2015\/11\/1984lucia.jpg\" alt=\"1984lucia\" width=\"4827\" height=\"1907\" srcset=\"https:\/\/lotsarnastockholm.se\/wp-content\/uploads\/2015\/11\/1984lucia.jpg 4827w, https:\/\/lotsarnastockholm.se\/wp-content\/uploads\/2015\/11\/1984lucia-300x119.jpg 300w, https:\/\/lotsarnastockholm.se\/wp-content\/uploads\/2015\/11\/1984lucia-1024x405.jpg 1024w\" sizes=\"(max-width: 4827px) 100vw, 4827px\" \/><\/a><\/p>\n<p><a href=\"http:\/\/lotsarnastockholm.se\/wp-content\/uploads\/2015\/11\/92-ulf-och-janne.jpg\"><img loading=\"lazy\" decoding=\"async\" class=\"alignnone wp-image-621 size-full\" src=\"http:\/\/lotsarnastockholm.se\/wp-content\/uploads\/2015\/11\/92-ulf-och-janne.jpg\" alt=\"92 ulf och janne\" width=\"3414\" height=\"2171\" srcset=\"https:\/\/lotsarnastockholm.se\/wp-content\/uploads\/2015\/11\/92-ulf-och-janne.jpg 3414w, https:\/\/lotsarnastockholm.se\/wp-content\/uploads\/2015\/11\/92-ulf-och-janne-300x191.jpg 300w, https:\/\/lotsarnastockholm.se\/wp-content\/uploads\/2015\/11\/92-ulf-och-janne-1024x651.jpg 1024w\" sizes=\"(max-width: 3414px) 100vw, 3414px\" \/><\/a><\/p>\n","protected":false},"excerpt":{"rendered":"<p>lite blandade bilder genom \u00e5ren<\/p>\n","protected":false},"author":1,"featured_media":0,"parent":0,"menu_order":0,"comment_status":"closed","ping_status":"closed","template":"","meta":{"footnotes":""},"class_list":["post-618","page","type-page","status-publish","hentry","entry"],"_links":{"self":[{"href":"https:\/\/lotsarnastockholm.se\/index.php\/wp-json\/wp\/v2\/pages\/618","targetHints":{"allow":["GET"]}}],"collection":[{"href":"https:\/\/lotsarnastockholm.se\/index.php\/wp-json\/wp\/v2\/pages"}],"about":[{"href":"https:\/\/lotsarnastockholm.se\/index.php\/wp-json\/wp\/v2\/types\/page"}],"author":[{"embeddable":true,"href":"https:\/\/lotsarnastockholm.se\/index.php\/wp-json\/wp\/v2\/users\/1"}],"replies":[{"embeddable":true,"href":"https:\/\/lotsarnastockholm.se\/index.php\/wp-json\/wp\/v2\/comments?post=618"}],"version-history":[{"count":6,"href":"https:\/\/lotsarnastockholm.se\/index.php\/wp-json\/wp\/v2\/pages\/618\/revisions"}],"predecessor-version":[{"id":6412,"href":"https:\/\/lotsarnastockholm.se\/index.php\/wp-json\/wp\/v2\/pages\/618\/revisions\/6412"}],"wp:attachment":[{"href":"https:\/\/lotsarnastockholm.se\/index.php\/wp-json\/wp\/v2\/media?parent=618"}],"curies":[{"name":"wp","href":"https:\/\/api.w.org\/{rel}","templated":true}]}}