{"id":6077,"date":"2023-12-11T22:09:30","date_gmt":"2023-12-11T21:09:30","guid":{"rendered":"https:\/\/lotsarnastockholm.se\/?page_id=6077"},"modified":"2023-12-11T22:09:31","modified_gmt":"2023-12-11T21:09:31","slug":"1799-ars-reglemente","status":"publish","type":"page","link":"https:\/\/lotsarnastockholm.se\/index.php\/1799-ars-reglemente\/","title":{"rendered":"1799 \u00e5rs reglemente"},"content":{"rendered":"\n<h3 class=\"wp-block-heading has-text-align-center\">F\u00f6r <br>Tj\u00e4nstg\u00f6ringen och Oeconomien<br>Inom<br>Lotswerket<br>samt<br>Fyr och B\u00e5kinr\u00e4ttningen. <br>Utf\u00e4rdadt<br> af Commiterade til f\u00f6rwaltande af Arme\u00e9ns<br>Flottas \u00c4render <br>Den 5 april 1799<\/h3>\n\n\n\n<div data-wp-interactive=\"core\/file\" class=\"wp-block-file\"><object data-wp-bind--hidden=\"!state.hasPdfPreview\" hidden class=\"wp-block-file__embed\" data=\"https:\/\/lotsarnastockholm.se\/wp-content\/uploads\/2023\/12\/1799-reglemente-forsta-delen.pdf\" type=\"application\/pdf\" style=\"width:100%;height:600px\" aria-label=\"Inb\u00e4ddning av 1799-reglemente.\"><\/object><a id=\"wp-block-file--media-e5cfaafc-e673-498d-a022-28e98db6356a\" href=\"https:\/\/lotsarnastockholm.se\/wp-content\/uploads\/2023\/12\/1799-reglemente-forsta-delen.pdf\">1799-reglemente<\/a><a href=\"https:\/\/lotsarnastockholm.se\/wp-content\/uploads\/2023\/12\/1799-reglemente-forsta-delen.pdf\" class=\"wp-block-file__button wp-element-button\" download aria-describedby=\"wp-block-file--media-e5cfaafc-e673-498d-a022-28e98db6356a\">Ladda ner<\/a><\/div>\n\n\n\n<p><\/p>\n","protected":false},"excerpt":{"rendered":"<p>F\u00f6r Tj\u00e4nstg\u00f6ringen och OeconomienInomLotswerketsamtFyr och B\u00e5kinr\u00e4ttningen. Utf\u00e4rdadt af Commiterade til f\u00f6rwaltande af Arme\u00e9nsFlottas \u00c4render Den 5 april 1799<\/p>\n","protected":false},"author":1,"featured_media":0,"parent":0,"menu_order":0,"comment_status":"closed","ping_status":"closed","template":"","meta":{"footnotes":""},"class_list":["post-6077","page","type-page","status-publish","hentry","entry"],"_links":{"self":[{"href":"https:\/\/lotsarnastockholm.se\/index.php\/wp-json\/wp\/v2\/pages\/6077","targetHints":{"allow":["GET"]}}],"collection":[{"href":"https:\/\/lotsarnastockholm.se\/index.php\/wp-json\/wp\/v2\/pages"}],"about":[{"href":"https:\/\/lotsarnastockholm.se\/index.php\/wp-json\/wp\/v2\/types\/page"}],"author":[{"embeddable":true,"href":"https:\/\/lotsarnastockholm.se\/index.php\/wp-json\/wp\/v2\/users\/1"}],"replies":[{"embeddable":true,"href":"https:\/\/lotsarnastockholm.se\/index.php\/wp-json\/wp\/v2\/comments?post=6077"}],"version-history":[{"count":1,"href":"https:\/\/lotsarnastockholm.se\/index.php\/wp-json\/wp\/v2\/pages\/6077\/revisions"}],"predecessor-version":[{"id":6079,"href":"https:\/\/lotsarnastockholm.se\/index.php\/wp-json\/wp\/v2\/pages\/6077\/revisions\/6079"}],"wp:attachment":[{"href":"https:\/\/lotsarnastockholm.se\/index.php\/wp-json\/wp\/v2\/media?parent=6077"}],"curies":[{"name":"wp","href":"https:\/\/api.w.org\/{rel}","templated":true}]}}