{"id":5288,"date":"2023-04-09T15:10:27","date_gmt":"2023-04-09T14:10:27","guid":{"rendered":"https:\/\/lotsarnastockholm.se\/?page_id=5288"},"modified":"2026-03-11T20:48:39","modified_gmt":"2026-03-11T19:48:39","slug":"salmis-lotsplats","status":"publish","type":"page","link":"https:\/\/lotsarnastockholm.se\/index.php\/salmis-lotsplats\/","title":{"rendered":"Salmi\/ Pahaluoto Lotsplatser"},"content":{"rendered":"\n<h3 class=\"wp-block-heading has-text-align-left\">Salmi Lotsplats<\/h3>\n\n\n\n<p class=\"has-text-align-left\"><a href=\"https:\/\/www.google.se\/maps\/place\/65%C2%B047'50.8%22N+24%C2%B000'34.3%22E\/@65.7974333,24.007328,17z\/data=!3m1!4b1!4m4!3m3!8m2!3d65.7974333!4d24.0095167\">65\u00b0 47.846&#8242; N 24\u00b0 0.571&#8242; E<\/a><\/p>\n\n\n\n<p>Salmi lotsplats anlades 1878 och indrogs 1 juli 1960 d\u00e5 lotsarna (tre st) omstationerades till Kalix<\/p>\n\n\n\n<p>Salmi lotsplats finns inte med i reglementen f\u00f6re 1878 d\u00e5 de f\u00f6rst n\u00e4mns i lotsningsstatistiken.<\/p>\n\n\n\n<p>Tillh\u00f6rde norra distriktet, Lule\u00e5 f\u00f6rdelning<\/p>\n\n\n\n<p>Lotsf\u00f6rordningen f\u00f6r 1896: Lotsarna uppassa i Salmi och emottaga fartygen i d\u00e4rvid n\u00e4mnd hamn, \u00e4vensom vid Pahaluoto och Tervakari. Lotsuppassning \u00e4ger icke rum i m\u00f6rker.<\/p>\n\n\n\n<p>1920 \u00e5rs b\u00e5tbest\u00e5nd:<br>1 halvd\u00e4ckad motorb\u00e5t byggd 1911 i furu, klink, 9&#215;2.4 med 8 hk Bolinder<br>1 segelb\u00e5t byggd 1913 i gran, klink, 8&#215;2.5<br>1 segelb\u00e5t byggd1911 i furu, klink, 7.9&#215;2.5<br>1 roddb\u00e5t byggd 1911, 4&#215;1,8<\/p>\n\n\n\n<p>1907 byggdes ett lotsuppassningshus<br>1930 fick Salmi telefon<br>1939 byggdes ett nytt lotsuppassningshus samt att uppassningen f\u00f6rflyttades. Uppassningen l\u00e5g p\u00e5 fastlandet SO om Salmi samh\u00e4lle.<br>1945 Ombyggnation av hus<\/p>\n\n\n\n<p>Lotsningarna de sista 20 \u00e5ren l\u00e5g runt 40-50 per \u00e5r och sista \u00e5ret 1960 var det endast 12 st<\/p>\n\n\n\n<figure class=\"wp-block-table alignwide\"><table class=\"has-fixed-layout\"><tbody><tr><td><strong>Efternamn<\/strong><\/td><td><strong>F\u00f6rnamn<\/strong><\/td><td><strong>F\u00f6rnamn<\/strong><\/td><td><strong>F\u00f6dd<\/strong><\/td><td><strong>Anst\u00e4lld<\/strong><\/td><td><strong>Avsked<\/strong><\/td><td><strong>D\u00f6d<\/strong><\/td><td>\u00d6vriga <strong>Lotsplatser<\/strong><\/td><\/tr><tr><td>Blomb\u00e4ck<\/td><td>Johan<\/td><td>Petter<\/td><td>1860<\/td><td>1882<\/td><td><\/td><td><\/td><td>Mal\u00f6ren<\/td><\/tr><tr><td>Blomb\u00e4ck<\/td><td>Oskar<\/td><td>&nbsp;<\/td><td>1868<\/td><td>1890<\/td><td>1905<\/td><td>1940<\/td><td>&nbsp;<\/td><\/tr><tr><td>Blomb\u00e4ck<\/td><td>Nils<\/td><td>Olof<\/td><td>1863<\/td><td>1887<\/td><td><\/td><td>1905<\/td><td>&nbsp;<\/td><\/tr><tr><td>Eklund<\/td><td>Gottfrid<\/td><td>&nbsp;<\/td><td>1878<\/td><td>1897<\/td><td>1938<\/td><td><\/td><td>&nbsp;<\/td><\/tr><tr><td>Eklund<\/td><td>Gottfrid<\/td><td>Emanuel<\/td><td>1908<\/td><td>1922<\/td><td>1968<\/td><td><\/td><td>Kalix<\/td><\/tr><tr><td>Larsson<\/td><td>John<\/td><td>August<\/td><td>1904<\/td><td>1926<\/td><td><\/td><td><\/td><td>Kalix<\/td><\/tr><tr><td>Johannessen<\/td><td>Teodor<\/td><td>&nbsp;<\/td><td>1882<\/td><td>1905<\/td><td><\/td><td><\/td><td>&nbsp;<\/td><\/tr><tr><td>Wiberg<\/td><td>Sven<\/td><td>Birger<\/td><td>1920<\/td><td>1949<\/td><td><\/td><td><\/td><td>Kalix, Jern\u00e4s, \u00d6rnsk\u00f6ldsvik,<\/td><\/tr><tr><td><em>Asplund<\/em><\/td><td><em>Bror<\/em><\/td><td><\/td><td>1922<\/td><td>1954-10-1<\/td><td><\/td><td><\/td><td><em>Anst\u00e4lld som B\u00e5tman<\/em><\/td><\/tr><\/tbody><\/table><figcaption class=\"wp-element-caption\">Lotsar vid Salmi Lotsplats<\/figcaption><\/figure>\n\n\n\n<figure class=\"wp-block-gallery has-nested-images columns-default is-cropped wp-block-gallery-1 is-layout-flex wp-block-gallery-is-layout-flex\">\n<figure class=\"wp-block-image size-large\"><a href=\"https:\/\/lotsarnastockholm.se\/wp-content\/uploads\/2025\/03\/eklund-emanuel-scaled.jpg\"><img fetchpriority=\"high\" decoding=\"async\" width=\"1024\" height=\"399\" data-id=\"7057\" src=\"https:\/\/lotsarnastockholm.se\/wp-content\/uploads\/2025\/03\/eklund-emanuel-1024x399.jpg\" alt=\"\" class=\"wp-image-7057\" srcset=\"https:\/\/lotsarnastockholm.se\/wp-content\/uploads\/2025\/03\/eklund-emanuel-1024x399.jpg 1024w, https:\/\/lotsarnastockholm.se\/wp-content\/uploads\/2025\/03\/eklund-emanuel-300x117.jpg 300w, https:\/\/lotsarnastockholm.se\/wp-content\/uploads\/2025\/03\/eklund-emanuel-768x299.jpg 768w, https:\/\/lotsarnastockholm.se\/wp-content\/uploads\/2025\/03\/eklund-emanuel-1536x599.jpg 1536w, https:\/\/lotsarnastockholm.se\/wp-content\/uploads\/2025\/03\/eklund-emanuel-2048x798.jpg 2048w, https:\/\/lotsarnastockholm.se\/wp-content\/uploads\/2025\/03\/eklund-emanuel-1568x611.jpg 1568w\" sizes=\"(max-width: 1024px) 100vw, 1024px\" \/><\/a><\/figure>\n\n\n\n<figure class=\"wp-block-image size-large\"><a href=\"https:\/\/lotsarnastockholm.se\/wp-content\/uploads\/2025\/03\/eklund-gottfrid-scaled.jpg\"><img decoding=\"async\" width=\"1024\" height=\"381\" data-id=\"7059\" src=\"https:\/\/lotsarnastockholm.se\/wp-content\/uploads\/2025\/03\/eklund-gottfrid-1024x381.jpg\" alt=\"\" class=\"wp-image-7059\" srcset=\"https:\/\/lotsarnastockholm.se\/wp-content\/uploads\/2025\/03\/eklund-gottfrid-1024x381.jpg 1024w, https:\/\/lotsarnastockholm.se\/wp-content\/uploads\/2025\/03\/eklund-gottfrid-300x112.jpg 300w, https:\/\/lotsarnastockholm.se\/wp-content\/uploads\/2025\/03\/eklund-gottfrid-768x286.jpg 768w, https:\/\/lotsarnastockholm.se\/wp-content\/uploads\/2025\/03\/eklund-gottfrid-1536x571.jpg 1536w, https:\/\/lotsarnastockholm.se\/wp-content\/uploads\/2025\/03\/eklund-gottfrid-2048x762.jpg 2048w, https:\/\/lotsarnastockholm.se\/wp-content\/uploads\/2025\/03\/eklund-gottfrid-1568x583.jpg 1568w\" sizes=\"(max-width: 1024px) 100vw, 1024px\" \/><\/a><\/figure>\n\n\n\n<figure class=\"wp-block-image size-large\"><a href=\"https:\/\/lotsarnastockholm.se\/wp-content\/uploads\/2025\/03\/larsson-john-scaled.jpg\"><img decoding=\"async\" width=\"1024\" height=\"386\" data-id=\"7058\" src=\"https:\/\/lotsarnastockholm.se\/wp-content\/uploads\/2025\/03\/larsson-john-1024x386.jpg\" alt=\"\" class=\"wp-image-7058\" srcset=\"https:\/\/lotsarnastockholm.se\/wp-content\/uploads\/2025\/03\/larsson-john-1024x386.jpg 1024w, https:\/\/lotsarnastockholm.se\/wp-content\/uploads\/2025\/03\/larsson-john-300x113.jpg 300w, https:\/\/lotsarnastockholm.se\/wp-content\/uploads\/2025\/03\/larsson-john-768x290.jpg 768w, https:\/\/lotsarnastockholm.se\/wp-content\/uploads\/2025\/03\/larsson-john-1536x580.jpg 1536w, https:\/\/lotsarnastockholm.se\/wp-content\/uploads\/2025\/03\/larsson-john-2048x773.jpg 2048w, https:\/\/lotsarnastockholm.se\/wp-content\/uploads\/2025\/03\/larsson-john-1568x592.jpg 1568w\" sizes=\"(max-width: 1024px) 100vw, 1024px\" \/><\/a><\/figure>\n<\/figure>\n\n\n\n<h3 class=\"wp-block-heading\">Pahaluoto Lotsplats (p\u00e5 \u00f6n Hanhinkari)<\/h3>\n\n\n\n<p><a href=\"https:\/\/www.google.se\/maps\/place\/65%C2%B045'38.5%22N+24%C2%B003'18.7%22E\/@65.7606833,24.0529893,17z\/data=!3m1!4b1!4m4!3m3!8m2!3d65.7606833!4d24.0551833\">65\u00b0 45.641\u2032 N 24\u00b0 3.311\u2032 E<\/a><\/p>\n\n\n\n<p>Registrerade lotsningar mellan 1875 och 1877 med cirka 30 lotsningar per \u00e5r<\/p>\n\n\n\n<p>Ur reglemente 1863: Lotsningsomr\u00e5de; Fr\u00e5n Pahaluoto till Tervakari respektive Sangis s\u00f6der om Seskar\u00f6n dito norr om Seskar\u00f6n, till Salmis fr\u00e5n Pahaluoto till sj\u00f6ss vid Mal\u00f6ren, dito vid Tervakari, Sangis och Salmi<\/p>\n\n\n\n<p>Ur reglemente 1868: Lotsarna uppassa vid Pahaluoto och Salmis (Lastageplats f\u00f6r Haparanda) och emottaga fartyg vid n\u00e4mnda st\u00e4llen och Tervakari. L\u00e5g i norra distriktet Lule\u00e5 f\u00f6rdelning under lots\u00e5lderman i Lule\u00e5.<\/p>\n\n\n\n<p>Ur &#8221;Rulla \u00f6fver lotsar med arvoden 1821-1881&#8221; har jag precis (juli 2025) hittat en lots som verkat i Pahaluoto, Lule\u00e5 f\u00f6rdelning och som inte \u00e5terfunnits tidigare, n\u00e4mligen;<\/p>\n\n\n\n<p> <em>Nils Olof Blomb\u00e4ck<\/em> f\u00f6dd 3 oktober 1827 som anst\u00e4lldes som extra lots 6 augusti 1856 och erh\u00f6ll lotstitel 11 maj 1881<\/p>\n\n\n\n<p><\/p>\n","protected":false},"excerpt":{"rendered":"<p>Salmi Lotsplats 65\u00b0 47.846&#8242; N 24\u00b0 0.571&#8242; E Salmi lotsplats anlades 1878 och indrogs 1 juli 1960 d\u00e5 lotsarna (tre st) omstationerades till Kalix Salmi lotsplats finns inte med i reglementen f\u00f6re 1878 d\u00e5 de f\u00f6rst n\u00e4mns i lotsningsstatistiken. Tillh\u00f6rde norra distriktet, Lule\u00e5 f\u00f6rdelning Lotsf\u00f6rordningen f\u00f6r 1896: Lotsarna uppassa i Salmi och emottaga fartygen i&hellip; <a class=\"more-link\" href=\"https:\/\/lotsarnastockholm.se\/index.php\/salmis-lotsplats\/\">Forts\u00e4tt l\u00e4sa <span class=\"screen-reader-text\">Salmi\/ Pahaluoto Lotsplatser<\/span><\/a><\/p>\n","protected":false},"author":1,"featured_media":0,"parent":0,"menu_order":0,"comment_status":"closed","ping_status":"closed","template":"","meta":{"footnotes":""},"class_list":["post-5288","page","type-page","status-publish","hentry","entry"],"_links":{"self":[{"href":"https:\/\/lotsarnastockholm.se\/index.php\/wp-json\/wp\/v2\/pages\/5288","targetHints":{"allow":["GET"]}}],"collection":[{"href":"https:\/\/lotsarnastockholm.se\/index.php\/wp-json\/wp\/v2\/pages"}],"about":[{"href":"https:\/\/lotsarnastockholm.se\/index.php\/wp-json\/wp\/v2\/types\/page"}],"author":[{"embeddable":true,"href":"https:\/\/lotsarnastockholm.se\/index.php\/wp-json\/wp\/v2\/users\/1"}],"replies":[{"embeddable":true,"href":"https:\/\/lotsarnastockholm.se\/index.php\/wp-json\/wp\/v2\/comments?post=5288"}],"version-history":[{"count":10,"href":"https:\/\/lotsarnastockholm.se\/index.php\/wp-json\/wp\/v2\/pages\/5288\/revisions"}],"predecessor-version":[{"id":7799,"href":"https:\/\/lotsarnastockholm.se\/index.php\/wp-json\/wp\/v2\/pages\/5288\/revisions\/7799"}],"wp:attachment":[{"href":"https:\/\/lotsarnastockholm.se\/index.php\/wp-json\/wp\/v2\/media?parent=5288"}],"curies":[{"name":"wp","href":"https:\/\/api.w.org\/{rel}","templated":true}]}}