{"id":5259,"date":"2023-04-07T21:56:56","date_gmt":"2023-04-07T20:56:56","guid":{"rendered":"https:\/\/lotsarnastockholm.se\/?page_id=5259"},"modified":"2026-03-24T15:46:34","modified_gmt":"2026-03-24T14:46:34","slug":"ranea-lotsplatser","status":"publish","type":"page","link":"https:\/\/lotsarnastockholm.se\/index.php\/ranea-lotsplatser\/","title":{"rendered":"R\u00e5ne\u00e5\/ T\u00f6re\/Jemt\u00f6sund Lotsplatser"},"content":{"rendered":"\n<h3 class=\"wp-block-heading\">R\u00e5ne\u00e5 eller Flakask\u00e4r<\/h3>\n\n\n\n<p><a href=\"https:\/\/www.google.se\/maps\/place\/65%C2%B050'48.1%22N+22%C2%B023'06.7%22E\/@65.8466833,22.3829893,17z\/data=!3m1!4b1!4m4!3m3!8m2!3d65.8466833!4d22.3851833\">65\u00b0 50.801&#8242; N 22\u00b0 23.111&#8242; E<\/a><\/p>\n\n\n\n<p>Upptogs som lotsplats cirka 1862 och nedlagd 1897<\/p>\n\n\n\n<p>Ur reglemente 1863: Lotsningsomr\u00e5de fr\u00e5n Flakask\u00e4r eller R\u00e5ne\u00e5 till T\u00f6re respektive Liggsk\u00e4r, Str\u00f6msund, J\u00e4mt\u00f6sund. Tillh\u00f6rde norra distriktet, Lule\u00e5 f\u00f6rdelning och l\u00e5g under lots\u00e5lderman i Lule\u00e5 1868 \u00e5rs reglemente: Lotsarna uppassa vid Flakask\u00e4r samt emottaga fartyg vid Str\u00f6msund, J\u00e4mt\u00f6sund och Flakask\u00e4r.<\/p>\n\n\n\n<p>K\u00e4nda lotsar \u00e4r Lotsf\u00f6rman Carl Erik Rutqvist f\u00f6dd 1845 anst\u00e4lld 1872 (tjg \u00e4ven vid Liggsk\u00e4rs Lpl) och m\u00e4sterlots 1888 samt lotsl\u00e4rling Nils Petter Broman f\u00f6dd 1876 anst\u00e4lld 1892 (Tjg \u00e4ven vid Liggsk\u00e4r och Lule\u00e5 Lpl)<\/p>\n\n\n\n<h3 class=\"wp-block-heading\">T\u00f6re\/Jemt\u00f6sund Lotsplats<\/h3>\n\n\n\n<p>Startade ca 1860 och lades ned\/sammanslogs med Kalix och Salmis 1960.<\/p>\n\n\n\n<p><a href=\"https:\/\/www.google.se\/maps\/place\/65%C2%B050'36.4%22N+22%C2%B041'17.5%22E\/@65.8434333,22.6860113,17z\/data=!3m1!4b1!4m4!3m3!8m2!3d65.8434333!4d22.6882\">65\u00b0 50.606\u2032 N 22\u00b0 41.292\u2032 E<\/a><\/p>\n\n\n\n<p>T\u00f6re Lotsplats (Jemt\u00f6sund fanns med i 1844 \u00e5rs f\u00f6rteckning&nbsp;<em>\u201d Lotsa vid kallelse: T\u00f6re, Liggsk\u00e4r, sj\u00f6s fr\u00e5n T\u00f6re\u201d&nbsp;<\/em>och det kan vara s\u00e5 att Jemt\u00f6sunds lpl sk\u00f6tte T\u00f6re innan det blev en egen plats, alternativt att det var Jemt\u00f6sunds lotsarna som flyttade till T\u00f6re 1863 ? Inga mer s\u00e4kra fakta finns om Jemt\u00f6sund.<\/p>\n\n\n\n<p>L\u00e5g i norra distriktet under Lule\u00e5 f\u00f6rdelning och lots\u00e5lderman.<\/p>\n\n\n\n<p>T\u00f6re n\u00e4mns f\u00f6rst i 1863 \u00e5rs reglemente: Lotsningsomr\u00e5de Fr\u00e5n T\u00f6re till Kalix respektive Flakask\u00e4r eller R\u00e5ne\u00e5, till sj\u00f6ss. Lotsplatsen l\u00e5g utanf\u00f6r Sikn\u00e4s p\u00e5 T\u00f6refj\u00e4rdens v\u00e4stra sida.<\/p>\n\n\n\n<p>1920 \u00e5rs b\u00e5tbest\u00e5nd:<br>1 motorb\u00e5t i gran\/furu, klink, 7.7\u00d72.5 med 8 hk Tellus<br>1 motorb\u00e5t byggd 1912 i gran, klink, 8\u00d72.5 med 10 hk Penta<br>1 roddb\u00e5t byggd 1918 i gran, klink,5.8\u00d71.5<br>1 roddb\u00e5t byggd 1905 i gran, klink,5.7\u00d71.9<\/p>\n\n\n\n<p>Lotsningarna l\u00e5g runt 40-50 de sista decennierna fram till st\u00e4ngning 1 juli 1960 d\u00e5 platsen uppgick i Kalix lpl.<\/p>\n\n\n\n<figure class=\"wp-block-table alignwide\"><table class=\"has-fixed-layout\"><tbody><tr><td><strong>Efternamn<\/strong><\/td><td><strong>F\u00f6rnamn<\/strong><\/td><td><strong>F\u00f6dd<\/strong><\/td><td><strong>I Staten<\/strong><\/td><td><strong>Lpl 1<\/strong><\/td><td><strong>Lpl 2<\/strong><\/td><td><strong>Lpl 3<\/strong><\/td><\/tr><tr><td>Johansson<\/td><td>Johannes<\/td><td>1840<\/td><td>1858<\/td><td>T\u00f6re<\/td><td><\/td><td><\/td><\/tr><tr><td>H\u00e4ggberg<\/td><td>Johan<\/td><td>1840<\/td><td>1875<\/td><td>T\u00f6re<\/td><td><\/td><td><\/td><\/tr><tr><td>Nilsson<\/td><td>Johan<\/td><td>1840<\/td><td>1875<\/td><td>T\u00f6re<\/td><td><\/td><td><\/td><\/tr><tr><td>Rutberg<\/td><td>Helmer<\/td><td>1877<\/td><td>1894<\/td><td>T\u00f6re<\/td><td><\/td><td><\/td><\/tr><tr><td>Strandberg<\/td><td>Frithiof<\/td><td>1876<\/td><td>1894<\/td><td>T\u00f6re<\/td><td><\/td><td><\/td><\/tr><tr><td>Krona<\/td><td>Johan<\/td><td>1880<\/td><td>1901<\/td><td>T\u00f6re<\/td><td><\/td><td><\/td><\/tr><tr><td>Sikstr\u00f6m<\/td><td>Johan<\/td><td>1883<\/td><td>1901<\/td><td>T\u00f6re<\/td><td><\/td><td><\/td><\/tr><tr><td>Sikstr\u00f6m<\/td><td>Olof<\/td><td>1890<\/td><td>1903<\/td><td>T\u00f6re<\/td><td><\/td><td><\/td><\/tr><tr><td>Wallgren<\/td><td>Olof<\/td><td>1892<\/td><td>1906<\/td><td>Mal\u00f6ren<\/td><td>Kalix<\/td><td>T\u00f6re<\/td><\/tr><tr><td>Johansson<\/td><td>Arvid<\/td><td>1894<\/td><td>1908<\/td><td>T\u00f6re<\/td><td><\/td><td><\/td><\/tr><tr><td>Sundkvist<\/td><td>Erik<\/td><td>1890<\/td><td>1908<\/td><td>T\u00f6re<\/td><td><\/td><td><\/td><\/tr><tr><td>Str\u00f6m<\/td><td>Albin<\/td><td>1896<\/td><td>1909<\/td><td>Kalix<\/td><td>Mal\u00f6ren<\/td><td>T\u00f6re<\/td><\/tr><tr><td>Str\u00f6m<\/td><td>Ernst<\/td><td>1897<\/td><td>1914<\/td><td>T\u00f6re<\/td><td><\/td><td><\/td><\/tr><tr><td>Sikstr\u00f6m<\/td><td>Axel<\/td><td>1899<\/td><td>1917<\/td><td>T\u00f6re<\/td><td><\/td><td><\/td><\/tr><tr><td>Johansson<\/td><td>Enock<\/td><td>1900<\/td><td>1919<\/td><td>T\u00f6re<\/td><td><\/td><td><\/td><\/tr><tr><td>Strandberg<\/td><td>Bertil<\/td><td>1909<\/td><td>1927<\/td><td>T\u00f6re<\/td><td><\/td><td><\/td><\/tr><tr><td>Wennstr\u00f6m<\/td><td>Ivan<\/td><td>1929<\/td><td>1957<\/td><td>T\u00f6re<\/td><td>Kalix<\/td><td><\/td><\/tr><\/tbody><\/table><\/figure>\n","protected":false},"excerpt":{"rendered":"<p>R\u00e5ne\u00e5 eller Flakask\u00e4r 65\u00b0 50.801&#8242; N 22\u00b0 23.111&#8242; E Upptogs som lotsplats cirka 1862 och nedlagd 1897 Ur reglemente 1863: Lotsningsomr\u00e5de fr\u00e5n Flakask\u00e4r eller R\u00e5ne\u00e5 till T\u00f6re respektive Liggsk\u00e4r, Str\u00f6msund, J\u00e4mt\u00f6sund. Tillh\u00f6rde norra distriktet, Lule\u00e5 f\u00f6rdelning och l\u00e5g under lots\u00e5lderman i Lule\u00e5 1868 \u00e5rs reglemente: Lotsarna uppassa vid Flakask\u00e4r samt emottaga fartyg vid Str\u00f6msund, J\u00e4mt\u00f6sund&hellip; <a class=\"more-link\" href=\"https:\/\/lotsarnastockholm.se\/index.php\/ranea-lotsplatser\/\">Forts\u00e4tt l\u00e4sa <span class=\"screen-reader-text\">R\u00e5ne\u00e5\/ T\u00f6re\/Jemt\u00f6sund Lotsplatser<\/span><\/a><\/p>\n","protected":false},"author":1,"featured_media":0,"parent":0,"menu_order":0,"comment_status":"closed","ping_status":"closed","template":"","meta":{"footnotes":""},"class_list":["post-5259","page","type-page","status-publish","hentry","entry"],"_links":{"self":[{"href":"https:\/\/lotsarnastockholm.se\/index.php\/wp-json\/wp\/v2\/pages\/5259","targetHints":{"allow":["GET"]}}],"collection":[{"href":"https:\/\/lotsarnastockholm.se\/index.php\/wp-json\/wp\/v2\/pages"}],"about":[{"href":"https:\/\/lotsarnastockholm.se\/index.php\/wp-json\/wp\/v2\/types\/page"}],"author":[{"embeddable":true,"href":"https:\/\/lotsarnastockholm.se\/index.php\/wp-json\/wp\/v2\/users\/1"}],"replies":[{"embeddable":true,"href":"https:\/\/lotsarnastockholm.se\/index.php\/wp-json\/wp\/v2\/comments?post=5259"}],"version-history":[{"count":8,"href":"https:\/\/lotsarnastockholm.se\/index.php\/wp-json\/wp\/v2\/pages\/5259\/revisions"}],"predecessor-version":[{"id":7845,"href":"https:\/\/lotsarnastockholm.se\/index.php\/wp-json\/wp\/v2\/pages\/5259\/revisions\/7845"}],"wp:attachment":[{"href":"https:\/\/lotsarnastockholm.se\/index.php\/wp-json\/wp\/v2\/media?parent=5259"}],"curies":[{"name":"wp","href":"https:\/\/api.w.org\/{rel}","templated":true}]}}