{"id":5187,"date":"2023-04-02T19:19:37","date_gmt":"2023-04-02T18:19:37","guid":{"rendered":"https:\/\/lotsarnastockholm.se\/?page_id=5187"},"modified":"2026-02-08T21:40:45","modified_gmt":"2026-02-08T20:40:45","slug":"bjuroklubb-wanora-lotsplats","status":"publish","type":"page","link":"https:\/\/lotsarnastockholm.se\/index.php\/bjuroklubb-wanora-lotsplats\/","title":{"rendered":"Bjur\u00f6klubb\/W\u00e5n\u00f6ra Lotsplats"},"content":{"rendered":"\n<p class=\"has-text-align-center\"><a href=\"https:\/\/www.google.se\/maps\/place\/64%C2%B028'40.3%22N+21%C2%B034'22.2%22E\/@64.4782327,21.5658426,16z\/data=!4m4!3m3!8m2!3d64.47785!4d21.5728333\" data-type=\"URL\" data-id=\"https:\/\/www.google.se\/maps\/place\/64%C2%B028'40.3%22N+21%C2%B034'22.2%22E\/@64.4782327,21.5658426,16z\/data=!4m4!3m3!8m2!3d64.47785!4d21.5728333\">64\u00b0 28.671&#8242; N 21\u00b0 34.370&#8242; E<\/a><\/p>\n\n\n\n<p><br>Bjur\u00f6klubb \/ W\u00e5n\u00f6ra<\/p>\n\n\n\n<p>Upptogs som lotsplats 1821 och lades ned 1966<br>Hette fr\u00e5n b\u00f6rjan W\u00e5n\u00f6ra men bytte namn 1862 till Bjur\u00f6klubb<\/p>\n\n\n\n<p>Den f\u00f6rste lotsen var fiskaren Peter Norstr\u00f6m. F\u00f6dd 22 februari 1795. Han antogs till M\u00e4sterlots den 13 december 1824, Avsked med pension 1855.<\/p>\n\n\n\n<p>Enligt 1820 \u00e5rs f\u00f6rteckning: Lotsning till Kallviken, G\u00e5s\u00f6ren, Skellefte\u00e5. Platsen l\u00e5g under lots\u00e5lderman i Ratan. 1 m\u00e4sterlots. 1 secundlots och 2 l\u00e4rlingar. Lots uppassa vid W\u00e5n\u00f6ra holme och emottaga fartygen ytterom de undervattensgrund som ligga utanf\u00f6r Bjur\u00f6klubb.<\/p>\n\n\n\n<p>Lite l\u00e4ngre fram i rullorna \u00e5terfinns f\u00f6ljande lotsar:<br>Johan Petter Johansson f\u00f6dd 6 juni 1825, lotsl\u00e4rling 4\/10 1838, sekundlots 16 feb 1845<br>Anders H\u00e4ggstr\u00f6m f\u00f6dd 1 april 1804, secundlots 27\/8 1841<br>Carl Johan Johansson antagen 30 okt 1845<br>Johan Pehr Norstr\u00f6m antagen 10 sept 1846<\/p>\n\n\n\n<p>Ur reglemente 1863: Lotsningsomr\u00e5de Fr\u00e5n Bjur\u00f6klubb till Kallviken, Gumboda, Sike\u00e5fj\u00e4rden, Ratan, Bure\u00e5, Skellefte\u00e5 lastageplats, till eller fr\u00e5n sj\u00f6n. Romels\u00f6, Storh\u00e5ge, Ursviken eller G\u00e4ven\u00e4s.<\/p>\n\n\n\n<p>Lotsarna uppassa \u00f6ster om klubben vid lotsuppassningsstugan och emottaga fartygen utanf\u00f6r grunden. Vid lotsplatsen finns en d\u00e4ckad kronolotsb\u00e5t vilkens kryssningsomr\u00e5de \u00e4r utanf\u00f6r de yttersta grunden vid Bjur\u00f6klubb.<\/p>\n\n\n\n<p>1920 \u00e5rs b\u00e5tbest\u00e5nd:<br>1 motorb\u00e5t byggd 1914 i furu, klink, 7.65&#215;2.52 med 6 hk motor<br>1 segelb\u00e5t byggd 1919 i furu, 7&#215;1.7<br>1 roddb\u00e5t i furu<\/p>\n\n\n\n<p>1904 byggdes ett uppassningshus<br>1928 anordnades en utkiksst\u00e4llning<br>1929 installerades telefon<br>1946 byggdes lotshamn med slip och bod<br>1949 byggdes nytt uppassningshus<\/p>\n\n\n\n<p>H\u00c4NDELSER<\/p>\n\n\n\n<p>1882 \u00c5tal mot kronolots L Holmqvist f\u00f6r grundst\u00f6tning med svenska skonertskeppet AUGUSTA. B\u00f6ter 25 kr<\/p>\n\n\n\n<p>1923 den 1\/10: F\u00f6r visat mod och r\u00e5dighet vid r\u00e4ddning av bef\u00e4lhavaren och tv\u00e5 man fr\u00e5n den i Danzig hemmah\u00f6rande S\/S ROSEFIED har lotsstyrelsen tilldelat penningbel\u00f6ning \u00e5t f\u00f6ljande personer vid Bjur\u00f6klubbs lotsplats: Lotsf\u00f6rman M. H\u00e4llgren och m\u00e4sterlots SR Wikberg vardera 100 kr samt \u00e5t lots sonen H. H\u00e4llgren 75 kr.<br><br>Lotsar vid Bjur\u00f6klubb<\/p>\n\n\n\n<figure class=\"wp-block-table alignwide\"><table class=\"has-fixed-layout\"><tbody><tr><td><strong>Efternamn<\/strong><\/td><td><strong>F\u00f6rnamn<\/strong><\/td><td><strong>F\u00f6dd<\/strong><\/td><td>I <strong>Staten<\/strong><\/td><td><strong>Lpl 1<\/strong><\/td><td><strong>Lpl 2<\/strong><\/td><\/tr><tr><td>Norstr\u00f6m<\/td><td>Peter<\/td><td>1795<\/td><td>1824<\/td><td>Bjur\u00f6klubb<\/td><td><\/td><\/tr><tr><td>Johansson<\/td><td>Johan<\/td><td>1825<\/td><td>1838<\/td><td>Bjur\u00f6klubb<\/td><td><\/td><\/tr><tr><td>H\u00e4ggstr\u00f6m<\/td><td>Anders<\/td><td>1804<\/td><td>1841<\/td><td>Bjur\u00f6klubb<\/td><td><\/td><\/tr><tr><td>Johansson<\/td><td>Carl<\/td><td><\/td><td>1845<\/td><td>Bjur\u00f6klubb<\/td><td><\/td><\/tr><tr><td>Norlund<\/td><td>John<\/td><td>1834<\/td><td>1846<\/td><td>Bjur\u00f6klubb<\/td><td><\/td><\/tr><tr><td>Norstr\u00f6m<\/td><td>Pehr<\/td><td><\/td><td>1846<\/td><td>Bjur\u00f6klubb<\/td><td><\/td><\/tr><tr><td>Larsson<\/td><td>Anders<\/td><td>1836<\/td><td>1862<\/td><td>Bjur\u00f6klubb<\/td><td><\/td><\/tr><tr><td>B\u00e4ckstr\u00f6m<\/td><td>Gustaf<\/td><td>1849<\/td><td>1863<\/td><td>Bjur\u00f6klubb<\/td><td><\/td><\/tr><tr><td>Lindberg<\/td><td>Oskar<\/td><td>1841<\/td><td>1867<\/td><td>Bjur\u00f6klubb<\/td><td>Ursviken<\/td><\/tr><tr><td>Sj\u00f6stedt<\/td><td>Bror<\/td><td>1846<\/td><td>1872<\/td><td>Bjur\u00f6klubb<\/td><td><\/td><\/tr><tr><td>Holmqvist<\/td><td>L<\/td><td><\/td><td>1882<\/td><td>Bjur\u00f6klubb<\/td><td><\/td><\/tr><tr><td>Westman<\/td><td>Carl<\/td><td>1875<\/td><td>1893<\/td><td>Bjur\u00f6klubb<\/td><td>R\u00f6nnsk\u00e4r<\/td><\/tr><tr><td>H\u00e4llgren<\/td><td>Mikael<\/td><td>1868<\/td><td>1894<\/td><td>Bjur\u00f6klubb<\/td><td><\/td><\/tr><tr><td>Wikstr\u00f6m<\/td><td>Johan<\/td><td>1875<\/td><td>1895<\/td><td>Bjur\u00f6klubb<\/td><td>Ursviken<\/td><\/tr><tr><td>B\u00e4ckstr\u00f6m<\/td><td>Gustaf<\/td><td>1874<\/td><td>1897<\/td><td>Bjur\u00f6klubb<\/td><td>Ursviken<\/td><\/tr><tr><td>Wikberg<\/td><td>Samuel<\/td><td>1874<\/td><td>1897<\/td><td>Bjur\u00f6klubb<\/td><td><\/td><\/tr><tr><td>Sj\u00f6stedt<\/td><td>Karl<\/td><td>1885<\/td><td>1901<\/td><td>Bjur\u00f6klubb<\/td><td><\/td><\/tr><tr><td>Granberg<\/td><td>Bror<\/td><td>1889<\/td><td>1906<\/td><td>Bjur\u00f6klubb<\/td><td><\/td><\/tr><tr><td>Lundmark<\/td><td>Seth<\/td><td>1888<\/td><td>1908<\/td><td>Bjur\u00f6klubb<\/td><td><\/td><\/tr><tr><td>Lundgren<\/td><td>John<\/td><td>1891<\/td><td>1911<\/td><td>Bjur\u00f6klubb<\/td><td><\/td><\/tr><tr><td>H\u00e4llgren<\/td><td>Sam<\/td><td>1900<\/td><td>1919<\/td><td>Bjur\u00f6klubb<\/td><td><\/td><\/tr><tr><td>Vestman<\/td><td>Gustaf<\/td><td>1903<\/td><td>1919<\/td><td>Bjur\u00f6klubb<\/td><td><\/td><\/tr><tr><td>Sj\u00f6stedt<\/td><td>Frans<\/td><td>1908<\/td><td>1923<\/td><td>Bjur\u00f6klubb<\/td><td><\/td><\/tr><tr><td>Eriksson<\/td><td>John<\/td><td>1919<\/td><td>1948<\/td><td>Bjur\u00f6klubb<\/td><td>Skellefte\u00e5<\/td><\/tr><tr><td>Bostr\u00f6m<\/td><td>Nils<\/td><td>1939<\/td><td>1952<\/td><td>Bjur\u00f6klubb<\/td><td><\/td><\/tr><tr><td>\u00d6ster<\/td><td>Karl<\/td><td>1929<\/td><td>1955<\/td><td>Bjur\u00f6klubb<\/td><td>Skellefte\u00e5<\/td><\/tr><\/tbody><\/table><\/figure>\n","protected":false},"excerpt":{"rendered":"<p>64\u00b0 28.671&#8242; N 21\u00b0 34.370&#8242; E Bjur\u00f6klubb \/ W\u00e5n\u00f6ra Upptogs som lotsplats 1821 och lades ned 1966Hette fr\u00e5n b\u00f6rjan W\u00e5n\u00f6ra men bytte namn 1862 till Bjur\u00f6klubb Den f\u00f6rste lotsen var fiskaren Peter Norstr\u00f6m. F\u00f6dd 22 februari 1795. Han antogs till M\u00e4sterlots den 13 december 1824, Avsked med pension 1855. Enligt 1820 \u00e5rs f\u00f6rteckning: Lotsning till&hellip; <a class=\"more-link\" href=\"https:\/\/lotsarnastockholm.se\/index.php\/bjuroklubb-wanora-lotsplats\/\">Forts\u00e4tt l\u00e4sa <span class=\"screen-reader-text\">Bjur\u00f6klubb\/W\u00e5n\u00f6ra Lotsplats<\/span><\/a><\/p>\n","protected":false},"author":1,"featured_media":0,"parent":0,"menu_order":0,"comment_status":"closed","ping_status":"closed","template":"","meta":{"footnotes":""},"class_list":["post-5187","page","type-page","status-publish","hentry","entry"],"_links":{"self":[{"href":"https:\/\/lotsarnastockholm.se\/index.php\/wp-json\/wp\/v2\/pages\/5187","targetHints":{"allow":["GET"]}}],"collection":[{"href":"https:\/\/lotsarnastockholm.se\/index.php\/wp-json\/wp\/v2\/pages"}],"about":[{"href":"https:\/\/lotsarnastockholm.se\/index.php\/wp-json\/wp\/v2\/types\/page"}],"author":[{"embeddable":true,"href":"https:\/\/lotsarnastockholm.se\/index.php\/wp-json\/wp\/v2\/users\/1"}],"replies":[{"embeddable":true,"href":"https:\/\/lotsarnastockholm.se\/index.php\/wp-json\/wp\/v2\/comments?post=5187"}],"version-history":[{"count":4,"href":"https:\/\/lotsarnastockholm.se\/index.php\/wp-json\/wp\/v2\/pages\/5187\/revisions"}],"predecessor-version":[{"id":7564,"href":"https:\/\/lotsarnastockholm.se\/index.php\/wp-json\/wp\/v2\/pages\/5187\/revisions\/7564"}],"wp:attachment":[{"href":"https:\/\/lotsarnastockholm.se\/index.php\/wp-json\/wp\/v2\/media?parent=5187"}],"curies":[{"name":"wp","href":"https:\/\/api.w.org\/{rel}","templated":true}]}}