{"id":5177,"date":"2023-04-01T19:46:59","date_gmt":"2023-04-01T18:46:59","guid":{"rendered":"https:\/\/lotsarnastockholm.se\/?page_id=5177"},"modified":"2026-03-06T20:38:07","modified_gmt":"2026-03-06T19:38:07","slug":"ratans-lotsplats","status":"publish","type":"page","link":"https:\/\/lotsarnastockholm.se\/index.php\/ratans-lotsplats\/","title":{"rendered":"Ratans Lotsplats"},"content":{"rendered":"\n<p class=\"has-text-align-center\"><a href=\"https:\/\/www.google.se\/maps\/place\/63%C2%B059'06.9%22N+20%C2%B053'43.5%22E\/@63.98525,20.893228,17z\/data=!3m1!4b1!4m4!3m3!8m2!3d63.98525!4d20.8954167\">63\u00b0 59.115&#8242; N 20\u00b0 53.725&#8242; E<\/a><\/p>\n\n\n\n<p>Lotsplatsen \u00f6ppnade 1767 och lades ned 1 januari 1964<\/p>\n\n\n\n<figure class=\"wp-block-gallery has-nested-images columns-default is-cropped wp-block-gallery-1 is-layout-flex wp-block-gallery-is-layout-flex\">\n<figure class=\"wp-block-image size-large\"><a href=\"https:\/\/lotsarnastockholm.se\/wp-content\/uploads\/2024\/01\/Prickning.jpg\"><img fetchpriority=\"high\" decoding=\"async\" width=\"664\" height=\"408\" data-id=\"6520\" src=\"https:\/\/lotsarnastockholm.se\/wp-content\/uploads\/2024\/01\/Prickning.jpg\" alt=\"\" class=\"wp-image-6520\" srcset=\"https:\/\/lotsarnastockholm.se\/wp-content\/uploads\/2024\/01\/Prickning.jpg 664w, https:\/\/lotsarnastockholm.se\/wp-content\/uploads\/2024\/01\/Prickning-300x184.jpg 300w\" sizes=\"(max-width: 664px) 100vw, 664px\" \/><\/a><figcaption class=\"wp-element-caption\">Bojstenar<\/figcaption><\/figure>\n\n\n\n<figure class=\"wp-block-image size-large\"><a href=\"https:\/\/lotsarnastockholm.se\/wp-content\/uploads\/2024\/01\/RATAN-Baken-o-lotshuset.jpg\"><img decoding=\"async\" width=\"1024\" height=\"768\" data-id=\"6522\" src=\"https:\/\/lotsarnastockholm.se\/wp-content\/uploads\/2024\/01\/RATAN-Baken-o-lotshuset-1024x768.jpg\" alt=\"\" class=\"wp-image-6522\" srcset=\"https:\/\/lotsarnastockholm.se\/wp-content\/uploads\/2024\/01\/RATAN-Baken-o-lotshuset-1024x768.jpg 1024w, https:\/\/lotsarnastockholm.se\/wp-content\/uploads\/2024\/01\/RATAN-Baken-o-lotshuset-300x225.jpg 300w, https:\/\/lotsarnastockholm.se\/wp-content\/uploads\/2024\/01\/RATAN-Baken-o-lotshuset-768x576.jpg 768w, https:\/\/lotsarnastockholm.se\/wp-content\/uploads\/2024\/01\/RATAN-Baken-o-lotshuset-1536x1152.jpg 1536w, https:\/\/lotsarnastockholm.se\/wp-content\/uploads\/2024\/01\/RATAN-Baken-o-lotshuset-1568x1176.jpg 1568w, https:\/\/lotsarnastockholm.se\/wp-content\/uploads\/2024\/01\/RATAN-Baken-o-lotshuset.jpg 2048w\" sizes=\"(max-width: 1024px) 100vw, 1024px\" \/><\/a><figcaption class=\"wp-element-caption\">Lotshus och b\u00e5k<\/figcaption><\/figure>\n\n\n\n<figure class=\"wp-block-image size-large\"><a href=\"https:\/\/lotsarnastockholm.se\/wp-content\/uploads\/2024\/01\/RATAN-Lp-Lotskajen-nyar-2021.jpg\"><img decoding=\"async\" width=\"768\" height=\"1024\" data-id=\"6521\" src=\"https:\/\/lotsarnastockholm.se\/wp-content\/uploads\/2024\/01\/RATAN-Lp-Lotskajen-nyar-2021-768x1024.jpg\" alt=\"\" class=\"wp-image-6521\" srcset=\"https:\/\/lotsarnastockholm.se\/wp-content\/uploads\/2024\/01\/RATAN-Lp-Lotskajen-nyar-2021-768x1024.jpg 768w, https:\/\/lotsarnastockholm.se\/wp-content\/uploads\/2024\/01\/RATAN-Lp-Lotskajen-nyar-2021-225x300.jpg 225w, https:\/\/lotsarnastockholm.se\/wp-content\/uploads\/2024\/01\/RATAN-Lp-Lotskajen-nyar-2021-1152x1536.jpg 1152w, https:\/\/lotsarnastockholm.se\/wp-content\/uploads\/2024\/01\/RATAN-Lp-Lotskajen-nyar-2021.jpg 1536w\" sizes=\"(max-width: 768px) 100vw, 768px\" \/><\/a><figcaption class=\"wp-element-caption\">Lotsb\u00e5tskajen<\/figcaption><\/figure>\n\n\n\n<figure class=\"wp-block-image size-large\"><a href=\"https:\/\/lotsarnastockholm.se\/wp-content\/uploads\/2024\/01\/Tjb-40-pa-slipen-Rataskar-60-tal.jpg\"><img loading=\"lazy\" decoding=\"async\" width=\"960\" height=\"642\" data-id=\"6519\" src=\"https:\/\/lotsarnastockholm.se\/wp-content\/uploads\/2024\/01\/Tjb-40-pa-slipen-Rataskar-60-tal.jpg\" alt=\"\" class=\"wp-image-6519\" srcset=\"https:\/\/lotsarnastockholm.se\/wp-content\/uploads\/2024\/01\/Tjb-40-pa-slipen-Rataskar-60-tal.jpg 960w, https:\/\/lotsarnastockholm.se\/wp-content\/uploads\/2024\/01\/Tjb-40-pa-slipen-Rataskar-60-tal-300x201.jpg 300w, https:\/\/lotsarnastockholm.se\/wp-content\/uploads\/2024\/01\/Tjb-40-pa-slipen-Rataskar-60-tal-768x514.jpg 768w\" sizes=\"(max-width: 960px) 100vw, 960px\" \/><\/a><figcaption class=\"wp-element-caption\">1960 talet Tjb 40 p\u00e5 slipen Ratask\u00e4r<\/figcaption><\/figure>\n<\/figure>\n\n\n\n<p>Norra Distriktet Ume\u00e5 F\u00f6rdelning. L\u00e5g under lots\u00e5ldermannen i Bredsk\u00e4r 1868.<\/p>\n\n\n\n<p>Lotsar i Ratan 1768: Zachris Holm och lotsdr\u00e4ngen Eric Erichsson.<\/p>\n\n\n\n<p>Ur \u201d Om lotsning och lotsar vid V\u00e4sterbottenskusten\u201d av Kurt Boberg<\/p>\n\n\n\n<p>Lotsplatsen \u00e4r den \u00e4ldsta av Bottenvikens svenska lotsplatser. Det skulle dr\u00f6ja \u00e4nda till 1760 talet innan lotseriet i Bottenviken fick n\u00e5gon fastare form, med start i Ratan. Under hela f\u00f6rsta h\u00e4lften av 1700 talet hade det <a href=\"https:\/\/sv.wikipedia.org\/wiki\/Bottniska_handelstv%C3%A5nget\" data-type=\"link\" data-id=\"https:\/\/sv.wikipedia.org\/wiki\/Bottniska_handelstv%C3%A5nget\">Bottniska handelstv\u00e5nget<\/a> varit den stora Norrlands fr\u00e5gan i den svenska riksdagen. Tv\u00e5nget som hindrat befolkningen p\u00e5 b\u00e5de \u00f6stra och v\u00e4stra sidan av Bottenviken att segla fritt med sina produkter ut i v\u00e4rlden upph\u00e4vdes f\u00f6r \u00f6vre Norrlands del 1767.<\/p>\n\n\n\n<p>Mycket tyder dock p\u00e5 att diskussionerna \u00e4nd\u00e5 lett till vissa f\u00f6rberedelser. Redan i januari 1759 hade amiralitetet haft sammantr\u00e4den med borgerskapet i bl.a. Ume\u00e5 och Pite\u00e5 f\u00f6r att diskutera placeringen av en lotsplats. &nbsp;I detta sammanhang talas det om lotsar b\u00e5de p\u00e5 Holm\u00f6n och i Ratan. Borgarna i b\u00e5da st\u00e4derna accepterar som Ratan som lotsstation. Man g\u00e5r s\u00e5 l\u00e5ngt i f\u00f6rslaget att man t\u00e4nker sig Ratan som stad med tiden.<\/p>\n\n\n\n<p>Fram till denna tid hade den av statsmakten organiserade lotsningsverksamheten av allt att d\u00f6ma haft en nordlig gr\u00e4ns vid Ume\u00e5. Hur pass v\u00e4l den fungerade \u00e4r dock oklart-Enligt rulla \u00f6ver lots och fyrbetj\u00e4ningen uti Norra distriktet 1821 fanns det fem lotsar p\u00e5 Ratans lotsplats.<\/p>\n\n\n\n<p>Enligt 1820 \u00e5rs f\u00f6rteckning: Till Holm\u00f6 R\u00f6nnsk\u00e4r, Fj\u00e4der\u00e4gg, sj\u00f6ss eller fr\u00e5n&nbsp; sj\u00f6n. 1 lots\u00e5lderman, 1 m\u00e4sterlots, 1 secundlots, 2 lotsl\u00e4rlingar. Lots uppassa vid b\u00e5ken p\u00e5 Ratask\u00e4et och emottaga fartygen en fj\u00e4rdedels mil utanf\u00f6r s\u00e5v\u00e4l s\u00f6dra som norra inloppen.<\/p>\n\n\n\n<p>Ur reglemente 1863: Lotsningsomr\u00e5de, fr\u00e5n Ratan till Bjur\u00f6klubb respektive Kallviken,Gumboda, Sike\u00e5fj\u00e4rden, Bjuren eller Tavast\u00f6ren, Bresk\u00e4r, S\u00e4fvars lastageplats, till och fr\u00e5n sj\u00f6n<\/p>\n\n\n\n<p>Ur regl 1868: Lots uppassa \u00e5 Ratask\u00e4r och emottaga fartygen utanf\u00f6r grunden s\u00e5v\u00e4l vid norra som s\u00f6dra inloppen. Vid lotsplatsen finns en kronolotsb\u00e5t.<\/p>\n\n\n\n<p>1920 \u00e5rs b\u00e5tbest\u00e5nd<br>1 d\u00e4ckad kutter byggd 1918 i furu, j\u00e4rnspant, 9.15&#215;2.45 med 6 hk Avance<br>1 segelb\u00e5t byggd 1902 i furu, 6.5&#215;1.8<br>1 segelb\u00e5t byggd 1914, 6&#215;1.5<br>1 roddb\u00e5t byggd 1918, 4.5&#215;1.5<br>1 roddb\u00e5t byggd 1916, 4.9&#215;1.5<br>1 prickb\u00e5t byggd 1914, 8&#215;2.7<\/p>\n\n\n\n<p>H\u00c4NDELSER:<br>1894 den 18 aug hade en m\u00e4sterlots och en lots vid Ratans lotsplats under h\u00e5rd NO storm och h\u00f6g sj\u00f6 med b\u00e5t utg\u00e5tt ifr\u00e5n Ratan och varit \u00e5 svenska slupen LOVISA behj\u00e4lpliga att f\u00f6ra fartyget till Holmsund. Med h\u00e4nsyn till lotsarnas vid tillf\u00e4llet visade nit i uppfyllande av sin tj\u00e4nsteplikt fann lotsstyrelsen det sk\u00e4ligt tilldela dem vardera 15 kr.<\/p>\n\n\n\n<p>1903 den 22 aug utgick fr\u00e5n Ratans lotsplats en lotsf\u00f6rman 1 m\u00e4sterlots 1 lots samt en lotsl\u00e4rling och inlotsade under orkanartad storm svenska barken ORION till Sike\u00e5. Lotsarna tilldelas h\u00e4rf\u00f6r 30 kr vardera<\/p>\n\n\n\n<p>1905 den 2 okt l\u00e4mnar lotsf\u00f6rman 1 lots och en lotsl\u00e4rling alla vid Ratans lotsplats under NO storm och h\u00f6g sj\u00f6 med fara f\u00f6r egna liv lotsbitr\u00e4de \u00e5t i Kalmar hemmah\u00f6rande skonerten IDA. Lotsf\u00f6rman tilldelas 25 kr och envar av de \u00f6vriga 20 kr.<\/p>\n\n\n\n<p>1947 byggdes nytt lotsuppassningshus<br>1951 installerades elektrisk belysning i uppassningshuset p\u00e5 Ratask\u00e4r<\/p>\n\n\n\n<figure class=\"wp-block-image size-large\"><a href=\"https:\/\/lotsarnastockholm.se\/wp-content\/uploads\/2025\/03\/ekholm-scaled.jpg\"><img loading=\"lazy\" decoding=\"async\" width=\"1024\" height=\"358\" src=\"https:\/\/lotsarnastockholm.se\/wp-content\/uploads\/2025\/03\/ekholm-1024x358.jpg\" alt=\"\" class=\"wp-image-7140\" srcset=\"https:\/\/lotsarnastockholm.se\/wp-content\/uploads\/2025\/03\/ekholm-1024x358.jpg 1024w, https:\/\/lotsarnastockholm.se\/wp-content\/uploads\/2025\/03\/ekholm-300x105.jpg 300w, https:\/\/lotsarnastockholm.se\/wp-content\/uploads\/2025\/03\/ekholm-768x269.jpg 768w, https:\/\/lotsarnastockholm.se\/wp-content\/uploads\/2025\/03\/ekholm-1536x537.jpg 1536w, https:\/\/lotsarnastockholm.se\/wp-content\/uploads\/2025\/03\/ekholm-2048x716.jpg 2048w, https:\/\/lotsarnastockholm.se\/wp-content\/uploads\/2025\/03\/ekholm-1568x548.jpg 1568w\" sizes=\"(max-width: 1024px) 100vw, 1024px\" \/><\/a><\/figure>\n\n\n\n<p>Lotsar o b\u00e5tm\u00e4n vid Ratans Lpl<\/p>\n\n\n\n<figure class=\"wp-block-table alignwide\"><table class=\"has-fixed-layout\"><tbody><tr><td><strong>Efternamn<\/strong><\/td><td><strong>F\u00f6rnamn<\/strong><\/td><td><strong>F\u00f6dd<\/strong><\/td><td><strong>I Staten<\/strong><\/td><td><strong>B\u00e5tman<\/strong><\/td><td><strong>Lpl 1<\/strong><\/td><td><strong>Lpl 2<\/strong><\/td><td><strong>Lpl 3<\/strong><\/td><\/tr><tr><td>Ericsson<\/td><td>Erich<\/td><td><\/td><td>1768<\/td><td><\/td><td>Ratan<\/td><td><\/td><td><\/td><\/tr><tr><td>Holm<\/td><td>Zachris<\/td><td><\/td><td>1768<\/td><td><\/td><td>Ratan<\/td><td><\/td><td><\/td><\/tr><tr><td>Norlin<\/td><td>Jon<\/td><td>1778<\/td><td><\/td><td><\/td><td>Ratan<\/td><td><\/td><td><\/td><\/tr><tr><td>Norlin<\/td><td>Jon<\/td><td>1818<\/td><td><\/td><td><\/td><td>Ratan<\/td><td><\/td><td><\/td><\/tr><tr><td>Norlin<\/td><td>Anders<\/td><td>1828<\/td><td><\/td><td><\/td><td>Ratan<\/td><td><\/td><td><\/td><\/tr><tr><td>R\u00f6nnmark<\/td><td>Jon<\/td><td><\/td><td><\/td><td><\/td><td>Ratan<\/td><td><\/td><td><\/td><\/tr><tr><td>Johansson<\/td><td>Olof<\/td><td>1834<\/td><td>1874<\/td><td><\/td><td>Ratan<\/td><td><\/td><td><\/td><\/tr><tr><td>Norlin<\/td><td>Jonas<\/td><td>1850<\/td><td>1874<\/td><td><\/td><td>Ratan<\/td><td><\/td><td><\/td><\/tr><tr><td>Norlin<\/td><td>Johan<\/td><td>1857<\/td><td>1874<\/td><td><\/td><td>Ratan<\/td><td><\/td><td><\/td><\/tr><tr><td>Wikstr\u00f6m<\/td><td>Johan<\/td><td>1859<\/td><td>1885<\/td><td><\/td><td>Ratan<\/td><td>Romels\u00f6<\/td><td>Ursviken<\/td><\/tr><tr><td>Edstedt<\/td><td>Carl<\/td><td>1869<\/td><td>1890<\/td><td><\/td><td>Ratan<\/td><td><\/td><td><\/td><\/tr><tr><td>Landergren<\/td><td>Nils<\/td><td>1839<\/td><td>1893<\/td><td><\/td><td>Ratan<\/td><td><\/td><td><\/td><\/tr><tr><td>Blomgren<\/td><td>Nils<\/td><td>1869<\/td><td>1896<\/td><td><\/td><td>Ratan<\/td><td><\/td><td><\/td><\/tr><tr><td>Norlin<\/td><td>Pehr<\/td><td>1872<\/td><td>1896<\/td><td><\/td><td>Ratan<\/td><td><\/td><td><\/td><\/tr><tr><td>Boberg<\/td><td>John<\/td><td>1876<\/td><td><\/td><td><\/td><td>Ratan<\/td><td><\/td><td><\/td><\/tr><tr><td>Vikstr\u00f6m<\/td><td>Gottfrid<\/td><td>1885<\/td><td>1903<\/td><td><\/td><td>Ursviken<\/td><td>Ratan<\/td><td><\/td><\/tr><tr><td>Norlin<\/td><td>Hjalmar<\/td><td>1888<\/td><td>1906<\/td><td><\/td><td>Ratan<\/td><td><\/td><td><\/td><\/tr><tr><td>B\u00e4ckstr\u00f6m<\/td><td>Georg<\/td><td>1889<\/td><td>1909<\/td><td><\/td><td>Ratan<\/td><td><\/td><td><\/td><\/tr><tr><td>Boberg<\/td><td>Peder<\/td><td>1891<\/td><td>1912<\/td><td><\/td><td>Bredsk\u00e4r<\/td><td>Ratan<\/td><td><\/td><\/tr><tr><td>Edstedt<\/td><td>Karl<\/td><td>1896<\/td><td>1913<\/td><td><\/td><td>Ratan<\/td><td>G\u00e4vle<\/td><td><\/td><\/tr><tr><td>Jonsson<\/td><td>Carl<\/td><td>1894<\/td><td>1914<\/td><td><\/td><td>Ratan<\/td><td><\/td><td><\/td><\/tr><tr><td>Granstr\u00f6m<\/td><td>Johan<\/td><td>1892<\/td><td>1915<\/td><td><\/td><td>Ratan<\/td><td>Bredsk\u00e4r<\/td><td><\/td><\/tr><tr><td>Lundgren<\/td><td>Torsten<\/td><td>1899<\/td><td>1917<\/td><td><\/td><td>Bredsk\u00e4r<\/td><td>Ratan<\/td><td><\/td><\/tr><tr><td>\u00d6berg<\/td><td>Johan<\/td><td>1898<\/td><td>1917<\/td><td><\/td><td>Ratan<\/td><td><\/td><td><\/td><\/tr><tr><td>Olofsson<\/td><td>Petrus<\/td><td>1903<\/td><td>1921<\/td><td><\/td><td>Ratan<\/td><td><\/td><td><\/td><\/tr><tr><td>Bergmark<\/td><td>Sven<\/td><td>1905<\/td><td>1922<\/td><td><\/td><td>Romels\u00f6<\/td><td>Ursviken<\/td><td>Ratan\/R\u00f6nnsk\u00e4r<\/td><\/tr><tr><td>Ekholm<\/td><td>Sven<\/td><td>1901<\/td><td>1922<\/td><td><\/td><td>Ratan<\/td><td>Mal\u00f6ren<\/td><td><\/td><\/tr><tr><td>Wikstr\u00f6m<\/td><td>Edward<\/td><td>1908<\/td><td>1925<\/td><td><\/td><td>Ratan<\/td><td>Ursviken<\/td><td><\/td><\/tr><tr><td>Edstedt<\/td><td>Folke<\/td><td>1910<\/td><td>1927<\/td><td><\/td><td>Ratan<\/td><td>Dalar\u00f6<\/td><td>Stockholm<\/td><\/tr><tr><td>Lundberg<\/td><td>Nils<\/td><td>1919<\/td><td>1946<\/td><td><\/td><td>Ratan<\/td><td>\u00d6rnsk\u00f6ldsvik<\/td><td><\/td><\/tr><tr><td>Norlund<\/td><td>Alf<\/td><td>1913<\/td><td>1946<\/td><td>1953-10-01<\/td><td>Ratan<\/td><td><\/td><td><\/td><\/tr><tr><td>Isberg<\/td><td>Axel<\/td><td>1903<\/td><td>1953<\/td><td>1958-05-02<\/td><td>Ratan<\/td><td><\/td><td><\/td><\/tr><tr><td>\u00c5hman<\/td><td>Roland<\/td><td>1931<\/td><td>1955<\/td><td><\/td><td>Romels\u00f6<\/td><td>R\u00f6nnsk\u00e4r<\/td><td>Ratan\/Pite\u00e5\/Skellefte\u00e5<\/td><\/tr><tr><td>Bostr\u00f6m<\/td><td>Lars<\/td><td>1940<\/td><td>1957<\/td><td>1959-07-01<\/td><td>Ratan<\/td><td><\/td><td><\/td><\/tr><\/tbody><\/table><\/figure>\n","protected":false},"excerpt":{"rendered":"<p>63\u00b0 59.115&#8242; N 20\u00b0 53.725&#8242; E Lotsplatsen \u00f6ppnade 1767 och lades ned 1 januari 1964 Norra Distriktet Ume\u00e5 F\u00f6rdelning. L\u00e5g under lots\u00e5ldermannen i Bredsk\u00e4r 1868. Lotsar i Ratan 1768: Zachris Holm och lotsdr\u00e4ngen Eric Erichsson. Ur \u201d Om lotsning och lotsar vid V\u00e4sterbottenskusten\u201d av Kurt Boberg Lotsplatsen \u00e4r den \u00e4ldsta av Bottenvikens svenska lotsplatser. Det&hellip; <a class=\"more-link\" href=\"https:\/\/lotsarnastockholm.se\/index.php\/ratans-lotsplats\/\">Forts\u00e4tt l\u00e4sa <span class=\"screen-reader-text\">Ratans Lotsplats<\/span><\/a><\/p>\n","protected":false},"author":1,"featured_media":0,"parent":0,"menu_order":0,"comment_status":"closed","ping_status":"closed","template":"","meta":{"footnotes":""},"class_list":["post-5177","page","type-page","status-publish","hentry","entry"],"_links":{"self":[{"href":"https:\/\/lotsarnastockholm.se\/index.php\/wp-json\/wp\/v2\/pages\/5177","targetHints":{"allow":["GET"]}}],"collection":[{"href":"https:\/\/lotsarnastockholm.se\/index.php\/wp-json\/wp\/v2\/pages"}],"about":[{"href":"https:\/\/lotsarnastockholm.se\/index.php\/wp-json\/wp\/v2\/types\/page"}],"author":[{"embeddable":true,"href":"https:\/\/lotsarnastockholm.se\/index.php\/wp-json\/wp\/v2\/users\/1"}],"replies":[{"embeddable":true,"href":"https:\/\/lotsarnastockholm.se\/index.php\/wp-json\/wp\/v2\/comments?post=5177"}],"version-history":[{"count":8,"href":"https:\/\/lotsarnastockholm.se\/index.php\/wp-json\/wp\/v2\/pages\/5177\/revisions"}],"predecessor-version":[{"id":7789,"href":"https:\/\/lotsarnastockholm.se\/index.php\/wp-json\/wp\/v2\/pages\/5177\/revisions\/7789"}],"wp:attachment":[{"href":"https:\/\/lotsarnastockholm.se\/index.php\/wp-json\/wp\/v2\/media?parent=5177"}],"curies":[{"name":"wp","href":"https:\/\/api.w.org\/{rel}","templated":true}]}}