{"id":5036,"date":"2023-03-31T16:33:10","date_gmt":"2023-03-31T15:33:10","guid":{"rendered":"https:\/\/lotsarnastockholm.se\/?page_id=5036"},"modified":"2026-02-28T20:09:49","modified_gmt":"2026-02-28T19:09:49","slug":"kalix-lotsplats","status":"publish","type":"page","link":"https:\/\/lotsarnastockholm.se\/index.php\/kalix-lotsplats\/","title":{"rendered":"Kalix Lotsplats"},"content":{"rendered":"\n<p class=\"has-text-align-center\"><a href=\"https:\/\/www.google.se\/maps\/place\/65%C2%B051'12.2%22N+23%C2%B007'57.3%22E\/@65.8533833,23.1303893,17z\/data=!3m1!4b1!4m4!3m3!8m2!3d65.8533833!4d23.1325833\" data-type=\"URL\" data-id=\"https:\/\/www.google.se\/maps\/place\/65%C2%B051'12.2%22N+23%C2%B007'57.3%22E\/@65.8533833,23.1303893,17z\/data=!3m1!4b1!4m4!3m3!8m2!3d65.8533833!4d23.1325833\">65\u00b0 51.203&#8242; N 23\u00b0 7.955&#8242; E<\/a><\/p>\n\n\n\n<p>Anlagd n\u00e5gon g\u00e5ng mellan 1844 och 1862. 1932 Sammanslogs med Mal\u00f6rens lotsplats.<\/p>\n\n\n\n<p>Fanns ej med i 1820 \u00e5rs f\u00f6rteckning.<\/p>\n\n\n\n<p>Ur reglemente 1863: Lotsningsomr\u00e5de fr\u00e5n Kalix till Sangis respektive Mal\u00f6ren, T\u00f6refors till sj\u00f6ss, Pahaluoto inre leden. Lotsarna emottaga fartyg vid Kalix kyrkstad och Kalix lastageplats, Karlsborg \u00e4vensom vid Kangis.<\/p>\n\n\n\n<p>1881: \u00c5tal mot JF Wikstr\u00f6m ang\u00e5ende engelska S\/S DOUGLAS grundst\u00f6tning \u00e5 Nygrund. 2 m\u00e5n f\u00e4ngelsestraff.<\/p>\n\n\n\n<p>1886 byggdes ett lotsuppassningshus vid Kalix lotsplats.<\/p>\n\n\n\n<p>Ur lotsledsf\u00f6rteckningen 1916; Lots uppassa vid Karlsborg och emottaga fartyg d\u00e4rutanf\u00f6r.<\/p>\n\n\n\n<p>1920: Vid Kalix lotsplats som flyttats fr\u00e5n Karlsborgs s\u00e5gverk till Eirk\u00f6ren, nytt uppassningshus uppf\u00f6rdes av AB Ytterfors-Munksund som ers\u00e4ttning f\u00f6r det gamla lotsuppassningshuset, nya uthus samt ny b\u00e5tbrygga.<\/p>\n\n\n\n<p>1920 \u00e5rs b\u00e5tbest\u00e5nd:<br>1 halvd\u00e4ckad motorb\u00e5t byggd 1915 i furu,klink, 9\u00d72,4 med 10 hk Penta<br>1 halvd\u00e4ckad motorb\u00e5t i ek, 7 m med 5 hk motor<br>1 segelb\u00e5t byggd 1919 i furu, klink 7.4\u00d72.5<br>1 segelb\u00e5t byggd 1907 i gran, klink, 7.8\u00d72.6<br>1 roddb\u00e5t i ek, 5\u00d71.5<br>1 prickb\u00e5t byggd 1918 i furu, klink, 7.5\u00d73.4<\/p>\n\n\n\n<p>1938 fick Kalix lpl ny lotsb\u00e5t. Skrovet i ek med d\u00e4ck av oregon pine samt kopparf\u00f6rhydrad. 10.8\u00d73.35 djg 1.16, motor 40 hk Ellwe diesel<\/p>\n\n\n\n<p>1953 ombyggdes lotsuppassningshuset p\u00e5 Erik\u00f6ren och fick vatten och avlopp.<\/p>\n\n\n\n<p>Nedan listas platsens lotsar, samt i tidsf\u00f6ljd \u00f6vriga lotsplatser de varit p\u00e5. Nytt sedan 2026 \u00e4r att \u00e4ven b\u00e5tm\u00e4n anst\u00e4llda 1925-1991 \u00e4r noterade med anst\u00e4llningsdag som b\u00e5tman.<\/p>\n\n\n\n<figure class=\"wp-block-table alignwide\"><table class=\"has-fixed-layout\"><tbody><tr><td><strong>Efternamn<\/strong><\/td><td><strong>F\u00f6rnamn<\/strong><\/td><td><strong>F\u00f6dd<\/strong><\/td><td><strong>I Staten<\/strong><\/td><td><strong>B\u00e5tman<\/strong><\/td><td><strong>Lpl 1<\/strong><\/td><td><strong>\u00d6vriga<\/strong><\/td><\/tr><tr><td>Wikstr\u00f6m<\/td><td>Johan<\/td><td>1838<\/td><td><\/td><td><\/td><td>Kalix<\/td><td><\/td><\/tr><tr><td>Blomb\u00e4ck<\/td><td>Carl<\/td><td>1846<\/td><td>1872<\/td><td><\/td><td>Kalix<\/td><td><\/td><\/tr><tr><td>Wikstr\u00f6m<\/td><td>Nils<\/td><td>1859<\/td><td>1875<\/td><td><\/td><td>Kalix<\/td><td><\/td><\/tr><tr><td>Blomb\u00e4ck<\/td><td>Erik<\/td><td>1858<\/td><td>1877<\/td><td><\/td><td>Kalix<\/td><td><\/td><\/tr><tr><td>Johansson<\/td><td>Johan<\/td><td>1860<\/td><td>1883<\/td><td><\/td><td>Kalix<\/td><td><\/td><\/tr><tr><td>Sundqvist<\/td><td>Henrik<\/td><td>1867<\/td><td>1885<\/td><td><\/td><td>Mal\u00f6ren<\/td><td>Kalix<\/td><\/tr><tr><td>B\u00e4ckstr\u00f6m<\/td><td>Karl<\/td><td>1859<\/td><td>1887<\/td><td><\/td><td>Kalix<\/td><td>Mal\u00f6ren<\/td><\/tr><tr><td>Wikstr\u00f6m<\/td><td>Johan<\/td><td>1866<\/td><td>1889<\/td><td><\/td><td>Kalix<\/td><td><\/td><\/tr><tr><td>Rotsten<\/td><td>Karl<\/td><td>1869<\/td><td>1890<\/td><td><\/td><td>Kalix<\/td><td><\/td><\/tr><tr><td>Rotsten<\/td><td>Otto<\/td><td>1871<\/td><td>1891<\/td><td><\/td><td>Kalix<\/td><td><\/td><\/tr><tr><td>Blomb\u00e4ck<\/td><td>Carl<\/td><td>1882<\/td><td>1894<\/td><td><\/td><td>Kalix<\/td><td><\/td><\/tr><tr><td>Wikstr\u00f6m<\/td><td>Johan<\/td><td>1879<\/td><td>1894<\/td><td><\/td><td>Mal\u00f6ren<\/td><td>Kalix<\/td><\/tr><tr><td>Envall<\/td><td>Andreas<\/td><td>1876<\/td><td>1898<\/td><td><\/td><td>Kalix<\/td><td><\/td><\/tr><tr><td>Lindvall<\/td><td>Leo<\/td><td>1874<\/td><td>1899<\/td><td><\/td><td>R\u00f6dkallen<\/td><td>Kalix\/Mal\u00f6ren<\/td><\/tr><tr><td>Wallgren<\/td><td>Karl<\/td><td>1879<\/td><td>1901<\/td><td><\/td><td>Mal\u00f6ren<\/td><td>Kalix<\/td><\/tr><tr><td>\u00c5str\u00f6m<\/td><td>Karl<\/td><td>1882<\/td><td>1901<\/td><td><\/td><td>Mal\u00f6ren<\/td><td>Kalix<\/td><\/tr><tr><td>Blomb\u00e4ck<\/td><td>Johan<\/td><td>1886<\/td><td>1903<\/td><td><\/td><td>Kalix<\/td><td><\/td><\/tr><tr><td>Blomb\u00e4ck<\/td><td>Anton<\/td><td>1889<\/td><td>1904<\/td><td><\/td><td>Kalix<\/td><td><\/td><\/tr><tr><td>Wallgren<\/td><td>Albert<\/td><td>1889<\/td><td>1905<\/td><td><\/td><td>Mal\u00f6ren<\/td><td>Kalix<\/td><\/tr><tr><td>Wikstr\u00f6m<\/td><td>Johan<\/td><td>1886<\/td><td>1905<\/td><td><\/td><td>Kalix<\/td><td><\/td><\/tr><tr><td>Wallgren<\/td><td>Olof<\/td><td>1892<\/td><td>1906<\/td><td><\/td><td>Mal\u00f6ren<\/td><td>Kalix\/T\u00f6re<\/td><\/tr><tr><td>Sennstr\u00f6m<\/td><td>Ernst<\/td><td>1891<\/td><td>1909<\/td><td><\/td><td>Kalix<\/td><td><\/td><\/tr><tr><td>Str\u00f6m<\/td><td>Albin<\/td><td>1896<\/td><td>1909<\/td><td><\/td><td>Kalix<\/td><td>Mal\u00f6ren\/T\u00f6re<\/td><\/tr><tr><td>Lindb\u00e4ck<\/td><td>Karl<\/td><td>1887<\/td><td>1912<\/td><td><\/td><td>Kalix<\/td><td>Mal\u00f6ren<\/td><\/tr><tr><td>Lindb\u00e4ck<\/td><td>Karl<\/td><td>1897<\/td><td>1912<\/td><td><\/td><td>Mal\u00f6ren<\/td><td>Kalix<\/td><\/tr><tr><td>Wikstr\u00f6m<\/td><td>Rickard<\/td><td>1890<\/td><td>1914<\/td><td><\/td><td>Kalix<\/td><td>Mal\u00f6ren<\/td><\/tr><tr><td>Almkvist<\/td><td>Helge<\/td><td>1901<\/td><td>1919<\/td><td><\/td><td>Kalix<\/td><td>Mal\u00f6ren<\/td><\/tr><tr><td>Wikstr\u00f6m<\/td><td>Sten<\/td><td>1899<\/td><td>1919<\/td><td><\/td><td>Mal\u00f6ren<\/td><td>Kalix<\/td><\/tr><tr><td>Bergstr\u00f6m<\/td><td>Otto<\/td><td>1895<\/td><td>1920<\/td><td><\/td><td>Mal\u00f6ren<\/td><td>Kalix<\/td><\/tr><tr><td>R\u00f6nnb\u00e4ck<\/td><td>Sven<\/td><td>1902<\/td><td>1920<\/td><td><\/td><td>Mal\u00f6ren<\/td><td>Kalix<\/td><\/tr><tr><td>Blomb\u00e4ck<\/td><td>Joel<\/td><td>1902<\/td><td>1921<\/td><td><\/td><td>Mal\u00f6ren<\/td><td>Kalix<\/td><\/tr><tr><td>Eklund<\/td><td>Gottfrid<\/td><td>1908<\/td><td>1922<\/td><td><\/td><td>Salmi<\/td><td>Kalix<\/td><\/tr><tr><td>Larsson<\/td><td>John<\/td><td>1904<\/td><td>1926<\/td><td><\/td><td>Salmi<\/td><td>Kalix<\/td><\/tr><tr><td>Envall<\/td><td>Karl<\/td><td>1906<\/td><td>1928<\/td><td><\/td><td>Mal\u00f6ren<\/td><td>Kalix\/Bredsk\u00e4r\/Ume\u00e5<\/td><\/tr><tr><td>Blomb\u00e4ck<\/td><td>Per<\/td><td>1911<\/td><td>1938<\/td><td>1943-04-27<\/td><td>Ulv\u00f6<\/td><td>Kalix<\/td><\/tr><tr><td>Envall<\/td><td>Erik<\/td><td>1913<\/td><td>1943<\/td><td><\/td><td>Kalix<\/td><td><\/td><\/tr><tr><td>Lindvall<\/td><td>Bo<\/td><td>1918<\/td><td>1946<\/td><td>1946-06-15<\/td><td>Kalix<\/td><td>Pite\u00e5\/Lule\u00e5<\/td><\/tr><tr><td>Vikstr\u00f6m<\/td><td>Lars<\/td><td>1928<\/td><td>1948<\/td><td>1959-05-11<\/td><td>Kalix<\/td><td><\/td><\/tr><tr><td>Wiberg<\/td><td>Sven<\/td><td>1920<\/td><td>1949<\/td><td><\/td><td>Salmi<\/td><td>Kalix\/Jern\u00e4s\/\u00d6rnsk\u00f6ldsvik<\/td><\/tr><tr><td>Wallin<\/td><td>Yngve<\/td><td>1922<\/td><td>1950<\/td><td><\/td><td>Kalix<\/td><td><\/td><\/tr><tr><td>Lindb\u00e4ck<\/td><td>Karl-Erik<\/td><td>1929<\/td><td>1951<\/td><td><\/td><td>Kalix<\/td><td>Lule\u00e5<\/td><\/tr><tr><td>Asplund<\/td><td>Bror<\/td><td>1922<\/td><td>1952<\/td><td>1954-10-01<\/td><td>Salmi<\/td><td>Kalix<\/td><\/tr><tr><td>Lindb\u00e4ck<\/td><td>Sten<\/td><td>1928<\/td><td>1952<\/td><td>1954-10-01<\/td><td>Kalix<\/td><td><\/td><\/tr><tr><td>Wikstr\u00f6m<\/td><td>Per<\/td><td>1922<\/td><td>1952<\/td><td><\/td><td>Kalix<\/td><td><\/td><\/tr><tr><td>Vikstr\u00f6m<\/td><td>Karl-Erik<\/td><td>1931<\/td><td>1953<\/td><td>1954-08-01<\/td><td>Kalix<\/td><td><\/td><\/tr><tr><td>\u00d6hlund<\/td><td>Nils<\/td><td>1923<\/td><td>1954<\/td><td>1958-10-01<\/td><td>Kalix<\/td><td><\/td><\/tr><tr><td>Blomb\u00e4ck<\/td><td>Harry<\/td><td>1931<\/td><td>1955<\/td><td><\/td><td>Kalix<\/td><td><\/td><\/tr><tr><td>Andersson<\/td><td>Karl<\/td><td>1921<\/td><td>1956<\/td><td>1958-10-01<\/td><td>Kalix<\/td><td>Lule\u00e5<\/td><\/tr><tr><td>Wennstr\u00f6m<\/td><td>Ivan<\/td><td>1929<\/td><td>1957<\/td><td><\/td><td>T\u00f6re<\/td><td>Kalix<\/td><\/tr><tr><td>Hedman<\/td><td>Per<\/td><td>1928<\/td><td>1958<\/td><td><\/td><td>Kalix<\/td><td>Oxel\u00f6sund\/Lule\u00e5<\/td><\/tr><tr><td>Jakobsson<\/td><td>Lars<\/td><td>1932<\/td><td>1958<\/td><td><\/td><td>Kalix<\/td><td>Sundsvall<\/td><\/tr><tr><td>Nor\u00e9n<\/td><td>Nils<\/td><td>1918<\/td><td>1958<\/td><td>1959-08-01<\/td><td>Kalix<\/td><td><\/td><\/tr><tr><td>Blomb\u00e4ck<\/td><td>Fredrik<\/td><td>1971<\/td><td>1988<\/td><td>1988-05-09<\/td><td>Kalix<\/td><td><\/td><\/tr><tr><td>Niemi<\/td><td>Lars<\/td><td>1971<\/td><td>1988<\/td><td>1988-05-24<\/td><td>Kalix<\/td><td><\/td><\/tr><tr><td>Alsos<\/td><td>Einar<\/td><td>1957<\/td><td>1989<\/td><td>1989-05-01<\/td><td>Kalix<\/td><td><\/td><\/tr><tr><td>R\u00f6nnqvist<\/td><td>Erik<\/td><td>1972<\/td><td>1989<\/td><td>1989-07-03<\/td><td>Kalix<\/td><td><\/td><\/tr><\/tbody><\/table><\/figure>\n\n\n\n<figure class=\"wp-block-gallery has-nested-images columns-default is-cropped wp-block-gallery-1 is-layout-flex wp-block-gallery-is-layout-flex\">\n<figure class=\"wp-block-image size-large\"><a href=\"https:\/\/lotsarnastockholm.se\/wp-content\/uploads\/2025\/03\/blomback-joelIMG_0008-scaled.jpg\"><img fetchpriority=\"high\" decoding=\"async\" width=\"1024\" height=\"385\" data-id=\"7065\" src=\"https:\/\/lotsarnastockholm.se\/wp-content\/uploads\/2025\/03\/blomback-joelIMG_0008-1024x385.jpg\" alt=\"\" class=\"wp-image-7065\" srcset=\"https:\/\/lotsarnastockholm.se\/wp-content\/uploads\/2025\/03\/blomback-joelIMG_0008-1024x385.jpg 1024w, https:\/\/lotsarnastockholm.se\/wp-content\/uploads\/2025\/03\/blomback-joelIMG_0008-300x113.jpg 300w, https:\/\/lotsarnastockholm.se\/wp-content\/uploads\/2025\/03\/blomback-joelIMG_0008-768x289.jpg 768w, https:\/\/lotsarnastockholm.se\/wp-content\/uploads\/2025\/03\/blomback-joelIMG_0008-1536x578.jpg 1536w, https:\/\/lotsarnastockholm.se\/wp-content\/uploads\/2025\/03\/blomback-joelIMG_0008-2048x771.jpg 2048w, https:\/\/lotsarnastockholm.se\/wp-content\/uploads\/2025\/03\/blomback-joelIMG_0008-1568x590.jpg 1568w\" sizes=\"(max-width: 1024px) 100vw, 1024px\" \/><\/a><\/figure>\n\n\n\n<figure class=\"wp-block-image size-large\"><a href=\"https:\/\/lotsarnastockholm.se\/wp-content\/uploads\/2025\/03\/blomback-per-scaled.jpg\"><img decoding=\"async\" width=\"1024\" height=\"381\" data-id=\"7066\" src=\"https:\/\/lotsarnastockholm.se\/wp-content\/uploads\/2025\/03\/blomback-per-1024x381.jpg\" alt=\"\" class=\"wp-image-7066\" srcset=\"https:\/\/lotsarnastockholm.se\/wp-content\/uploads\/2025\/03\/blomback-per-1024x381.jpg 1024w, https:\/\/lotsarnastockholm.se\/wp-content\/uploads\/2025\/03\/blomback-per-300x112.jpg 300w, https:\/\/lotsarnastockholm.se\/wp-content\/uploads\/2025\/03\/blomback-per-768x286.jpg 768w, https:\/\/lotsarnastockholm.se\/wp-content\/uploads\/2025\/03\/blomback-per-1536x571.jpg 1536w, https:\/\/lotsarnastockholm.se\/wp-content\/uploads\/2025\/03\/blomback-per-2048x762.jpg 2048w, https:\/\/lotsarnastockholm.se\/wp-content\/uploads\/2025\/03\/blomback-per-1568x583.jpg 1568w\" sizes=\"(max-width: 1024px) 100vw, 1024px\" \/><\/a><\/figure>\n\n\n\n<figure class=\"wp-block-image size-large\"><a href=\"https:\/\/lotsarnastockholm.se\/wp-content\/uploads\/lotsar\/sodertalje\/andreas-envall.jpg\"><img decoding=\"async\" width=\"1024\" height=\"507\" data-id=\"2292\" src=\"https:\/\/lotsarnastockholm.se\/wp-content\/uploads\/lotsar\/sodertalje\/andreas-envall-1024x507.jpg\" alt=\"\" class=\"wp-image-2292\" srcset=\"https:\/\/lotsarnastockholm.se\/wp-content\/uploads\/lotsar\/sodertalje\/andreas-envall-1024x507.jpg 1024w, https:\/\/lotsarnastockholm.se\/wp-content\/uploads\/lotsar\/sodertalje\/andreas-envall-300x149.jpg 300w, https:\/\/lotsarnastockholm.se\/wp-content\/uploads\/lotsar\/sodertalje\/andreas-envall-768x380.jpg 768w, https:\/\/lotsarnastockholm.se\/wp-content\/uploads\/lotsar\/sodertalje\/andreas-envall-1536x761.jpg 1536w, https:\/\/lotsarnastockholm.se\/wp-content\/uploads\/lotsar\/sodertalje\/andreas-envall-1568x777.jpg 1568w, https:\/\/lotsarnastockholm.se\/wp-content\/uploads\/lotsar\/sodertalje\/andreas-envall.jpg 1734w\" sizes=\"(max-width: 1024px) 100vw, 1024px\" \/><\/a><\/figure>\n<\/figure>\n","protected":false},"excerpt":{"rendered":"<p>65\u00b0 51.203&#8242; N 23\u00b0 7.955&#8242; E Anlagd n\u00e5gon g\u00e5ng mellan 1844 och 1862. 1932 Sammanslogs med Mal\u00f6rens lotsplats. Fanns ej med i 1820 \u00e5rs f\u00f6rteckning. Ur reglemente 1863: Lotsningsomr\u00e5de fr\u00e5n Kalix till Sangis respektive Mal\u00f6ren, T\u00f6refors till sj\u00f6ss, Pahaluoto inre leden. Lotsarna emottaga fartyg vid Kalix kyrkstad och Kalix lastageplats, Karlsborg \u00e4vensom vid Kangis. 1881:&hellip; <a class=\"more-link\" href=\"https:\/\/lotsarnastockholm.se\/index.php\/kalix-lotsplats\/\">Forts\u00e4tt l\u00e4sa <span class=\"screen-reader-text\">Kalix Lotsplats<\/span><\/a><\/p>\n","protected":false},"author":1,"featured_media":0,"parent":0,"menu_order":0,"comment_status":"closed","ping_status":"closed","template":"","meta":{"footnotes":""},"class_list":["post-5036","page","type-page","status-publish","hentry","entry"],"_links":{"self":[{"href":"https:\/\/lotsarnastockholm.se\/index.php\/wp-json\/wp\/v2\/pages\/5036","targetHints":{"allow":["GET"]}}],"collection":[{"href":"https:\/\/lotsarnastockholm.se\/index.php\/wp-json\/wp\/v2\/pages"}],"about":[{"href":"https:\/\/lotsarnastockholm.se\/index.php\/wp-json\/wp\/v2\/types\/page"}],"author":[{"embeddable":true,"href":"https:\/\/lotsarnastockholm.se\/index.php\/wp-json\/wp\/v2\/users\/1"}],"replies":[{"embeddable":true,"href":"https:\/\/lotsarnastockholm.se\/index.php\/wp-json\/wp\/v2\/comments?post=5036"}],"version-history":[{"count":10,"href":"https:\/\/lotsarnastockholm.se\/index.php\/wp-json\/wp\/v2\/pages\/5036\/revisions"}],"predecessor-version":[{"id":7728,"href":"https:\/\/lotsarnastockholm.se\/index.php\/wp-json\/wp\/v2\/pages\/5036\/revisions\/7728"}],"wp:attachment":[{"href":"https:\/\/lotsarnastockholm.se\/index.php\/wp-json\/wp\/v2\/media?parent=5036"}],"curies":[{"name":"wp","href":"https:\/\/api.w.org\/{rel}","templated":true}]}}