{"id":4927,"date":"2023-03-30T12:05:27","date_gmt":"2023-03-30T11:05:27","guid":{"rendered":"https:\/\/lotsarnastockholm.se\/?page_id=4927"},"modified":"2026-03-01T19:59:42","modified_gmt":"2026-03-01T18:59:42","slug":"karlshamns-lotsplats","status":"publish","type":"page","link":"https:\/\/lotsarnastockholm.se\/index.php\/karlshamns-lotsplats\/","title":{"rendered":"Karlshamn Lotsplats"},"content":{"rendered":"\n<p class=\"has-text-align-center\"><a href=\"https:\/\/www.google.se\/maps\/place\/56%C2%B009'48.6%22N+14%C2%B051'58.4%22E\/@56.1635,14.864028,17z\/data=!3m1!4b1!4m4!3m3!8m2!3d56.1635!4d14.8662167\">56\u00b0 9.810&#8242; N 14\u00b0 51.973&#8242; E<\/a><\/p>\n\n\n\n<figure class=\"wp-block-gallery has-nested-images columns-default is-cropped wp-block-gallery-1 is-layout-flex wp-block-gallery-is-layout-flex\">\n<figure class=\"wp-block-image size-large\"><a href=\"https:\/\/lotsarnastockholm.se\/wp-content\/uploads\/lotsar\/blekinge\/IMG_0010-2.jpg\"><img fetchpriority=\"high\" decoding=\"async\" width=\"1024\" height=\"430\" data-id=\"2528\" src=\"https:\/\/lotsarnastockholm.se\/wp-content\/uploads\/lotsar\/blekinge\/IMG_0010-2-1024x430.jpg\" alt=\"\" class=\"wp-image-2528\" srcset=\"https:\/\/lotsarnastockholm.se\/wp-content\/uploads\/lotsar\/blekinge\/IMG_0010-2-1024x430.jpg 1024w, https:\/\/lotsarnastockholm.se\/wp-content\/uploads\/lotsar\/blekinge\/IMG_0010-2-300x126.jpg 300w, https:\/\/lotsarnastockholm.se\/wp-content\/uploads\/lotsar\/blekinge\/IMG_0010-2-768x323.jpg 768w, https:\/\/lotsarnastockholm.se\/wp-content\/uploads\/lotsar\/blekinge\/IMG_0010-2-1536x645.jpg 1536w, https:\/\/lotsarnastockholm.se\/wp-content\/uploads\/lotsar\/blekinge\/IMG_0010-2-1568x659.jpg 1568w, https:\/\/lotsarnastockholm.se\/wp-content\/uploads\/lotsar\/blekinge\/IMG_0010-2.jpg 2047w\" sizes=\"(max-width: 1024px) 100vw, 1024px\" \/><\/a><\/figure>\n\n\n\n<figure class=\"wp-block-image size-large\"><a href=\"https:\/\/lotsarnastockholm.se\/wp-content\/uploads\/lotsar\/blekinge\/IMG_0010-3.jpg\"><img decoding=\"async\" width=\"1024\" height=\"470\" data-id=\"2529\" src=\"https:\/\/lotsarnastockholm.se\/wp-content\/uploads\/lotsar\/blekinge\/IMG_0010-3-1024x470.jpg\" alt=\"\" class=\"wp-image-2529\" srcset=\"https:\/\/lotsarnastockholm.se\/wp-content\/uploads\/lotsar\/blekinge\/IMG_0010-3-1024x470.jpg 1024w, https:\/\/lotsarnastockholm.se\/wp-content\/uploads\/lotsar\/blekinge\/IMG_0010-3-300x138.jpg 300w, https:\/\/lotsarnastockholm.se\/wp-content\/uploads\/lotsar\/blekinge\/IMG_0010-3-768x352.jpg 768w, https:\/\/lotsarnastockholm.se\/wp-content\/uploads\/lotsar\/blekinge\/IMG_0010-3-1536x705.jpg 1536w, https:\/\/lotsarnastockholm.se\/wp-content\/uploads\/lotsar\/blekinge\/IMG_0010-3-1568x720.jpg 1568w, https:\/\/lotsarnastockholm.se\/wp-content\/uploads\/lotsar\/blekinge\/IMG_0010-3.jpg 1787w\" sizes=\"(max-width: 1024px) 100vw, 1024px\" \/><\/a><\/figure>\n\n\n\n<figure class=\"wp-block-image size-large\"><a href=\"https:\/\/lotsarnastockholm.se\/wp-content\/uploads\/lotsar\/blekinge\/IMG_0010.jpg\"><img decoding=\"async\" width=\"1024\" height=\"434\" data-id=\"2530\" src=\"https:\/\/lotsarnastockholm.se\/wp-content\/uploads\/lotsar\/blekinge\/IMG_0010-1024x434.jpg\" alt=\"\" class=\"wp-image-2530\" srcset=\"https:\/\/lotsarnastockholm.se\/wp-content\/uploads\/lotsar\/blekinge\/IMG_0010-1024x434.jpg 1024w, https:\/\/lotsarnastockholm.se\/wp-content\/uploads\/lotsar\/blekinge\/IMG_0010-300x127.jpg 300w, https:\/\/lotsarnastockholm.se\/wp-content\/uploads\/lotsar\/blekinge\/IMG_0010-768x326.jpg 768w, https:\/\/lotsarnastockholm.se\/wp-content\/uploads\/lotsar\/blekinge\/IMG_0010-1536x652.jpg 1536w, https:\/\/lotsarnastockholm.se\/wp-content\/uploads\/lotsar\/blekinge\/IMG_0010-2048x869.jpg 2048w, https:\/\/lotsarnastockholm.se\/wp-content\/uploads\/lotsar\/blekinge\/IMG_0010-1568x665.jpg 1568w\" sizes=\"(max-width: 1024px) 100vw, 1024px\" \/><\/a><\/figure>\n<\/figure>\n\n\n\n<p>1696 \u00e4r lotsplatsen n\u00e4mnd i en lotstaxa<\/p>\n\n\n\n<p>Ur reglemente 1697: Lotsarna i Karlshamn hade att m\u00f6ta fartygen vid St\u00e4v\u00f6udd och d\u00e4rifr\u00e5n lotsa dem in i hamnen. Vidare att lotsa de d\u00e4rifr\u00e5n utg\u00e5ende till sj\u00f6ss igen. Det heter vidare i best\u00e4mmelserna att dessa lotsar skall skaffa sig kunskap om farvattnen till Pukavik, Matvik, Tern\u00f6hamn och S\u00f6lvesborg emedan det icke s\u00e4llan intr\u00e4ffade att det blev lotsning i denna farled. F\u00f6r styrning fr\u00e5n sj\u00f6n in till Karlshamn hade man att \u00e5tnjuta 24 \u00f6re st f\u00f6r farkoster om 5 a 6 fot samt f\u00f6r skepp och fartyg som g\u00e5 d\u00e4r\u00f6ver till 10 fot 4 \u00f6re st och f\u00f6r de djupare g\u00e5ende 5 \u00f6re st f\u00f6r varje fot. Samma taxa g\u00e4ller f\u00f6r lotsningar d\u00e4rifr\u00e5n.<\/p>\n\n\n\n<p>1697 hade lpl 2 lotsar och 1 lotsdr\u00e4ng<\/p>\n\n\n\n<p>Ur rulla 1736: Uppsyningsman Kontroll\u00f6r Magnus Nordgren<br>Lots Lars Turesson Spielk i tj\u00e4nst 1711<br>Lots Trued M\u00e5nsson i tj\u00e4nst 1717<br>Lotsdr\u00e4ng Cornelius Larsson Spielk<\/p>\n\n\n\n<p>1744 fanns tv\u00e5 lotsar och tre lotsdr\u00e4ngar p\u00e5 lotsplatsen<\/p>\n\n\n\n<p>Ur rulla 1744:<\/p>\n\n\n\n<p>Lotsuppsyningsman Per Magnus Norgren<br>Lots Lars Thuresson Spielk<br>Lots Truel M\u00e5nsson<br>Lotsdr\u00e4ngar Zander Nilsson, Olof Truelsson och Friedrich Nilsson<\/p>\n\n\n\n<p>Ur rulla 1774: Lotsar M\u00e5ns Mattsson Sandman 51 \u00e5r, 18 \u00e5rs tj\u00e4nst, L\u00f6n 60 rdr\/\u00e5r<br>Sven Olsson Ekelund, 13 \u00e5r, 5 \u00e5rs tj\u00e4nst<\/p>\n\n\n\n<p>1799 Reglemente: Under lotschefen s\u00e5som lotsuppsyningsman f\u00f6r Karlskrona f\u00f6rdelning lyder Karlshamns lotsplats: 1 lots\u00e5lderman, 1 ordinarie lots 1 utl\u00e4rd ordinarie lotsdr\u00e4ng 1 utl\u00e4rd reservlotsdr\u00e4ng och 1 lotsl\u00e4rling.<\/p>\n\n\n\n<p>Lotsningsomr\u00e5de: Lotsarna uppassa p\u00e5 Svartsk\u00e4r emottaga fr\u00e5n sj\u00f6n utom Stern\u00f6udd att inlotsa, utlotsa till sj\u00f6ss samt till Matvik, Pukavik och Han\u00f6.<\/p>\n\n\n\n<p>Ur rulla 1817:<br>Lots\u00e5lderman A. Holmgren<br>Ordinarie lots J. Eklund<br>Ordinarie lotsdr\u00e4ng Ol. \u00c5berg<br>Reservlotsdr\u00e4ng: H. Nordstr\u00f6m<br>Lotsl\u00e4rling J. Svensson<\/p>\n\n\n\n<p>Ur 1820 \u00e5rs f\u00f6rteckning, Till Matvik, Pugavik, Han\u00f6 sj\u00f6ss eller fr\u00e5n sj\u00f6n utom Stjern\u00f6udd.<br>1 Lots\u00e5lderman, 1 m\u00e4sterlots, 2 sek lotsar, 1 lotsl\u00e4rling<\/p>\n\n\n\n<p>1879 den 30 maj fyra lotsar fr\u00e5n Karlshamns lpl en lots fr\u00e5n Han\u00f6 lpl och fyra fiskare utgick i tv\u00e5 b\u00e5tlag under stark v\u00e4stlig storm och l\u00e4mnade med livsfara lots till svenska skonerten MATILDA. Vardera b\u00e5tlaget tillerk\u00e4nnes en bel\u00f6ning om 80 kr.<\/p>\n\n\n\n<p>1879 den 17 nov: under SV-lig storm och h\u00f6g \u00f6verbrytande sj\u00f6 m\u00f6tte lotspersonalen vid Karlshamns lpl svenska barkskeppet INGEGERD, svenska skonerten RICHARD och danska skonerten HAABET i \u00f6ppna sj\u00f6n och l\u00e4mnade lots med fara f\u00f6r egna liv. 100 Kr.<\/p>\n\n\n\n<p>1882 den 24 aug utgick under sv\u00e5r SV-lig storm mer regntjocka och h\u00f6g \u00f6verbrytande sj\u00f6 tv\u00e5 m\u00e4sterlotsar och tv\u00e5 lotsar fr\u00e5n Karlshamns lpl tre s\u00e4rskilda g\u00e5nger p\u00e5 dagen varje g\u00e5ng med livsfara och avl\u00e4mnade lots till de lotss\u00f6kande svenska skonerterna HEIMDAL, GUSTAF och ST OLOF vilka d\u00e4refter inlotsades till hamn; f\u00f6r vilken dj\u00e4rvhet och of\u00f6rtrutenhet dem tilldelades vardera 25 kr.<\/p>\n\n\n\n<p>1884 den 28 och 29 okt tv\u00e5 m\u00e4sterlotsar och tv\u00e5 kronolotsar s\u00f6kte under stark storm uppn\u00e5 tyska \u00e5ngaren BIENE som med lotsflagga tillsatt, l\u00e5g tv\u00e4rs f\u00f6r T\u00e4rn\u00f6 men till f\u00f6ljd av hastigt p\u00e5kommen tjocka m\u00e4rktes lotsb\u00e5ten icke fr\u00e5n \u00e5ngaren, som \u00e5ter gick till sj\u00f6ss. Under fortfarande sv\u00e5r storm och \u00f6verbrytande sj\u00f6 utgingo \u00e5nyo f\u00f6ljande dag f\u00f6r att bispringa \u00e5ngfartyget, vilket j\u00e4mv\u00e4l lyckades s\u00e5 att de med verklig livsfara \u00e5 fartyget avl\u00e4mnade lots som inlotsade detsamma till hamn. Lotsarna tilldelades tillsammans en bel\u00f6ning av 100 kr.<\/p>\n\n\n\n<p>1885 den 17 mars: Sedan svenska jakten MARIA under natten strandat vid Ensk\u00e4ren en mil fr\u00e5n Karlshamn varvid fartyg och last gingo f\u00f6rlorad utgick lotsf\u00f6rmannen \u00e5tf\u00f6ljd av en m\u00e4sterlots och en kronolots s\u00e5 snart de i daggryningen varsnade olyckan och lyckades med stora anstr\u00e4ngningar och livsfara, fr\u00e5n vraket r\u00e4dda dess bes\u00e4ttning och tilldelades b\u00e5tlaget 90 kr.<\/p>\n\n\n\n<p>1886 den 6 dec: d\u00e5 den svenska briggen THULE under sv\u00e5r storm och regntjocka och h\u00f6g \u00f6verbrytande sj\u00f6 befann sig utanf\u00f6r Karlshamn f\u00f6r att ang\u00f6ra hamnen, gingo en m\u00e4sterlots tv\u00e5 kronolotsar och en lotsl\u00e4rling alla fr\u00e5n Karlshamns lpl i b\u00e5t fartyget till m\u00f6tes och lyckades i \u00f6ppen sj\u00f6 med verklig livsfara \u00e5 fartyget avl\u00e4mna lots som d\u00e4refter bragte det i hamn. Den raskhet och sj\u00e4lvuppoffring lotsarna h\u00e4rvid visade f\u00f6ranledde att dem tilldelades en bel\u00f6ning av 100 kr<\/p>\n\n\n\n<p>1900 6 feb: utgick tre lotsar och en lotsl\u00e4rling fr\u00e5n Karlshamns lpl under stark storm och sv\u00e5r sj\u00f6g\u00e5ng samt lyckades med fara f\u00f6r egen s\u00e4kerhet l\u00e4mna lotsbitr\u00e4de \u00e5t tyska S\/S HELFRID BISMARCK. F\u00f6r denna bedrift tilldelades b\u00e5tbes\u00e4ttning en bel\u00f6ning av tillsammans 80 kr.<\/p>\n\n\n\n<p>1901 den 8 okt utgingo tre lotsar och en lotsl\u00e4rling fr\u00e5n Karlshamns lpl och l\u00e4mnade lotsbitr\u00e4de \u00e5t ryska skonaren LOOTUS. En av lotsarna tillerk\u00e4ndes 30 kr samt var och en av de \u00f6vriga 20 kr.<\/p>\n\n\n\n<p>1910 den 14 nov begav sig 2 m\u00e4sterlotsar, 1 lots och 1 lotsl\u00e4rling ut fr\u00e5n Karlshamns lpl under sv\u00e5ra v\u00e4derleksf\u00f6rh\u00e5llanden och lyckade l\u00e4mna lotsbitr\u00e4de \u00e5t briggen SUONALAINEN. F\u00f6r h\u00e4rvid \u00e5 v\u00e4lf\u00f6rh\u00e5llande tilldelas lotsl\u00e4rlingen som inlotsade fartyget till Karlskrona20 kr och envar av de \u00f6vriga 15 kr.<\/p>\n\n\n\n<p>1916 den 11 okt begav sig under orkanartad storm och i synnerligen uppr\u00f6rt hav lotsf\u00f6rman, 1 m\u00e4sterlots samt 1 lots fr\u00e5n Karlshamns lpl ut i motorlotsb\u00e5ten och lyckades efter flera f\u00e5f\u00e4nga f\u00f6rs\u00f6k l\u00e4mna lotsbitr\u00e4de \u00e5t galeasen SUSANNE fr\u00e5n T\u00f6ra. Med h\u00e4nsyn till d\u00e4rvid \u00e5 mod och r\u00e5dighet tillerk\u00e4nnes den lots som utf\u00f6rde lotsningen 25 kr och \u00f6vriga deltagande 20 kr var.<\/p>\n\n\n\n<p>B\u00e5tbest\u00e5nd 1920:<\/p>\n\n\n\n<p>1 d\u00e4ckad kutter byggd 1908, ek, klink, 9&#215;3,13 12 hk Skandia<br>1 segelb\u00e5t byggd 1893, ek, klink, 5,3&#215;1,7<br>1 segelb\u00e5t byggd 1919, ek, klink,5,11&#215;2,4<br>1 segelb\u00e5t byggd 1908, ek, kink, 5,52&#215;1,8<br>1 segelb\u00e5t byggd 1910, ek, klink, 4,98&#215;1,67<br>1 segelb\u00e5t byggd ?, furu, klink, 5,7x,2,25<\/p>\n\n\n\n<p>1921 30 dec F\u00f6r visat mod och r\u00e5dighet vid lotsning av S\/S A.K Fernstr\u00f6m har lotsstyrelsen tilldelat m\u00e4sterlotsarna vid Karlshamns lpl AW Silfberg och JA Ortholm samt lotsen vid samma lpl JV Thornstr\u00f6m resp. 50, 40 och 40 kr<\/p>\n\n\n\n<p>1927 byggdes en ny utkiksst\u00e4llning av j\u00e4rn med vaktrum<\/p>\n\n\n\n<p>Personal vid Karlshamns Lpl<\/p>\n\n\n\n<figure class=\"wp-block-table alignwide\"><table class=\"has-fixed-layout\"><tbody><tr><td><strong>Efternamn<\/strong><\/td><td><strong>F\u00f6rnamn<\/strong><\/td><td><strong>F\u00f6dd<\/strong><\/td><td><strong>I Staten<\/strong><\/td><td><strong>B\u00e5tman<\/strong><\/td><td><strong>Lpl 1<\/strong><\/td><td><strong>\u00d6vriga<\/strong><\/td><\/tr><tr><td>Sandstr\u00f6m<\/td><td>E<\/td><td><\/td><td><\/td><td><\/td><td>Karlshamn<\/td><td><\/td><\/tr><tr><td>Eklund<\/td><td>J<\/td><td><\/td><td><\/td><td><\/td><td>Karlshamn<\/td><td><\/td><\/tr><tr><td>Holmgren<\/td><td>A<\/td><td><\/td><td><\/td><td><\/td><td>Karlshamn<\/td><td><\/td><\/tr><tr><td>Nilsson<\/td><td>Zander<\/td><td><\/td><td><\/td><td><\/td><td>Karlshamn<\/td><td><\/td><\/tr><tr><td>Nilsson<\/td><td>Friedrich<\/td><td><\/td><td><\/td><td><\/td><td>Karlshamn<\/td><td><\/td><\/tr><tr><td>Nordgren<\/td><td>Magnus<\/td><td><\/td><td><\/td><td><\/td><td>Karlshamn<\/td><td><\/td><\/tr><tr><td>Nordstr\u00f6m<\/td><td>H<\/td><td><\/td><td><\/td><td><\/td><td>Karlshamn<\/td><td><\/td><\/tr><tr><td>Spielk<\/td><td>Cornelius<\/td><td><\/td><td><\/td><td><\/td><td>Karlshamn<\/td><td><\/td><\/tr><tr><td>Svensson<\/td><td>J<\/td><td><\/td><td><\/td><td><\/td><td>Karlshamn<\/td><td><\/td><\/tr><tr><td>Truelsson<\/td><td>Oluf<\/td><td><\/td><td><\/td><td><\/td><td>Karlshamn<\/td><td><\/td><\/tr><tr><td>\u00c5berg<\/td><td>Ol<\/td><td><\/td><td><\/td><td><\/td><td>Karlshamn<\/td><td><\/td><\/tr><tr><td>Spielk<\/td><td>Lars<\/td><td><\/td><td>1711<\/td><td><\/td><td>Karlshamn<\/td><td><\/td><\/tr><tr><td>M\u00e5nsson<\/td><td>Trued<\/td><td><\/td><td>1717<\/td><td><\/td><td>Karlshamn<\/td><td><\/td><\/tr><tr><td>Sandman<\/td><td>M\u00e5ns<\/td><td>1723<\/td><td>1756<\/td><td><\/td><td>Karlshamn<\/td><td><\/td><\/tr><tr><td>Ekelund<\/td><td>Sven<\/td><td>1743<\/td><td>1769<\/td><td><\/td><td>Karlshamn<\/td><td><\/td><\/tr><tr><td>Silfberg<\/td><td>Fredrik<\/td><td>1837<\/td><td>1856<\/td><td><\/td><td>Karlshamn<\/td><td><\/td><\/tr><tr><td>Ortholm<\/td><td>Johan<\/td><td>1833<\/td><td>1871<\/td><td><\/td><td>Karlshamn<\/td><td><\/td><\/tr><tr><td>Silfberg<\/td><td>Ludvig<\/td><td>1866<\/td><td>1885<\/td><td><\/td><td>Karlshamn<\/td><td><\/td><\/tr><tr><td>Renstr\u00f6m<\/td><td>Karl<\/td><td>1862<\/td><td>1887<\/td><td><\/td><td>Karlshamn<\/td><td>Kalmar\/Malm\u00f6<\/td><\/tr><tr><td>H\u00e5rdberg<\/td><td>Karl<\/td><td>1873<\/td><td>1890<\/td><td><\/td><td>Karlshamn<\/td><td><\/td><\/tr><tr><td>Ortholm<\/td><td>John<\/td><td>1869<\/td><td>1890<\/td><td><\/td><td>Karlshamn<\/td><td><\/td><\/tr><tr><td>Sandstr\u00f6m<\/td><td>Peter<\/td><td>1872<\/td><td>1890<\/td><td><\/td><td>T\u00e4rn\u00f6 (Matvik)<\/td><td>Karlshamn<\/td><\/tr><tr><td>Silfberg<\/td><td>Axel<\/td><td>1874<\/td><td>1892<\/td><td><\/td><td>Karlshamn<\/td><td><\/td><\/tr><tr><td>Ortholm<\/td><td>Anders<\/td><td>1872<\/td><td>1896<\/td><td><\/td><td>Karlshamn<\/td><td><\/td><\/tr><tr><td>H\u00e5rdberg<\/td><td>Frans<\/td><td>1879<\/td><td>1897<\/td><td><\/td><td>Karlshamn<\/td><td><\/td><\/tr><tr><td>Thornstr\u00f6m<\/td><td>Ernst<\/td><td>1882<\/td><td>1897<\/td><td><\/td><td>Han\u00f6<\/td><td>Karlshamn\/Malm\u00f6\/Karlshamn<\/td><\/tr><tr><td>Thornstr\u00f6m<\/td><td>John<\/td><td>1884<\/td><td>1906<\/td><td><\/td><td>Han\u00f6<\/td><td>Karlshamn<\/td><\/tr><tr><td>Knuth\u00e9n<\/td><td>Johan<\/td><td>1887<\/td><td>1907<\/td><td><\/td><td>Karlshamn<\/td><td><\/td><\/tr><tr><td>Renstr\u00f6m<\/td><td>Oskar<\/td><td>1893<\/td><td>1908<\/td><td><\/td><td>Karlshamn<\/td><td>Simrishamn\/\u00d6resund S<\/td><\/tr><tr><td>\u00c5man<\/td><td>Peter<\/td><td>1888<\/td><td>1910<\/td><td><\/td><td>Han\u00f6<\/td><td>Karlshamn\/T\u00e4rn\u00f6<\/td><\/tr><tr><td>Ternstr\u00f6m<\/td><td>Elof<\/td><td>1896<\/td><td>1912<\/td><td><\/td><td>T\u00e4rn\u00f6 (Matvik)<\/td><td>Karlshamn<\/td><\/tr><tr><td>Silfberg<\/td><td>Erik<\/td><td>1895<\/td><td>1914<\/td><td><\/td><td>Karlshamn<\/td><td><\/td><\/tr><tr><td>Dahlbeck<\/td><td>Karl<\/td><td>1897<\/td><td>1919<\/td><td><\/td><td>Karlshamn<\/td><td>Pukavik<\/td><\/tr><tr><td>Landgren<\/td><td>Edvin<\/td><td>1898<\/td><td>1919<\/td><td><\/td><td>Karlshamn<\/td><td><\/td><\/tr><tr><td>Hedberg<\/td><td>John<\/td><td>1901<\/td><td>1922<\/td><td><\/td><td>Karlshamn<\/td><td><\/td><\/tr><tr><td>Thornstr\u00f6m<\/td><td>Ernst<\/td><td>1908<\/td><td>1929<\/td><td><\/td><td>S\u00f6lvesborg<\/td><td>\u00c5hus\/Karlskrona<\/td><\/tr><tr><td>Nilsson<\/td><td>Gustaf<\/td><td>1915<\/td><td>1939<\/td><td><\/td><td>Asp\u00f6<\/td><td>Simrishamn\/Karlshamn\/Karlskrona<\/td><\/tr><tr><td>\u00c5man<\/td><td>Arvid<\/td><td>1914<\/td><td>1939<\/td><td><\/td><td>Karlshamn<\/td><td><\/td><\/tr><tr><td>K\u00f6nig<\/td><td>Albin<\/td><td>1923<\/td><td>1941<\/td><td><\/td><td>G\u00f6kalf<\/td><td>Ronneby\/Karlshamn<\/td><\/tr><tr><td>Blomqvist<\/td><td>Einar<\/td><td>1896<\/td><td>1943<\/td><td>1952-07-01<\/td><td>Karlshamn<\/td><td><\/td><\/tr><tr><td>Martinsson<\/td><td>John<\/td><td>1914<\/td><td>1946<\/td><td>1952-07-01<\/td><td>Karlshamn<\/td><td><\/td><\/tr><tr><td>Svensson<\/td><td>Eric<\/td><td>1920<\/td><td>1946<\/td><td><\/td><td>Oskarshamn<\/td><td>Asp\u00f6\/Karlshamn<\/td><\/tr><tr><td>\u00c5man<\/td><td>Rickard<\/td><td>1923<\/td><td>1946<\/td><td><\/td><td>\u00d6resund s\u00f6dra<\/td><td>G\u00f6kalf\/Karlshamn<\/td><\/tr><tr><td>Renstr\u00f6m<\/td><td>Ingolf<\/td><td>1922<\/td><td>1947<\/td><td><\/td><td>G\u00f6teborg<\/td><td>Karlshamn<\/td><\/tr><tr><td>\u00c5man<\/td><td>Georg<\/td><td>1916<\/td><td>1948<\/td><td>1954-10-01<\/td><td>Karlshamn<\/td><td><\/td><\/tr><tr><td>Gustavsson<\/td><td>Karl<\/td><td>1932<\/td><td>1949<\/td><td>1957-05-01<\/td><td>Karlshamn<\/td><td>S\u00f6dert\u00e4lje<\/td><\/tr><tr><td>Johansson<\/td><td>Karl<\/td><td>1920<\/td><td>1949<\/td><td><\/td><td>G\u00f6kalf<\/td><td>Ronneby\/Karlshamn<\/td><\/tr><tr><td>Olsson<\/td><td>Kurt<\/td><td>1928<\/td><td>1950<\/td><td><\/td><td>Karlshamn<\/td><td>G\u00f6teborg<\/td><\/tr><tr><td>Pettersson<\/td><td>Bernt<\/td><td>1927<\/td><td>1950<\/td><td>1970-09-01<\/td><td>Karlshamn<\/td><td><\/td><\/tr><tr><td>Karlsson<\/td><td>Torsten<\/td><td>1930<\/td><td>1951<\/td><td>1977-05-01<\/td><td>Karlshamn<\/td><td><\/td><\/tr><tr><td>Gustavsson<\/td><td>Nils<\/td><td>1926<\/td><td>1954<\/td><td>1958-04-01<\/td><td>Karlshamn<\/td><td><\/td><\/tr><tr><td>J\u00f6nsson<\/td><td>Tage<\/td><td>1927<\/td><td>1955<\/td><td><\/td><td>Asp\u00f6<\/td><td>Karlskrona\/G\u00f6teborg<\/td><\/tr><tr><td>Nordstr\u00f6m<\/td><td>Ragnar<\/td><td>1934<\/td><td>1955<\/td><td>1967-11-01<\/td><td>Kalmar<\/td><td>Karlskrona\/Karlshamn<\/td><\/tr><tr><td>Paulsson<\/td><td>Stig<\/td><td>1932<\/td><td>1957<\/td><td>1958-04-01<\/td><td>Bergkvara<\/td><td>\u00c5hus\/Karlshamn<\/td><\/tr><tr><td>Weckstr\u00f6m<\/td><td>Sigurd<\/td><td>1931<\/td><td>1957<\/td><td><\/td><td>Malm\u00f6<\/td><td>Helsingborg\/Karlshamn<\/td><\/tr><tr><td>Lindh<\/td><td>Jarl<\/td><td>1934<\/td><td>1958<\/td><td><\/td><td>Bergkvara<\/td><td>Karlshamn<\/td><\/tr><tr><td>Johansson<\/td><td>Allan<\/td><td>1936<\/td><td>1959<\/td><td>1975-11-01<\/td><td>Karlshamn<\/td><td><\/td><\/tr><tr><td>Hornfelt<\/td><td>Sten<\/td><td>1937<\/td><td>1962<\/td><td><\/td><td>Landsort<\/td><td>S\u00f6dert\u00e4lje\/Karlshamn<\/td><\/tr><tr><td>Stridsj\u00f6<\/td><td>Bengt<\/td><td>1947<\/td><td>1969<\/td><td>1975-08-01<\/td><td>Karlshamn<\/td><td>Karlskrona<\/td><\/tr><tr><td>\u00c5man<\/td><td>Paul<\/td><td>1949<\/td><td>1970<\/td><td>1970-04-13<\/td><td>Karlshamn<\/td><td><\/td><\/tr><tr><td>Bergstr\u00f6m<\/td><td>Mats<\/td><td>1948<\/td><td>1974<\/td><td>1976-12-01<\/td><td>Karlshamn<\/td><td><\/td><\/tr><tr><td>Karlsson<\/td><td>Evald<\/td><td>1936<\/td><td>1975<\/td><td>1976-12-01<\/td><td>Karlshamn<\/td><td><\/td><\/tr><tr><td>Fernemark<\/td><td>Lars<\/td><td>1944<\/td><td>1976<\/td><td><\/td><td>Karlshamn<\/td><td><\/td><\/tr><tr><td>L\u00f6fgren<\/td><td>Sven-Erik<\/td><td>1945<\/td><td>1976<\/td><td><\/td><td>Karlshamn<\/td><td><\/td><\/tr><tr><td>Altergren<\/td><td>Rolf<\/td><td>1945<\/td><td>1982<\/td><td><\/td><td>Karlshamn<\/td><td><\/td><\/tr><tr><td>Andersson<\/td><td>Kjell<\/td><td>1946<\/td><td>1982<\/td><td><\/td><td>Karlshamn<\/td><td><\/td><\/tr><tr><td>Andersson<\/td><td>Jan<\/td><td>1943<\/td><td>1987<\/td><td><\/td><td>Karlshamn<\/td><td><\/td><\/tr><tr><td>Nygren<\/td><td>Karl<\/td><td>1951<\/td><td>1989<\/td><td>1989-01-30<\/td><td>Karlshamn<\/td><td><\/td><\/tr><tr><td>Sandberg<\/td><td>Christer<\/td><td>1952<\/td><td>1989<\/td><td>1989-08-21<\/td><td>Karlshamn<\/td><td><\/td><\/tr><tr><td>\u00c5kesson<\/td><td>Klas<\/td><td>1968<\/td><td>1989<\/td><td>1989-03-28<\/td><td>Karlshamn<\/td><td><\/td><\/tr><tr><td>Johansson<\/td><td>Sune<\/td><td>1952<\/td><td>1990<\/td><td>1990-04-18<\/td><td>Karlshamn<\/td><td><\/td><\/tr><tr><td>Mattsson<\/td><td>Anders<\/td><td>1968<\/td><td>1990<\/td><td>1990-04-13<\/td><td>Karlshamn<\/td><td><\/td><\/tr><tr><td>Andersen<\/td><td>Flemming<\/td><td>1953<\/td><td>1991<\/td><td>1990-11-16<\/td><td>Karlshamn<\/td><td><\/td><\/tr><tr><td>Lancing<\/td><td>Anders<\/td><td>1952<\/td><td>1991<\/td><td><\/td><td>Karlshamn<\/td><td>\u00c5hus<\/td><\/tr><\/tbody><\/table><\/figure>\n","protected":false},"excerpt":{"rendered":"<p>56\u00b0 9.810&#8242; N 14\u00b0 51.973&#8242; E 1696 \u00e4r lotsplatsen n\u00e4mnd i en lotstaxa Ur reglemente 1697: Lotsarna i Karlshamn hade att m\u00f6ta fartygen vid St\u00e4v\u00f6udd och d\u00e4rifr\u00e5n lotsa dem in i hamnen. Vidare att lotsa de d\u00e4rifr\u00e5n utg\u00e5ende till sj\u00f6ss igen. Det heter vidare i best\u00e4mmelserna att dessa lotsar skall skaffa sig kunskap om farvattnen&hellip; <a class=\"more-link\" href=\"https:\/\/lotsarnastockholm.se\/index.php\/karlshamns-lotsplats\/\">Forts\u00e4tt l\u00e4sa <span class=\"screen-reader-text\">Karlshamn Lotsplats<\/span><\/a><\/p>\n","protected":false},"author":1,"featured_media":0,"parent":0,"menu_order":0,"comment_status":"closed","ping_status":"closed","template":"","meta":{"footnotes":""},"class_list":["post-4927","page","type-page","status-publish","hentry","entry"],"_links":{"self":[{"href":"https:\/\/lotsarnastockholm.se\/index.php\/wp-json\/wp\/v2\/pages\/4927","targetHints":{"allow":["GET"]}}],"collection":[{"href":"https:\/\/lotsarnastockholm.se\/index.php\/wp-json\/wp\/v2\/pages"}],"about":[{"href":"https:\/\/lotsarnastockholm.se\/index.php\/wp-json\/wp\/v2\/types\/page"}],"author":[{"embeddable":true,"href":"https:\/\/lotsarnastockholm.se\/index.php\/wp-json\/wp\/v2\/users\/1"}],"replies":[{"embeddable":true,"href":"https:\/\/lotsarnastockholm.se\/index.php\/wp-json\/wp\/v2\/comments?post=4927"}],"version-history":[{"count":6,"href":"https:\/\/lotsarnastockholm.se\/index.php\/wp-json\/wp\/v2\/pages\/4927\/revisions"}],"predecessor-version":[{"id":7732,"href":"https:\/\/lotsarnastockholm.se\/index.php\/wp-json\/wp\/v2\/pages\/4927\/revisions\/7732"}],"wp:attachment":[{"href":"https:\/\/lotsarnastockholm.se\/index.php\/wp-json\/wp\/v2\/media?parent=4927"}],"curies":[{"name":"wp","href":"https:\/\/api.w.org\/{rel}","templated":true}]}}