{"id":4919,"date":"2023-03-30T11:48:00","date_gmt":"2023-03-30T10:48:00","guid":{"rendered":"https:\/\/lotsarnastockholm.se\/?page_id=4919"},"modified":"2023-04-03T21:18:37","modified_gmt":"2023-04-03T20:18:37","slug":"holmo-lotsplats","status":"publish","type":"page","link":"https:\/\/lotsarnastockholm.se\/index.php\/holmo-lotsplats\/","title":{"rendered":"Holm\u00f6 Lotsplats"},"content":{"rendered":"\n<p class=\"has-text-align-center\"><a href=\"https:\/\/www.google.se\/maps\/place\/63%C2%B048'18.4%22N+20%C2%B051'55.7%22E\/@63.8051,20.8632893,17z\/data=!3m1!4b1!4m4!3m3!8m2!3d63.8051!4d20.8654833\">63\u00b0 48.306&#8242; N 20\u00b0 51.929&#8242; E<\/a><\/p>\n\n\n\n<p>Holm\u00f6ns lotsplats fanns mellan 1821 och 1836<\/p>\n\n\n\n<p>Fanns med endast i 1820 \u00e5rs f\u00f6rteckning. Enligt reglementet skulle uppassning ske p\u00e5 Holm\u00f6 och m\u00f6ta fartygen utom grunden. De skulle lotsa till Gaddarna, Bredsk\u00e4r, Ratan, S\u00e4fwar lastageplats. Personal: Under lots\u00e5lderman i Bredsk\u00e4r, 1 m\u00e4sterlots, 2 secundlotsar och 2 lotsl\u00e4rlingar.<\/p>\n\n\n\n<p>N\u00e4r lotsorganisationen f\u00f6r Bottenviken diskuterades 1759 f\u00f6rklarade sig samtliga hemmans\u00e4gare p\u00e5 Holm\u00f6n intresserade av att st\u00e4lla upp och lotsa till Vasa, J\u00e4rn\u00e4s och Ratan. Om de sedan fick n\u00e5gon statlig ers\u00e4ttning f\u00f6r detta \u00e4r obekant.<\/p>\n\n\n\n<p>1821 anst\u00e4lldes 4 lotsar.<\/p>\n\n\n\n<p>Inga uppgifter har hittats om n\u00e5gra namn p\u00e5 lotsar. Om n\u00e5gon vet s\u00e5 h\u00f6r g\u00e4rna av sig!<\/p>\n","protected":false},"excerpt":{"rendered":"<p>63\u00b0 48.306&#8242; N 20\u00b0 51.929&#8242; E Holm\u00f6ns lotsplats fanns mellan 1821 och 1836 Fanns med endast i 1820 \u00e5rs f\u00f6rteckning. Enligt reglementet skulle uppassning ske p\u00e5 Holm\u00f6 och m\u00f6ta fartygen utom grunden. De skulle lotsa till Gaddarna, Bredsk\u00e4r, Ratan, S\u00e4fwar lastageplats. Personal: Under lots\u00e5lderman i Bredsk\u00e4r, 1 m\u00e4sterlots, 2 secundlotsar och 2 lotsl\u00e4rlingar. N\u00e4r lotsorganisationen&hellip; <a class=\"more-link\" href=\"https:\/\/lotsarnastockholm.se\/index.php\/holmo-lotsplats\/\">Forts\u00e4tt l\u00e4sa <span class=\"screen-reader-text\">Holm\u00f6 Lotsplats<\/span><\/a><\/p>\n","protected":false},"author":1,"featured_media":0,"parent":0,"menu_order":0,"comment_status":"closed","ping_status":"closed","template":"","meta":{"footnotes":""},"class_list":["post-4919","page","type-page","status-publish","hentry","entry"],"_links":{"self":[{"href":"https:\/\/lotsarnastockholm.se\/index.php\/wp-json\/wp\/v2\/pages\/4919","targetHints":{"allow":["GET"]}}],"collection":[{"href":"https:\/\/lotsarnastockholm.se\/index.php\/wp-json\/wp\/v2\/pages"}],"about":[{"href":"https:\/\/lotsarnastockholm.se\/index.php\/wp-json\/wp\/v2\/types\/page"}],"author":[{"embeddable":true,"href":"https:\/\/lotsarnastockholm.se\/index.php\/wp-json\/wp\/v2\/users\/1"}],"replies":[{"embeddable":true,"href":"https:\/\/lotsarnastockholm.se\/index.php\/wp-json\/wp\/v2\/comments?post=4919"}],"version-history":[{"count":2,"href":"https:\/\/lotsarnastockholm.se\/index.php\/wp-json\/wp\/v2\/pages\/4919\/revisions"}],"predecessor-version":[{"id":5207,"href":"https:\/\/lotsarnastockholm.se\/index.php\/wp-json\/wp\/v2\/pages\/4919\/revisions\/5207"}],"wp:attachment":[{"href":"https:\/\/lotsarnastockholm.se\/index.php\/wp-json\/wp\/v2\/media?parent=4919"}],"curies":[{"name":"wp","href":"https:\/\/api.w.org\/{rel}","templated":true}]}}