{"id":4908,"date":"2023-03-29T16:54:08","date_gmt":"2023-03-29T15:54:08","guid":{"rendered":"https:\/\/lotsarnastockholm.se\/?page_id=4908"},"modified":"2023-11-09T20:22:11","modified_gmt":"2023-11-09T19:22:11","slug":"safvars-lotsplats","status":"publish","type":"page","link":"https:\/\/lotsarnastockholm.se\/index.php\/safvars-lotsplats\/","title":{"rendered":"S\u00e4fvars Lotsplats"},"content":{"rendered":"\n<p class=\"has-text-align-center\"><a href=\"https:\/\/www.google.se\/maps\/place\/63%C2%B047'37.5%22N+20%C2%B034'36.6%22E\/@63.79375,20.5746393,17z\/data=!3m1!4b1!4m4!3m3!8m2!3d63.79375!4d20.5768333\">63\u00b0 47.625&#8242; N 20\u00b0 34.610&#8242; E<\/a><\/p>\n\n\n\n<p>Finns omn\u00e4mnd som lastageplats att lotsa till i 1844 \u00e5rs rulla men endast i 1897 som lotsplats.<\/p>\n\n\n\n<p>Skeppsvik tillkom som lastageplats f\u00f6r S\u00e4fvars s\u00e5gverk 1787. Lastageplatsen placerades p\u00e5 den norra delen av H\u00e4llsk\u00e4ret, h\u00f6rande till S\u00e4vars by. Vid s\u00e5gverket i S\u00e4var lades de f\u00e4rdiga br\u00e4derna och plankorna samman till stora buntar som flottades p\u00e5&nbsp;<a href=\"https:\/\/sv.wikipedia.org\/wiki\/S%C3%A4var%C3%A5n\">S\u00e4var\u00e5n<\/a>&nbsp;och vidare ut till Skeppsvik.<\/p>\n\n\n\n<p>Officiell lotsning b\u00f6rjade omkring 1870. F\u00f6rsta noterade lotsningarna b\u00f6rjade 1875 med 31 lotsningar. Det finns noterat lotsningar fram till 1896. Under de sista 5 \u00e5ren var antalet lotsningar nere p\u00e5 1-3 per \u00e5r.<\/p>\n\n\n\n<p>Ende noterade lotsen \u00e4r <strong>M\u00e4sterlots Johan Erik Holmdahl p\u00e5 \u00f6verg\u00e5ngsstat f\u00f6dd 1823 och anst\u00e4lld 1877.<\/strong><\/p>\n","protected":false},"excerpt":{"rendered":"<p>63\u00b0 47.625&#8242; N 20\u00b0 34.610&#8242; E Finns omn\u00e4mnd som lastageplats att lotsa till i 1844 \u00e5rs rulla men endast i 1897 som lotsplats. Skeppsvik tillkom som lastageplats f\u00f6r S\u00e4fvars s\u00e5gverk 1787. Lastageplatsen placerades p\u00e5 den norra delen av H\u00e4llsk\u00e4ret, h\u00f6rande till S\u00e4vars by. Vid s\u00e5gverket i S\u00e4var lades de f\u00e4rdiga br\u00e4derna och plankorna samman till&hellip; <a class=\"more-link\" href=\"https:\/\/lotsarnastockholm.se\/index.php\/safvars-lotsplats\/\">Forts\u00e4tt l\u00e4sa <span class=\"screen-reader-text\">S\u00e4fvars Lotsplats<\/span><\/a><\/p>\n","protected":false},"author":1,"featured_media":0,"parent":0,"menu_order":0,"comment_status":"closed","ping_status":"closed","template":"","meta":{"footnotes":""},"class_list":["post-4908","page","type-page","status-publish","hentry","entry"],"_links":{"self":[{"href":"https:\/\/lotsarnastockholm.se\/index.php\/wp-json\/wp\/v2\/pages\/4908","targetHints":{"allow":["GET"]}}],"collection":[{"href":"https:\/\/lotsarnastockholm.se\/index.php\/wp-json\/wp\/v2\/pages"}],"about":[{"href":"https:\/\/lotsarnastockholm.se\/index.php\/wp-json\/wp\/v2\/types\/page"}],"author":[{"embeddable":true,"href":"https:\/\/lotsarnastockholm.se\/index.php\/wp-json\/wp\/v2\/users\/1"}],"replies":[{"embeddable":true,"href":"https:\/\/lotsarnastockholm.se\/index.php\/wp-json\/wp\/v2\/comments?post=4908"}],"version-history":[{"count":4,"href":"https:\/\/lotsarnastockholm.se\/index.php\/wp-json\/wp\/v2\/pages\/4908\/revisions"}],"predecessor-version":[{"id":5745,"href":"https:\/\/lotsarnastockholm.se\/index.php\/wp-json\/wp\/v2\/pages\/4908\/revisions\/5745"}],"wp:attachment":[{"href":"https:\/\/lotsarnastockholm.se\/index.php\/wp-json\/wp\/v2\/media?parent=4908"}],"curies":[{"name":"wp","href":"https:\/\/api.w.org\/{rel}","templated":true}]}}