{"id":4884,"date":"2023-03-25T20:14:22","date_gmt":"2023-03-25T19:14:22","guid":{"rendered":"https:\/\/lotsarnastockholm.se\/?page_id=4884"},"modified":"2023-11-10T19:09:19","modified_gmt":"2023-11-10T18:09:19","slug":"barsta-lotsplats","status":"publish","type":"page","link":"https:\/\/lotsarnastockholm.se\/index.php\/barsta-lotsplats\/","title":{"rendered":"Barsta Lotsplats"},"content":{"rendered":"\n<p class=\"has-text-align-center\"><a href=\"https:\/\/www.google.se\/maps\/place\/62%C2%B051'48.7%22N+18%C2%B023'48.1%22E\/@62.8635333,18.3945113,17z\/data=!3m1!4b1!4m4!3m3!8m2!3d62.8635333!4d18.3967\">62\u00b0 51.812&#8242; N 18\u00b0 23.802&#8242; E<\/a><\/p>\n\n\n\n<p>Barsta lotsplats varade mellan 1725 och 1827. L\u00e5g i Norra lotsdistriktet under Sundsvalls f\u00f6rdelning<\/p>\n\n\n\n<p>F\u00f6r Barsta hamn upptog Nils Str\u00f6mcrona tre lotsar och tre dr\u00e4ngar. 1827 d\u00e5 en ny lotsningsorganisation tog gestalt genom nytt reglemente, drogs den omotiverade lotsplatsen i Barsta in.<strong> Den siste lotsen vid Barsta var sekundlotsen Olof Sundin<\/strong> vilken hade avlagt lotsexamen 1821. N\u00e4r lotsplatsen drogs in f\u00f6rdes tj\u00e4nsten p\u00e5 s.k. indragningsstat men bibeh\u00e5llna l\u00f6nef\u00f6rm\u00e5ner. Samtidigt med Sundin tillsattes en <strong>lotsl\u00e4rling Jonas Hibell f\u00f6dd 1803. Han avf\u00f6rdes ur lotsrullan f\u00f6rst 1836<\/strong><\/p>\n\n\n\n<p>Barsta lotsplats lydde under lots\u00e5ldermannen vid Ulv\u00f6 lotsplats och enligt 1820 \u00e5rs f\u00f6rteckning och organisationsplan skulle det finnas 1 secundlots och 1 lotsl\u00e4rling p\u00e5 platsen,<\/p>\n\n\n\n<p>Lotsuppassningen skulle ske enligt f\u00f6ljande \u201dLotsarna uppassa p\u00e5 berget wid hamnen; m\u00f6ta fartygen utanf\u00f6r Fogelsk\u00e4r och H\u00f6gbonden.<\/p>\n\n\n\n<p>Lotsningsomr\u00e5de: Till H\u00e4rn\u00f6sand, Lung\u00f6sund, Ulv\u00f6n samt till och fr\u00e5n sj\u00f6n.<\/p>\n","protected":false},"excerpt":{"rendered":"<p>62\u00b0 51.812&#8242; N 18\u00b0 23.802&#8242; E Barsta lotsplats varade mellan 1725 och 1827. L\u00e5g i Norra lotsdistriktet under Sundsvalls f\u00f6rdelning F\u00f6r Barsta hamn upptog Nils Str\u00f6mcrona tre lotsar och tre dr\u00e4ngar. 1827 d\u00e5 en ny lotsningsorganisation tog gestalt genom nytt reglemente, drogs den omotiverade lotsplatsen i Barsta in. Den siste lotsen vid Barsta var sekundlotsen&hellip; <a class=\"more-link\" href=\"https:\/\/lotsarnastockholm.se\/index.php\/barsta-lotsplats\/\">Forts\u00e4tt l\u00e4sa <span class=\"screen-reader-text\">Barsta Lotsplats<\/span><\/a><\/p>\n","protected":false},"author":1,"featured_media":0,"parent":0,"menu_order":0,"comment_status":"closed","ping_status":"closed","template":"","meta":{"footnotes":""},"class_list":["post-4884","page","type-page","status-publish","hentry","entry"],"_links":{"self":[{"href":"https:\/\/lotsarnastockholm.se\/index.php\/wp-json\/wp\/v2\/pages\/4884","targetHints":{"allow":["GET"]}}],"collection":[{"href":"https:\/\/lotsarnastockholm.se\/index.php\/wp-json\/wp\/v2\/pages"}],"about":[{"href":"https:\/\/lotsarnastockholm.se\/index.php\/wp-json\/wp\/v2\/types\/page"}],"author":[{"embeddable":true,"href":"https:\/\/lotsarnastockholm.se\/index.php\/wp-json\/wp\/v2\/users\/1"}],"replies":[{"embeddable":true,"href":"https:\/\/lotsarnastockholm.se\/index.php\/wp-json\/wp\/v2\/comments?post=4884"}],"version-history":[{"count":4,"href":"https:\/\/lotsarnastockholm.se\/index.php\/wp-json\/wp\/v2\/pages\/4884\/revisions"}],"predecessor-version":[{"id":5752,"href":"https:\/\/lotsarnastockholm.se\/index.php\/wp-json\/wp\/v2\/pages\/4884\/revisions\/5752"}],"wp:attachment":[{"href":"https:\/\/lotsarnastockholm.se\/index.php\/wp-json\/wp\/v2\/media?parent=4884"}],"curies":[{"name":"wp","href":"https:\/\/api.w.org\/{rel}","templated":true}]}}