{"id":4881,"date":"2023-03-24T19:52:23","date_gmt":"2023-03-24T18:52:23","guid":{"rendered":"https:\/\/lotsarnastockholm.se\/?page_id=4881"},"modified":"2025-04-01T17:39:27","modified_gmt":"2025-04-01T16:39:27","slug":"nylands-lotsplats","status":"publish","type":"page","link":"https:\/\/lotsarnastockholm.se\/index.php\/nylands-lotsplats\/","title":{"rendered":"Nyland Lotsplats"},"content":{"rendered":"\n<p class=\"has-text-align-center\"><a href=\"https:\/\/www.google.se\/maps\/place\/63%C2%B000'19.9%22N+17%C2%B046'04.2%22E\/@63.0055333,17.7656446,17z\/data=!3m1!4b1!4m4!3m3!8m2!3d63.0055333!4d17.7678333\">63\u00b0 00.332&#8242; N 17\u00b0 46.070&#8242; E<\/a><\/p>\n\n\n\n<p>Lotsar tillsattes under mitten av 1800 talet och l\u00e5g under H\u00e4rn\u00f6sands lotsplats.  Sammanslogs 1 maj 1902 med lotsarna i H\u00e4rn\u00f6 under namnet H\u00e4rn\u00f6sand men Nyland kvarstod som uppassningsst\u00e4lle fram till 1941.<\/p>\n\n\n\n<p>Tillh\u00f6rde Norra lotsdistriktet och Sundsvalls f\u00f6rdelning. Under lots\u00e5lderman i Nyland 1868.<\/p>\n\n\n\n<p>Nyland finns ej med i 1820 \u00e5rs f\u00f6rteckning<\/p>\n\n\n\n<p>Ur reglemente 1863: Nylands lotsuppassningsst\u00e4lle, lotsa fr\u00e5n Nyland till H\u00e4rn\u00f6sand, till sj\u00f6ss vid Hern\u00f6 dito norr om Hern\u00f6<\/p>\n\n\n\n<p>Ur 1868 \u00e5rs reglemente: Lotsarna uppassa vid platsen. Lotsningsomr\u00e5de Fr\u00e5n Nyland till sj\u00f6ss vid Hern\u00f6, respektive fr\u00e5n Bollsta, Marieby och Kungsg\u00e5rden, Kramfors, Lockne och Nyvik, Sand\u00f6. Fr\u00e5n Nyland till sj\u00f6ss vid Hern\u00f6 respektive fr\u00e5n enligt ovan<\/p>\n\n\n\n<p>1889 byggdes ett nytt lotsuppassningshus p\u00e5 Nyland<\/p>\n\n\n\n<figure class=\"wp-block-table alignwide\"><table><tbody><tr><td><strong>Lotsplats 1<\/strong><\/td><td><strong>Lotsplats 2<\/strong><\/td><td><strong>Efternamn<\/strong><\/td><td><strong>F\u00f6rnamn 1<\/strong><\/td><td><strong>F\u00f6rnamn 2<\/strong><\/td><td><strong>F\u00f6dd<\/strong><\/td><td><strong>Antagen i lotsverket<\/strong><\/td><td><strong>Avsked<\/strong><\/td><td><strong>D\u00f6d<\/strong><\/td><\/tr><tr><td>Nyland<\/td><td>H\u00e4rn\u00f6<\/td><td>Bj\u00f6rling<\/td><td>Carl<\/td><td>Gustaf<\/td><td>1871<\/td><td>1890<\/td><td>&nbsp;<\/td><td><\/td><\/tr><tr><td>Nyland<\/td><td>&nbsp;<\/td><td>Boklund<\/td><td>Nils<\/td><td>Gottfrid<\/td><td>1877<\/td><td>1896<\/td><td>1897<\/td><td><\/td><\/tr><tr><td>Nyland<\/td><td>H\u00e4rn\u00f6<\/td><td>Bolin<\/td><td>Petrus<\/td><td>&nbsp;<\/td><td>1872<\/td><td>1895<\/td><td>1932<\/td><td><\/td><\/tr><tr><td>Nyland<\/td><td>&nbsp;<\/td><td>Bolund<\/td><td>Fritz<\/td><td>Axel<\/td><td>1867<\/td><td>1888<\/td><td>&nbsp;<\/td><td><\/td><\/tr><tr><td>Nyland<\/td><td>H\u00e4rn\u00f6<\/td><td>Bolund<\/td><td>Hildor<\/td><td>Erhard<\/td><td>1873<\/td><td>1892<\/td><td>1933<\/td><td><\/td><\/tr><tr><td>Nyland<\/td><td>H\u00e4rn\u00f6<\/td><td>Bolund<\/td><td>Pehr<\/td><td>&nbsp;<\/td><td>1827<\/td><td>1869<\/td><td>&nbsp;<\/td><td><\/td><\/tr><tr><td>Nyland<\/td><td>H\u00e4rn\u00f6<\/td><td>Fal\u00e9n<\/td><td>Leo<\/td><td>Petrus<\/td><td>1849<\/td><td>1868<\/td><td>&nbsp;<\/td><td><\/td><\/tr><tr><td>Nyland<\/td><td>&nbsp;<\/td><td>Holmberg<\/td><td>Anders<\/td><td>&nbsp;<\/td><td>1831<\/td><td>1876<\/td><td>&nbsp;<\/td><td><\/td><\/tr><tr><td>Nyland<\/td><td>&nbsp;<\/td><td>Holmberg<\/td><td>Axel<\/td><td>Edvard<\/td><td>1876<\/td><td>1897<\/td><td>&nbsp;<\/td><td><\/td><\/tr><tr><td>Nyland<\/td><td>H\u00e4rn\u00f6<\/td><td>Melander<\/td><td>Jonas<\/td><td>&nbsp;<\/td><td>1849<\/td><td>1871<\/td><td>&nbsp;<\/td><td><\/td><\/tr><tr><td>Nyland<\/td><td>H\u00e4rn\u00f6<\/td><td>N\u00e4sman<\/td><td>Erik<\/td><td>Johan<\/td><td>1871<\/td><td>1895<\/td><td>1931<\/td><td><\/td><\/tr><tr><td>Nyland<\/td><td>&nbsp;<\/td><td>Rydholm<\/td><td>Karl<\/td><td>Vilhelm<\/td><td>1879<\/td><td>1898<\/td><td>&nbsp;<\/td><td><\/td><\/tr><tr><td>Nyland<\/td><td>H\u00e4rn\u00f6<\/td><td>Str\u00f6mmer<\/td><td>Per<\/td><td>&nbsp;<\/td><td>1832<\/td><td>1873<\/td><td>&nbsp;<\/td><td><\/td><\/tr><tr><td>Nyland<\/td><td>H\u00e4rn\u00f6<\/td><td>Str\u00f6mmer<\/td><td>Per<\/td><td>Willehad<\/td><td>1876<\/td><td>1896<\/td><td>1931<\/td><td>1934<\/td><\/tr><tr><td>Nyland<\/td><td><\/td><td>Str\u00f6mmer<\/td><td>Henrik<\/td><td>Robert<\/td><td>1866<\/td><td>1890<\/td><td><\/td><td><\/td><\/tr><tr><td>Nyland<\/td><td>G\u00e4vle<\/td><td>Thorsen<\/td><td>Thor<\/td><td>Martin<\/td><td>1877<\/td><td>1900<\/td><td><\/td><td><\/td><\/tr><tr><td>Nyland<\/td><td>&nbsp;<\/td><td>T\u00f6rnsten<\/td><td>Erik<\/td><td>Albert<\/td><td>1875<\/td><td>1895<\/td><td>1897<\/td><td><\/td><\/tr><\/tbody><\/table><\/figure>\n","protected":false},"excerpt":{"rendered":"<p>63\u00b0 00.332&#8242; N 17\u00b0 46.070&#8242; E Lotsar tillsattes under mitten av 1800 talet och l\u00e5g under H\u00e4rn\u00f6sands lotsplats. Sammanslogs 1 maj 1902 med lotsarna i H\u00e4rn\u00f6 under namnet H\u00e4rn\u00f6sand men Nyland kvarstod som uppassningsst\u00e4lle fram till 1941. Tillh\u00f6rde Norra lotsdistriktet och Sundsvalls f\u00f6rdelning. Under lots\u00e5lderman i Nyland 1868. Nyland finns ej med i 1820 \u00e5rs&hellip; <a class=\"more-link\" href=\"https:\/\/lotsarnastockholm.se\/index.php\/nylands-lotsplats\/\">Forts\u00e4tt l\u00e4sa <span class=\"screen-reader-text\">Nyland Lotsplats<\/span><\/a><\/p>\n","protected":false},"author":1,"featured_media":0,"parent":0,"menu_order":0,"comment_status":"closed","ping_status":"closed","template":"","meta":{"footnotes":""},"class_list":["post-4881","page","type-page","status-publish","hentry","entry"],"_links":{"self":[{"href":"https:\/\/lotsarnastockholm.se\/index.php\/wp-json\/wp\/v2\/pages\/4881","targetHints":{"allow":["GET"]}}],"collection":[{"href":"https:\/\/lotsarnastockholm.se\/index.php\/wp-json\/wp\/v2\/pages"}],"about":[{"href":"https:\/\/lotsarnastockholm.se\/index.php\/wp-json\/wp\/v2\/types\/page"}],"author":[{"embeddable":true,"href":"https:\/\/lotsarnastockholm.se\/index.php\/wp-json\/wp\/v2\/users\/1"}],"replies":[{"embeddable":true,"href":"https:\/\/lotsarnastockholm.se\/index.php\/wp-json\/wp\/v2\/comments?post=4881"}],"version-history":[{"count":6,"href":"https:\/\/lotsarnastockholm.se\/index.php\/wp-json\/wp\/v2\/pages\/4881\/revisions"}],"predecessor-version":[{"id":7183,"href":"https:\/\/lotsarnastockholm.se\/index.php\/wp-json\/wp\/v2\/pages\/4881\/revisions\/7183"}],"wp:attachment":[{"href":"https:\/\/lotsarnastockholm.se\/index.php\/wp-json\/wp\/v2\/media?parent=4881"}],"curies":[{"name":"wp","href":"https:\/\/api.w.org\/{rel}","templated":true}]}}