{"id":4845,"date":"2023-03-20T13:33:36","date_gmt":"2023-03-20T12:33:36","guid":{"rendered":"https:\/\/lotsarnastockholm.se\/?page_id=4845"},"modified":"2026-03-13T20:25:44","modified_gmt":"2026-03-13T19:25:44","slug":"stockvikens-stocka-lotsplats","status":"publish","type":"page","link":"https:\/\/lotsarnastockholm.se\/index.php\/stockvikens-stocka-lotsplats\/","title":{"rendered":"Stockviken\/Stocka Lotsplats"},"content":{"rendered":"\n<p class=\"has-text-align-center\"><a href=\"https:\/\/www.google.se\/maps\/place\/61%C2%B057'25.1%22N+17%C2%B020'21.9%22E\/@61.9569667,17.337228,17z\/data=!3m1!4b1!4m4!3m3!8m2!3d61.9569667!4d17.3394167\">61\u00b0 57.418&#8242; N 17\u00b0 20.365&#8242; E<\/a><\/p>\n\n\n\n<p>Stockvikens\/Stocka lotsplats var till att b\u00f6rja med placerad i samh\u00e4llet men flyttades sen till Ingask\u00e4r. Lotsplatsen bytte namn fr\u00e5n Stockviken till Stocka 1937.<\/p>\n\n\n\n<p>Inr\u00e4ttad 1878 nedlagd 1 jan 1966. Norra lotsdistriktet Sundsvalls f\u00f6rdelning<\/p>\n\n\n\n<p>Stocka lotsplats \u00e4gde best\u00e5nd fr\u00e5n 1878 till \u00e5rsslutet 1966 eller 1 april 1967 lite beroende p\u00e5 k\u00e4lla.<\/p>\n\n\n\n<p>Pensionerade \u00f6verlotsen Arne Wixner ber\u00e4ttar<br><em>Den 29 maj 1878 \u00e4r f\u00f6rsta visitationen inf\u00f6rd i platsens journal. D\u00e5 inspekterades det nyuppf\u00f6rda lotsuppassningshuset p\u00e5 varpb\u00e4cksudde strax s\u00f6der om Stocka hamn. Vid platsen tj\u00e4nstgjorde d\u00e5 lotsen Johan Sundberg samt en b\u00e5tman. Sundberg hade tj\u00e4nstgjort i Stocka fr\u00e5n 1874 enbart f\u00f6r utlotsning av fartyg. Inlotsning sk\u00f6ttes helt av Ag\u00f6 och Brem\u00f6 lotsarna.<\/em><\/p>\n\n\n\n<p><em>1878 b\u00f6rjade b\u00e5de in och utlotsningar verkst\u00e4llas av d\u00e4rvarande lots och d\u00e5 \u00e4ven lotshuset tillkom detta \u00e5r kan man nog r\u00e4kna med Stockvikens (Stocka) lotsplats from detta \u00e5r.<\/em><\/p>\n\n\n\n<p><em>1880 erh\u00f6ll sj\u00f6mannen Anders Wassberg lotsexamen. Sundberg blev d\u00e5 platsens f\u00f6rste lotsf\u00f6rman.<\/em> (Lotsar Erik och Oscar Wassberg \u00e4r s\u00f6ner till Anders Wassberg)<\/p>\n\n\n\n<p><em>1884 flyttades lotshuset till Ingask\u00e4r vid inloppet till Stocka hamn. D\u00e4r tillkom senare m\u00e4rket Stocka b\u00e5k och Aga fyren Ingask\u00e4r.<\/em><\/p>\n\n\n\n<p><em>Fr\u00e4msta lotsleden var till och fr\u00e5n Stocka hamn. \u00d6vriga lotsleder: till och fr\u00e5n Arn\u00f6viken, Bj\u00f6rnsundet, J\u00e4ttendal, H\u00e5rte och Gnarp samt till Brem\u00f6sund och Hudiksvall. Hudiksvalls lotsarna \u00e4gde icke lotsa in till eller ut fr\u00e5n Stocka hamn om Stocka lotsar fanns att tillg\u00e5. Stocka lotsplats har f\u00f6rskonats fr\u00e5n sv\u00e5ra personolyckor.<\/em><\/p>\n\n\n\n<p>Stockvikens fd lotsplats l\u00e5g \u00e4ven p\u00e5 holmen R\u00f6nnsk\u00e4r NO om Stocka samh\u00e4lle<\/p>\n\n\n\n<p>Enligt lotsledsf\u00f6rteckningen 1916: Lotsarna uppassa p\u00e5 Ingask\u00e4r och m\u00f6ta fartyg utanf\u00f6r grunden. Lotsuppassning \u00e4ger icke rum under m\u00f6rker.<\/p>\n\n\n\n<p>B\u00e5tbest\u00e5nd 1920:<\/p>\n\n\n\n<p>1 d\u00e4ckad kutter byggd 1910, j\u00e4rnspant\/furu kravell, 9.2&#215;2.7 med 8 hk H\u00f6\u00f6rs MV<br>1 motorb\u00e5t byggd 1888 i furu 6.4&#215;2 med 3 hk H\u00e4rn\u00f6sands MV<br>1 roddb\u00e5t byggd 1902 i ek\/furu, 5.4&#215;1.6<\/p>\n\n\n\n<p>1935 renoverades uppassningshuset<br>1936 anskaffades en ny lotsb\u00e5t<br>1937 tilldelades lpl en nybyggd lotsmotorb\u00e5t<br>1947 anordnades utkik p\u00e5 lotsuppassningshusets tak<\/p>\n\n\n\n<p>H\u00c4NDELSER:<\/p>\n\n\n\n<p>1947: Lotsstyrelsen har beslutat att till envar av f\u00f6ljande befattningshavare, n\u00e4mligen tillf\u00f6rordnade lotsf\u00f6rman vid Stocka lotsplats JA Wixner, fyrvaktaren vid fyrskeppet V\u00e4stra Banken, OE Molin, samt matroserna i tj\u00e4nstefartyget G\u00c4VLE, TAG Fagerberg och ETN Molarin f\u00f6r visat mod och \u00e5dagalagd r\u00e5dighet vid r\u00e4ddandet, den 1 december 1947 av fyra skeppsbrutna fr\u00e5n vraket av det \u00e5 V\u00e4stra Finngrundsbanken strandade S\/S RUBFRED, \u00f6verl\u00e4mna dels skriftlig erk\u00e4nnande dels och en penningbel\u00f6ning av 150 kr ur den Westermarkska bel\u00f6ningsfonden.<\/p>\n\n\n\n<p>Lotsar och b\u00e5tm\u00e4n vid Stocka lpl<\/p>\n\n\n\n<figure class=\"wp-block-table alignwide\"><table class=\"has-fixed-layout\"><tbody><tr><td><strong>Efternamn<\/strong><\/td><td><strong>F\u00f6rnamn<\/strong><\/td><td><strong>F\u00f6dd<\/strong><\/td><td><strong>I Staten<\/strong><\/td><td><strong>B\u00e5tman<\/strong><\/td><td><strong>Lpl 1<\/strong><\/td><td><strong>Lpl 2<\/strong><\/td><td><strong>Lpl 3<\/strong><\/td><td><strong>Lpl 4<\/strong><\/td><\/tr><tr><td>Sundberg<\/td><td>Johan<\/td><td>1853<\/td><td>1870<\/td><td><\/td><td>Got\/kappelshamn<\/td><td>Stockviken\/stocka<\/td><td><\/td><td><\/td><\/tr><tr><td>Wassberg<\/td><td>Anders<\/td><td>1846<\/td><td>1880<\/td><td><\/td><td>Stockviken\/stocka<\/td><td><\/td><td><\/td><td><\/td><\/tr><tr><td>Sundberg<\/td><td>Carl<\/td><td>1878<\/td><td>1893<\/td><td><\/td><td>Stockviken\/stocka<\/td><td><\/td><td><\/td><td><\/td><\/tr><tr><td>Wassberg<\/td><td>Erik<\/td><td>1877<\/td><td>1893<\/td><td><\/td><td>Stockviken\/stocka<\/td><td>H\u00e4rn\u00f6<\/td><td><\/td><td><\/td><\/tr><tr><td>L\u00f6jdstr\u00f6m<\/td><td>Albin<\/td><td>1887<\/td><td>1908<\/td><td><\/td><td>Stockviken\/stocka<\/td><td>G\u00e5sholma<\/td><td><\/td><td><\/td><\/tr><tr><td>Sundberg<\/td><td>Alfred<\/td><td>1892<\/td><td>1913<\/td><td><\/td><td>Ag\u00f6<\/td><td>Hudiksvall<\/td><td>Stockviken\/stocka<\/td><td><\/td><\/tr><tr><td>Wassberg<\/td><td>Oscar<\/td><td>1882<\/td><td>1913<\/td><td><\/td><td>Stockviken\/stocka<\/td><td><\/td><td><\/td><td><\/td><\/tr><tr><td>Larsson<\/td><td>John<\/td><td>1904<\/td><td>1921<\/td><td><\/td><td>Stockviken\/stocka<\/td><td>Fagervik<\/td><td><\/td><td><\/td><\/tr><tr><td>Sikstr\u00f6m<\/td><td>Per<\/td><td>1905<\/td><td>1923<\/td><td><\/td><td>Stockviken\/stocka<\/td><td><\/td><td><\/td><td><\/td><\/tr><tr><td>Leijstr\u00f6m<\/td><td>Gustaf<\/td><td>1907<\/td><td>1928<\/td><td><\/td><td>Stockviken\/stocka<\/td><td>G\u00e4vle<\/td><td><\/td><td><\/td><\/tr><tr><td>Bj\u00f6rling<\/td><td>Petrus<\/td><td>1908<\/td><td>1930<\/td><td>1941-04-01<\/td><td>H\u00e4rn\u00f6<\/td><td>Stockviken\/stocka<\/td><td><\/td><td><\/td><\/tr><tr><td>Wixner<\/td><td>Johan<\/td><td>1910<\/td><td>1932<\/td><td><\/td><td>Ag\u00f6<\/td><td>Hudiksvall<\/td><td>Stockviken\/stocka<\/td><td>Sundsvall<\/td><\/tr><tr><td>R\u00f6stlund<\/td><td>Karl<\/td><td>1911<\/td><td>1934<\/td><td><\/td><td>Stockviken\/stocka<\/td><td>Hudiksvall<\/td><td>Halmstad<\/td><td><\/td><\/tr><tr><td>Sundberg<\/td><td>Carl<\/td><td>1925<\/td><td>1944<\/td><td>1952-09-01<\/td><td>Stockviken\/stocka<\/td><td>Hudiksvall<\/td><td><\/td><td><\/td><\/tr><tr><td>Sundberg<\/td><td>Sven<\/td><td>1927<\/td><td>1952<\/td><td><\/td><td>Stockviken\/stocka<\/td><td><\/td><td><\/td><td><\/td><\/tr><tr><td>Eriksson<\/td><td>Lars<\/td><td>1942<\/td><td>1961<\/td><td>1963-08-01<\/td><td>Stockviken\/stocka<\/td><td><\/td><td><\/td><td><\/td><\/tr><tr><td>Svedberg<\/td><td>Jens<\/td><td>1947<\/td><td>1963<\/td><td>1965-11-01<\/td><td>Stockviken\/stocka<\/td><td><\/td><td><\/td><td><\/td><\/tr><\/tbody><\/table><\/figure>\n","protected":false},"excerpt":{"rendered":"<p>61\u00b0 57.418&#8242; N 17\u00b0 20.365&#8242; E Stockvikens\/Stocka lotsplats var till att b\u00f6rja med placerad i samh\u00e4llet men flyttades sen till Ingask\u00e4r. Lotsplatsen bytte namn fr\u00e5n Stockviken till Stocka 1937. Inr\u00e4ttad 1878 nedlagd 1 jan 1966. Norra lotsdistriktet Sundsvalls f\u00f6rdelning Stocka lotsplats \u00e4gde best\u00e5nd fr\u00e5n 1878 till \u00e5rsslutet 1966 eller 1 april 1967 lite beroende p\u00e5&hellip; <a class=\"more-link\" href=\"https:\/\/lotsarnastockholm.se\/index.php\/stockvikens-stocka-lotsplats\/\">Forts\u00e4tt l\u00e4sa <span class=\"screen-reader-text\">Stockviken\/Stocka Lotsplats<\/span><\/a><\/p>\n","protected":false},"author":1,"featured_media":0,"parent":0,"menu_order":0,"comment_status":"closed","ping_status":"closed","template":"","meta":{"footnotes":""},"class_list":["post-4845","page","type-page","status-publish","hentry","entry"],"_links":{"self":[{"href":"https:\/\/lotsarnastockholm.se\/index.php\/wp-json\/wp\/v2\/pages\/4845","targetHints":{"allow":["GET"]}}],"collection":[{"href":"https:\/\/lotsarnastockholm.se\/index.php\/wp-json\/wp\/v2\/pages"}],"about":[{"href":"https:\/\/lotsarnastockholm.se\/index.php\/wp-json\/wp\/v2\/types\/page"}],"author":[{"embeddable":true,"href":"https:\/\/lotsarnastockholm.se\/index.php\/wp-json\/wp\/v2\/users\/1"}],"replies":[{"embeddable":true,"href":"https:\/\/lotsarnastockholm.se\/index.php\/wp-json\/wp\/v2\/comments?post=4845"}],"version-history":[{"count":5,"href":"https:\/\/lotsarnastockholm.se\/index.php\/wp-json\/wp\/v2\/pages\/4845\/revisions"}],"predecessor-version":[{"id":7812,"href":"https:\/\/lotsarnastockholm.se\/index.php\/wp-json\/wp\/v2\/pages\/4845\/revisions\/7812"}],"wp:attachment":[{"href":"https:\/\/lotsarnastockholm.se\/index.php\/wp-json\/wp\/v2\/media?parent=4845"}],"curies":[{"name":"wp","href":"https:\/\/api.w.org\/{rel}","templated":true}]}}