{"id":4818,"date":"2023-03-12T19:17:33","date_gmt":"2023-03-12T18:17:33","guid":{"rendered":"https:\/\/lotsarnastockholm.se\/?page_id=4818"},"modified":"2026-02-21T22:30:07","modified_gmt":"2026-02-21T21:30:07","slug":"gasholma-lotsplats","status":"publish","type":"page","link":"https:\/\/lotsarnastockholm.se\/index.php\/gasholma-lotsplats\/","title":{"rendered":"G\u00e5sholma Lotsplats"},"content":{"rendered":"\n<p class=\"has-text-align-center\"><a href=\"https:\/\/www.google.se\/maps\/place\/61%C2%B000'25.9%22N+17%C2%B014'16.0%22E\/@61.0072,17.235578,17z\/data=!3m1!4b1!4m4!3m3!8m2!3d61.0072!4d17.2377667\">61\u00b0 0.432&#8242; N 17\u00b0 14.266&#8242; E<\/a><\/p>\n\n\n\n<figure class=\"wp-block-gallery has-nested-images columns-default is-cropped wp-block-gallery-1 is-layout-flex wp-block-gallery-is-layout-flex\">\n<figure class=\"wp-block-image size-large\"><a href=\"https:\/\/lotsarnastockholm.se\/wp-content\/uploads\/2024\/01\/Gasholma-Lotsplats-1902.jpg\"><img fetchpriority=\"high\" decoding=\"async\" width=\"800\" height=\"580\" data-id=\"6436\" src=\"https:\/\/lotsarnastockholm.se\/wp-content\/uploads\/2024\/01\/Gasholma-Lotsplats-1902.jpg\" alt=\"\" class=\"wp-image-6436\" srcset=\"https:\/\/lotsarnastockholm.se\/wp-content\/uploads\/2024\/01\/Gasholma-Lotsplats-1902.jpg 800w, https:\/\/lotsarnastockholm.se\/wp-content\/uploads\/2024\/01\/Gasholma-Lotsplats-1902-300x218.jpg 300w, https:\/\/lotsarnastockholm.se\/wp-content\/uploads\/2024\/01\/Gasholma-Lotsplats-1902-768x557.jpg 768w\" sizes=\"(max-width: 800px) 100vw, 800px\" \/><\/a><figcaption class=\"wp-element-caption\">1902<\/figcaption><\/figure>\n\n\n\n<figure class=\"wp-block-image size-large\"><a href=\"https:\/\/lotsarnastockholm.se\/wp-content\/uploads\/2024\/01\/GASHOLMA.Hamnen.jpg\"><img decoding=\"async\" width=\"1024\" height=\"768\" data-id=\"6437\" src=\"https:\/\/lotsarnastockholm.se\/wp-content\/uploads\/2024\/01\/GASHOLMA.Hamnen-1024x768.jpg\" alt=\"\" class=\"wp-image-6437\" srcset=\"https:\/\/lotsarnastockholm.se\/wp-content\/uploads\/2024\/01\/GASHOLMA.Hamnen-1024x768.jpg 1024w, https:\/\/lotsarnastockholm.se\/wp-content\/uploads\/2024\/01\/GASHOLMA.Hamnen-300x225.jpg 300w, https:\/\/lotsarnastockholm.se\/wp-content\/uploads\/2024\/01\/GASHOLMA.Hamnen-768x576.jpg 768w, https:\/\/lotsarnastockholm.se\/wp-content\/uploads\/2024\/01\/GASHOLMA.Hamnen-1536x1152.jpg 1536w, https:\/\/lotsarnastockholm.se\/wp-content\/uploads\/2024\/01\/GASHOLMA.Hamnen-1568x1176.jpg 1568w, https:\/\/lotsarnastockholm.se\/wp-content\/uploads\/2024\/01\/GASHOLMA.Hamnen.jpg 1600w\" sizes=\"(max-width: 1024px) 100vw, 1024px\" \/><\/a><\/figure>\n\n\n\n<figure class=\"wp-block-image size-large\"><a href=\"https:\/\/lotsarnastockholm.se\/wp-content\/uploads\/2024\/01\/GASHOLMA.Huset_.jpg\"><img decoding=\"async\" width=\"1024\" height=\"768\" data-id=\"6438\" src=\"https:\/\/lotsarnastockholm.se\/wp-content\/uploads\/2024\/01\/GASHOLMA.Huset_-1024x768.jpg\" alt=\"\" class=\"wp-image-6438\" srcset=\"https:\/\/lotsarnastockholm.se\/wp-content\/uploads\/2024\/01\/GASHOLMA.Huset_-1024x768.jpg 1024w, https:\/\/lotsarnastockholm.se\/wp-content\/uploads\/2024\/01\/GASHOLMA.Huset_-300x225.jpg 300w, https:\/\/lotsarnastockholm.se\/wp-content\/uploads\/2024\/01\/GASHOLMA.Huset_-768x576.jpg 768w, https:\/\/lotsarnastockholm.se\/wp-content\/uploads\/2024\/01\/GASHOLMA.Huset_-1536x1152.jpg 1536w, https:\/\/lotsarnastockholm.se\/wp-content\/uploads\/2024\/01\/GASHOLMA.Huset_-1568x1176.jpg 1568w, https:\/\/lotsarnastockholm.se\/wp-content\/uploads\/2024\/01\/GASHOLMA.Huset_.jpg 1600w\" sizes=\"(max-width: 1024px) 100vw, 1024px\" \/><\/a><figcaption class=\"wp-element-caption\">G\u00e5sholma lotsstuga<\/figcaption><\/figure>\n<\/figure>\n\n\n\n<p>G\u00e5sholma inr\u00e4ttades p\u00e5 1740 talet och lades ned 15 sept 1968<\/p>\n\n\n\n<p><strong>Utdrag ur reglemente f\u00f6r lotsverket 1799:<\/strong><br>Norra lotsdistriktet under lotsuppsyningsman f\u00f6r G\u00e4vle f\u00f6rdelning lyder G\u00e5sholma lotsplats. 1 ord lots 1 utl\u00e4rd reservlotsdr\u00e4ng och 1 lotsl\u00e4rling. Lotsplatsen lyder under lots\u00e5ldermannen i G\u00e4vle. Samma g\u00e4llde 1820. Lotsningsomr\u00e5de: Lotsarna uppassa p\u00e5 fasta landsudden mitt \u00f6ver G\u00e5sholma, emottaga fartyg fr\u00e5n sj\u00f6n att inlotsa till ankarplats under G\u00e5sholma eller Kus\u00f6n, utlotsa till sj\u00f6ss m\u00f6ta mitt f\u00f6r G\u00e5sholma att lotsa till Ag\u00f6n till S\u00f6derhamn, till Stor Jungfrun och till G\u00e4vle.<\/p>\n\n\n\n<p>1862-1809 under \u00d6regrunds f\u00f6rdelning. Efter 1881 under Sundsvall f\u00f6rdelning<\/p>\n\n\n\n<p>Ur reglemente 1863: Lotsningsomr\u00e5de. Fr\u00e5n G\u00e5sholma till G\u00e4vle respektive Ag\u00f6, S\u00f6derhamn, Lilljungfrun, Axmars bruk, till och fr\u00e5n sj\u00f6n.<\/p>\n\n\n\n<p>Ur reglemente 1868. Lots uppassa p\u00e5 G\u00e5sholma och emottaga fartyg s\u00e5v\u00e4l utanf\u00f6r norra och s\u00f6dra inloppen. Lotsningsomr\u00e5de: Till Stugsund, Norrsundet, till och fr\u00e5n sj\u00f6n.<\/p>\n\n\n\n<p>1874 byggdes lotsuppassningshus p\u00e5 Synsk\u00e4r<\/p>\n\n\n\n<p>Lotsledsf\u00f6rteckning 1916: Lots uppassa p\u00e5 Synsk\u00e4r och emottaga ankommande fartyg utanf\u00f6r G\u00e5sh\u00e4llans spirb\u00e5k.<\/p>\n\n\n\n<p>Ur rulla 1764:<br>Lots Per Hansson, 52 \u00e5r i tj 1743<br>Lotsdr\u00e4ng Per Persson, 20 \u00e5r i tj 1763<\/p>\n\n\n\n<p>Ur rulla 1769: Lots Per Hansson, 57 \u00e5r i tj 1753 och Dr\u00e4ng Per Hansson, 25 \u00e5r i tj 1767<\/p>\n\n\n\n<p>Ur rulla 1817: Ord lots Per Bogren och l\u00e4rlingarna P. P-n Bogren samt Lars Axner<\/p>\n\n\n\n<p>Enligt 1820 \u00e5rs f\u00f6rteckning: Till G\u00e4vle, Ag\u00f6n, Storjungfrun, S\u00f6derhamn, sj\u00f6ss eller fr\u00e5n sj\u00f6n. 1 m\u00e4sterlots, 1 second lots, 1 lotsl\u00e4rling. Lots uppassa p\u00e5 G\u00e5sholma och m\u00f6ta fartygen utanf\u00f6r norra eller s\u00f6dra inloppen eller Kus\u00f6n.<\/p>\n\n\n\n<p>1920 \u00e5rs b\u00e5tbest\u00e5nd:<br>1 st d\u00e4ckad kutter byggd 1910, i ek, 9.2&#215;2.7, 5 hk Avance<br>1 st motorb\u00e5t i ek, 7 m<\/p>\n\n\n\n<figure class=\"wp-block-image size-full\"><a href=\"https:\/\/lotsarnastockholm.se\/wp-content\/uploads\/2023\/03\/skruttig-lotsbat.jpg\"><img loading=\"lazy\" decoding=\"async\" width=\"960\" height=\"720\" src=\"https:\/\/lotsarnastockholm.se\/wp-content\/uploads\/2023\/03\/skruttig-lotsbat.jpg\" alt=\"\" class=\"wp-image-4861\" srcset=\"https:\/\/lotsarnastockholm.se\/wp-content\/uploads\/2023\/03\/skruttig-lotsbat.jpg 960w, https:\/\/lotsarnastockholm.se\/wp-content\/uploads\/2023\/03\/skruttig-lotsbat-300x225.jpg 300w, https:\/\/lotsarnastockholm.se\/wp-content\/uploads\/2023\/03\/skruttig-lotsbat-768x576.jpg 768w\" sizes=\"(max-width: 960px) 100vw, 960px\" \/><\/a><figcaption class=\"wp-element-caption\">Kuttern fr\u00e5n 1910. Bild av Erling Flodman vars morfar Gotthard Axner byggde kuttern!<\/figcaption><\/figure>\n\n\n\n<p>G\u00e5sholma var f\u00f6rst under 1941 att f\u00e5 en ny motorlotskutter. Denna byggdes vid Ark\u00f6sunds b\u00e5tvarv och hade dimensionerna l=10,5, b= 3,54 djg 1,5 m Motor 40 hk Bolinder r\u00e5oljemotor, B9 M25 fart 7,5 knop<\/p>\n\n\n\n<p>1952 byggdes ett nytt lotsuppassningshus.<\/p>\n\n\n\n<p>H\u00c4NDELSER<\/p>\n\n\n\n<p>1904: Lotsen Erik August Axner drunknade 1904-10-21, i tj\u00e4nsten, vid hemf\u00e4rd efter lotsning till Norrsundet.<\/p>\n\n\n\n<p>1940 27 nov: F\u00f6r r\u00e4ddningen av bes\u00e4ttning f\u00f6r det \u00e5 G\u00e5sh\u00e4llan strandade tyska M\/S Peter har lotsf\u00f6rman GM Axner, m\u00e4sterlots EG Axner, lotsen KAJ Wilund och b\u00e5tbitr\u00e4de FN Holmstr\u00f6m, samtliga vid G\u00e5sholma lotsplats tilldelats gratifikation envar av lotsarna 250 kr och Holmstr\u00f6m 300 kr. Lotsstyrelsen har \u00e4ven tilldelat i samma f\u00f6retag deltagande fiskaren O. Nordin och uppsyningsmannen A Nordin gratifikation, den f\u00f6rre 300 kr och den senare 250 kr. Av svenska s\u00e4llskapet f\u00f6r r\u00e4ddning av skeppsbrutne har dessutom Holmstr\u00f6m och A Nordin erh\u00e5llit s\u00e4llskapets r\u00e4ddningsmedalj samt GM Axner och EG Axner, Wilund och O Nordin en hedersb\u00e4gare. Till\u00e4ggas kan att n\u00e5gra personer bl.a. Gotthard Axner fick tackdiplom av Adolf Hitler f\u00f6r sin insats. <\/p>\n\n\n\n<p>Nedan: lotsar och b\u00e5tm\u00e4n som arbetat vid G\u00e5sholma Lpl <\/p>\n\n\n\n<figure class=\"wp-block-table alignwide\"><table class=\"has-fixed-layout\"><tbody><tr><td><strong>Efternamn<\/strong><\/td><td><strong>F\u00f6rnamn<\/strong><\/td><td><strong>F\u00f6dd<\/strong><\/td><td><strong>I Staten<\/strong><\/td><td><strong>B\u00e5tman<\/strong><\/td><td><strong>Lpl 1<\/strong><\/td><td>\u00d6vriga Lpl<\/td><\/tr><tr><td>Hansson<\/td><td>Per<\/td><td>1712<\/td><td>1743<\/td><td><\/td><td>G\u00e5sholma<\/td><td><\/td><\/tr><tr><td>Persson<\/td><td>Per<\/td><td>1744<\/td><td>1763<\/td><td><\/td><td>G\u00e5sholma<\/td><td><\/td><\/tr><tr><td>Hansson<\/td><td>Pehr<\/td><td>1741<\/td><td>1767<\/td><td><\/td><td>G\u00e5sholma<\/td><td><\/td><\/tr><tr><td>Axner<\/td><td>L<\/td><td><\/td><td>1817<\/td><td><\/td><td>G\u00e5sholma<\/td><td><\/td><\/tr><tr><td>Axner<\/td><td>Pehr<\/td><td>1834<\/td><td>1855<\/td><td><\/td><td>G\u00e5sholma<\/td><td><\/td><\/tr><tr><td>Axner<\/td><td>Gustaf<\/td><td>1838<\/td><td>1859<\/td><td><\/td><td>G\u00e5sholma<\/td><td><\/td><\/tr><tr><td>Axner<\/td><td>Lars<\/td><td>1860<\/td><td>1883<\/td><td><\/td><td>G\u00e5sholma<\/td><td><\/td><\/tr><tr><td>Axner<\/td><td>Pehr<\/td><td>1862<\/td><td>1885<\/td><td><\/td><td>G\u00e5sholma<\/td><td><\/td><\/tr><tr><td>Norberg<\/td><td>Pehr<\/td><td>1862<\/td><td>1885<\/td><td><\/td><td>G\u00e5sholma<\/td><td><\/td><\/tr><tr><td>Axner<\/td><td>Erik<\/td><td>1869<\/td><td>1892<\/td><td><\/td><td>G\u00e5sholma<\/td><td><\/td><\/tr><tr><td>Axner<\/td><td>Oskar<\/td><td>1871<\/td><td>1892<\/td><td><\/td><td>G\u00e5sholma<\/td><td><\/td><\/tr><tr><td>Axner<\/td><td>Johan<\/td><td>1873<\/td><td>1892<\/td><td><\/td><td>G\u00e5sholma<\/td><td><\/td><\/tr><tr><td>Axner<\/td><td>Gotthard<\/td><td>1885<\/td><td>1897<\/td><td><\/td><td>G\u00e5sholma<\/td><td><\/td><\/tr><tr><td>S\u00f6derstr\u00f6m<\/td><td>Karl<\/td><td>1885<\/td><td>1902<\/td><td><\/td><td>Sundsvall<\/td><td>G\u00e5sholma\/Svartklubben\/\u00d6regrund<\/td><\/tr><tr><td>Axner<\/td><td>Karl<\/td><td>1893<\/td><td>1907<\/td><td><\/td><td>G\u00e5sholma<\/td><td><\/td><\/tr><tr><td>L\u00f6jdstr\u00f6m<\/td><td>Albin<\/td><td>1887<\/td><td>1908<\/td><td><\/td><td>Stocka<\/td><td>G\u00e5sholma<\/td><\/tr><tr><td>Axner<\/td><td>Erik<\/td><td>1894<\/td><td>1913<\/td><td><\/td><td>G\u00e5sholma<\/td><td><\/td><\/tr><tr><td>\u00d6stling<\/td><td>Axel<\/td><td>1889<\/td><td>1915<\/td><td><\/td><td>G\u00e5sholma<\/td><td><\/td><\/tr><tr><td>Wilund<\/td><td>Karl<\/td><td>1902<\/td><td>1919<\/td><td><\/td><td>G\u00e5sholma<\/td><td><\/td><\/tr><tr><td>Wallman<\/td><td>Ernst<\/td><td>1904<\/td><td>1920<\/td><td><\/td><td>G\u00e5sholma<\/td><td><\/td><\/tr><tr><td>Wilund<\/td><td>Olof<\/td><td>1904<\/td><td>1921<\/td><td><\/td><td>G\u00e5sholma<\/td><td><\/td><\/tr><tr><td>Borgstr\u00f6m<\/td><td>Erik<\/td><td>1910<\/td><td>1932<\/td><td><\/td><td>Svartklubben<\/td><td>G\u00e5sholma\/\u00d6regrund<\/td><\/tr><tr><td>Holmstr\u00f6m<\/td><td>Fritz<\/td><td>1914<\/td><td>1940<\/td><td><\/td><td>G\u00e5sholma<\/td><td>G\u00e4vle<\/td><\/tr><tr><td>Sj\u00f6berg<\/td><td>Ivar<\/td><td>1926<\/td><td>1946<\/td><td>1949-05-01<\/td><td>G\u00e5sholma<\/td><td>G\u00e4vle<\/td><\/tr><tr><td>\u00d6stling<\/td><td>Bj\u00f6rn<\/td><td>1929<\/td><td>1947<\/td><td><\/td><td>G\u00e5sholma<\/td><td>Lilljungfrun\/S\u00f6derhamn<\/td><\/tr><tr><td>Sandberg<\/td><td>Evert<\/td><td>1927<\/td><td>1950<\/td><td><\/td><td>G\u00e5sholma<\/td><td>G\u00e4vle<\/td><\/tr><tr><td>Engstr\u00f6m<\/td><td>Egon<\/td><td>1927<\/td><td>1952<\/td><td>1952-07-10<\/td><td>G\u00e5sholma<\/td><td>S\u00f6derhamn<\/td><\/tr><tr><td>Nordin<\/td><td>G\u00f6sta<\/td><td>1912<\/td><td>1957<\/td><td>1958-10-01<\/td><td>G\u00e5sholma<\/td><td>G\u00e4vle<\/td><\/tr><tr><td>Sj\u00f6berg<\/td><td>Bengt<\/td><td>1930<\/td><td>1961<\/td><td>1962-12-01<\/td><td>G\u00e5sholma<\/td><td><\/td><\/tr><tr><td>Axner<\/td><td>Stig<\/td><td>1939<\/td><td>1962<\/td><td>1962-12-01<\/td><td>G\u00e5sholma<\/td><td><\/td><\/tr><tr><td>M\u00f6ller<\/td><td>Hans<\/td><td>1938<\/td><td>1966<\/td><td>1966-10-01<\/td><td>G\u00e5sholma<\/td><td><\/td><\/tr><tr><td>Axner<\/td><td>Lars<\/td><td>1769<\/td><td><\/td><td><\/td><td>G\u00e5sholma<\/td><td><\/td><\/tr><tr><td>Axner<\/td><td>Emanuel<\/td><td>1809<\/td><td><\/td><td><\/td><td>G\u00e5sholma<\/td><td><\/td><\/tr><tr><td>Axner<\/td><td>Lars<\/td><td>1832<\/td><td><\/td><td><\/td><td>G\u00e5sholma<\/td><td><\/td><\/tr><tr><td>Bogren<\/td><td>P<\/td><td><\/td><td><\/td><td><\/td><td>G\u00e5sholma<\/td><td><\/td><\/tr><tr><td>Bogren<\/td><td>Per<\/td><td><\/td><td><\/td><td><\/td><td>G\u00e5sholma<\/td><td><\/td><\/tr><\/tbody><\/table><\/figure>\n\n\n\n<p>Vid G\u00e5sholma och Lilljungfrun har m\u00e5nga ur sl\u00e4kten Axner arbetat.<\/p>\n\n\n\n<p>Nedan kommer ett bidrag fr\u00e5n Erling Flodman som \u00e4r sl\u00e4kt i rakt nedstigande led.<\/p>\n\n\n\n<figure class=\"wp-block-table alignwide\"><table><tbody><tr><td>F\u00f6dd<\/td><td>Efternamn<\/td><td>F\u00f6rnamn<\/td><td>Lotsplats<\/td><td>D\u00f6d<\/td><\/tr><tr><td>1769-03-03<\/td><td>Axner<\/td><td>Lars<\/td><td>G\u00e5sholma<\/td><td>1834-01-25<\/td><\/tr><tr><td>1799-09-26<\/td><td>Axner<\/td><td>Per<\/td><td>Lilljungfrun<\/td><td>1866<\/td><\/tr><tr><td>1802-09-06<\/td><td>Axner<\/td><td>Daniel Axner<\/td><td>G\u00e4vle<\/td><td><\/td><\/tr><tr><td>1809-02-17<\/td><td>Axner<\/td><td>Emanuel<\/td><td>G\u00e5sholma<\/td><td>1895-08-15<\/td><\/tr><tr><td>1831-07-24<\/td><td>Axner<\/td><td>Lars Petter<\/td><td>Lilljungfrun<\/td><td>1889<\/td><\/tr><tr><td>1832-03-21<\/td><td>Axner<\/td><td>Lars Erik<\/td><td>G\u00e5sholma<\/td><td>1919-03-02<\/td><\/tr><tr><td>1834-04-05<\/td><td>Axner<\/td><td>Pehr<\/td><td>G\u00e5sholma<\/td><td><\/td><\/tr><tr><td>1838-07-09<\/td><td>Axner<\/td><td>Gustav Emanuel<\/td><td>G\u00e5sholma<\/td><td>1917-05-26<\/td><\/tr><tr><td>1839-06-10<\/td><td>Axner<\/td><td>Emanuel<\/td><td>Lilljungfrun<\/td><td>1916<\/td><\/tr><tr><td>1844-02-20<\/td><td>Axner<\/td><td>Johan Gustaf<\/td><td>Lilljungfrun<\/td><td><\/td><\/tr><tr><td>1850-06-13<\/td><td>Axner<\/td><td>Johan August<\/td><td>G\u00e5sholma<\/td><td>1891-08-08<\/td><\/tr><tr><td>1860-08-01<\/td><td>Axner<\/td><td>Lars Emanuel<\/td><td>G\u00e5sholma<\/td><td>1950-03-<\/td><\/tr><tr><td>1862-06-17<\/td><td>Axner Norberg<\/td><td>Pehr August<\/td><td>G\u00e5sholma<\/td><td>1935<\/td><\/tr><tr><td>1869-03-22<\/td><td>Axner<\/td><td>Erik August<\/td><td>G\u00e5sholma<\/td><td>1904-10-21<\/td><\/tr><tr><td>1871-01-16<\/td><td>Axner Alm<\/td><td>Oskar Emanuel<\/td><td>G\u00e5sholma<\/td><td>1948-12-30<\/td><\/tr><tr><td>1873-02-03<\/td><td>Axner<\/td><td>Johan August<\/td><td>G\u00e5sholma<\/td><td><\/td><\/tr><tr><td>1885-05-06<\/td><td>Axner<\/td><td>Gotthard Manfred<\/td><td>G\u00e5sholma<\/td><td>1967-07-01<\/td><\/tr><tr><td>1894-05-05<\/td><td>Axner<\/td><td>Erik Gottfrid<\/td><td>G\u00e5sholma<\/td><td>1959-03-09<\/td><\/tr><tr><td>1909-06-26<\/td><td>Axner<\/td><td>Karl Hugo Teofil<\/td><td>G\u00e4vle<\/td><td>1970-04-24<\/td><\/tr><\/tbody><\/table><\/figure>\n\n\n\n<figure class=\"wp-block-gallery has-nested-images columns-default is-cropped wp-block-gallery-2 is-layout-flex wp-block-gallery-is-layout-flex\">\n<figure class=\"wp-block-image size-large\"><a href=\"https:\/\/lotsarnastockholm.se\/wp-content\/uploads\/2025\/04\/wallman-scaled.jpg\"><img loading=\"lazy\" decoding=\"async\" width=\"1024\" height=\"359\" data-id=\"7271\" src=\"https:\/\/lotsarnastockholm.se\/wp-content\/uploads\/2025\/04\/wallman-1024x359.jpg\" alt=\"\" class=\"wp-image-7271\" srcset=\"https:\/\/lotsarnastockholm.se\/wp-content\/uploads\/2025\/04\/wallman-1024x359.jpg 1024w, https:\/\/lotsarnastockholm.se\/wp-content\/uploads\/2025\/04\/wallman-300x105.jpg 300w, https:\/\/lotsarnastockholm.se\/wp-content\/uploads\/2025\/04\/wallman-768x269.jpg 768w, https:\/\/lotsarnastockholm.se\/wp-content\/uploads\/2025\/04\/wallman-1536x538.jpg 1536w, https:\/\/lotsarnastockholm.se\/wp-content\/uploads\/2025\/04\/wallman-2048x718.jpg 2048w, https:\/\/lotsarnastockholm.se\/wp-content\/uploads\/2025\/04\/wallman-1568x550.jpg 1568w\" sizes=\"(max-width: 1024px) 100vw, 1024px\" \/><\/a><\/figure>\n\n\n\n<figure class=\"wp-block-image size-large\"><a href=\"https:\/\/lotsarnastockholm.se\/wp-content\/uploads\/2025\/04\/wilund-scaled.jpg\"><img loading=\"lazy\" decoding=\"async\" width=\"1024\" height=\"421\" data-id=\"7272\" src=\"https:\/\/lotsarnastockholm.se\/wp-content\/uploads\/2025\/04\/wilund-1024x421.jpg\" alt=\"\" class=\"wp-image-7272\" srcset=\"https:\/\/lotsarnastockholm.se\/wp-content\/uploads\/2025\/04\/wilund-1024x421.jpg 1024w, https:\/\/lotsarnastockholm.se\/wp-content\/uploads\/2025\/04\/wilund-300x123.jpg 300w, https:\/\/lotsarnastockholm.se\/wp-content\/uploads\/2025\/04\/wilund-768x316.jpg 768w, https:\/\/lotsarnastockholm.se\/wp-content\/uploads\/2025\/04\/wilund-1536x631.jpg 1536w, https:\/\/lotsarnastockholm.se\/wp-content\/uploads\/2025\/04\/wilund-2048x842.jpg 2048w, https:\/\/lotsarnastockholm.se\/wp-content\/uploads\/2025\/04\/wilund-1568x644.jpg 1568w\" sizes=\"(max-width: 1024px) 100vw, 1024px\" \/><\/a><\/figure>\n<\/figure>\n","protected":false},"excerpt":{"rendered":"<p>61\u00b0 0.432&#8242; N 17\u00b0 14.266&#8242; E G\u00e5sholma inr\u00e4ttades p\u00e5 1740 talet och lades ned 15 sept 1968 Utdrag ur reglemente f\u00f6r lotsverket 1799:Norra lotsdistriktet under lotsuppsyningsman f\u00f6r G\u00e4vle f\u00f6rdelning lyder G\u00e5sholma lotsplats. 1 ord lots 1 utl\u00e4rd reservlotsdr\u00e4ng och 1 lotsl\u00e4rling. Lotsplatsen lyder under lots\u00e5ldermannen i G\u00e4vle. Samma g\u00e4llde 1820. Lotsningsomr\u00e5de: Lotsarna uppassa p\u00e5 fasta&hellip; <a class=\"more-link\" href=\"https:\/\/lotsarnastockholm.se\/index.php\/gasholma-lotsplats\/\">Forts\u00e4tt l\u00e4sa <span class=\"screen-reader-text\">G\u00e5sholma Lotsplats<\/span><\/a><\/p>\n","protected":false},"author":1,"featured_media":0,"parent":0,"menu_order":0,"comment_status":"closed","ping_status":"closed","template":"","meta":{"footnotes":""},"class_list":["post-4818","page","type-page","status-publish","hentry","entry"],"_links":{"self":[{"href":"https:\/\/lotsarnastockholm.se\/index.php\/wp-json\/wp\/v2\/pages\/4818","targetHints":{"allow":["GET"]}}],"collection":[{"href":"https:\/\/lotsarnastockholm.se\/index.php\/wp-json\/wp\/v2\/pages"}],"about":[{"href":"https:\/\/lotsarnastockholm.se\/index.php\/wp-json\/wp\/v2\/types\/page"}],"author":[{"embeddable":true,"href":"https:\/\/lotsarnastockholm.se\/index.php\/wp-json\/wp\/v2\/users\/1"}],"replies":[{"embeddable":true,"href":"https:\/\/lotsarnastockholm.se\/index.php\/wp-json\/wp\/v2\/comments?post=4818"}],"version-history":[{"count":14,"href":"https:\/\/lotsarnastockholm.se\/index.php\/wp-json\/wp\/v2\/pages\/4818\/revisions"}],"predecessor-version":[{"id":7683,"href":"https:\/\/lotsarnastockholm.se\/index.php\/wp-json\/wp\/v2\/pages\/4818\/revisions\/7683"}],"wp:attachment":[{"href":"https:\/\/lotsarnastockholm.se\/index.php\/wp-json\/wp\/v2\/media?parent=4818"}],"curies":[{"name":"wp","href":"https:\/\/api.w.org\/{rel}","templated":true}]}}