{"id":4811,"date":"2023-03-09T20:27:30","date_gmt":"2023-03-09T19:27:30","guid":{"rendered":"https:\/\/lotsarnastockholm.se\/?page_id=4811"},"modified":"2026-02-12T21:47:03","modified_gmt":"2026-02-12T20:47:03","slug":"fagerviks-lotsplats","status":"publish","type":"page","link":"https:\/\/lotsarnastockholm.se\/index.php\/fagerviks-lotsplats\/","title":{"rendered":"Fagervik Lotsplats"},"content":{"rendered":"\n<p class=\"has-text-align-center\"><a href=\"https:\/\/www.google.se\/maps\/place\/60%C2%B034'05.2%22N+17%C2%B046'12.6%22E\/@60.5681167,17.767978,17z\/data=!3m1!4b1!4m4!3m3!8m2!3d60.5681167!4d17.7701667\">60\u00b0 34.087&#8242; N 17\u00b0 46.210&#8242; E<\/a><\/p>\n\n\n\n<p>Fagerviks (f\u00f6re 1930= Fagervikens) lotsplats Inr\u00e4ttade 1902 och nedlades 31\/12 1967 (uppgick i G\u00e4vle lotsplats)<\/p>\n\n\n\n<p>Ur UFS nr 41 den 9 okt 1901<br>Den tidigare n\u00e4mnda nya farleden fr\u00e5n Fagerviks hamn i L\u00f6fstabukten \u00e4r nu upptagen och lotsstation d\u00e4rst\u00e4des anordnad. Lotsarna uppassa vid lotsplatsen men m\u00f6ta efter best\u00e4llning NNO om ang\u00f6ringsremmaren vid Knivens \u00f6stra grund. Lots f\u00f6r fartyg, utg\u00e5ende fr\u00e5n platsen erh\u00e5lles efter tills\u00e4gelse.<\/p>\n\n\n\n<p>Ur lotsledsf\u00f6rteckningen 1916: Lotsarna uppassa vid K\u00e4llarberget och m\u00f6ta utanf\u00f6r ang\u00f6ringsremmaren vid Klintsgrund. Ej m\u00f6rkerlotsning.<\/p>\n\n\n\n<p>1920 \u00e5rs b\u00e5tbest\u00e5nd:<br>1 motorb\u00e5t byggd 1918 i furu, 7.5&#215;2.1 5 hk Penta<br>1 motorb\u00e5t byggd 1915 i furu, 6.5&#215;1.9 5 hk Penta<\/p>\n\n\n\n<p>1930 fick lpl telefon<br>1944 gjordes en grundlig renovering av lotshuset<\/p>\n\n\n\n<p>F\u00f6ljande lotsar och b\u00e5tman har arbetat vid Lpl<\/p>\n\n\n\n<figure class=\"wp-block-table alignwide\"><table class=\"has-fixed-layout\"><tbody><tr><td><strong>Efternamn<\/strong><\/td><td><strong>F\u00f6rnamn<\/strong><\/td><td><strong>F\u00f6dd<\/strong><\/td><td><strong>I Staten<\/strong><\/td><td><strong>B\u00e5tman<\/strong><\/td><td><strong>\u00d6vriga Lpl<\/strong><\/td><\/tr><tr><td>Gr\u00f6nberg<\/td><td>Edvard<\/td><td>1868<\/td><td>1901<\/td><td><\/td><td><\/td><\/tr><tr><td>Wahlstr\u00f6m<\/td><td>Carl<\/td><td>1870<\/td><td>1901<\/td><td><\/td><td><\/td><\/tr><tr><td>Edman<\/td><td>John<\/td><td>1892<\/td><td>1915<\/td><td><\/td><td><\/td><\/tr><tr><td>Gr\u00f6nberg<\/td><td>John<\/td><td>1901<\/td><td>1921<\/td><td><\/td><td><\/td><\/tr><tr><td>Larsson<\/td><td>John<\/td><td>1904<\/td><td>1921<\/td><td><\/td><td>Stockviken\/Stocka<\/td><\/tr><tr><td>Wahlstr\u00f6m<\/td><td>August<\/td><td>1903<\/td><td>1929<\/td><td><\/td><td><\/td><\/tr><tr><td>Zettergren<\/td><td>Johan<\/td><td>1902<\/td><td>1930<\/td><td><\/td><td><\/td><\/tr><tr><td>Axner<\/td><td>Erik<\/td><td>1920<\/td><td>1947<\/td><td><\/td><td><\/td><\/tr><tr><td>Wallin<\/td><td>Arthur<\/td><td>1930<\/td><td>1953<\/td><td><\/td><td>Landsort<\/td><\/tr><tr><td>Hessel<\/td><td>Nils<\/td><td>1910<\/td><td>1955<\/td><td>1959-01-01<\/td><td>S\u00f6derhamn<\/td><\/tr><tr><td>Johansson<\/td><td>Kurt<\/td><td>1932<\/td><td>1958<\/td><td><\/td><td>G\u00e4vle<\/td><\/tr><tr><td>Wahlstr\u00f6m<\/td><td>Kjell<\/td><td>1939<\/td><td>1959<\/td><td><\/td><td>Svartklubben<\/td><\/tr><\/tbody><\/table><\/figure>\n\n\n\n<figure class=\"wp-block-gallery has-nested-images columns-default is-cropped wp-block-gallery-1 is-layout-flex wp-block-gallery-is-layout-flex\">\n<figure class=\"wp-block-image size-large\"><a href=\"https:\/\/lotsarnastockholm.se\/wp-content\/uploads\/2025\/04\/edman-john-scaled.jpg\"><img fetchpriority=\"high\" decoding=\"async\" width=\"1024\" height=\"358\" data-id=\"7303\" src=\"https:\/\/lotsarnastockholm.se\/wp-content\/uploads\/2025\/04\/edman-john-1024x358.jpg\" alt=\"\" class=\"wp-image-7303\" srcset=\"https:\/\/lotsarnastockholm.se\/wp-content\/uploads\/2025\/04\/edman-john-1024x358.jpg 1024w, https:\/\/lotsarnastockholm.se\/wp-content\/uploads\/2025\/04\/edman-john-300x105.jpg 300w, https:\/\/lotsarnastockholm.se\/wp-content\/uploads\/2025\/04\/edman-john-768x268.jpg 768w, https:\/\/lotsarnastockholm.se\/wp-content\/uploads\/2025\/04\/edman-john-1536x537.jpg 1536w, https:\/\/lotsarnastockholm.se\/wp-content\/uploads\/2025\/04\/edman-john-2048x716.jpg 2048w, https:\/\/lotsarnastockholm.se\/wp-content\/uploads\/2025\/04\/edman-john-1568x548.jpg 1568w\" sizes=\"(max-width: 1024px) 100vw, 1024px\" \/><\/a><\/figure>\n\n\n\n<figure class=\"wp-block-image size-large\"><a href=\"https:\/\/lotsarnastockholm.se\/wp-content\/uploads\/2025\/04\/wahlstrom-scaled.jpg\"><img decoding=\"async\" width=\"1024\" height=\"373\" data-id=\"7304\" src=\"https:\/\/lotsarnastockholm.se\/wp-content\/uploads\/2025\/04\/wahlstrom-1024x373.jpg\" alt=\"\" class=\"wp-image-7304\" srcset=\"https:\/\/lotsarnastockholm.se\/wp-content\/uploads\/2025\/04\/wahlstrom-1024x373.jpg 1024w, https:\/\/lotsarnastockholm.se\/wp-content\/uploads\/2025\/04\/wahlstrom-300x109.jpg 300w, https:\/\/lotsarnastockholm.se\/wp-content\/uploads\/2025\/04\/wahlstrom-768x279.jpg 768w, https:\/\/lotsarnastockholm.se\/wp-content\/uploads\/2025\/04\/wahlstrom-1536x559.jpg 1536w, https:\/\/lotsarnastockholm.se\/wp-content\/uploads\/2025\/04\/wahlstrom-2048x745.jpg 2048w, https:\/\/lotsarnastockholm.se\/wp-content\/uploads\/2025\/04\/wahlstrom-1568x571.jpg 1568w\" sizes=\"(max-width: 1024px) 100vw, 1024px\" \/><\/a><\/figure>\n<\/figure>\n","protected":false},"excerpt":{"rendered":"<p>60\u00b0 34.087&#8242; N 17\u00b0 46.210&#8242; E Fagerviks (f\u00f6re 1930= Fagervikens) lotsplats Inr\u00e4ttade 1902 och nedlades 31\/12 1967 (uppgick i G\u00e4vle lotsplats) Ur UFS nr 41 den 9 okt 1901Den tidigare n\u00e4mnda nya farleden fr\u00e5n Fagerviks hamn i L\u00f6fstabukten \u00e4r nu upptagen och lotsstation d\u00e4rst\u00e4des anordnad. Lotsarna uppassa vid lotsplatsen men m\u00f6ta efter best\u00e4llning NNO om&hellip; <a class=\"more-link\" href=\"https:\/\/lotsarnastockholm.se\/index.php\/fagerviks-lotsplats\/\">Forts\u00e4tt l\u00e4sa <span class=\"screen-reader-text\">Fagervik Lotsplats<\/span><\/a><\/p>\n","protected":false},"author":1,"featured_media":0,"parent":0,"menu_order":0,"comment_status":"closed","ping_status":"closed","template":"","meta":{"footnotes":""},"class_list":["post-4811","page","type-page","status-publish","hentry","entry"],"_links":{"self":[{"href":"https:\/\/lotsarnastockholm.se\/index.php\/wp-json\/wp\/v2\/pages\/4811","targetHints":{"allow":["GET"]}}],"collection":[{"href":"https:\/\/lotsarnastockholm.se\/index.php\/wp-json\/wp\/v2\/pages"}],"about":[{"href":"https:\/\/lotsarnastockholm.se\/index.php\/wp-json\/wp\/v2\/types\/page"}],"author":[{"embeddable":true,"href":"https:\/\/lotsarnastockholm.se\/index.php\/wp-json\/wp\/v2\/users\/1"}],"replies":[{"embeddable":true,"href":"https:\/\/lotsarnastockholm.se\/index.php\/wp-json\/wp\/v2\/comments?post=4811"}],"version-history":[{"count":7,"href":"https:\/\/lotsarnastockholm.se\/index.php\/wp-json\/wp\/v2\/pages\/4811\/revisions"}],"predecessor-version":[{"id":7625,"href":"https:\/\/lotsarnastockholm.se\/index.php\/wp-json\/wp\/v2\/pages\/4811\/revisions\/7625"}],"wp:attachment":[{"href":"https:\/\/lotsarnastockholm.se\/index.php\/wp-json\/wp\/v2\/media?parent=4811"}],"curies":[{"name":"wp","href":"https:\/\/api.w.org\/{rel}","templated":true}]}}