{"id":4774,"date":"2023-02-25T18:30:37","date_gmt":"2023-02-25T17:30:37","guid":{"rendered":"https:\/\/lotsarnastockholm.se\/?page_id=4774"},"modified":"2023-12-09T10:22:48","modified_gmt":"2023-12-09T09:22:48","slug":"mellersta","status":"publish","type":"page","link":"https:\/\/lotsarnastockholm.se\/index.php\/mellersta\/","title":{"rendered":"Mellersta Lotsdistriktet"},"content":{"rendered":"\n<p>Fr\u00e5n Arholma till Nyk\u00f6ping<\/p>\n\n\n\n<p>Cheferna p\u00e5 Distriktet var 1914-1924<\/p>\n\n\n\n<p><\/p>\n\n\n\n<figure class=\"wp-block-gallery has-nested-images columns-default is-cropped wp-block-gallery-1 is-layout-flex wp-block-gallery-is-layout-flex\">\n<figure class=\"wp-block-image size-large\"><a href=\"https:\/\/lotsarnastockholm.se\/wp-content\/uploads\/2023\/12\/mellersta.jpg\"><img fetchpriority=\"high\" decoding=\"async\" width=\"1024\" height=\"963\" data-id=\"6041\" src=\"https:\/\/lotsarnastockholm.se\/wp-content\/uploads\/2023\/12\/mellersta-1024x963.jpg\" alt=\"\" class=\"wp-image-6041\" srcset=\"https:\/\/lotsarnastockholm.se\/wp-content\/uploads\/2023\/12\/mellersta-1024x963.jpg 1024w, https:\/\/lotsarnastockholm.se\/wp-content\/uploads\/2023\/12\/mellersta-300x282.jpg 300w, https:\/\/lotsarnastockholm.se\/wp-content\/uploads\/2023\/12\/mellersta-768x722.jpg 768w, https:\/\/lotsarnastockholm.se\/wp-content\/uploads\/2023\/12\/mellersta.jpg 1533w\" sizes=\"(max-width: 1024px) 100vw, 1024px\" \/><\/a><\/figure>\n<\/figure>\n","protected":false},"excerpt":{"rendered":"<p>Fr\u00e5n Arholma till Nyk\u00f6ping Cheferna p\u00e5 Distriktet var 1914-1924<\/p>\n","protected":false},"author":1,"featured_media":0,"parent":0,"menu_order":0,"comment_status":"closed","ping_status":"closed","template":"","meta":{"footnotes":""},"class_list":["post-4774","page","type-page","status-publish","hentry","entry"],"_links":{"self":[{"href":"https:\/\/lotsarnastockholm.se\/index.php\/wp-json\/wp\/v2\/pages\/4774","targetHints":{"allow":["GET"]}}],"collection":[{"href":"https:\/\/lotsarnastockholm.se\/index.php\/wp-json\/wp\/v2\/pages"}],"about":[{"href":"https:\/\/lotsarnastockholm.se\/index.php\/wp-json\/wp\/v2\/types\/page"}],"author":[{"embeddable":true,"href":"https:\/\/lotsarnastockholm.se\/index.php\/wp-json\/wp\/v2\/users\/1"}],"replies":[{"embeddable":true,"href":"https:\/\/lotsarnastockholm.se\/index.php\/wp-json\/wp\/v2\/comments?post=4774"}],"version-history":[{"count":3,"href":"https:\/\/lotsarnastockholm.se\/index.php\/wp-json\/wp\/v2\/pages\/4774\/revisions"}],"predecessor-version":[{"id":6042,"href":"https:\/\/lotsarnastockholm.se\/index.php\/wp-json\/wp\/v2\/pages\/4774\/revisions\/6042"}],"wp:attachment":[{"href":"https:\/\/lotsarnastockholm.se\/index.php\/wp-json\/wp\/v2\/media?parent=4774"}],"curies":[{"name":"wp","href":"https:\/\/api.w.org\/{rel}","templated":true}]}}