{"id":4766,"date":"2023-02-25T13:51:10","date_gmt":"2023-02-25T12:51:10","guid":{"rendered":"https:\/\/lotsarnastockholm.se\/?page_id=4766"},"modified":"2023-12-09T10:21:56","modified_gmt":"2023-12-09T09:21:56","slug":"ovre-norra","status":"publish","type":"page","link":"https:\/\/lotsarnastockholm.se\/index.php\/ovre-norra\/","title":{"rendered":"\u00d6vre Norra Lotsdistriktet"},"content":{"rendered":"\n<p>Fr\u00e5n Mal\u00f6ren till Ulv\u00f6<\/p>\n\n\n\n<p>Cheferna p\u00e5 Distriktet var 1914-1924<\/p>\n\n\n\n<figure class=\"wp-block-gallery has-nested-images columns-default is-cropped wp-block-gallery-1 is-layout-flex wp-block-gallery-is-layout-flex\">\n<figure class=\"wp-block-image size-large\"><a href=\"https:\/\/lotsarnastockholm.se\/wp-content\/uploads\/2023\/12\/Ovre-Norra.jpg\"><img fetchpriority=\"high\" decoding=\"async\" width=\"749\" height=\"1024\" data-id=\"6035\" src=\"https:\/\/lotsarnastockholm.se\/wp-content\/uploads\/2023\/12\/Ovre-Norra-749x1024.jpg\" alt=\"\" class=\"wp-image-6035\" srcset=\"https:\/\/lotsarnastockholm.se\/wp-content\/uploads\/2023\/12\/Ovre-Norra-749x1024.jpg 749w, https:\/\/lotsarnastockholm.se\/wp-content\/uploads\/2023\/12\/Ovre-Norra-219x300.jpg 219w, https:\/\/lotsarnastockholm.se\/wp-content\/uploads\/2023\/12\/Ovre-Norra-768x1050.jpg 768w, https:\/\/lotsarnastockholm.se\/wp-content\/uploads\/2023\/12\/Ovre-Norra-1123x1536.jpg 1123w, https:\/\/lotsarnastockholm.se\/wp-content\/uploads\/2023\/12\/Ovre-Norra-1497x2048.jpg 1497w, https:\/\/lotsarnastockholm.se\/wp-content\/uploads\/2023\/12\/Ovre-Norra.jpg 1569w\" sizes=\"(max-width: 749px) 100vw, 749px\" \/><\/a><\/figure>\n<\/figure>\n","protected":false},"excerpt":{"rendered":"<p>Fr\u00e5n Mal\u00f6ren till Ulv\u00f6 Cheferna p\u00e5 Distriktet var 1914-1924<\/p>\n","protected":false},"author":1,"featured_media":0,"parent":0,"menu_order":0,"comment_status":"closed","ping_status":"closed","template":"","meta":{"footnotes":""},"class_list":["post-4766","page","type-page","status-publish","hentry","entry"],"_links":{"self":[{"href":"https:\/\/lotsarnastockholm.se\/index.php\/wp-json\/wp\/v2\/pages\/4766","targetHints":{"allow":["GET"]}}],"collection":[{"href":"https:\/\/lotsarnastockholm.se\/index.php\/wp-json\/wp\/v2\/pages"}],"about":[{"href":"https:\/\/lotsarnastockholm.se\/index.php\/wp-json\/wp\/v2\/types\/page"}],"author":[{"embeddable":true,"href":"https:\/\/lotsarnastockholm.se\/index.php\/wp-json\/wp\/v2\/users\/1"}],"replies":[{"embeddable":true,"href":"https:\/\/lotsarnastockholm.se\/index.php\/wp-json\/wp\/v2\/comments?post=4766"}],"version-history":[{"count":4,"href":"https:\/\/lotsarnastockholm.se\/index.php\/wp-json\/wp\/v2\/pages\/4766\/revisions"}],"predecessor-version":[{"id":6040,"href":"https:\/\/lotsarnastockholm.se\/index.php\/wp-json\/wp\/v2\/pages\/4766\/revisions\/6040"}],"wp:attachment":[{"href":"https:\/\/lotsarnastockholm.se\/index.php\/wp-json\/wp\/v2\/media?parent=4766"}],"curies":[{"name":"wp","href":"https:\/\/api.w.org\/{rel}","templated":true}]}}