{"id":4745,"date":"2023-02-24T22:41:46","date_gmt":"2023-02-24T21:41:46","guid":{"rendered":"https:\/\/lotsarnastockholm.se\/?page_id=4745"},"modified":"2023-12-29T22:26:12","modified_gmt":"2023-12-29T21:26:12","slug":"naar-sandvik-st-olofshamn-stockvik-vastergarn","status":"publish","type":"page","link":"https:\/\/lotsarnastockholm.se\/index.php\/naar-sandvik-st-olofshamn-stockvik-vastergarn\/","title":{"rendered":"N\u00e4\u00e4r, Sandvik, Stockvik, V\u00e4stergarn, S:t Olofshamn"},"content":{"rendered":"\n<h3 class=\"wp-block-heading\">N\u00e4\u00e4rs lotsplats<br><a href=\"https:\/\/www.google.se\/maps\/place\/57%C2%B013'30.5%22N+18%C2%B039'38.7%22E\/@57.22515,18.6585613,17z\/data=!3m1!4b1!4m4!3m3!8m2!3d57.22515!4d18.66075\">57\u00b0 13.509&#8242; N 18\u00b0 39.645&#8242; E<\/a><\/h3>\n\n\n\n<p>anlades 1760 talet<\/p>\n\n\n\n<p>Ur rulla 1774: Lots\u00e5lderman Olof Helin<br>Lots Hans Andarfve, 60 \u00e5r, 10 tj \u00e5r<br>Lots Thomas Hansson Andarfve, 34 \u00e5r, 10 tj \u00e5r<br>Lotsl\u00e4rling Per Hansson, 32 \u00e5r, 10 tj \u00e5r<\/p>\n\n\n\n<p>I 1818 \u00e5rs rulla finns ej N\u00e4\u00e4rs lpl ej heller i 1820 \u00e5rs f\u00f6rteckning.<\/p>\n\n\n\n<h3 class=\"wp-block-heading\">Sandvik<br><a href=\"https:\/\/www.google.se\/maps\/place\/57%C2%B024'01.7%22N+18%C2%B052'00.0%22E\/@57.4004833,18.864478,17z\/data=!3m1!4b1!4m4!3m3!8m2!3d57.4004833!4d18.8666667\">57\u00b0 24.029&#8242; N 18\u00b0 52.000&#8242; E <\/a><\/h3>\n\n\n\n<p>upptogs som lotsplats 1760 talet och nedlagd under f\u00f6rsta halvan av 1800 talet<\/p>\n\n\n\n<p>Ur reglemente 1799: Under lotsuppsyningsman f\u00f6r Gotlands f\u00f6rdelning lyder Sandviks lotsplats. 1 lots\u00e5lderman, 1 ord lots, 1 utl\u00e4rd reservlotsdr\u00e4ng och en lotsl\u00e4rling. Lotsningsomr\u00e5de: lotsarna emottaga fr\u00e5n sj\u00f6n att inlotsa, utlotsa till sj\u00f6ss och till H\u00e4rvik vid \u00f6stergarnssund samt till Ljugarn<\/p>\n\n\n\n<p>Lpl finns ej med i n\u00e5gon rulla eller reglemente efter 1799<\/p>\n\n\n\n<p>Ur rulla 1774:<\/p>\n\n\n\n<p>Lots\u00e5lderman N. Lundberg<br>Lots Per Johansson, 36 \u00e5r, 14 tj \u00e5r<br>Utl\u00e4rd lotsdr\u00e4ng Nils Johansson, 33 \u00e5r, 14 tj \u00e5r<\/p>\n\n\n\n<h3 class=\"wp-block-heading\">St: Olofshamn med L\u00f6rje<br><a href=\"https:\/\/www.google.se\/maps\/place\/57%C2%B043'07.6%22N+18%C2%B054'29.5%22E\/@57.7187833,18.9059946,17z\/data=!3m1!4b1!4m4!3m3!8m2!3d57.7187833!4d18.9081833\">57\u00b0 43.127&#8242; N 18\u00b0 54.491&#8242; E<\/a><\/h3>\n\n\n\n<p>upptogs som lotsplats 1750 talet och nedlades 1880<\/p>\n\n\n\n<p>Ur reglemente 1799: Under lotsuppsyningsman f\u00f6r Gotlands f\u00f6rdelning lyder S:t Olofshamns lotsplats med L\u00f6rje: 1 lots\u00e5lderman, 1 ord lots, 2 utl\u00e4rda reservlotsdr\u00e4ngar och 2 lotsl\u00e4rlingar. Lotsningsomr\u00e5det: Lotsarna emottaga fr\u00e5n sj\u00f6n att inlotsa, utlotsa till sj\u00f6ss och till Slit\u00f6hamn (Slite)<\/p>\n\n\n\n<p>Ur 1820 \u00e5rs f\u00f6rteckning: Till Wallvik eller Kullen, Slitehamn, sj\u00f6ss eller fr\u00e5n sj\u00f6n. Lotsplatsen ligger under lots\u00e5lderman i Kylej med 1 secund lots och 1 l\u00e4rling<\/p>\n\n\n\n<p>Ur \u201dDen Svenske Lotsen 1853\u201d:&nbsp; F\u00f6r n\u00e4rvarande finnes kronolots men som hamnen n\u00e4stan aldrig<br>bes\u00f6ks av fr\u00e4mmande fartyg \u00e4r det troligt att lotstj\u00e4nsten snart indrages. F\u00f6r W\u00e4rna och Walle kalkbruk samt \u00e4ven Kylej f\u00e5s lots ifr\u00e5n L\u00f6rje och m\u00f6ta utanf\u00f6r.<\/p>\n\n\n\n<p>Ur regl 1863: Lotsningsomr\u00e5de: Till sj\u00f6ss eller fr\u00e5n sj\u00f6n<\/p>\n\n\n\n<p>Ur rulla 1774:<\/p>\n\n\n\n<p>I L\u00f6rje: Lars Persson Gedda<br>Lots\u00e5lderman Dr\u00f6scher<br>Lots: Didrich Hansson, 49 \u00e5r, 15 tj \u00e5r<\/p>\n\n\n\n<p>Ur rulla 1818: Lots\u00e5lderman J Alexandersson och ord lots M. Nordstr\u00f6m.<\/p>\n\n\n\n<h3 class=\"wp-block-heading\">Stockvik<br><a href=\"https:\/\/www.google.se\/maps\/place\/56%C2%B059'48.8%22N+18%C2%B020'31.8%22E\/@56.9969,18.339978,17z\/data=!3m1!4b1!4m4!3m3!8m2!3d56.9969!4d18.3421667\">56\u00b0 59.814&#8242; N 18\u00b0 20.530&#8242; E<\/a><\/h3>\n\n\n\n<p>lotsplats fanns med i rulla 1774 men ej i reglementet f\u00f6r 1799 och inte heller 1820 \u00e5rs. Nedlagd 1907<\/p>\n\n\n\n<p>Ur reglementet 1863: Lotsningsomr\u00e5de f\u00f6r Stockvik \u00e4r Fr\u00e5n Stockvik till Ronehamn respektive Enevik samt till och fr\u00e5n sj\u00f6n<\/p>\n\n\n\n<p>1873 utf\u00f6rdes 20 lotsningar<\/p>\n\n\n\n<p>Ur rulla 1774: Lots\u00e5lderman O.Wickberg<br>Lots Adam Adamsson Sigfride, 41 \u00e5r, 15 tj \u00e5r<br>Utl\u00e4rd lotsdr\u00e4ng Adam M\u00e5sternsson Sigfride. 41 \u00e5r, 11 tj \u00e5r<\/p>\n\n\n\n<p>Ur rulla 1818: Ord lots L.A. Holmberg<\/p>\n\n\n\n<p>Ur \u201dDen Svenske lotsen\u201d 1853: Lots finnes i Stockvik<\/p>\n\n\n\n<p>&nbsp;1894 och 1897: Lotsf\u00f6rman Lars Gabriel Holmberg f\u00f6dd 1856 anst 1865<\/p>\n\n\n\n<p>Lotsl\u00e4rling: Jacob Niklas Jacobsson f\u00f6dd 1840 anst 1869<\/p>\n\n\n\n<h3 class=\"wp-block-heading\">V\u00e4stergarns (Westergarn) lotsplats<br><a href=\"https:\/\/www.google.se\/maps\/place\/57%C2%B026'18.4%22N+18%C2%B008'33.4%22E\/@57.43845,18.140428,17z\/data=!3m1!4b1!4m4!3m3!8m2!3d57.43845!4d18.1426167\">57\u00b0 26.307&#8242; N 18\u00b0 8.557&#8242; E <\/a><\/h3>\n\n\n\n<p>fr\u00e5n ca 1750 och nedlagd 1908<\/p>\n\n\n\n<p>Ur reglemente 1799: Under lotsuppsyningsman f\u00f6r Gotlands f\u00f6rdelning lyder V\u00e4stergarns lotsplats. 1 ord lots, 1 utl\u00e4rd reservlotsdr\u00e4ng och 1 lotsl\u00e4rling. Lotsplatsen lyder under lots\u00e5ldermannen i Klint\u00f6 (Klintehamn) Lotsningsomr\u00e5de: lotsarna emottaga fr\u00e5n sj\u00f6n att inlotsa, utlotsa till sj\u00f6ss samt till Visby.<\/p>\n\n\n\n<p>Ur 1820 \u00e5rs f\u00f6rteckning: Till Visby, Klintehamn, sj\u00f6ss. 1 m\u00e4sterlots, 1 l\u00e4rling. Lots uppassa vid hamnen och m\u00f6ta utanf\u00f6r Kronoholmen.<\/p>\n\n\n\n<p>Ur \u201dDen Svenske Lotsen\u201d 1853: Det s\u00f6dra inloppet: Lots f\u00e5s fr\u00e5n Westergarn och m\u00f6ter p\u00e5 given signal utanf\u00f6r grunden.<br>Norra inloppet: Westergarnslotsen f\u00f6r fartyg olika farleder men kan ej p\u00e5r\u00e4knas m\u00f6ta f\u00f6rr\u00e4n vid Holmgrundet<\/p>\n\n\n\n<p>Ur regl 1863 Lotsningsomr\u00e5de: Fr\u00e5n V\u00e4stergarn till Visby och till och fr\u00e5n sj\u00f6n<\/p>\n\n\n\n<p>1887 flyttades ett lotsuppassningshus fr\u00e5n V\u00e4stergarn till Slite<\/p>\n\n\n\n<p>Ur rulla 1774 Lots\u00e5lderman Carl Sandstr\u00f6m och<br>Lots Anders Hansson Widing tj \u00e5r 1767<\/p>\n\n\n\n<p>Ur rulla 1818: Lots O. Widing<\/p>\n\n\n\n<p>Ur rulla 1894 och 1897: Lotsf\u00f6rman: Gustaf Adolf Andersson f\u00f6dd 1838 anst\u00e4lld 1866<br>Lots: Johan Adolf Stenberg (Andersson) f\u00f6dd 1872 anst\u00e4lld 1891<\/p>\n","protected":false},"excerpt":{"rendered":"<p>N\u00e4\u00e4rs lotsplats57\u00b0 13.509&#8242; N 18\u00b0 39.645&#8242; E anlades 1760 talet Ur rulla 1774: Lots\u00e5lderman Olof HelinLots Hans Andarfve, 60 \u00e5r, 10 tj \u00e5rLots Thomas Hansson Andarfve, 34 \u00e5r, 10 tj \u00e5rLotsl\u00e4rling Per Hansson, 32 \u00e5r, 10 tj \u00e5r I 1818 \u00e5rs rulla finns ej N\u00e4\u00e4rs lpl ej heller i 1820 \u00e5rs f\u00f6rteckning. Sandvik57\u00b0 24.029&#8242; N&hellip; <a class=\"more-link\" href=\"https:\/\/lotsarnastockholm.se\/index.php\/naar-sandvik-st-olofshamn-stockvik-vastergarn\/\">Forts\u00e4tt l\u00e4sa <span class=\"screen-reader-text\">N\u00e4\u00e4r, Sandvik, Stockvik, V\u00e4stergarn, S:t Olofshamn<\/span><\/a><\/p>\n","protected":false},"author":1,"featured_media":0,"parent":0,"menu_order":0,"comment_status":"closed","ping_status":"closed","template":"","meta":{"footnotes":""},"class_list":["post-4745","page","type-page","status-publish","hentry","entry"],"_links":{"self":[{"href":"https:\/\/lotsarnastockholm.se\/index.php\/wp-json\/wp\/v2\/pages\/4745","targetHints":{"allow":["GET"]}}],"collection":[{"href":"https:\/\/lotsarnastockholm.se\/index.php\/wp-json\/wp\/v2\/pages"}],"about":[{"href":"https:\/\/lotsarnastockholm.se\/index.php\/wp-json\/wp\/v2\/types\/page"}],"author":[{"embeddable":true,"href":"https:\/\/lotsarnastockholm.se\/index.php\/wp-json\/wp\/v2\/users\/1"}],"replies":[{"embeddable":true,"href":"https:\/\/lotsarnastockholm.se\/index.php\/wp-json\/wp\/v2\/comments?post=4745"}],"version-history":[{"count":8,"href":"https:\/\/lotsarnastockholm.se\/index.php\/wp-json\/wp\/v2\/pages\/4745\/revisions"}],"predecessor-version":[{"id":6302,"href":"https:\/\/lotsarnastockholm.se\/index.php\/wp-json\/wp\/v2\/pages\/4745\/revisions\/6302"}],"wp:attachment":[{"href":"https:\/\/lotsarnastockholm.se\/index.php\/wp-json\/wp\/v2\/media?parent=4745"}],"curies":[{"name":"wp","href":"https:\/\/api.w.org\/{rel}","templated":true}]}}