{"id":4740,"date":"2023-02-24T22:33:09","date_gmt":"2023-02-24T21:33:09","guid":{"rendered":"https:\/\/lotsarnastockholm.se\/?page_id=4740"},"modified":"2026-02-15T21:49:08","modified_gmt":"2026-02-15T20:49:08","slug":"katthammarsvik-klintehamn-lergrav-och-wallvik","status":"publish","type":"page","link":"https:\/\/lotsarnastockholm.se\/index.php\/katthammarsvik-klintehamn-lergrav-och-wallvik\/","title":{"rendered":"Katthammarsvik, Klintehamn, Lergrav och Wallvik, Lutterhorn"},"content":{"rendered":"\n<h3 class=\"wp-block-heading\">Katthammarsvik<br><a href=\"https:\/\/www.google.se\/maps\/place\/57%C2%B026'03.6%22N+18%C2%B050'58.1%22E\/@57.4343333,18.847278,17z\/data=!3m1!4b1!4m4!3m3!8m2!3d57.4343333!4d18.8494667\">57\u00b0 26.060&#8242; N 18\u00b0 50.968&#8242; E<\/a> <br><\/h3>\n\n\n\n<p>Nedlades 1879<br>Nedanst\u00e5ende ur reglemente 1799<\/p>\n\n\n\n<p>Under lotsuppsyningsman f\u00f6r Gotlands f\u00f6rdelning lyder Katthammarsviks lotsplats. 1 ord lots, 1 utl\u00e4rd reservlotsdr\u00e4ng och 1 lotsl\u00e4rling. Lotsplatsen lyder under lots\u00e5ldermannen i Sandviks lotsplats. Lotsningsomr\u00e5de: lotsarna utlotsa till sj\u00f6ss och till Slit\u00f6hamn till H\u00e4rvik eller \u00f6stergarnasund<\/p>\n\n\n\n<p>Ur regl 1863: Lotsningsomr\u00e5de: fr\u00e5n Katthammarsvik till Slitehamn till eller fr\u00e5n sj\u00f6n<\/p>\n\n\n\n<p>Ur rulla 1771: Lots\u00e5lderman N. Lundberg (\u00e4ven tjg p\u00e5 Sandvik)<br>Lots per Olsson, 22 \u00e5r, 7 tj \u00e5r<\/p>\n\n\n\n<p>Ur rulla 1818:<\/p>\n\n\n\n<p>Lots\u00e5lderman G.N. Svebelius<br>Ord lots N. Stenholm<br>Reservlotsdr\u00e4ng P. Klintstr\u00f6m<br>Lotsl\u00e4rling: L. Klintstr\u00f6m<\/p>\n\n\n\n<p>1820 regl: 1 lots\u00e5lderman, 1 m\u00e4sterlots, 1 secund lots, 1 l\u00e4rling. Lotsningsomr\u00e5de: Till Slitehamn, H\u00e4rvik till sj\u00f6ss eller fr\u00e5n sj\u00f6n. Lots uppassa i hamnen och m\u00f6ter utanf\u00f6r grunden<\/p>\n\n\n\n<h3 class=\"wp-block-heading\">Klintehamn (Klint\u00f6 d\u00e4refter Klinte)<br><a href=\"https:\/\/www.google.se\/maps\/place\/57%C2%B023'14.5%22N+18%C2%B011'22.4%22E\/@57.38735,18.1873613,17z\/data=!3m1!4b1!4m4!3m3!8m2!3d57.38735!4d18.18955\">57\u00b0 23.241&#8242; N 18\u00b0 11.373&#8242; E <\/a><\/h3>\n\n\n\n<p>upptogs som lotsplats ca 1750 och nedlades och uppgick i Visby lotsplats 1 juli 1965 och slutgiltigt st\u00e4ngdes 1 jan 1967<\/p>\n\n\n\n<p>Ur rulla 1774: Lots\u00e5lderman J Berg<br>Lots Detlef M\u00e5rbeck f\u00f6dd i Holstein, 39 \u00e5r, 14 tj \u00e5r<br>Lots Per Persson Boberg, 40 \u00e5r, 14 tj \u00e5r<br>Utl\u00e4rd lotsdr\u00e4ng:<br>Johan Christiansson M\u00e5rbeck, 26 \u00e5r 3 tj \u00e5r<br>Daniel S\u00f6derberg. 26 \u00e5r, 1 tj \u00e5r<br>Lotsl\u00e4rling Peter M\u00e5rbeck f\u00f6dd i Holstein, 36 \u00e5r, 14 tj \u00e5r<\/p>\n\n\n\n<p>Ur reglemente 1799: Under lotsuppsyningsman f\u00f6r Gotlands f\u00f6rdelning lyder Klintehamns lotsplats. 1 lots\u00e5lderman, 1 ord lots, 1 utl\u00e4rd reservlotsdr\u00e4ng och 1 lotsl\u00e4rling. Lotsningsomr\u00e5de: lotsarna emottaga fr\u00e5n sj\u00f6n under Karls\u00f6arna att inlotsa, utlotsa till sj\u00f6ss samt till Burgsvik och Vestergarn<\/p>\n\n\n\n<p>Ur rulla 1818:<\/p>\n\n\n\n<p>Lots\u00e5lderman L.M. Sturtzenbecker<br>Ord lots P M\u00e5rbeck<br>Reservlotsdr\u00e4ng: A. Sandel<br>Lotsl\u00e4rling: H.E. Wallin<\/p>\n\n\n\n<p>Ur 1820 \u00e5rs f\u00f6rteckning: 1 lots\u00e5lderman, 1 m\u00e4sterlots, 1 secundlots, 1 l\u00e4rling. Lots uppassa vid hamnen och m\u00f6ter under Karls\u00f6arna.<\/p>\n\n\n\n<p>Ur den Svenske Lotsen 1853: Lots f\u00e5s fr\u00e5n Klinte och b\u00f6r alltid av mindre hemmastadda begagnas emedan hamnen ofta \u00e4r n\u00e4stan sp\u00e4rrad av de fartyg som d\u00e4r ligga f\u00f6rt\u00f6jda.<\/p>\n\n\n\n<p>Ur regle. 1863: Lotsningsomr\u00e5de: fr\u00e5n Klinte till Burgsvik resp Visby till och fr\u00e5n sj\u00f6n<\/p>\n\n\n\n<p>Ur lotsledsf\u00f6rteckning 1916: Lotsuppassa vid hamnen och m\u00f6ta fr\u00e5n sj\u00f6n kommande fartyg utanf\u00f6r grunden. D\u00e5 lots ej kan utg\u00e5 hissas en r\u00f6d kula p\u00e5 ena inseglingsm\u00e4rket \u00e5 Varvsholmen-<\/p>\n\n\n\n<p>1920 \u00e5rs b\u00e5tsbest\u00e5nd<br>1 motorb\u00e5t 7 m 5 hk motor<br>1 segelb\u00e5t byggd 1905 i furu, klink 6.06&#215;1.7<\/p>\n\n\n\n<p>H\u00c4NDELSER<br>1913 den 26 nov Utg\u00e5r fr\u00e5n Klintehamns lotsplats lotsf\u00f6rmannen, 1 lots och en lotsl\u00e4rling samt lyckades trots sv\u00e5rt v\u00e4der med regntjocka och h\u00f6g sj\u00f6 att med fara f\u00f6r egna liv till Klintehamn inlotsa skonerten HABIL fr\u00e5n Stockholm. H\u00e4rf\u00f6r tilldelas lotsf\u00f6rman som verkst\u00e4llde lotsningen 20 kr samt lotsen och l\u00e4rlingen 15 kr vardera.<\/p>\n\n\n\n<p>Nedan f\u00f6ljer Klintehamns lotsar samt \u00f6vriga Lpl de arbetat vid<\/p>\n\n\n\n<figure class=\"wp-block-table alignwide\"><table class=\"has-fixed-layout\"><tbody><tr><td>Efternamn<\/td><td>F\u00f6rnamn<\/td><td>F\u00f6dd<\/td><td>I Staten<\/td><td>Lpl 1<\/td><\/tr><tr><td>Boberg<\/td><td>Per<\/td><td>1734<\/td><td>1760<\/td><td><\/td><\/tr><tr><td>M\u00e5rbeck<\/td><td>Detlef<\/td><td>1735<\/td><td>1760<\/td><td><\/td><\/tr><tr><td>M\u00e5rbeck<\/td><td>Peter<\/td><td>1738<\/td><td>1760<\/td><td><\/td><\/tr><tr><td>M\u00e5rb\u00e4ck<\/td><td>Johan<\/td><td>1748<\/td><td>1771<\/td><td><\/td><\/tr><tr><td>S\u00f6derberg<\/td><td>Daniel<\/td><td>1748<\/td><td>1773<\/td><td><\/td><\/tr><tr><td>Sundahl<\/td><td>Johan<\/td><td>1840<\/td><td>1875<\/td><td><\/td><\/tr><tr><td>Ronvik<\/td><td>Ludvig<\/td><td>1848<\/td><td>1876<\/td><td><\/td><\/tr><tr><td>Engqvist<\/td><td>Anton<\/td><td>1848<\/td><td>1884<\/td><td><\/td><\/tr><tr><td>Stenberg<\/td><td>Johan<\/td><td>1872<\/td><td>1891<\/td><td>Vestergarn\/Klintehamn<\/td><\/tr><tr><td>Sundahl<\/td><td>Johan<\/td><td>1881<\/td><td>1900<\/td><td>Burgsvik<\/td><\/tr><tr><td>Ronvik<\/td><td>Karl<\/td><td>1881<\/td><td>1901<\/td><td>Kylej<\/td><\/tr><tr><td>Ronvik<\/td><td>Arvid<\/td><td>1884<\/td><td>1907<\/td><td>H\u00e4rvik\/Klintehamn<\/td><\/tr><tr><td>Hallbom<\/td><td>Karl<\/td><td>1906<\/td><td>1931<\/td><td>Burgsvik\/Klintehamn<\/td><\/tr><tr><td>Wigsten<\/td><td>Nils<\/td><td>1908<\/td><td>1931<\/td><td>Burgsvik\/Klintehamn<\/td><\/tr><tr><td>H\u00f6gqvist<\/td><td>Oskar<\/td><td>1915<\/td><td>1941<\/td><td>Visby<\/td><\/tr><tr><td>Wahlby<\/td><td>Axel<\/td><td>1928<\/td><td>1955<\/td><td>Visby\/Skellefte\u00e5<\/td><\/tr><tr><td>Berg<\/td><td>J<\/td><td><\/td><td><\/td><td><\/td><\/tr><tr><td>Sandel<\/td><td>A<\/td><td><\/td><td><\/td><td><\/td><\/tr><tr><td>Sturtzenbecker<\/td><td>L<\/td><td><\/td><td><\/td><td><\/td><\/tr><tr><td>Wallin<\/td><td>H<\/td><td><\/td><td><\/td><td><\/td><\/tr><\/tbody><\/table><\/figure>\n\n\n\n<h3 class=\"wp-block-heading\">Lergrav och Wallvik lotsplats<br><a href=\"https:\/\/www.google.se\/maps\/place\/57%C2%B047'27.7%22N+18%C2%B059'21.1%22E\/@57.7910333,18.9869946,17z\/data=!3m1!4b1!4m4!3m3!8m2!3d57.7910333!4d18.9891833\">57\u00b0 47.462&#8242; N 18\u00b0 59.351&#8242; E<\/a><\/h3>\n\n\n\n<p>Nedlagd 1880<\/p>\n\n\n\n<p>Ur rulla 1774 f\u00f6r Lergraf\/Wallvik<br>Lots\u00e5lderman: Jon Stare<br>Lots Hans Andersson- Sj\u00f6berg, 27 \u00e5r 1 tj \u00e5r<\/p>\n\n\n\n<p>Ur rulla 1818: Ord lots J. Sj\u00f6berg<\/p>\n\n\n\n<p>Nedanst\u00e5ende ur reglemente f\u00f6r Lotsverket 1799<br>Under lotsuppsyningsman f\u00f6r Gotlands f\u00f6rdelning lyder Lergravs lotsplats: 1 ord lots, 1 utl\u00e4rd reservlotsdr\u00e4ng och en lotsl\u00e4rling. Lotsplatsen lyder under lots\u00e5ldermannen i Vallvik och Kylej.<\/p>\n\n\n\n<p>Lotsningsomr\u00e5de: Lotsarna emottaga fr\u00e5n sj\u00f6n att inlotsa, utlotsa till sj\u00f6ss samt till Vallvik eller Kylej<\/p>\n\n\n\n<p>Ur 1820 \u00e5rs f\u00f6rteckning: Till F\u00e5r\u00f6sund, Wallvik. 1 Secund lots och 1 l\u00e4rling<\/p>\n\n\n\n<p>Ur \u201dden Svenske Lotsen 1853\u201d: F\u00f6r att g\u00e5 vidare in till Lergraf b\u00f6r ortens privatlots begagnas<\/p>\n\n\n\n<p>Ur reglemente 1863: Lotsningsomr\u00e5de: Fr\u00e5n Lergav till F\u00e5r\u00f6sund resp vallvik, Kylej, till Sj\u00f6ss eller fr\u00e5n sj\u00f6n<br>Antal lotsningar var 1873=17 st, 1876=2 st och 1880=2 st&nbsp; alla \u00e5r&nbsp; d\u00e4remellan noll<\/p>\n\n\n\n<p>Lotsar vid Lergrav<\/p>\n\n\n\n<figure class=\"wp-block-table alignwide\"><table class=\"has-fixed-layout\"><tbody><tr><td>Efternamn<\/td><td>F\u00f6rnamn<\/td><td>F\u00f6dd<\/td><td>I Staten<\/td><td>Lpl 1<\/td><td>Lpl 2<\/td><\/tr><tr><td>S\u00f6rensson<\/td><td>Lars<\/td><td><\/td><td>1743<\/td><td>Lergrav<\/td><td><\/td><\/tr><tr><td>Hindrichsson<\/td><td>Lars<\/td><td>1711<\/td><td>1748<\/td><td>Kylej<\/td><td>Lergrav<\/td><\/tr><tr><td>Norrby<\/td><td>Jacob<\/td><td><\/td><td>1749<\/td><td>Lergrav<\/td><td>L\u00f6rje<\/td><\/tr><tr><td>Dynisson<\/td><td>Anders<\/td><td><\/td><td><\/td><td>Kylej<\/td><td>Lergrav<\/td><\/tr><\/tbody><\/table><\/figure>\n\n\n\n<h3 class=\"wp-block-heading\">Lutterhorns (Lauterhorn) lotsplats<br><a href=\"https:\/\/www.google.se\/maps\/place\/57%C2%B057'17.3%22N+19%C2%B004'47.0%22E\/@57.9548,19.0775446,17z\/data=!3m1!4b1!4m4!3m3!8m2!3d57.9548!4d19.0797333\">57\u00b0 57.288&#8242; N 19\u00b0 4.784&#8242; E <\/a><\/h3>\n\n\n\n<p>anlades mitten av 1700 talet och lades ned 1880<\/p>\n\n\n\n<p>Ur reglemente f\u00f6r lotsverket 1799:<\/p>\n\n\n\n<p>Under lotsuppsyningsman f\u00f6r Gotlands f\u00f6rdelning lyder Lutterhorns lotsplats: 1 ord llots, 1 reservlotsdr\u00e4ng och 1 lotsl\u00e4rling: Lotsplatsen lyder under lots\u00e5ldermannen i F\u00e5r\u00f6sund, Samma 1820<br>Lotsarne emottaga fr\u00e5n sj\u00f6n at inlotsa och utlotsa til sj\u00f6\u03b2 samt til Ahr, til norra gattet, emottaga fr\u00e5n sj\u00f6n wid norra gattet at inlotsa tils lotsarne i sundet ombyta, utlotsa til sj\u00f6\u03b2 norr ut. Lotsarne i sundet uppa\u03b2a 1\/ I F\u00e5r\u00f6sundet at utlotsa til sj\u00f6\u03b2, s\u00f6derut wid Bungar och til Lergraf.&nbsp; 2\/ Wid Bungar at fr\u00e5n sj\u00f6n utom Bungar emottaga och inlotsa i sundet.<\/p>\n\n\n\n<p>Ur reglemente 1863: Lotsningsomr\u00e5de: Fr\u00e5n Lutterhorn till Halshuk resp Ahr till sj\u00f6ss eller fr\u00e5n sj\u00f6n<\/p>\n\n\n\n<p>Ur rulla 1774: Lots\u00e5lderman Sifvert Lagerqvist<br>Lots Barthold Dyplow, 31 \u00e5r 1 tj \u00e5r<br>Lotsl\u00e4rling Per Anders Lantin, 2 tj \u00e5r<\/p>\n\n\n\n<p>Ur rulla 1818<br>Ord lots LC \u00d6gren<br>Lotsl\u00e4rling O.O. Ringvid<\/p>\n\n\n\n<p>Ur 1820 \u00e5rs f\u00f6rteckning: Till Halshuk, Ahr, sj\u00f6ss eller fr\u00e5n sj\u00f6n. 1 secund lots och 1 l\u00e4rling<\/p>\n\n\n\n<p>Lotsarna vid Lutterhorn. Wessman var \u00e4ven vid F\u00e5r\u00f6sund Lpl<\/p>\n\n\n\n<figure class=\"wp-block-table\"><table class=\"has-fixed-layout\"><tbody><tr><td><strong>Efternamn<\/strong><\/td><td><strong>F\u00f6rnamn<\/strong><\/td><td><strong>F\u00f6dd<\/strong><\/td><td><strong>I Staten<\/strong><\/td><\/tr><tr><td>Laulin<\/td><td>Per<\/td><td><\/td><td>1771<\/td><\/tr><tr><td>Dyplow<\/td><td>Barthold<\/td><td>1744<\/td><td>1773<\/td><\/tr><tr><td>Wessman<\/td><td>Johan<\/td><td>1837<\/td><td>1861<\/td><\/tr><tr><td>Lagerqvist<\/td><td>Sifvert<\/td><td><\/td><td><\/td><\/tr><tr><td>Ringvid<\/td><td>Olof<\/td><td><\/td><td><\/td><\/tr><tr><td>\u00d6gren<\/td><td>L<\/td><td><\/td><td><\/td><\/tr><\/tbody><\/table><\/figure>\n","protected":false},"excerpt":{"rendered":"<p>Katthammarsvik57\u00b0 26.060&#8242; N 18\u00b0 50.968&#8242; E Nedlades 1879Nedanst\u00e5ende ur reglemente 1799 Under lotsuppsyningsman f\u00f6r Gotlands f\u00f6rdelning lyder Katthammarsviks lotsplats. 1 ord lots, 1 utl\u00e4rd reservlotsdr\u00e4ng och 1 lotsl\u00e4rling. Lotsplatsen lyder under lots\u00e5ldermannen i Sandviks lotsplats. Lotsningsomr\u00e5de: lotsarna utlotsa till sj\u00f6ss och till Slit\u00f6hamn till H\u00e4rvik eller \u00f6stergarnasund Ur regl 1863: Lotsningsomr\u00e5de: fr\u00e5n Katthammarsvik till Slitehamn&hellip; <a class=\"more-link\" href=\"https:\/\/lotsarnastockholm.se\/index.php\/katthammarsvik-klintehamn-lergrav-och-wallvik\/\">Forts\u00e4tt l\u00e4sa <span class=\"screen-reader-text\">Katthammarsvik, Klintehamn, Lergrav och Wallvik, Lutterhorn<\/span><\/a><\/p>\n","protected":false},"author":1,"featured_media":0,"parent":0,"menu_order":0,"comment_status":"closed","ping_status":"closed","template":"","meta":{"footnotes":""},"class_list":["post-4740","page","type-page","status-publish","hentry","entry"],"_links":{"self":[{"href":"https:\/\/lotsarnastockholm.se\/index.php\/wp-json\/wp\/v2\/pages\/4740","targetHints":{"allow":["GET"]}}],"collection":[{"href":"https:\/\/lotsarnastockholm.se\/index.php\/wp-json\/wp\/v2\/pages"}],"about":[{"href":"https:\/\/lotsarnastockholm.se\/index.php\/wp-json\/wp\/v2\/types\/page"}],"author":[{"embeddable":true,"href":"https:\/\/lotsarnastockholm.se\/index.php\/wp-json\/wp\/v2\/users\/1"}],"replies":[{"embeddable":true,"href":"https:\/\/lotsarnastockholm.se\/index.php\/wp-json\/wp\/v2\/comments?post=4740"}],"version-history":[{"count":8,"href":"https:\/\/lotsarnastockholm.se\/index.php\/wp-json\/wp\/v2\/pages\/4740\/revisions"}],"predecessor-version":[{"id":7661,"href":"https:\/\/lotsarnastockholm.se\/index.php\/wp-json\/wp\/v2\/pages\/4740\/revisions\/7661"}],"wp:attachment":[{"href":"https:\/\/lotsarnastockholm.se\/index.php\/wp-json\/wp\/v2\/media?parent=4740"}],"curies":[{"name":"wp","href":"https:\/\/api.w.org\/{rel}","templated":true}]}}