{"id":4718,"date":"2023-02-22T21:39:13","date_gmt":"2023-02-22T20:39:13","guid":{"rendered":"https:\/\/lotsarnastockholm.se\/?page_id=4718"},"modified":"2026-02-17T16:46:03","modified_gmt":"2026-02-17T15:46:03","slug":"rone-grottlingboudde","status":"publish","type":"page","link":"https:\/\/lotsarnastockholm.se\/index.php\/rone-grottlingboudde\/","title":{"rendered":"Ronehamn\/Gr\u00f6ttlingboudde Lotsplats"},"content":{"rendered":"\n<p class=\"has-text-align-center\"><a href=\"https:\/\/www.google.se\/maps\/place\/57%C2%B010'24.7%22N+18%C2%B029'11.8%22E\/@57.1735167,18.4844113,17z\/data=!3m1!4b1!4m4!3m3!8m2!3d57.1735167!4d18.4866\">57\u00b0 10.411&#8242; N 18\u00b0 29.196&#8242; E<\/a><\/p>\n\n\n\n<figure class=\"wp-block-image size-large\"><img decoding=\"async\" src=\"https:\/\/lotsarnastockholm.se\/wp-content\/uploads\/lotsar\/stockholm\/IMG_0010-1-1024x429.jpg\" alt=\"\"\/><\/figure>\n\n\n\n<figure class=\"wp-block-image size-large\"><img decoding=\"async\" src=\"https:\/\/lotsarnastockholm.se\/wp-content\/uploads\/lotsar\/stockholm\/IMG_0010-2-1.jpg\" alt=\"\"\/><\/figure>\n\n\n\n<figure class=\"wp-block-image size-large\"><a href=\"https:\/\/lotsarnastockholm.se\/wp-content\/uploads\/2023\/02\/1752-karta.jpg\"><img fetchpriority=\"high\" decoding=\"async\" width=\"1024\" height=\"819\" src=\"https:\/\/lotsarnastockholm.se\/wp-content\/uploads\/2023\/02\/1752-karta-1024x819.jpg\" alt=\"\" class=\"wp-image-4725\" srcset=\"https:\/\/lotsarnastockholm.se\/wp-content\/uploads\/2023\/02\/1752-karta-1024x819.jpg 1024w, https:\/\/lotsarnastockholm.se\/wp-content\/uploads\/2023\/02\/1752-karta-300x240.jpg 300w, https:\/\/lotsarnastockholm.se\/wp-content\/uploads\/2023\/02\/1752-karta-768x614.jpg 768w, https:\/\/lotsarnastockholm.se\/wp-content\/uploads\/2023\/02\/1752-karta.jpg 1132w\" sizes=\"(max-width: 1024px) 100vw, 1024px\" \/><\/a><figcaption class=\"wp-element-caption\">Karta \u00f6ver Rone 1752<\/figcaption><\/figure>\n\n\n\n<p>Kallades Rone fr\u00e5n b\u00f6rjan (1750) upptogs som Ronehamns lotsplats 1891 och lades ned 1969 (1 jan 1967?)<\/p>\n\n\n\n<p>Ur rulla 1774:<br>Lots\u00e5lderman J\u00f6ns Dalin<br>Lots Per Jacob Spitz 47 \u00e5r, 16 tj \u00e5r<br>Hans Larsson, 54 \u00e5r, 16 tj \u00e5r<br>Rasmus Rasmusson Nattvards, 29 \u00e5r, 5 tj \u00e5r<br>Lotsl\u00e4rling Per Persson, 20 \u00e5r, 7 tj \u00e5r<\/p>\n\n\n\n<p>F\u00f6rsta k\u00e4nda lots var lots\u00e5lderman P.P Spetz och lotsen Mattias Ronvik<\/p>\n\n\n\n<p>Genom 1727 \u00e5rs kungliga beslut om officiella lotsplatser inf\u00f6rlivades Gotland i det svenska lotssystemet. 1732 trycks sj\u00f6kort&nbsp;\u00f6ver \u201cRohna Wik\u201d. Samma \u00e5r finns det lotsbetj\u00e4ning p\u00e5 Gr\u00f6ttlingboudd. Rone finns med i lotsrullor fr.o.m. 1752.<\/p>\n\n\n\n<p>I 1752 \u00e5rs lotsrullar s\u00e5 finns det en bemanning p\u00e5 Ronehamn av 1 lots\u00e5lderman, 2 lotsar och 4 lotsl\u00e4rlingar.<\/p>\n\n\n\n<p>I 1799 \u00e5rs reglemente: Under lotsuppsyningsman f\u00f6r Gotlands lotsf\u00f6rdelning lyder Ronehamns lotsplats: 1 Lots\u00e5lderman, 1 ord lots, 2 utl\u00e4rda reservlotsdr\u00e4ngar och 1 lotsl\u00e4rling. Lotsningsomr\u00e5de: Lotsarna vid Ronehamn emottaga fr\u00e5n sj\u00f6n vid norra farvattnet att inlotsa, utlotsa till sj\u00f6ss norrut samt till N\u00e4hr. Lotsarna vid Gr\u00f6ttlingbo udde emottaga fr\u00e5n sj\u00f6n s\u00f6derut att inlotsa, utlotsa till sj\u00f6ss s\u00f6der ut samt till Stockvik och Garnsvik.<\/p>\n\n\n\n<p>Ur rulla 1818:<\/p>\n\n\n\n<p>Lots\u00e5lderman P.P Spitz<br>ord lots A. S\u00f6dergren<br>reservlotsdr\u00e4ng P.N. Ronstr\u00f6m<br>Lotsl\u00e4rlingar: L.B. Hallbom och P.N. Spitz<\/p>\n\n\n\n<p>1820 \u00e5rs f\u00f6rteckning: Till Ljugarn, N\u00e4hr, Sandvik, Enevik, Stockvik, sj\u00f6ss eller fr\u00e5n norra resp s\u00f6dra farvattnet. 1 lots\u00e5lderman, 1 m\u00e4sterlots, 2 secund lotsar, 1 l\u00e4rling. Lotsuppassa efter tur s\u00e5 vid hamnen som Gr\u00f6ttlingbo udde samt m\u00f6ter fartygen vid norra och s\u00f6dra inloppen utanf\u00f6r grunden.<\/p>\n\n\n\n<p>1821 Avm\u00e4ts lotsplatser p\u00e5 Ronehamn och Gr\u00f6ttlingboudd<br>1827 Uppr\u00e4ttas f\u00f6rteckning av lotsplatser, d\u00e4r listas Rohnehamns lotsplats<\/p>\n\n\n\n<p>\u00c5r 1853 utf\u00f6rdes det 89 lotsningar p\u00e5 den s\u00f6dra farleden enligt lotsrullarna p\u00e5 Gr\u00f6ttlingbo udde. Rone stod enligt lotsrullarna f\u00f6r utlotsning och Gr\u00f6ttlingbo f\u00f6r inlotsning.<\/p>\n\n\n\n<p>Ur \u201dDen Svenske Lotsen 1853\u201d: Utanf\u00f6r inloppet har man r\u00e4ttelse av lotshusen, varav ett \u00e4r tv\u00e5v\u00e5nings vitt och h\u00f6gt.<br>Rone s\u00f6dra inlopp: lots f\u00e5r fr\u00e5n Gr\u00f6ttlingbo udde och m\u00f6ter utanf\u00f6r Sm\u00e5briten.<br>Lots f\u00f6r \u00f6stra inloppet f\u00e5s fr\u00e5n Rone och m\u00f6ta utanf\u00f6r grunden.<\/p>\n\n\n\n<p>1858 G\u00f6rs lantm\u00e4terikartor f\u00f6r sj\u00f6m\u00e4rkesplatserna Longord och Getarsk\u00e4r<\/p>\n\n\n\n<p>Ur reglemente 1863. Lotsningsomr\u00e5de: Fr\u00e5n Ronehamn till Ljugarn resp. Envik, Stockvik, till och fr\u00e5n sj\u00f6n, Garnsvik, N\u00e4hr<\/p>\n\n\n\n<p>Gr\u00f6ttlingboudde lotsplats inr\u00e4ttades 1876 och f\u00f6ll in under Ronehamns lotsplats 1\/1 1911 och drogs in 1 maj 1938<\/p>\n\n\n\n<p>1880 Utstakades lotsplatsen vid Tomtbod&nbsp;<br>1893 Utstakades mark f\u00f6r lotsplats p\u00e5 Ronehamn&nbsp;<\/p>\n\n\n\n<p>Ur lotsledsf\u00f6rteckningen 1916: Lots uppassa vid hamnen och vid Gr\u00f6ttlingbo udde samt m\u00f6ta fr\u00e5n sj\u00f6n kommande fartyg utanf\u00f6r grunden vid s\u00e5v\u00e4l norra som s\u00f6dra inloppen till Ronehamn.<\/p>\n\n\n\n<p>1920 \u00e5rs b\u00e5tbest\u00e5nd:1 motorb\u00e5t 7 m med 5 hk motor<br>1 motorb\u00e5t byggd 1912 i furu, klink, 6.5&#215;1.9 3 hk Avance<br>1 segelb\u00e5t byggd 1910 i furu, klink 5.3&#215;1.7<\/p>\n\n\n\n<p>Gr\u00f6ttlingbo lotsplats som formellt tillh\u00f6rde Ronehamns lotsplats upph\u00f6rde \u00e5r 1938. <\/p>\n\n\n\n<p>Lotsar vid Gr\u00f6ttlingboudde var Hallbom Carl f 1843 i tj\u00e4nst 1862 och <br>S\u00f6dergren Jacob f 1849 i tj\u00e4nst 1872<\/p>\n\n\n\n<p>Carl Hallbom var den sista lotsen p\u00e5 udden.<\/p>\n\n\n\n<p>Sista ordinarie lots p\u00e5 Ronehamn var Erik Engqvist. P\u00e5 1980-talet omorganiserades lotsningen p\u00e5 Gotland s\u00e5 att alla lotsar var utbildade p\u00e5 alla hamnar och tillh\u00f6rde Visby lotsplats.<\/p>\n\n\n\n<p>En av dessa lotsar var m\u00e4sterlotsen Gillis Ulmstedt fr\u00e5n Ronehamn.<\/p>\n\n\n\n<p>H\u00c4NDELSER:<\/p>\n\n\n\n<p>1876 19 nov: Belgisk \u00e5ngare med styckegodslast fr\u00e5n Kronstadt till Antwerpen grund st\u00f6tte p\u00e5 Yttre Brittens \u00f6stra kant ONO fr\u00e5n \u00d6stergarns fyr. Frisk sydlig bris med h\u00f6g sj\u00f6 och klar luft. Vid grundst\u00f6tningen fick fartyget h\u00e5l i botten och b\u00f6rjade genast sjunka varvid 11 man ur bes\u00e4ttningen omedelbart st\u00f6rtade sig i den st\u00f6rsta av fartygets b\u00e5tar vilken dock genast kantrade och alla omkom. Den \u00f6vriga bes\u00e4ttningen, 9 man r\u00e4ddade sig i de \u00e5terst\u00e5ende b\u00e5tarna. Endast bef\u00e4lhavaren stannade i fartygets rigg \u00f6ver natten och r\u00e4ddades f\u00f6ljande morgon av lots\u00e5ldermannen vid Ronehamns lotsplats<br><strong>Lotsar och b\u00e5tman vid Ronehamn samt \u00f6vriga Lpl de arbetat p\u00e5<\/strong><\/p>\n\n\n\n<figure class=\"wp-block-table alignwide\"><table class=\"has-fixed-layout\"><tbody><tr><td><strong>Efternamn<\/strong><\/td><td><strong>F\u00f6rnamn<\/strong><\/td><td><strong>F\u00f6dd<\/strong><\/td><td><strong>I Staten<\/strong><\/td><td><strong>B\u00e5tman<\/strong><\/td><td><strong>Lpl 1<\/strong><\/td><\/tr><tr><td>Ronvik<\/td><td>Mattias<\/td><td><\/td><td>1750<\/td><td><\/td><td>Ronehamn<\/td><\/tr><tr><td>Spetz<\/td><td>P<\/td><td><\/td><td>1750<\/td><td><\/td><td>Ronehamn<\/td><\/tr><tr><td>Larsson<\/td><td>Hans<\/td><td>1720<\/td><td>1758<\/td><td><\/td><td>Ronehamn<\/td><\/tr><tr><td>Spitz<\/td><td>Per<\/td><td>1727<\/td><td>1758<\/td><td><\/td><td>Ronehamn<\/td><\/tr><tr><td>Persson<\/td><td>Per<\/td><td>1754<\/td><td>1767<\/td><td><\/td><td>Ronehamn<\/td><\/tr><tr><td>Nattvards<\/td><td>Rasmus<\/td><td>1745<\/td><td>1769<\/td><td><\/td><td>Ronehamn<\/td><\/tr><tr><td>Hallbom<\/td><td>L<\/td><td><\/td><td>1818<\/td><td><\/td><td>Ronehamn<\/td><\/tr><tr><td>Rohnvik<\/td><td>Johan<\/td><td>1834<\/td><td>1852<\/td><td><\/td><td>Ronehamn<\/td><\/tr><tr><td>Hallbom<\/td><td>Carl<\/td><td>1843<\/td><td>1862<\/td><td><\/td><td>Ronehamn\/Gr\u00f6ttlingebo<\/td><\/tr><tr><td>Rondahl<\/td><td>Mathias<\/td><td>1822<\/td><td>1871<\/td><td><\/td><td>Ronehamn<\/td><\/tr><tr><td>Ronstedt<\/td><td>M\u00e5rten<\/td><td>1826<\/td><td>1871<\/td><td><\/td><td>Ronehamn<\/td><\/tr><tr><td>S\u00f6dergren<\/td><td>Jacob<\/td><td>1849<\/td><td>1872<\/td><td><\/td><td>Ronehamn\/Gr\u00f6ttlingebo<\/td><\/tr><tr><td>Rohnsten<\/td><td>Petter<\/td><td>1842<\/td><td>1874<\/td><td><\/td><td>Ronehamn<\/td><\/tr><tr><td>Wigsten<\/td><td>Laurentius<\/td><td>1855<\/td><td>1888<\/td><td><\/td><td>Ronehamn<\/td><\/tr><tr><td>Ronstr\u00f6m<\/td><td>Gustaf<\/td><td>1878<\/td><td>1898<\/td><td><\/td><td>Ronehamn<\/td><\/tr><tr><td>Hallbom<\/td><td>Karl<\/td><td>1881<\/td><td>1900<\/td><td><\/td><td>Ronehamn<\/td><\/tr><tr><td>Wigsten<\/td><td>Alexander<\/td><td>1900<\/td><td>1916<\/td><td><\/td><td>Burgsvik\/Ronehamn<\/td><\/tr><tr><td>Gustafsson<\/td><td>Karl<\/td><td>1917<\/td><td>1941<\/td><td><\/td><td>Kylej\/Slite\/F\u00e5r\u00f6sund\/ Ronehamn\/Visby<\/td><\/tr><tr><td>Engqvist<\/td><td>Walter<\/td><td>1919<\/td><td>1943<\/td><td><\/td><td>Ronehamn<\/td><\/tr><tr><td>Ulmstedt<\/td><td>Gillis<\/td><td>1933<\/td><td>1953<\/td><td><\/td><td>Ronehamn\/F\u00e5r\u00f6sund\/Visby<\/td><\/tr><tr><td>Liljeb\u00e4ck<\/td><td>Hans<\/td><td>1916<\/td><td>1961<\/td><td>1963-07-01<\/td><td>Ronehamn<\/td><\/tr><tr><td>Dalin<\/td><td>J\u00f6ns<\/td><td><\/td><td><\/td><td><\/td><td>Ronehamn<\/td><\/tr><tr><td>Ronstr\u00f6m<\/td><td>P<\/td><td><\/td><td><\/td><td><\/td><td>Ronehamn<\/td><\/tr><tr><td>Spitz<\/td><td>P<\/td><td><\/td><td><\/td><td><\/td><td>Ronehamn<\/td><\/tr><tr><td>Spitz<\/td><td>P<\/td><td><\/td><td><\/td><td><\/td><td>Ronehamn<\/td><\/tr><tr><td>S\u00f6dergren<\/td><td>A<\/td><td><\/td><td><\/td><td><\/td><td>Ronehamn<\/td><\/tr><\/tbody><\/table><\/figure>\n\n\n\n<p><br><\/p>\n","protected":false},"excerpt":{"rendered":"<p>57\u00b0 10.411&#8242; N 18\u00b0 29.196&#8242; E Kallades Rone fr\u00e5n b\u00f6rjan (1750) upptogs som Ronehamns lotsplats 1891 och lades ned 1969 (1 jan 1967?) Ur rulla 1774:Lots\u00e5lderman J\u00f6ns DalinLots Per Jacob Spitz 47 \u00e5r, 16 tj \u00e5rHans Larsson, 54 \u00e5r, 16 tj \u00e5rRasmus Rasmusson Nattvards, 29 \u00e5r, 5 tj \u00e5rLotsl\u00e4rling Per Persson, 20 \u00e5r, 7 tj&hellip; <a class=\"more-link\" href=\"https:\/\/lotsarnastockholm.se\/index.php\/rone-grottlingboudde\/\">Forts\u00e4tt l\u00e4sa <span class=\"screen-reader-text\">Ronehamn\/Gr\u00f6ttlingboudde Lotsplats<\/span><\/a><\/p>\n","protected":false},"author":1,"featured_media":0,"parent":0,"menu_order":0,"comment_status":"closed","ping_status":"closed","template":"","meta":{"footnotes":""},"class_list":["post-4718","page","type-page","status-publish","hentry","entry"],"_links":{"self":[{"href":"https:\/\/lotsarnastockholm.se\/index.php\/wp-json\/wp\/v2\/pages\/4718","targetHints":{"allow":["GET"]}}],"collection":[{"href":"https:\/\/lotsarnastockholm.se\/index.php\/wp-json\/wp\/v2\/pages"}],"about":[{"href":"https:\/\/lotsarnastockholm.se\/index.php\/wp-json\/wp\/v2\/types\/page"}],"author":[{"embeddable":true,"href":"https:\/\/lotsarnastockholm.se\/index.php\/wp-json\/wp\/v2\/users\/1"}],"replies":[{"embeddable":true,"href":"https:\/\/lotsarnastockholm.se\/index.php\/wp-json\/wp\/v2\/comments?post=4718"}],"version-history":[{"count":7,"href":"https:\/\/lotsarnastockholm.se\/index.php\/wp-json\/wp\/v2\/pages\/4718\/revisions"}],"predecessor-version":[{"id":7672,"href":"https:\/\/lotsarnastockholm.se\/index.php\/wp-json\/wp\/v2\/pages\/4718\/revisions\/7672"}],"wp:attachment":[{"href":"https:\/\/lotsarnastockholm.se\/index.php\/wp-json\/wp\/v2\/media?parent=4718"}],"curies":[{"name":"wp","href":"https:\/\/api.w.org\/{rel}","templated":true}]}}