{"id":4669,"date":"2023-02-16T19:20:14","date_gmt":"2023-02-16T18:20:14","guid":{"rendered":"https:\/\/lotsarnastockholm.se\/?page_id=4669"},"modified":"2026-03-24T07:19:32","modified_gmt":"2026-03-24T06:19:32","slug":"savosunds-lotsplats","status":"publish","type":"page","link":"https:\/\/lotsarnastockholm.se\/index.php\/savosunds-lotsplats\/","title":{"rendered":"S\u00e4v\u00f6sund Lotsplats"},"content":{"rendered":"\n<p class=\"has-text-align-center\"><a href=\"https:\/\/www.google.se\/maps\/place\/58%C2%B045'56.8%22N+17%C2%B028'24.7%22E\/@58.7657861,17.4713393,17z\/data=!3m1!4b1!4m4!3m3!8m2!3d58.7657833!4d17.4735333\">58\u00b0 45.947&#8242; N 17\u00b0 28.412&#8242; E<\/a><\/p>\n\n\n\n<figure class=\"wp-block-gallery has-nested-images columns-default is-cropped wp-block-gallery-1 is-layout-flex wp-block-gallery-is-layout-flex\">\n<figure class=\"wp-block-image size-large\"><a href=\"https:\/\/lotsarnastockholm.se\/wp-content\/uploads\/2023\/03\/IMG_0002.jpg\"><img fetchpriority=\"high\" decoding=\"async\" width=\"1024\" height=\"480\" data-id=\"5015\" src=\"https:\/\/lotsarnastockholm.se\/wp-content\/uploads\/2023\/03\/IMG_0002-1024x480.jpg\" alt=\"\" class=\"wp-image-5015\" srcset=\"https:\/\/lotsarnastockholm.se\/wp-content\/uploads\/2023\/03\/IMG_0002-1024x480.jpg 1024w, https:\/\/lotsarnastockholm.se\/wp-content\/uploads\/2023\/03\/IMG_0002-300x141.jpg 300w, https:\/\/lotsarnastockholm.se\/wp-content\/uploads\/2023\/03\/IMG_0002-768x360.jpg 768w, https:\/\/lotsarnastockholm.se\/wp-content\/uploads\/2023\/03\/IMG_0002-1536x719.jpg 1536w, https:\/\/lotsarnastockholm.se\/wp-content\/uploads\/2023\/03\/IMG_0002-1568x734.jpg 1568w, https:\/\/lotsarnastockholm.se\/wp-content\/uploads\/2023\/03\/IMG_0002.jpg 1947w\" sizes=\"(max-width: 1024px) 100vw, 1024px\" \/><\/a><\/figure>\n<\/figure>\n\n\n\n<p>eller S\u00e4fwesunds lotsplats, anlades troligen tidigt 1600 tal, nedlades 1 januari 1967<\/p>\n\n\n\n<p>Nedanst\u00e5ende ur reglemente f\u00f6r lotswerket 1799<\/p>\n\n\n\n<p>Under lotsuppsyningsman f\u00f6r Norrk\u00f6pings f\u00f6rdelning lyder S\u00e4v\u00f6sunds lotsplats med 1 lots\u00e5lderman, 2 ord lotsar, 3 utl\u00e4rda lotsdr\u00e4ngar 1 utl\u00e4rd reservlotsdr\u00e4ng och 2 lotsl\u00e4rlingar. Lotsomr\u00e5de: Lotsarne uppa\u03b2a p\u00e5 L\u00e5ng\u00f6 landet wid sundet lotsa genom R\u00e5g\u00f6sund til Oxel\u00f6sund til Nyk\u00f6pings skants, til Nyk\u00f6ping, til Lacca, til H\u00e4rhamra. Mera djupg\u00e5ende och de som wilja g\u00e5 til sj\u00f6\u03b2 s\u00f6der\u00e5t, ledsagas til Djupsundet wid Hartz\u00f6, \u00e4fwen lotsas til H\u00e5lsviken, til Oxlevik, til S\u00f6dertelje, Jemw\u00e4l emottag fartyg vid H\u00e5lsviken il lotsning \u00e5t h\u00e4r f\u00f6rut n\u00e4mnde platser utom til H\u00e4rhamra.<\/p>\n\n\n\n<p>Ur regl 1863: Lotsningsomr\u00e5de: Fr\u00e5n S\u00e4v\u00f6sund till Herrhamra resp. S\u00f6dert\u00e4lje H\u00e5lsviken, Nyk\u00f6pings skans, Nyk\u00f6ping, Oxel\u00f6sund, till sj\u00f6ss mellan Lacca och Landsort.<\/p>\n\n\n\n<p>Ur regl. 1868 : Lots uppassa \u00e5 platsen och m\u00f6ta fartyg i sundet. Lotsningsomr\u00e5de: Fr\u00e5n S\u00e4v\u00f6sund till Herrhamra resp Tuns\u00e4ter i H\u00e5lsviken, Trosa, Tullgarn, S\u00f6dert\u00e4lje, Nyk\u00f6pings skans Nyk\u00f6ping, Oxel\u00f6sund, Ensk\u00e4r och Djupsundet, till sj\u00f6ss vid lacka.<\/p>\n\n\n\n<p>Ur rulla 1736:<br>Lots\u00e5lderman Olof Larsson \u00d6man, 46 \u00e5r i tj 1718<br>Lots: Anders Larsson i Lacka, 57 \u00e5r i tj 1703<br>Anders Andersson, 54 \u00e5r i tj 1717<br>Oluf Larsson, 48 \u00e5r i tj 1719<br>Anders Ersson, 41 \u00e5r i tj 1724<br>Pehr Andersson i L\u00e5ng\u00f6, 35 \u00e5r i tj 1732<br>Pehr Nilsson, 32 \u00e5r i tj 1732<br>Lars Andersson, 29 \u00e5r i tj 1735<br>lotsdr\u00e4ng Gabriel Nilsson<br>Anders Andersson<br>Lars Olufsson i tj 1735<\/p>\n\n\n\n<p>Ur rulla 1769:<\/p>\n\n\n\n<p>Lots\u00e5lderman Gabriel Nilsson?<br>Lotsar:<br>Anders Andersson, 54 \u00e5r S\u00e4v\u00f6sund i tj 1743<br>Zachris Andersson, 52 \u00e5r S\u00e4v\u00f6sund i tj 1743<br>J\u00f6ns Andersson, 50 \u00e5r Skebol i tj 1749<br>Lars Olsson, 54 \u00e5r L\u00e5ng\u00f6 i tj 1733<br>Anders Larsson, 35 \u00e5r L\u00e5ng\u00f6 i tj 1753<br>Utl. lotsdr\u00e4ng: Nils Andersson, 40 \u00e5r i tj 1740<br>Lotsl\u00e4rlingar:<br>Nils Gabrielsson, 24 \u00e5r i tj 1758<br>Olof Larsson, 21 \u00e5r i tj 1758<br>Samuel Olsson, 26 \u00e5r i tj 1759<\/p>\n\n\n\n<p>Ur rulla 1774:<br>Lots\u00e5lderman: J\u00f6ns Andersson Mor\u00e9n, 51 \u00e5r L\u00e5ng\u00f6 20 tj \u00e5r<br>Ord lots:<br>Lars Olofsson \u00d6man, 58 \u00e5r, Skebol, 39 tj \u00e5r<br>Per Andersson S\u00e4fbom, 25 \u00e5r S\u00e4v\u00f6, 8 tj \u00e5r<br>Anders Pehrsson Holm, 34 \u00e5r Lacka 6 tj \u00e5r<br>Nils Gabrielsson Brandt, Skebol, 30 \u00e5r 10 tj \u00e5r<br>Olof Larsson \u00d6man, 27 \u00e5r L\u00e5ng\u00f6 5 tj \u00e5r<br>Lotsdr\u00e4ng: Anders Lingberg, 28 \u00e5r, L\u00e5ng\u00f6<br>Lotsl\u00e4rlingar: Anders Zachrisson, 23 \u00e5r L\u00e5ng\u00f6<br>Anders Andersson Mor\u00e9n, 15 \u00e5r, L\u00e5ng\u00f6<br>Anders Larsson \u00d6man, 22 \u00e5r, Skebol<\/p>\n\n\n\n<p>Enligt avl\u00f6ningslista f\u00f6r 1799<br>Lots\u00e5lderman Anders Petter Holm<br>Lots Anders \u00d6man<br>Anders Ekberg<br>Eric Petter Wikstrand<br>Anders Persson<br>Anders Larsson<br>Anders Zachrisson<br>Eric Persson<\/p>\n\n\n\n<p>Enligt Rulla f\u00f6r 1817 fanns f\u00f6ljande personal:<\/p>\n\n\n\n<p>Lots\u00e5lderman Fredrik Andersson Bergstr\u00f6m<br>Ord lots G. Nilsson Brand och A.E. Vikstrand<br>Ord lotsdr\u00e4ngar: L. Andersson \u00d6man, A. Larsson Vesterberg och F. Andersson \u00d6man<br>Reservlotsdr\u00e4ngen: E. Vikstrand<br>Lotsl\u00e4rlingarna A. Vikstrand och L Vesterberg<\/p>\n\n\n\n<p>Lotsar och b\u00e5tm\u00e4n vid S\u00e4v\u00f6sunds lotsplats<\/p>\n\n\n\n<figure class=\"wp-block-table alignwide\"><table class=\"has-fixed-layout\"><tbody><tr><td><strong>Efternamn<\/strong><\/td><td><strong>F\u00f6rnamn<\/strong><\/td><td><strong>F\u00f6dd<\/strong><\/td><td><strong>I Staten<\/strong><\/td><td><strong>B\u00e5tman<\/strong><\/td><td><strong>Lpl 1<\/strong><\/td><td><strong>Lpl 2<\/strong><\/td><td><strong>Lpl 3<\/strong><\/td><\/tr><tr><td>Andersson<\/td><td>Erik<\/td><td><\/td><td><\/td><td><\/td><td>S\u00e4v\u00f6sund<\/td><td><\/td><td><\/td><\/tr><tr><td>Vikstrand<\/td><td>A<\/td><td><\/td><td><\/td><td><\/td><td>S\u00e4v\u00f6sund<\/td><td><\/td><td><\/td><\/tr><tr><td>Bergstr\u00f6m<\/td><td>Fredrik<\/td><td><\/td><td><\/td><td><\/td><td>S\u00e4v\u00f6sund<\/td><td><\/td><td><\/td><\/tr><tr><td>Ekberg<\/td><td>Anders<\/td><td><\/td><td><\/td><td><\/td><td>S\u00e4v\u00f6sund<\/td><td><\/td><td><\/td><\/tr><tr><td>Persson<\/td><td>Anders<\/td><td>1674<\/td><td><\/td><td><\/td><td>S\u00e4v\u00f6sund<\/td><td>Harts\u00f6<\/td><td><\/td><\/tr><tr><td>Persson<\/td><td>Eric<\/td><td><\/td><td><\/td><td><\/td><td>S\u00e4v\u00f6sund<\/td><td><\/td><td><\/td><\/tr><tr><td>\u00d6man<\/td><td>Oluf<\/td><td>1690<\/td><td><\/td><td><\/td><td>S\u00e4v\u00f6sund<\/td><td>Oxel\u00f6sund<\/td><td><\/td><\/tr><tr><td>\u00d6man<\/td><td>L<\/td><td><\/td><td><\/td><td><\/td><td>S\u00e4v\u00f6sund<\/td><td><\/td><td><\/td><\/tr><tr><td>\u00d6man<\/td><td>F<\/td><td><\/td><td><\/td><td><\/td><td>S\u00e4v\u00f6sund<\/td><td><\/td><td><\/td><\/tr><tr><td>Larsson<\/td><td>Anders<\/td><td>1679<\/td><td>1703<\/td><td><\/td><td>S\u00e4v\u00f6sund<\/td><td><\/td><td><\/td><\/tr><tr><td>Andersson<\/td><td>Anders<\/td><td>1682<\/td><td>1717<\/td><td><\/td><td>S\u00e4v\u00f6sund<\/td><td><\/td><td><\/td><\/tr><tr><td>\u00d6man<\/td><td>Olof<\/td><td>1690<\/td><td>1718<\/td><td><\/td><td>S\u00e4v\u00f6sund<\/td><td><\/td><td><\/td><\/tr><tr><td>Larsson<\/td><td>Oluf<\/td><td>1688<\/td><td>1719<\/td><td><\/td><td>S\u00e4v\u00f6sund<\/td><td><\/td><td><\/td><\/tr><tr><td>Erson<\/td><td>Anders<\/td><td>1695<\/td><td>1724<\/td><td><\/td><td>S\u00e4v\u00f6sund<\/td><td><\/td><td><\/td><\/tr><tr><td>Nilsson<\/td><td>Gabriel<\/td><td>1713<\/td><td>1724<\/td><td><\/td><td>S\u00e4v\u00f6sund<\/td><td><\/td><td><\/td><\/tr><tr><td>Andersson<\/td><td>Pehr<\/td><td>1701<\/td><td>1732<\/td><td><\/td><td>S\u00e4v\u00f6sund<\/td><td><\/td><td><\/td><\/tr><tr><td>Nilsson<\/td><td>Pehr<\/td><td>1704<\/td><td>1732<\/td><td><\/td><td>S\u00e4v\u00f6sund<\/td><td><\/td><td><\/td><\/tr><tr><td>Walmstedt<\/td><td>Pehr<\/td><td>1701<\/td><td>1732<\/td><td><\/td><td>S\u00e4v\u00f6sund<\/td><td>Harts\u00f6<\/td><td><\/td><\/tr><tr><td>Olsson<\/td><td>Lars<\/td><td>1716<\/td><td>1733<\/td><td><\/td><td>S\u00e4v\u00f6sund<\/td><td><\/td><td><\/td><\/tr><tr><td>Andersson<\/td><td>Lars<\/td><td>1707<\/td><td>1735<\/td><td><\/td><td>S\u00e4v\u00f6sund<\/td><td><\/td><td><\/td><\/tr><tr><td>Olufsson<\/td><td>Lars<\/td><td><\/td><td>1735<\/td><td><\/td><td>S\u00e4v\u00f6sund<\/td><td><\/td><td><\/td><\/tr><tr><td>\u00d6man<\/td><td>Lars<\/td><td>1716<\/td><td>1735<\/td><td><\/td><td>S\u00e4v\u00f6sund<\/td><td><\/td><td><\/td><\/tr><tr><td>Nygren<\/td><td>Anders<\/td><td>1700<\/td><td>1736<\/td><td><\/td><td>S\u00e4v\u00f6sund<\/td><td>Nyk\u00f6ping<\/td><td><\/td><\/tr><tr><td>Andersson<\/td><td>Nils<\/td><td>1729<\/td><td>1740<\/td><td><\/td><td>S\u00e4v\u00f6sund<\/td><td><\/td><td><\/td><\/tr><tr><td>Andersson<\/td><td>Anders<\/td><td>1715<\/td><td>1743<\/td><td><\/td><td>S\u00e4v\u00f6sund<\/td><td><\/td><td><\/td><\/tr><tr><td>Andersson<\/td><td>Zacharias<\/td><td>1717<\/td><td>1743<\/td><td><\/td><td>S\u00e4v\u00f6sund<\/td><td><\/td><td><\/td><\/tr><tr><td>Mor\u00e9n<\/td><td>J\u00f6ns<\/td><td>1723<\/td><td>1749<\/td><td><\/td><td>S\u00e4v\u00f6sund<\/td><td><\/td><td><\/td><\/tr><tr><td>Larsson<\/td><td>Anders<\/td><td>1734<\/td><td>1753<\/td><td><\/td><td>S\u00e4v\u00f6sund<\/td><td><\/td><td><\/td><\/tr><tr><td>\u00d6hman<\/td><td>Anders<\/td><td>1752<\/td><td>1754<\/td><td><\/td><td>S\u00e4v\u00f6sund<\/td><td><\/td><td><\/td><\/tr><tr><td>Olsson<\/td><td>Samuel<\/td><td>1743<\/td><td>1759<\/td><td><\/td><td>S\u00e4v\u00f6sund<\/td><td><\/td><td><\/td><\/tr><tr><td>S\u00e4fbom<\/td><td>Per<\/td><td>1749<\/td><td>1763<\/td><td><\/td><td>S\u00e4v\u00f6sund<\/td><td><\/td><td><\/td><\/tr><tr><td>Brandt<\/td><td>Nils<\/td><td>1744<\/td><td>1764<\/td><td><\/td><td>S\u00e4v\u00f6sund<\/td><td><\/td><td><\/td><\/tr><tr><td>Holm<\/td><td>Anders<\/td><td>1740<\/td><td>1768<\/td><td><\/td><td>S\u00e4v\u00f6sund<\/td><td><\/td><td><\/td><\/tr><tr><td>\u00d6man<\/td><td>Olof<\/td><td>1747<\/td><td>1769<\/td><td><\/td><td>S\u00e4v\u00f6sund<\/td><td><\/td><td><\/td><\/tr><tr><td>Lingberg<\/td><td>Anders<\/td><td>1746<\/td><td>1774<\/td><td><\/td><td>S\u00e4v\u00f6sund<\/td><td><\/td><td><\/td><\/tr><tr><td>Mor\u00e9n<\/td><td>Anders<\/td><td>1759<\/td><td>1774<\/td><td><\/td><td>S\u00e4v\u00f6sund<\/td><td><\/td><td><\/td><\/tr><tr><td>Zachrisson<\/td><td>Anders<\/td><td>1751<\/td><td>1774<\/td><td><\/td><td>S\u00e4v\u00f6sund<\/td><td><\/td><td><\/td><\/tr><tr><td>S\u00f6derholm<\/td><td>Per<\/td><td>1772<\/td><td>1782<\/td><td><\/td><td>Harts\u00f6<\/td><td>S\u00e4v\u00f6sund<\/td><td><\/td><\/tr><tr><td>Wikstrand<\/td><td>Erik<\/td><td>1741<\/td><td>1782<\/td><td><\/td><td>S\u00e4v\u00f6sund<\/td><td><\/td><td><\/td><\/tr><tr><td>Wickstrand<\/td><td>Anders<\/td><td>1769<\/td><td>1787<\/td><td><\/td><td>S\u00e4v\u00f6sund<\/td><td><\/td><td><\/td><\/tr><tr><td>Holm<\/td><td>Lars<\/td><td>1768<\/td><td>1788<\/td><td><\/td><td>S\u00e4v\u00f6sund<\/td><td><\/td><td><\/td><\/tr><tr><td>Bergstr\u00f6m<\/td><td>Thomas<\/td><td>1763<\/td><td>1789<\/td><td><\/td><td>S\u00e4v\u00f6sund<\/td><td>Lacca<\/td><td><\/td><\/tr><tr><td>Brandt<\/td><td>Gabriel<\/td><td>1774<\/td><td>1790<\/td><td><\/td><td>S\u00e4v\u00f6sund<\/td><td><\/td><td><\/td><\/tr><tr><td>S\u00f6derholm<\/td><td>Johan<\/td><td>1774<\/td><td>1791<\/td><td><\/td><td>S\u00e4v\u00f6sund<\/td><td><\/td><td><\/td><\/tr><tr><td>\u00d6man<\/td><td>Lars<\/td><td>1778<\/td><td>1797<\/td><td><\/td><td>S\u00e4v\u00f6sund<\/td><td><\/td><td><\/td><\/tr><tr><td>\u00d6hman<\/td><td>Carl<\/td><td>1787<\/td><td>1801<\/td><td><\/td><td>S\u00e4v\u00f6sund<\/td><td><\/td><td><\/td><\/tr><tr><td>Westerberg<\/td><td>Anders<\/td><td>1793<\/td><td>1806<\/td><td><\/td><td>S\u00e4v\u00f6sund<\/td><td><\/td><td><\/td><\/tr><tr><td>Westerberg<\/td><td>Lars<\/td><td>1802<\/td><td>1813<\/td><td><\/td><td>S\u00e4v\u00f6sund<\/td><td><\/td><td><\/td><\/tr><tr><td>Wickstrand<\/td><td>Eric<\/td><td>1798<\/td><td>1813<\/td><td><\/td><td>S\u00e4v\u00f6sund<\/td><td><\/td><td><\/td><\/tr><tr><td>Wikstrand<\/td><td>Anders<\/td><td>1799<\/td><td>1813<\/td><td><\/td><td>S\u00e4v\u00f6sund<\/td><td><\/td><td><\/td><\/tr><tr><td>Bergstr\u00f6m<\/td><td>Johan<\/td><td>1807<\/td><td>1820<\/td><td><\/td><td>Oxel\u00f6sund<\/td><td>S\u00e4v\u00f6sund<\/td><td><\/td><\/tr><tr><td>Walmstedt<\/td><td>Anders<\/td><td>1794<\/td><td>1820<\/td><td><\/td><td>S\u00e4v\u00f6sund<\/td><td><\/td><td><\/td><\/tr><tr><td>Brandt<\/td><td>Anders<\/td><td>1813<\/td><td>1822<\/td><td><\/td><td>S\u00e4v\u00f6sund<\/td><td><\/td><td><\/td><\/tr><tr><td>Westerberg<\/td><td>Carl<\/td><td>1818<\/td><td>1833<\/td><td><\/td><td>S\u00e4v\u00f6sund<\/td><td><\/td><td><\/td><\/tr><tr><td>Brandt<\/td><td>Carl<\/td><td>1817<\/td><td>1835<\/td><td><\/td><td>S\u00e4v\u00f6sund<\/td><td><\/td><td><\/td><\/tr><tr><td>Bergstr\u00f6m<\/td><td>Carl<\/td><td>1821<\/td><td>1843<\/td><td><\/td><td>S\u00e4v\u00f6sund<\/td><td><\/td><td><\/td><\/tr><tr><td>S\u00f6derholm<\/td><td>Carl<\/td><td>1835<\/td><td>1850<\/td><td><\/td><td>S\u00e4v\u00f6sund<\/td><td>Harts\u00f6<\/td><td><\/td><\/tr><tr><td>Westerberg<\/td><td>Lars<\/td><td>1827<\/td><td>1851<\/td><td><\/td><td>S\u00e4v\u00f6sund<\/td><td><\/td><td><\/td><\/tr><tr><td>\u00d6hman<\/td><td>Lars<\/td><td>1824<\/td><td>1853<\/td><td><\/td><td>S\u00e4v\u00f6sund<\/td><td><\/td><td><\/td><\/tr><tr><td>Westerberg<\/td><td>Carl<\/td><td>1829<\/td><td>1854<\/td><td><\/td><td>S\u00e4v\u00f6sund<\/td><td><\/td><td><\/td><\/tr><tr><td>\u00d6berg<\/td><td>Carl<\/td><td>1842<\/td><td>1854<\/td><td><\/td><td>S\u00e4v\u00f6sund<\/td><td>Landsort<\/td><td>Got\/visby<\/td><\/tr><tr><td>Brandt<\/td><td>Carl<\/td><td>1843<\/td><td>1858<\/td><td><\/td><td>S\u00e4v\u00f6sund<\/td><td>Nyk\u00f6ping<\/td><td><\/td><\/tr><tr><td>Sundberg<\/td><td>Johan<\/td><td>1839<\/td><td>1858<\/td><td><\/td><td>S\u00e4v\u00f6sund<\/td><td><\/td><td><\/td><\/tr><tr><td>S\u00f6derholm<\/td><td>Carl<\/td><td>1856<\/td><td>1872<\/td><td><\/td><td>S\u00e4v\u00f6sund<\/td><td><\/td><td><\/td><\/tr><tr><td>Berglund<\/td><td>Carl<\/td><td>1850<\/td><td>1875<\/td><td><\/td><td>S\u00e4v\u00f6sund<\/td><td><\/td><td><\/td><\/tr><tr><td>Westerberg<\/td><td>Per<\/td><td>1864<\/td><td>1888<\/td><td><\/td><td>Ark\u00f6<\/td><td>S\u00e4v\u00f6sund<\/td><td><\/td><\/tr><tr><td>Sundberg<\/td><td>Carl<\/td><td>1871<\/td><td>1889<\/td><td><\/td><td>S\u00e4v\u00f6sund<\/td><td><\/td><td><\/td><\/tr><tr><td>Sundberg<\/td><td>Johan<\/td><td>1875<\/td><td>1894<\/td><td><\/td><td>S\u00e4v\u00f6sund<\/td><td><\/td><td><\/td><\/tr><tr><td>Bj\u00f6rklund<\/td><td>Ferdinand<\/td><td>1880<\/td><td>1899<\/td><td><\/td><td>S\u00e4v\u00f6sund<\/td><td><\/td><td><\/td><\/tr><tr><td>S\u00f6derholm<\/td><td>Gustaf<\/td><td>1883<\/td><td>1899<\/td><td><\/td><td>S\u00e4v\u00f6sund<\/td><td><\/td><td><\/td><\/tr><tr><td>Elfgren<\/td><td>Carl<\/td><td>1891<\/td><td>1908<\/td><td><\/td><td>S\u00e4v\u00f6sund<\/td><td><\/td><td><\/td><\/tr><tr><td>Sj\u00f6gren<\/td><td>Kuno<\/td><td>1887<\/td><td>1910<\/td><td><\/td><td>S\u00e4v\u00f6sund<\/td><td><\/td><td><\/td><\/tr><tr><td>Lundqvist<\/td><td>Karl<\/td><td>1896<\/td><td>1917<\/td><td><\/td><td>S\u00e4v\u00f6sund<\/td><td><\/td><td><\/td><\/tr><tr><td>Andersson<\/td><td>Karl<\/td><td>1895<\/td><td>1918<\/td><td><\/td><td>S\u00e4v\u00f6sund<\/td><td><\/td><td><\/td><\/tr><tr><td>Bergstr\u00f6m<\/td><td>Karl<\/td><td>1899<\/td><td>1918<\/td><td><\/td><td>S\u00e4v\u00f6sund<\/td><td><\/td><td><\/td><\/tr><tr><td>Sundberg<\/td><td>Tore<\/td><td>1909<\/td><td>1926<\/td><td><\/td><td>S\u00e4v\u00f6sund<\/td><td><\/td><td><\/td><\/tr><tr><td>Andersson<\/td><td>Karl<\/td><td>1908<\/td><td>1929<\/td><td><\/td><td>S\u00e4v\u00f6sund<\/td><td><\/td><td><\/td><\/tr><tr><td>Borgstr\u00f6m<\/td><td>Karl<\/td><td>1910<\/td><td>1932<\/td><td>1942-09-01<\/td><td>H\u00e4rn\u00f6<\/td><td>Svartklubben<\/td><td>M\u00e4laren\/S\u00f6dert\u00e4lje\/S\u00e4v\u00f6sund<\/td><\/tr><tr><td>Mathson<\/td><td>Hans<\/td><td>1912<\/td><td>1938<\/td><td><\/td><td>S\u00e4v\u00f6sund<\/td><td>S\u00f6dert\u00e4lje<\/td><td>M\u00e4laren<\/td><\/tr><tr><td>Bagge<\/td><td>G\u00f6ran<\/td><td>1912<\/td><td>1941<\/td><td><\/td><td>S\u00e4v\u00f6sund<\/td><td>Landsort<\/td><td>Nyn\u00e4shamn<\/td><\/tr><tr><td>Andersson<\/td><td>Anders<\/td><td>1925<\/td><td>1952<\/td><td><\/td><td>S\u00e4v\u00f6sund<\/td><td><\/td><td><\/td><\/tr><tr><td>Carlsson<\/td><td>Yngve<\/td><td>1920<\/td><td>1954<\/td><td><\/td><td>Stedsholmen<\/td><td>S\u00e4v\u00f6sund<\/td><td>S\u00f6dert\u00e4lje<\/td><\/tr><tr><td>Englund<\/td><td>Bengt<\/td><td>1926<\/td><td>1954<\/td><td><\/td><td>Burgsvik<\/td><td>S\u00e4v\u00f6sund<\/td><td><\/td><\/tr><tr><td>Pettersson<\/td><td>Anders<\/td><td>1941<\/td><td>1962<\/td><td>1965-04-01<\/td><td>S\u00e4v\u00f6sund<\/td><td><\/td><td><\/td><\/tr><tr><td>Boman<\/td><td>Raimo<\/td><td>1934<\/td><td>1966<\/td><td>1966-04-01<\/td><td>S\u00e4v\u00f6sund<\/td><td>Landsort<\/td><td>Lule\u00e5<\/td><\/tr><\/tbody><\/table><\/figure>\n\n\n\n<figure class=\"wp-block-gallery has-nested-images columns-default is-cropped wp-block-gallery-2 is-layout-flex wp-block-gallery-is-layout-flex\">\n<figure class=\"wp-block-image size-large\"><a href=\"https:\/\/lotsarnastockholm.se\/wp-content\/uploads\/2025\/04\/andersson-karl-scaled.jpg\"><img decoding=\"async\" width=\"1024\" height=\"384\" data-id=\"7427\" src=\"https:\/\/lotsarnastockholm.se\/wp-content\/uploads\/2025\/04\/andersson-karl-1024x384.jpg\" alt=\"\" class=\"wp-image-7427\" srcset=\"https:\/\/lotsarnastockholm.se\/wp-content\/uploads\/2025\/04\/andersson-karl-1024x384.jpg 1024w, https:\/\/lotsarnastockholm.se\/wp-content\/uploads\/2025\/04\/andersson-karl-300x112.jpg 300w, https:\/\/lotsarnastockholm.se\/wp-content\/uploads\/2025\/04\/andersson-karl-768x288.jpg 768w, https:\/\/lotsarnastockholm.se\/wp-content\/uploads\/2025\/04\/andersson-karl-1536x576.jpg 1536w, https:\/\/lotsarnastockholm.se\/wp-content\/uploads\/2025\/04\/andersson-karl-2048x768.jpg 2048w, https:\/\/lotsarnastockholm.se\/wp-content\/uploads\/2025\/04\/andersson-karl-1568x588.jpg 1568w\" sizes=\"(max-width: 1024px) 100vw, 1024px\" \/><\/a><\/figure>\n\n\n\n<figure class=\"wp-block-image size-large\"><a href=\"https:\/\/lotsarnastockholm.se\/wp-content\/uploads\/2025\/04\/lundkvist-uno-scaled.jpg\"><img decoding=\"async\" width=\"1024\" height=\"414\" data-id=\"7426\" src=\"https:\/\/lotsarnastockholm.se\/wp-content\/uploads\/2025\/04\/lundkvist-uno-1024x414.jpg\" alt=\"\" class=\"wp-image-7426\" srcset=\"https:\/\/lotsarnastockholm.se\/wp-content\/uploads\/2025\/04\/lundkvist-uno-1024x414.jpg 1024w, https:\/\/lotsarnastockholm.se\/wp-content\/uploads\/2025\/04\/lundkvist-uno-300x121.jpg 300w, https:\/\/lotsarnastockholm.se\/wp-content\/uploads\/2025\/04\/lundkvist-uno-768x311.jpg 768w, https:\/\/lotsarnastockholm.se\/wp-content\/uploads\/2025\/04\/lundkvist-uno-1536x622.jpg 1536w, https:\/\/lotsarnastockholm.se\/wp-content\/uploads\/2025\/04\/lundkvist-uno-2048x829.jpg 2048w, https:\/\/lotsarnastockholm.se\/wp-content\/uploads\/2025\/04\/lundkvist-uno-1568x635.jpg 1568w\" sizes=\"(max-width: 1024px) 100vw, 1024px\" \/><\/a><\/figure>\n\n\n\n<figure class=\"wp-block-image size-large\"><a href=\"https:\/\/lotsarnastockholm.se\/wp-content\/uploads\/2025\/04\/soderholm-gustaf-scaled.jpg\"><img loading=\"lazy\" decoding=\"async\" width=\"1024\" height=\"381\" data-id=\"7428\" src=\"https:\/\/lotsarnastockholm.se\/wp-content\/uploads\/2025\/04\/soderholm-gustaf-1024x381.jpg\" alt=\"\" class=\"wp-image-7428\" srcset=\"https:\/\/lotsarnastockholm.se\/wp-content\/uploads\/2025\/04\/soderholm-gustaf-1024x381.jpg 1024w, https:\/\/lotsarnastockholm.se\/wp-content\/uploads\/2025\/04\/soderholm-gustaf-300x112.jpg 300w, https:\/\/lotsarnastockholm.se\/wp-content\/uploads\/2025\/04\/soderholm-gustaf-768x286.jpg 768w, https:\/\/lotsarnastockholm.se\/wp-content\/uploads\/2025\/04\/soderholm-gustaf-1536x572.jpg 1536w, https:\/\/lotsarnastockholm.se\/wp-content\/uploads\/2025\/04\/soderholm-gustaf-2048x763.jpg 2048w, https:\/\/lotsarnastockholm.se\/wp-content\/uploads\/2025\/04\/soderholm-gustaf-1568x584.jpg 1568w\" sizes=\"(max-width: 1024px) 100vw, 1024px\" \/><\/a><\/figure>\n<\/figure>\n\n\n\n<figure class=\"wp-block-gallery has-nested-images columns-default is-cropped wp-block-gallery-3 is-layout-flex wp-block-gallery-is-layout-flex\">\n<figure class=\"wp-block-image size-large\"><a href=\"https:\/\/lotsarnastockholm.se\/wp-content\/uploads\/2023\/03\/IMG_0001.jpg\"><img loading=\"lazy\" decoding=\"async\" width=\"1024\" height=\"442\" data-id=\"5014\" src=\"https:\/\/lotsarnastockholm.se\/wp-content\/uploads\/2023\/03\/IMG_0001-1024x442.jpg\" alt=\"\" class=\"wp-image-5014\" srcset=\"https:\/\/lotsarnastockholm.se\/wp-content\/uploads\/2023\/03\/IMG_0001-1024x442.jpg 1024w, https:\/\/lotsarnastockholm.se\/wp-content\/uploads\/2023\/03\/IMG_0001-300x130.jpg 300w, https:\/\/lotsarnastockholm.se\/wp-content\/uploads\/2023\/03\/IMG_0001-768x332.jpg 768w, https:\/\/lotsarnastockholm.se\/wp-content\/uploads\/2023\/03\/IMG_0001-1536x664.jpg 1536w, https:\/\/lotsarnastockholm.se\/wp-content\/uploads\/2023\/03\/IMG_0001-1568x677.jpg 1568w, https:\/\/lotsarnastockholm.se\/wp-content\/uploads\/2023\/03\/IMG_0001.jpg 1986w\" sizes=\"(max-width: 1024px) 100vw, 1024px\" \/><\/a><\/figure>\n\n\n\n<figure class=\"wp-block-image size-large\"><a href=\"https:\/\/lotsarnastockholm.se\/wp-content\/uploads\/2023\/03\/IMG_0001-2.jpg\"><img loading=\"lazy\" decoding=\"async\" width=\"1024\" height=\"425\" data-id=\"5013\" src=\"https:\/\/lotsarnastockholm.se\/wp-content\/uploads\/2023\/03\/IMG_0001-2-1024x425.jpg\" alt=\"\" class=\"wp-image-5013\" srcset=\"https:\/\/lotsarnastockholm.se\/wp-content\/uploads\/2023\/03\/IMG_0001-2-1024x425.jpg 1024w, https:\/\/lotsarnastockholm.se\/wp-content\/uploads\/2023\/03\/IMG_0001-2-300x124.jpg 300w, https:\/\/lotsarnastockholm.se\/wp-content\/uploads\/2023\/03\/IMG_0001-2-768x318.jpg 768w, https:\/\/lotsarnastockholm.se\/wp-content\/uploads\/2023\/03\/IMG_0001-2-1536x637.jpg 1536w, https:\/\/lotsarnastockholm.se\/wp-content\/uploads\/2023\/03\/IMG_0001-2-1568x650.jpg 1568w, https:\/\/lotsarnastockholm.se\/wp-content\/uploads\/2023\/03\/IMG_0001-2.jpg 2048w\" sizes=\"(max-width: 1024px) 100vw, 1024px\" \/><\/a><\/figure>\n<\/figure>\n","protected":false},"excerpt":{"rendered":"<p>58\u00b0 45.947&#8242; N 17\u00b0 28.412&#8242; E eller S\u00e4fwesunds lotsplats, anlades troligen tidigt 1600 tal, nedlades 1 januari 1967 Nedanst\u00e5ende ur reglemente f\u00f6r lotswerket 1799 Under lotsuppsyningsman f\u00f6r Norrk\u00f6pings f\u00f6rdelning lyder S\u00e4v\u00f6sunds lotsplats med 1 lots\u00e5lderman, 2 ord lotsar, 3 utl\u00e4rda lotsdr\u00e4ngar 1 utl\u00e4rd reservlotsdr\u00e4ng och 2 lotsl\u00e4rlingar. Lotsomr\u00e5de: Lotsarne uppa\u03b2a p\u00e5 L\u00e5ng\u00f6 landet wid sundet&hellip; <a class=\"more-link\" href=\"https:\/\/lotsarnastockholm.se\/index.php\/savosunds-lotsplats\/\">Forts\u00e4tt l\u00e4sa <span class=\"screen-reader-text\">S\u00e4v\u00f6sund Lotsplats<\/span><\/a><\/p>\n","protected":false},"author":1,"featured_media":0,"parent":0,"menu_order":0,"comment_status":"closed","ping_status":"closed","template":"","meta":{"footnotes":""},"class_list":["post-4669","page","type-page","status-publish","hentry","entry"],"_links":{"self":[{"href":"https:\/\/lotsarnastockholm.se\/index.php\/wp-json\/wp\/v2\/pages\/4669","targetHints":{"allow":["GET"]}}],"collection":[{"href":"https:\/\/lotsarnastockholm.se\/index.php\/wp-json\/wp\/v2\/pages"}],"about":[{"href":"https:\/\/lotsarnastockholm.se\/index.php\/wp-json\/wp\/v2\/types\/page"}],"author":[{"embeddable":true,"href":"https:\/\/lotsarnastockholm.se\/index.php\/wp-json\/wp\/v2\/users\/1"}],"replies":[{"embeddable":true,"href":"https:\/\/lotsarnastockholm.se\/index.php\/wp-json\/wp\/v2\/comments?post=4669"}],"version-history":[{"count":8,"href":"https:\/\/lotsarnastockholm.se\/index.php\/wp-json\/wp\/v2\/pages\/4669\/revisions"}],"predecessor-version":[{"id":7822,"href":"https:\/\/lotsarnastockholm.se\/index.php\/wp-json\/wp\/v2\/pages\/4669\/revisions\/7822"}],"wp:attachment":[{"href":"https:\/\/lotsarnastockholm.se\/index.php\/wp-json\/wp\/v2\/media?parent=4669"}],"curies":[{"name":"wp","href":"https:\/\/api.w.org\/{rel}","templated":true}]}}