{"id":4663,"date":"2023-02-14T22:18:44","date_gmt":"2023-02-14T21:18:44","guid":{"rendered":"https:\/\/lotsarnastockholm.se\/?page_id=4663"},"modified":"2026-02-26T15:24:02","modified_gmt":"2026-02-26T14:24:02","slug":"hartso-lotsplats","status":"publish","type":"page","link":"https:\/\/lotsarnastockholm.se\/index.php\/hartso-lotsplats\/","title":{"rendered":"Harts\u00f6 Lotsplats"},"content":{"rendered":"\n<p class=\"has-text-align-center\"><a href=\"https:\/\/www.google.se\/maps\/place\/58%C2%B042'14.5%22N+17%C2%B027'56.8%22E\/@58.7040195,17.4635893,17z\/data=!3m1!4b1!4m4!3m3!8m2!3d58.7040167!4d17.4657833\">58\u00b0 42.241&#8242; N 17\u00b0 27.947&#8242; E<\/a><\/p>\n\n\n\n<p>Harts\u00f6 Lotsplats anlades 1655 och nedlades 1876<\/p>\n\n\n\n<p>Enligt ett aktstycke i ett protokoll fr\u00e5n amiralitetet den 25 okt 1671 f\u00f6rordnades Israel Eriksson p\u00e5 Harts\u00f6 till lotsman \u201d <em>vilken befinnes efter noga rannsakning d\u00e4rtill vara tj\u00e4nlig. Han f\u00e5r lotsa alla svenska och fr\u00e4mmande fartyg mellan Harts\u00f6 och Herrhamra samt Oxel\u00f6sund. F\u00f6rst och fr\u00e4mst skall han lotsa alla kronans skepp och farkoster som beh\u00f6ver hans tj\u00e4nst utan n\u00e5gon mots\u00e4gelse eller vederg\u00e4llning s\u00e5framt han icke vill vederb\u00f6rligen plikta om \u00f6ver hans f\u00f6rsummelse i det fallet klagat bliver. Men av kofferdisterna fick han ta betalt. Dock skall han icke hava makt att taga mer av en farkost som ligger tolv fot djupt och d\u00e4runder \u00e4n 8 \u00f6re smt (silvermynt) f\u00f6r var fot och av de skepp som ligger djupare \u00e4n 12 fot, de m\u00e5 vara s\u00e5 stora som de kunna, 10 \u00f6re av samma slags mynt f\u00f6r var fot till vederg\u00e4llning f\u00f6r sitt lotsande vilket ock skepparna honom ingalunda b\u00f6ra f\u00f6rv\u00e4gra utan riktigt kontentera och betala.\u201d<\/em><\/p>\n\n\n\n<p>Nedanst\u00e5ende ur reglemente 1799: Under lotsuppsyningsman f\u00f6r Norrk\u00f6pings f\u00f6rdelning lyder Harts\u00f6 Lotsplats med 1 lots\u00e5lderman, 1 ord lots, 1 utl\u00e4rd lotsdr\u00e4ng, 1 utl\u00e4rd reservlotsdr\u00e4ng samt 1 lotsl\u00e4rling.<br>Lotsarne uppa\u03b2a p\u00e5 Hartz\u00f6landet emottaga fr\u00e5n sj\u00f6n utanf\u00f6r Ensk\u00e4r at inlotsa til ankars\u00e4ttning i Djupsundet derifr\u00e5n til sj\u00f6\u03b2, \u00e4fwen wid S\u00e4fvesund, til Oxel\u00f6sund, til Nyk\u00f6pings skants, til Nyk\u00f6ping, Til H\u00e4fringen och utom Ensk\u00e4r til Landsort.<\/p>\n\n\n\n<p>1817 fanns det utkiksstegar, 32 alnar l\u00e5nga uppsatta av lotsarna.<\/p>\n\n\n\n<p>Enligt 1820 \u00e5rs reglemente= 2 m\u00e4sterlotsar, 4 secund lotsar, 2 lotsl\u00e4rlingar. Lots uppassa p\u00e5 Harts\u00f6landet och taga emot fr\u00e5n sj\u00f6n kommande fartyg utanf\u00f6r Ensk\u00e4r inlotsa till ankars\u00e4ttning i Djupsundet och utlotsa till sj\u00f6ss<\/p>\n\n\n\n<p>Ur \u201dDen Svenske Lotsen\u201d 1853: Lots f\u00e5s ifr\u00e5n Harts\u00f6 och m\u00f6ta utanf\u00f6r husen men b\u00f6r kallas i god tid. Lotsuppassning vid Djupsundet Harts\u00f6. Lotsningsomr\u00e5de: Till Landsort utom Ensk\u00e4r, H\u00e4vringe, Nyk\u00f6pings skans, Nyk\u00f6ping, Oxel\u00f6sund, S\u00e4v\u00f6sund, sj\u00f6ss utom Ensk\u00e4r eller fr\u00e5n sj\u00f6n vid Ensk\u00e4r till ankarplats vid Djupsundet<\/p>\n\n\n\n<p>Ur Reglemente 1863: Lotsningsomr\u00e5de: Fr\u00e5n Harts\u00f6 till H\u00e4vringe respektive Landsort utanf\u00f6r Ensk\u00e4r, till sj\u00f6ss utanf\u00f6r Ensk\u00e4r eller fr\u00e5n sj\u00f6n vid Ensk\u00e4r till ankarplatsen vid Djupsundet.<\/p>\n\n\n\n<p>L\u00e5g under lots\u00e5lderman i S\u00e4v\u00f6sund 1868<\/p>\n\n\n\n<p>Ur reglemente 1868: Lotsuppassa p\u00e5 Ensk\u00e4r och m\u00f6ta inomsk\u00e4rs g\u00e5ende fartyg utanf\u00f6r Ensk\u00e4r samt de fr\u00e5n sj\u00f6n kommande utanf\u00f6r M\u00e5laren och K\u00f6pmangrunden.<br>Lotsningsomr\u00e5de: Fr\u00e5n Harts\u00f6 till Djupsundet, respektive S\u00e4v\u00f6sund, Nyk\u00f6pings skans Nyk\u00f6ping, Oxel\u00f6sund till och fr\u00e5n sj\u00f6n vid Ensk\u00e4r.<\/p>\n\n\n\n<p>Ur rulla 1736:<br>Lots: Erich Israelsson, 52 \u00e5r, i tj\u00e4nst 1718 och Lars Ericksson, 41 \u00e5r i tj\u00e4nst 1718<br>Lotsdr\u00e4ng: Abraham Andersson och Nils Pehrsson<br>Lotsl\u00e4rlingar: Israel Ericksson och Pehr Ersson<\/p>\n\n\n\n<p>Ur Rulla 1769:<\/p>\n\n\n\n<p>Lots\u00e5lderman: I Hartzell, 55 \u00e5r, i tj\u00e4nst 1732<br>Lots: J\u00f6ns Persson, 63 \u00e5r, i tj\u00e4nst 1741<br>Utl\u00e4rd lotsdr\u00e4ng: Eric Persson, 38 \u00e5r, i tj\u00e4nst 1748 och Jan Andersson, 22 \u00e5r, i tj\u00e4nst 1750<br>Lotsl\u00e4rling Anders Hartzell, 22 \u00e5r, i tj\u00e4nst 1751<\/p>\n\n\n\n<p>Ur rulla 1774<br>Lots\u00e5lderman Israel Hartzell, 59 \u00e5r i tj 1732<br>Ord Lots:<br>Jonas Pehrsson, 69 \u00e5r fr\u00e5n Kullbo med 32 tj-\u00e5r<br>Eric Larsson Hartzell, 43 \u00e5r fr\u00e5n Hartz\u00f6 med 20 tj-\u00e5r<br>Jan Andersson Hemstedt, 44 \u00e5r fr\u00e5n Harts\u00f6 med 17 tj-\u00e5r<br>Utl\u00e4rd lotsdr\u00e4ng: Anders Hartzell, 30 \u00e5r fr\u00e5n Harts\u00f6 med 8 tj-\u00e5r<br>Abraham Ersson Hartzell, 16 \u00e5r fr\u00e5n Harts\u00f6 med 2 tj-\u00e5r<\/p>\n\n\n\n<p>Ur rulla 1817: Lots\u00e5lderman J. J-n Valmstedt<br>Ord lots A. E-n Hartzell<br>Or lotsdr\u00e4ng P E-n S\u00f6derholm<br>Reservlotsdr\u00e4ng E. A-n Hartzell<br>Lotsl\u00e4rlingen A. P-n S\u00f6derholm<\/p>\n\n\n\n<p>Nedan alla k\u00e4nda personer vid Harts\u00f6 lotsplats sorterade efter anst\u00e4lld \u00e5r<\/p>\n\n\n\n<figure class=\"wp-block-table alignwide\"><table class=\"has-fixed-layout\"><tbody><tr><td><strong>Efternamn<\/strong><\/td><td><strong>F\u00f6rnamn<\/strong><\/td><td><strong>F\u00f6dd<\/strong><\/td><td>I S<strong>taten<\/strong><\/td><td><strong>Lpl 1<\/strong><\/td><td><strong>Lpl 2<\/strong><\/td><\/tr><tr><td>Andersson<\/td><td>Per<\/td><td>1640<\/td><td><\/td><td>Harts\u00f6<\/td><td><\/td><\/tr><tr><td>Andersson<\/td><td>Erich<\/td><td>1644<\/td><td><\/td><td>Harts\u00f6<\/td><td><\/td><\/tr><tr><td>Andersson<\/td><td>Abraham<\/td><td>1712<\/td><td><\/td><td>Harts\u00f6<\/td><td><\/td><\/tr><tr><td>Erichsson<\/td><td>Israel<\/td><td>1643<\/td><td><\/td><td>Harts\u00f6<\/td><td><\/td><\/tr><tr><td>Israelsson<\/td><td>Erich<\/td><td>1683<\/td><td><\/td><td>Harts\u00f6<\/td><td><\/td><\/tr><tr><td>Persson<\/td><td>Anders<\/td><td>1674<\/td><td><\/td><td>S\u00e4v\u00f6sund<\/td><td>Harts\u00f6<\/td><\/tr><tr><td>Walmstedt<\/td><td>Johan<\/td><td>1758<\/td><td><\/td><td>Harts\u00f6<\/td><td><\/td><\/tr><tr><td>Ericksson<\/td><td>Lars<\/td><td>1695<\/td><td>1718<\/td><td>Harts\u00f6<\/td><td><\/td><\/tr><tr><td>Hartzell<\/td><td>Israel<\/td><td>1715<\/td><td>1732<\/td><td>Harts\u00f6<\/td><td><\/td><\/tr><tr><td>Walmstedt<\/td><td>Pehr<\/td><td>1701<\/td><td>1732<\/td><td>S\u00e4v\u00f6sund<\/td><td>Harts\u00f6<\/td><\/tr><tr><td>Ersson<\/td><td>Pehr<\/td><td><\/td><td>1736<\/td><td>Harts\u00f6<\/td><td><\/td><\/tr><tr><td>Pehrsson<\/td><td>Nils<\/td><td><\/td><td>1736<\/td><td>Harts\u00f6<\/td><td><\/td><\/tr><tr><td>Persson<\/td><td>Jonas<\/td><td>1705<\/td><td>1741<\/td><td>Harts\u00f6<\/td><td><\/td><\/tr><tr><td>Walmstedt<\/td><td>J\u00f6ns<\/td><td>1709<\/td><td>1742<\/td><td>Harts\u00f6<\/td><td><\/td><\/tr><tr><td>Larsson<\/td><td>Erik<\/td><td>1732<\/td><td>1748<\/td><td>Harts\u00f6<\/td><td><\/td><\/tr><tr><td>Persson<\/td><td>Eric<\/td><td>1731<\/td><td>1748<\/td><td>Harts\u00f6<\/td><td><\/td><\/tr><tr><td>Walmstedt<\/td><td>Johan<\/td><td>1731<\/td><td>1750<\/td><td>Harts\u00f6<\/td><td><\/td><\/tr><tr><td>Andersson<\/td><td>Jan<\/td><td>1747<\/td><td>1751<\/td><td>Harts\u00f6<\/td><td><\/td><\/tr><tr><td>Hartzell<\/td><td>Anders<\/td><td>1747<\/td><td>1751<\/td><td>Harts\u00f6<\/td><td><\/td><\/tr><tr><td>Hartzell<\/td><td>Eric<\/td><td>1731<\/td><td>1754<\/td><td>Harts\u00f6<\/td><td><\/td><\/tr><tr><td>Hemstedt<\/td><td>Jan<\/td><td>1730<\/td><td>1757<\/td><td>Harts\u00f6<\/td><td><\/td><\/tr><tr><td>Hartzell<\/td><td>Erik<\/td><td>1748<\/td><td>1758<\/td><td>Harts\u00f6<\/td><td><\/td><\/tr><tr><td>Hartzell<\/td><td>Anders<\/td><td>1744<\/td><td>1766<\/td><td>Harts\u00f6<\/td><td><\/td><\/tr><tr><td>Hartzell<\/td><td>Abraham<\/td><td>1758<\/td><td>1772<\/td><td>Harts\u00f6<\/td><td><\/td><\/tr><tr><td>Hartzell<\/td><td>Isac<\/td><td>1759<\/td><td>1774<\/td><td>Harts\u00f6<\/td><td><\/td><\/tr><tr><td>S\u00f6derholm<\/td><td>Eric<\/td><td>1734<\/td><td>1779<\/td><td>Harts\u00f6<\/td><td><\/td><\/tr><tr><td>S\u00f6derholm<\/td><td>Per<\/td><td>1772<\/td><td>1782<\/td><td>Harts\u00f6<\/td><td>S\u00e4v\u00f6sund<\/td><\/tr><tr><td>Hartzell<\/td><td>Erik<\/td><td>1784<\/td><td>1794<\/td><td>Harts\u00f6<\/td><td><\/td><\/tr><tr><td>S\u00f6derholm<\/td><td>Johan<\/td><td>1797<\/td><td>1806<\/td><td>Harts\u00f6<\/td><td><\/td><\/tr><tr><td>Walmstedt<\/td><td>Carl<\/td><td>1792<\/td><td>1808<\/td><td>Harts\u00f6<\/td><td><\/td><\/tr><tr><td>S\u00f6derholm<\/td><td>Anders<\/td><td>1799<\/td><td>1817<\/td><td>Harts\u00f6<\/td><td><\/td><\/tr><tr><td>Hartzell<\/td><td>Carl<\/td><td>1808<\/td><td>1821<\/td><td>Harts\u00f6<\/td><td><\/td><\/tr><tr><td>Hartzell<\/td><td>Anders<\/td><td>1810<\/td><td>1821<\/td><td>Harts\u00f6<\/td><td><\/td><\/tr><tr><td>Hartzell<\/td><td>Isac<\/td><td>1813<\/td><td>1823<\/td><td>Harts\u00f6<\/td><td><\/td><\/tr><tr><td>S\u00f6derholm<\/td><td>Lars<\/td><td>1811<\/td><td>1823<\/td><td>Harts\u00f6<\/td><td><\/td><\/tr><tr><td>Hartzell<\/td><td>Anders<\/td><td>1813<\/td><td>1828<\/td><td>Harts\u00f6<\/td><td><\/td><\/tr><tr><td>Hartzell<\/td><td>August<\/td><td>1821<\/td><td>1830<\/td><td>Harts\u00f6<\/td><td><\/td><\/tr><tr><td>S\u00f6derholm<\/td><td>Carl<\/td><td>1817<\/td><td>1840<\/td><td>Harts\u00f6<\/td><td><\/td><\/tr><tr><td>Hartzell<\/td><td>Axel<\/td><td>1833<\/td><td>1844<\/td><td>Harts\u00f6<\/td><td><\/td><\/tr><tr><td>S\u00f6derholm<\/td><td>Carl<\/td><td>1835<\/td><td>1850<\/td><td>S\u00e4v\u00f6sund<\/td><td>Harts\u00f6<\/td><\/tr><tr><td>Hartzell<\/td><td>Abraham<\/td><td>1853<\/td><td>1873<\/td><td>Harts\u00f6<\/td><td><\/td><\/tr><tr><td>S\u00f6derholm<\/td><td>Carl<\/td><td>1861<\/td><td>1873<\/td><td>Harts\u00f6<\/td><td><\/td><\/tr><\/tbody><\/table><\/figure>\n","protected":false},"excerpt":{"rendered":"<p>58\u00b0 42.241&#8242; N 17\u00b0 27.947&#8242; E Harts\u00f6 Lotsplats anlades 1655 och nedlades 1876 Enligt ett aktstycke i ett protokoll fr\u00e5n amiralitetet den 25 okt 1671 f\u00f6rordnades Israel Eriksson p\u00e5 Harts\u00f6 till lotsman \u201d vilken befinnes efter noga rannsakning d\u00e4rtill vara tj\u00e4nlig. Han f\u00e5r lotsa alla svenska och fr\u00e4mmande fartyg mellan Harts\u00f6 och Herrhamra samt Oxel\u00f6sund.&hellip; <a class=\"more-link\" href=\"https:\/\/lotsarnastockholm.se\/index.php\/hartso-lotsplats\/\">Forts\u00e4tt l\u00e4sa <span class=\"screen-reader-text\">Harts\u00f6 Lotsplats<\/span><\/a><\/p>\n","protected":false},"author":1,"featured_media":0,"parent":0,"menu_order":0,"comment_status":"closed","ping_status":"closed","template":"","meta":{"footnotes":""},"class_list":["post-4663","page","type-page","status-publish","hentry","entry"],"_links":{"self":[{"href":"https:\/\/lotsarnastockholm.se\/index.php\/wp-json\/wp\/v2\/pages\/4663","targetHints":{"allow":["GET"]}}],"collection":[{"href":"https:\/\/lotsarnastockholm.se\/index.php\/wp-json\/wp\/v2\/pages"}],"about":[{"href":"https:\/\/lotsarnastockholm.se\/index.php\/wp-json\/wp\/v2\/types\/page"}],"author":[{"embeddable":true,"href":"https:\/\/lotsarnastockholm.se\/index.php\/wp-json\/wp\/v2\/users\/1"}],"replies":[{"embeddable":true,"href":"https:\/\/lotsarnastockholm.se\/index.php\/wp-json\/wp\/v2\/comments?post=4663"}],"version-history":[{"count":6,"href":"https:\/\/lotsarnastockholm.se\/index.php\/wp-json\/wp\/v2\/pages\/4663\/revisions"}],"predecessor-version":[{"id":7695,"href":"https:\/\/lotsarnastockholm.se\/index.php\/wp-json\/wp\/v2\/pages\/4663\/revisions\/7695"}],"wp:attachment":[{"href":"https:\/\/lotsarnastockholm.se\/index.php\/wp-json\/wp\/v2\/media?parent=4663"}],"curies":[{"name":"wp","href":"https:\/\/api.w.org\/{rel}","templated":true}]}}