{"id":4646,"date":"2023-02-11T18:18:15","date_gmt":"2023-02-11T17:18:15","guid":{"rendered":"https:\/\/lotsarnastockholm.se\/?page_id=4646"},"modified":"2026-02-17T20:59:22","modified_gmt":"2026-02-17T19:59:22","slug":"granso-lotsplats","status":"publish","type":"page","link":"https:\/\/lotsarnastockholm.se\/index.php\/granso-lotsplats\/","title":{"rendered":"Gr\u00e4ns\u00f6 Lotsplats"},"content":{"rendered":"\n<p class=\"has-text-align-center\"><a href=\"https:\/\/www.google.se\/maps\/place\/58%C2%B030'56.0%22N+16%C2%B054'09.5%22E\/@58.5155695,16.900456,17z\/data=!3m1!4b1!4m4!3m3!8m2!3d58.5155667!4d16.90265\">58\u00b0 30.934&#8242; N 16\u00b0 54.159&#8242; E<\/a><\/p>\n\n\n\n<p>Gr\u00e4ntz\u00f6 i Jonsberg socken<\/p>\n\n\n\n<p>Nedlagd tillsammans med Lind\u00f6 och Lind\u00f6ija 1881 och \u00f6verflyttad till Ark\u00f6<\/p>\n\n\n\n<p>Lotsplatsen var bel\u00e4gen p\u00e5 \u00f6n Gr\u00e4ns\u00f6 utanf\u00f6r Vikbolandet och NV om Ark\u00f6 i Br\u00e5vikens yttre, s\u00f6dra del, Segelleden g\u00e5r nu liksom d\u00e5 via Gr\u00e4ns\u00f6sund mellan Gr\u00e4ns\u00f6 och fastlandet.<\/p>\n\n\n\n<p><strong>Ur rulla 1736:<\/strong><\/p>\n\n\n\n<p>Lots\u00e5lderman Lars M\u00e5nsson, 36 \u00e5r i tj\u00e4nst 1734<br>Lots J\u00f6ns Nilsson, 52 \u00e5r i tj\u00e4nst 1709<br>Lots Swen \u00c5kesson, 44 \u00e5r i tj\u00e4nst 1725<br>Lots Nils J\u00f6nsson, 29 \u00e5r i tj\u00e4nst 1734<br>Lotsdr\u00e4ng Henning Larsson och \u00c5ke \u00c5kesson b\u00e5da i tj\u00e4nst 1734<br>Lotsl\u00e4rling Pehr Ersson<\/p>\n\n\n\n<p><strong>Ur rulla 1766:<\/strong><br>Lots\u00e5lderman Lars M\u00e5nsson, 69 \u00e5r i tj\u00e4nst 1733<br>Lots:<br>Jon Jonsson, 62 \u00e5r i tj\u00e4nst 1738<br>Anders Larsson, 37 \u00e5r i tj\u00e4nst 1740<br>Nils Svensson, 41 \u00e5r i tj\u00e4nst 1748<br>Utl\u00e4rd lotsdr\u00e4ng:<br>M\u00e5ns Mattsson, 41 \u00e5r i tj\u00e4nst 1750<br>\u00c5ke Svensson, 48 \u00e5r i tj\u00e4nst 1743<br>\u00c5ke \u00c5kesson, 29 \u00e5r i tj\u00e4nst 1752<br>Nils Svensson, 34 \u00e5r i tj\u00e4nst 1752<br>Lotsl\u00e4rling:<br>Nils Jonsson, 34 \u00e5r i tj\u00e4nst 1752<br>Rear \u00c5kesson, 25 \u00e5r i tj\u00e4nst 1758<br>Jon Jonsson, 25 \u00e5r i tj\u00e4nst 1758<br>Rear Olsson, 23 \u00e5r i tj\u00e4nst 1760<\/p>\n\n\n\n<p><strong>Ur rulla 1774:<\/strong><br>Lots\u00e5lderman Anders Larsson Sj\u00f6berg, 43 \u00e5r<br>Ord lots Jonas J\u00f6nsson Westerberg, 66 \u00e5r<br>Nils Svensson Gr\u00e4ntzelius, 46 \u00e5r<br>\u00c5ke svensson Gr\u00e4ntzelius, 51 \u00e5r<br>Utl\u00e4rd lotsdr\u00e4ng, M\u00e5ns Mattsson Bj\u00f6rstr\u00f6m, 45 \u00e5r<br>\u00c5ke \u00c5kesson H\u00e4rstr\u00f6m, 35 \u00e5r<br>Jon Jonsson Westerberg, 31 \u00e5r<br>Rear Olsson Kjellgren, 28 \u00e5r<br>Sven \u00c5kesson Gr\u00e4ntzelius, 22 \u00e5r<br>Rear \u00c5kesson \u00d6sterman, 32 \u00e5r<br>Lotsl\u00e4rlingar:? Jonsson Westerberg, 20 \u00e5r, Pehr \u00c5kesson 20 \u00e5r samt J\u00f6ns \u00c5kesson och Nils Olofsson<\/p>\n\n\n\n<p><strong>Ur Rulla 1817:<\/strong><br>Lots\u00e5lderman S S-n Gr\u00e4ntzelius<br>Ord lots:<br>O. J-n Vesterberg<br>N. O-n Lindstr\u00f6m<br>Ord lotsdr\u00e4ng:<br>O. R-n Kilgren<br>N. O-n Vesterberg<br>O.N. Bj\u00f6rnstr\u00f6m<br>Reservlotsdr\u00e4ng: O. S-n Gr\u00e4ntzelius<br>Lotsl\u00e4rlingar O. N-n Lindstr\u00f6m och N. N-n Lindstr\u00f6m<\/p>\n\n\n\n<p>I samband med lotsplatsvisitationen 1817 klagade Gr\u00e4ns\u00f6 lotsarna \u00f6ver att n\u00e4r de lotsar till Norrk\u00f6ping och ankrar m\u00e5ste de kvarstanna ombord enligt order fr\u00e5n tullen innan visitationen \u00e4r gjord. Detta kan dra ut p\u00e5 tiden; 2-3 dagar.<\/p>\n\n\n\n<p><strong>Nedanst\u00e5ende ur Reglemente f\u00f6r Lotswerket 1799:<\/strong><\/p>\n\n\n\n<p>Under lotsuppsyningsmannen f\u00f6r Norrk\u00f6pings f\u00f6rdelning lyder Gr\u00e4ns\u00f6 lotsplats med 1 lots\u00e5lderman, 2 ord lotsar, 3 utl\u00e4rda ord lotsdr\u00e4ngar 1 utl\u00e4rd reservlotsdr\u00e4ng och 2 lotsl\u00e4rlingar.<\/p>\n\n\n\n<p>Ur 1820 \u00e5rs f\u00f6rteckning: 1 Lots\u00e5lderman, 2 m\u00e4sterlotsar, 4 secundlotsar och 2 lotsl\u00e4rlingar. Under denna plats h\u00f6ra \u00e4ven Lind\u00f6 och K Lind\u00f6ija. Lots uppassa vid Gr\u00e4nts\u00f6 uti all lotsning ha Gr\u00e4nts\u00f6 lotsar fyra b\u00f6rder och vardera av de andra lotsg\u00e5rdarna tvenne b\u00f6rder.<br>Lotsning: Till Norrk\u00f6ping, Ramsh\u00e4ll, Pampus, Oxel\u00f6sund, N\u00e4vekvarn, S\u00f6derk\u00f6ping, Bar\u00f6sund vid Kettil\u00f6 sj\u00f6ss eller fr\u00e5n sj\u00f6n till Gr\u00e4ns\u00f6, Sandviken.<\/p>\n\n\n\n<p><strong>Ur reglemente 1863:<\/strong><br>Lotsningsomr\u00e5de Fr\u00e4n Gr\u00e4ns\u00f6 till Oxel\u00f6sund respektive N\u00e4v\u00f6kvarn Sandviken, Pampus, Norrk\u00f6ping Mem, Kettil, till Sj\u00f6ss eller fr\u00e5n sj\u00f6n vid Ark\u00f6 plus Stegeborg.<\/p>\n\n\n\n<p>Ur reglemente 1868: Lotsuppassa p\u00e5 platsen och m\u00f6ta fartyg i sundet.<\/p>\n\n\n\n<p>1877 flyttades uppassningshuset p\u00e5 Gr\u00e4ns\u00f6 till Mj\u00f6lnarsudde (Ark\u00f6)<\/p>\n\n\n\n<p><strong>Lotsarna vid Gr\u00e4ns\u00f6<\/strong><\/p>\n\n\n\n<figure class=\"wp-block-table alignwide\"><table class=\"has-fixed-layout\"><tbody><tr><td><strong>Efternamn<\/strong><\/td><td><strong>F\u00f6rnamn<\/strong><\/td><td><strong>F\u00f6dd<\/strong><\/td><td><strong>I Staten<\/strong><\/td><td><strong>Lpl 1<\/strong><\/td><td>L<strong>pl 2<\/strong><\/td><\/tr><tr><td>Vesterberg<\/td><td>Nils<\/td><td><\/td><td><\/td><td>Gr\u00e4ns\u00f6<\/td><td><\/td><\/tr><tr><td>Larsson<\/td><td>M\u00e5ns<\/td><td>1672<\/td><td><\/td><td>Gr\u00e4ns\u00f6<\/td><td><\/td><\/tr><tr><td>\u00c5kesson<\/td><td>\u00c5ke<\/td><td>1739<\/td><td><\/td><td>Gr\u00e4ns\u00f6<\/td><td><\/td><\/tr><tr><td>Pehrsson<\/td><td>Mathis<\/td><td>1750<\/td><td><\/td><td>Gr\u00e4ns\u00f6<\/td><td><\/td><\/tr><tr><td>Westerberg<\/td><td>O<\/td><td>1754<\/td><td><\/td><td>Gr\u00e4ns\u00f6<\/td><td><\/td><\/tr><tr><td>\u00c5kesson<\/td><td>Pehr<\/td><td>1754<\/td><td><\/td><td>Gr\u00e4ns\u00f6<\/td><td><\/td><\/tr><tr><td>\u00c5kesson<\/td><td>Hindrich<\/td><td>1759<\/td><td><\/td><td>Gr\u00e4ns\u00f6<\/td><td><\/td><\/tr><tr><td>Mathsson<\/td><td>Pehr<\/td><td>1778<\/td><td><\/td><td>Gr\u00e4ns\u00f6<\/td><td><\/td><\/tr><tr><td>Grentzelius<\/td><td>Sven<\/td><td>1821<\/td><td><\/td><td>Gr\u00e4ns\u00f6<\/td><td><\/td><\/tr><tr><td>Nilsson<\/td><td>J\u00f6ns<\/td><td>1684<\/td><td>1709<\/td><td>Gr\u00e4ns\u00f6<\/td><td><\/td><\/tr><tr><td>\u00c5kesson<\/td><td>Swen<\/td><td>1692<\/td><td>1725<\/td><td>Gr\u00e4ns\u00f6<\/td><td><\/td><\/tr><tr><td>M\u00e5nsson<\/td><td>Lars<\/td><td>1697<\/td><td>1734<\/td><td>Gr\u00e4ns\u00f6<\/td><td><\/td><\/tr><tr><td>J\u00f6nsson<\/td><td>Nils<\/td><td>1707<\/td><td>1734<\/td><td>Gr\u00e4ns\u00f6<\/td><td><\/td><\/tr><tr><td>\u00c5kesson<\/td><td>\u00c5ke<\/td><td>1709<\/td><td>1734<\/td><td>Gr\u00e4ns\u00f6<\/td><td><\/td><\/tr><tr><td>Larsson<\/td><td>Henning<\/td><td><\/td><td>1734<\/td><td>Gr\u00e4ns\u00f6<\/td><td><\/td><\/tr><tr><td>Westerberg<\/td><td>Jonas<\/td><td>1702<\/td><td>1738<\/td><td>Gr\u00e4ns\u00f6<\/td><td><\/td><\/tr><tr><td>Jonsson<\/td><td>Jon<\/td><td>1704<\/td><td>1738<\/td><td>Gr\u00e4ns\u00f6<\/td><td><\/td><\/tr><tr><td>Larsson<\/td><td>Anders<\/td><td>1729<\/td><td>1740<\/td><td>Gr\u00e4ns\u00f6<\/td><td><\/td><\/tr><tr><td>Gr\u00e4ntzelius<\/td><td>Nils<\/td><td>1728<\/td><td>1742<\/td><td>Gr\u00e4ns\u00f6<\/td><td><\/td><\/tr><tr><td>Sj\u00f6berg<\/td><td>Anders<\/td><td>1733<\/td><td>1742<\/td><td>Gr\u00e4ns\u00f6<\/td><td><\/td><\/tr><tr><td>Svensson<\/td><td>\u00c5ke<\/td><td>1718<\/td><td>1743<\/td><td>Gr\u00e4ns\u00f6<\/td><td><\/td><\/tr><tr><td>Gr\u00e4ntzelius<\/td><td>\u00c5ke<\/td><td>1723<\/td><td>1743<\/td><td>Gr\u00e4ns\u00f6<\/td><td><\/td><\/tr><tr><td>Svensson<\/td><td>Nils<\/td><td>1725<\/td><td>1748<\/td><td>Gr\u00e4ns\u00f6<\/td><td><\/td><\/tr><tr><td>Sj\u00f6berg<\/td><td>Anders<\/td><td>1731<\/td><td>1748<\/td><td>Gr\u00e4ns\u00f6<\/td><td><\/td><\/tr><tr><td>Mattsson<\/td><td>M\u00e5ns<\/td><td>1725<\/td><td>1750<\/td><td>Gr\u00e4ns\u00f6<\/td><td><\/td><\/tr><tr><td>Bj\u00f6rnstr\u00f6m<\/td><td>M\u00e5ns<\/td><td>1729<\/td><td>1750<\/td><td>Gr\u00e4ns\u00f6<\/td><td><\/td><\/tr><tr><td>Nilsson<\/td><td>Olof<\/td><td><\/td><td>1751<\/td><td>Gr\u00e4ns\u00f6<\/td><td><\/td><\/tr><tr><td>Jonsson<\/td><td>Nils<\/td><td>1732<\/td><td>1752<\/td><td>Gr\u00e4ns\u00f6<\/td><td><\/td><\/tr><tr><td>Svensson<\/td><td>Nils<\/td><td>1732<\/td><td>1752<\/td><td>Gr\u00e4ns\u00f6<\/td><td><\/td><\/tr><tr><td>\u00c5kesson<\/td><td>\u00c5ke<\/td><td>1737<\/td><td>1752<\/td><td>Gr\u00e4ns\u00f6<\/td><td><\/td><\/tr><tr><td>Herrstr\u00f6m<\/td><td>\u00c5ke<\/td><td>1739<\/td><td>1758<\/td><td>Gr\u00e4ns\u00f6<\/td><td><\/td><\/tr><tr><td>Gr\u00e4ntzelius<\/td><td>Nils<\/td><td>1740<\/td><td>1758<\/td><td>Gr\u00e4ns\u00f6<\/td><td>Norrk\u00f6ping<\/td><\/tr><tr><td>Jonsson<\/td><td>Jon<\/td><td>1741<\/td><td>1758<\/td><td>Gr\u00e4ns\u00f6<\/td><td><\/td><\/tr><tr><td>Westerberg<\/td><td>Jon<\/td><td>1741<\/td><td>1758<\/td><td>Gr\u00e4ns\u00f6<\/td><td><\/td><\/tr><tr><td>\u00c5kesson<\/td><td>Rear<\/td><td>1741<\/td><td>1758<\/td><td>Gr\u00e4ns\u00f6<\/td><td><\/td><\/tr><tr><td>\u00d6sterman<\/td><td>Rear<\/td><td>1743<\/td><td>1758<\/td><td>Gr\u00e4ns\u00f6<\/td><td>Ark\u00f6<\/td><\/tr><tr><td>Kjellgren<\/td><td>Rear<\/td><td>1746<\/td><td>1760<\/td><td>Gr\u00e4ns\u00f6<\/td><td><\/td><\/tr><tr><td>Grentzelius<\/td><td>Sven<\/td><td>1752<\/td><td>1763<\/td><td>Gr\u00e4ns\u00f6<\/td><td><\/td><\/tr><tr><td>Westerberg<\/td><td>Olof<\/td><td>1754<\/td><td>1770<\/td><td>Ark\u00f6<\/td><td>Gr\u00e4ns\u00f6<\/td><\/tr><tr><td>Herrstr\u00f6m<\/td><td>Per<\/td><td>1754<\/td><td>1772<\/td><td>Gr\u00e4ns\u00f6<\/td><td>Ark\u00f6<\/td><\/tr><tr><td>Grentzelius<\/td><td>J\u00f6ns<\/td><td>1755<\/td><td>1772<\/td><td>Gr\u00e4ns\u00f6<\/td><td>Ark\u00f6<\/td><\/tr><tr><td>Bj\u00f6rnstr\u00f6m<\/td><td>Nils<\/td><td>1757<\/td><td>1772<\/td><td>Gr\u00e4ns\u00f6<\/td><td><\/td><\/tr><tr><td>\u00c5kesson<\/td><td>Pehr<\/td><td>1754<\/td><td>1774<\/td><td>Gr\u00e4ns\u00f6<\/td><td><\/td><\/tr><tr><td>\u00c5kesson<\/td><td>J\u00f6ns<\/td><td><\/td><td>1774<\/td><td>Gr\u00e4ns\u00f6<\/td><td><\/td><\/tr><tr><td>Kr\u00f6gerstr\u00f6m<\/td><td>Per<\/td><td>1759<\/td><td>1777<\/td><td>Ark\u00f6<\/td><td>Gr\u00e4ns\u00f6<\/td><\/tr><tr><td>Gr\u00e4ntzelius<\/td><td>Henrik<\/td><td>1759<\/td><td>1778<\/td><td>Gr\u00e4ns\u00f6<\/td><td><\/td><\/tr><tr><td>Lindqvist<\/td><td>Eric<\/td><td>1756<\/td><td>1784<\/td><td>Gr\u00e4ns\u00f6<\/td><td><\/td><\/tr><tr><td>Kellgren<\/td><td>Olof<\/td><td>1778<\/td><td>1789<\/td><td>Lind\u00f6ija<\/td><td>Gr\u00e4ns\u00f6<\/td><\/tr><tr><td>Lindstr\u00f6m<\/td><td>Nils<\/td><td>1780<\/td><td>1789<\/td><td>Gr\u00e4ns\u00f6<\/td><td><\/td><\/tr><tr><td>Lindquist<\/td><td>Erik<\/td><td>1781<\/td><td>1797<\/td><td>Gr\u00e4ns\u00f6<\/td><td><\/td><\/tr><tr><td>Gr\u00e4ntzelius<\/td><td>Pehr<\/td><td>1787<\/td><td>1806<\/td><td>Ark\u00f6<\/td><td>Lind\u00f6\/Gr\u00e4ns\u00f6<\/td><\/tr><tr><td>Bj\u00f6rnstr\u00f6m<\/td><td>Olof<\/td><td>1793<\/td><td>1806<\/td><td>Gr\u00e4ns\u00f6<\/td><td><\/td><\/tr><tr><td>Gr\u00e4ntzelius<\/td><td>Sven<\/td><td>1791<\/td><td>1810<\/td><td>Gr\u00e4ns\u00f6<\/td><td><\/td><\/tr><tr><td>Gr\u00e4ntzelius<\/td><td>Olof<\/td><td>1797<\/td><td>1810<\/td><td>Gr\u00e4ns\u00f6<\/td><td><\/td><\/tr><tr><td>Westerberg<\/td><td>Eric<\/td><td>1794<\/td><td>1816<\/td><td>Ark\u00f6<\/td><td>Gr\u00e4ns\u00f6<\/td><\/tr><tr><td>Lindstr\u00f6m<\/td><td>Olof<\/td><td>1804<\/td><td>1816<\/td><td>Gr\u00e4ns\u00f6<\/td><td><\/td><\/tr><tr><td>Lindstr\u00f6m<\/td><td>Nils<\/td><td>1807<\/td><td>1817<\/td><td>Gr\u00e4ns\u00f6<\/td><td><\/td><\/tr><tr><td>Norling<\/td><td>Nils<\/td><td>1806<\/td><td>1820<\/td><td>Lind\u00f6ija<\/td><td>Gr\u00e4ns\u00f6<\/td><\/tr><tr><td>Husberg<\/td><td>Magnus<\/td><td>1793<\/td><td>1822<\/td><td>Gr\u00e4ns\u00f6<\/td><td><\/td><\/tr><tr><td>Bj\u00f6rnstr\u00f6m<\/td><td>Magnus<\/td><td>1815<\/td><td>1822<\/td><td>Gr\u00e4ns\u00f6<\/td><td><\/td><\/tr><tr><td>Norling<\/td><td>Anders<\/td><td>1815<\/td><td>1830<\/td><td>Lind\u00f6ija<\/td><td>Gr\u00e4ns\u00f6<\/td><\/tr><tr><td>Ramstedt<\/td><td>Claes<\/td><td>1816<\/td><td>1832<\/td><td>Gr\u00e4ns\u00f6<\/td><td><\/td><\/tr><tr><td>Lindstr\u00f6m<\/td><td>Per<\/td><td>1818<\/td><td>1834<\/td><td>Gr\u00e4ns\u00f6<\/td><td>Ark\u00f6<\/td><\/tr><tr><td>Herrstr\u00f6m<\/td><td>Olof<\/td><td>1816<\/td><td>1839<\/td><td>Lind\u00f6<\/td><td>Gr\u00e4ns\u00f6<\/td><\/tr><tr><td>Lindstr\u00f6m<\/td><td>Nils<\/td><td>1831<\/td><td>1849<\/td><td>Gr\u00e4ns\u00f6<\/td><td>Ark\u00f6<\/td><\/tr><tr><td>Lindstr\u00f6m<\/td><td>Sven<\/td><td>1836<\/td><td>1858<\/td><td>Ark\u00f6<\/td><td>Gr\u00e4ns\u00f6<\/td><\/tr><tr><td>Westerberg<\/td><td>Olof<\/td><td>1829<\/td><td>1860<\/td><td>Gr\u00e4ns\u00f6<\/td><td><\/td><\/tr><tr><td>Lindstr\u00f6m<\/td><td>Nils<\/td><td>1840<\/td><td>1863<\/td><td>Ark\u00f6<\/td><td>Gr\u00e4ns\u00f6<\/td><\/tr><tr><td>Grentzelius<\/td><td>Sven<\/td><td>1837<\/td><td>1866<\/td><td>Gr\u00e4ns\u00f6<\/td><td>Ark\u00f6<\/td><\/tr><tr><td>Norling<\/td><td>Per<\/td><td>1845<\/td><td>1868<\/td><td>Gr\u00e4ns\u00f6<\/td><td><\/td><\/tr><tr><td>Lindstr\u00f6m<\/td><td>Nils<\/td><td>1843<\/td><td>1871<\/td><td>Gr\u00e4ns\u00f6<\/td><td><\/td><\/tr><tr><td>Ersson<\/td><td>Pehr<\/td><td><\/td><td><\/td><td>Gr\u00e4ns\u00f6<\/td><td><\/td><\/tr><tr><td>Kilgren<\/td><td>O<\/td><td><\/td><td><\/td><td>Gr\u00e4ns\u00f6<\/td><td><\/td><\/tr><tr><td>Olofsson<\/td><td>Nils<\/td><td><\/td><td><\/td><td>Gr\u00e4ns\u00f6<\/td><td><\/td><\/tr><\/tbody><\/table><\/figure>\n\n\n\n<p><\/p>\n","protected":false},"excerpt":{"rendered":"<p>58\u00b0 30.934&#8242; N 16\u00b0 54.159&#8242; E Gr\u00e4ntz\u00f6 i Jonsberg socken Nedlagd tillsammans med Lind\u00f6 och Lind\u00f6ija 1881 och \u00f6verflyttad till Ark\u00f6 Lotsplatsen var bel\u00e4gen p\u00e5 \u00f6n Gr\u00e4ns\u00f6 utanf\u00f6r Vikbolandet och NV om Ark\u00f6 i Br\u00e5vikens yttre, s\u00f6dra del, Segelleden g\u00e5r nu liksom d\u00e5 via Gr\u00e4ns\u00f6sund mellan Gr\u00e4ns\u00f6 och fastlandet. Ur rulla 1736: Lots\u00e5lderman Lars M\u00e5nsson,&hellip; <a class=\"more-link\" href=\"https:\/\/lotsarnastockholm.se\/index.php\/granso-lotsplats\/\">Forts\u00e4tt l\u00e4sa <span class=\"screen-reader-text\">Gr\u00e4ns\u00f6 Lotsplats<\/span><\/a><\/p>\n","protected":false},"author":1,"featured_media":0,"parent":0,"menu_order":0,"comment_status":"closed","ping_status":"closed","template":"","meta":{"footnotes":""},"class_list":["post-4646","page","type-page","status-publish","hentry","entry"],"_links":{"self":[{"href":"https:\/\/lotsarnastockholm.se\/index.php\/wp-json\/wp\/v2\/pages\/4646","targetHints":{"allow":["GET"]}}],"collection":[{"href":"https:\/\/lotsarnastockholm.se\/index.php\/wp-json\/wp\/v2\/pages"}],"about":[{"href":"https:\/\/lotsarnastockholm.se\/index.php\/wp-json\/wp\/v2\/types\/page"}],"author":[{"embeddable":true,"href":"https:\/\/lotsarnastockholm.se\/index.php\/wp-json\/wp\/v2\/users\/1"}],"replies":[{"embeddable":true,"href":"https:\/\/lotsarnastockholm.se\/index.php\/wp-json\/wp\/v2\/comments?post=4646"}],"version-history":[{"count":5,"href":"https:\/\/lotsarnastockholm.se\/index.php\/wp-json\/wp\/v2\/pages\/4646\/revisions"}],"predecessor-version":[{"id":7678,"href":"https:\/\/lotsarnastockholm.se\/index.php\/wp-json\/wp\/v2\/pages\/4646\/revisions\/7678"}],"wp:attachment":[{"href":"https:\/\/lotsarnastockholm.se\/index.php\/wp-json\/wp\/v2\/media?parent=4646"}],"curies":[{"name":"wp","href":"https:\/\/api.w.org\/{rel}","templated":true}]}}