{"id":4639,"date":"2023-02-10T22:09:20","date_gmt":"2023-02-10T21:09:20","guid":{"rendered":"https:\/\/lotsarnastockholm.se\/?page_id=4639"},"modified":"2026-03-02T21:14:10","modified_gmt":"2026-03-02T20:14:10","slug":"lindoija-lotsplats","status":"publish","type":"page","link":"https:\/\/lotsarnastockholm.se\/index.php\/lindoija-lotsplats\/","title":{"rendered":"Lind\u00f6ija Lotsplats"},"content":{"rendered":"\n<p class=\"has-text-align-center\"><a href=\"https:\/\/www.google.se\/maps\/place\/58%C2%B032'35.0%22N+16%C2%B056'39.1%22E\/@58.5430695,16.942006,17z\/data=!3m1!4b1!4m4!3m3!8m2!3d58.5430667!4d16.9442\">58\u00b0 32.584&#8242; N 16\u00b0 56.652&#8242; E<\/a><\/p>\n\n\n\n<p>Lind\u00f6ija \u00e4r en mindre \u00f6 rakt norr om Gr\u00e4ns\u00f6 i en m\u00e4ngd holmar och sk\u00e4r, bel\u00e4gen knappt 1 M fr\u00e5n Gr\u00e4ns\u00f6. <\/p>\n\n\n\n<p>Nedanst\u00e5ende ur Reglemente f\u00f6r Lotswerket 1799:<\/p>\n\n\n\n<p>Under lotsuppsyningsmannen f\u00f6r Norrk\u00f6pings f\u00f6rdelning lyder Lind\u00f6ija lotsplats med 1 ord lots, 1 utl\u00e4rd ord lotsdr\u00e4ng, 1 utl\u00e4rd reservlotsdr\u00e4ng och 1 lotsl\u00e4rling. Lotsplatsen lyder under lots\u00e5ldermannen i Gr\u00e4ns\u00f6.<\/p>\n\n\n\n<p>Lotsplatsen finns med i 1844 \u00e5rs reglemente men ej i 1863 \u00e5rs.<\/p>\n\n\n\n<p>Ur rulla 1736: Lots Swen Pehrsson, 43 \u00e5r i tj\u00e4nst 1706<br>Lotsdr\u00e4ng Oluf Pehrsson i tj\u00e4nst 1718<br>&nbsp;&nbsp;&nbsp; \u201d&nbsp;&nbsp;&nbsp;&nbsp;&nbsp;&nbsp;&nbsp;&nbsp;&nbsp;&nbsp;&nbsp;&nbsp; M\u00e5ns Pehrsson i tj\u00e4nst 1718<br>Lotsl\u00e4rling J\u00f6ns Swensson<\/p>\n\n\n\n<p>Ur rulla 1769:<br>Lots:<br>J\u00f6ns Svensson 53 \u00e5r i tj\u00e4nst 1742<br>Per J\u00f6nsson 31 \u00e5r i tj\u00e4nst 1750<br>Utl\u00e4rd lotsdr\u00e4ng:<br>J\u00f6ns Olsson 51 \u00e5r i tj\u00e4nst 1742<br>Sven J\u00f6nsson 24 \u00e5r i tj\u00e4nst 1758<br>Lotsl\u00e4rling Lars Bergstr\u00f6m 28 \u00e5r i tj\u00e4nst 1759<\/p>\n\n\n\n<p>Ur rulla 1774:<br>Ord lots:<br>P\u00e4hr J\u00f6nsson Lindberg, 37 \u00e5r<br>Sven J\u00f6nsson Lindberg, 31 \u00e5r<br>Lotsl\u00e4rling Olof Persson Lindberg, 19 \u00e5r<\/p>\n\n\n\n<p>Ur rulla 1817:<\/p>\n\n\n\n<p>Ord lots J P-n Lundberg<br>Ord lotsdr\u00e4ng: P Nordling och N R-n Kellgren<br>Lotsl\u00e4rling S H\u00e4rstr\u00f6m<br><br>Lotsarna efter anst\u00e4llnings\u00e5r<\/p>\n\n\n\n<figure class=\"wp-block-table alignwide\"><table class=\"has-fixed-layout\"><tbody><tr><td><strong>Efternamn<\/strong><\/td><td><strong>F\u00f6rnamn<\/strong><\/td><td><strong>F\u00f6dd<\/strong><\/td><td>I S<strong>taten<\/strong><\/td><td><strong>Lpl 1<\/strong><\/td><td><strong>\u00d6vriga l<\/strong>pl<\/td><\/tr><tr><td>Lundberg<\/td><td>J<\/td><td><\/td><td><\/td><td>Lind\u00f6ija<\/td><td><\/td><\/tr><tr><td>Pehrsson<\/td><td>Swen<\/td><td>1693<\/td><td>1706<\/td><td>Lind\u00f6ija<\/td><td><\/td><\/tr><tr><td>Pehrsson<\/td><td>Oluf<\/td><td><\/td><td>1718<\/td><td>Lind\u00f6ija<\/td><td><\/td><\/tr><tr><td>Pehrsson<\/td><td>M\u00e5ns<\/td><td><\/td><td>1718<\/td><td>Lind\u00f6ija<\/td><td><\/td><\/tr><tr><td>Swensson<\/td><td>J\u00f6ns<\/td><td>1716<\/td><td>1736<\/td><td>Lind\u00f6ija<\/td><td><\/td><\/tr><tr><td>Olsson<\/td><td>J\u00f6ns<\/td><td>1718<\/td><td>1742<\/td><td>Lind\u00f6ija<\/td><td><\/td><\/tr><tr><td>Lindberg<\/td><td>P\u00e4hr<\/td><td>1737<\/td><td>1750<\/td><td>Lind\u00f6ija<\/td><td><\/td><\/tr><tr><td>J\u00f6nsson<\/td><td>Sven<\/td><td>1725<\/td><td>1758<\/td><td>Lind\u00f6ija<\/td><td><\/td><\/tr><tr><td>Lindberg<\/td><td>Sven<\/td><td>1744<\/td><td>1758<\/td><td>Lind\u00f6ija<\/td><td><\/td><\/tr><tr><td>Bergstr\u00f6m<\/td><td>Lars<\/td><td>1741<\/td><td>1759<\/td><td>Lind\u00f6ija<\/td><td><\/td><\/tr><tr><td>Lindberg<\/td><td>Olof<\/td><td>1755<\/td><td>1774<\/td><td>Lind\u00f6ija<\/td><td><\/td><\/tr><tr><td>Kellgren<\/td><td>Olof<\/td><td>1778<\/td><td>1789<\/td><td>Lind\u00f6ija<\/td><td>Gr\u00e4ns\u00f6<\/td><\/tr><tr><td>Herrstr\u00f6m<\/td><td>Sven<\/td><td>1792<\/td><td>1806<\/td><td>Lind\u00f6ija<\/td><td>Ark\u00f6<\/td><\/tr><tr><td>Norling<\/td><td>Per<\/td><td>1774<\/td><td>1806<\/td><td>Lind\u00f6ija<\/td><td><\/td><\/tr><tr><td>Norling<\/td><td>Nils<\/td><td>1806<\/td><td>1820<\/td><td>Lind\u00f6ija<\/td><td>Gr\u00e4ns\u00f6<\/td><\/tr><tr><td>Kellgren<\/td><td>Peter<\/td><td>1809<\/td><td>1821<\/td><td>Kettil\u00f6<\/td><td>Lind\u00f6ija<\/td><\/tr><tr><td>Norling<\/td><td>Anders<\/td><td>1815<\/td><td>1830<\/td><td>Lind\u00f6ija<\/td><td>Gr\u00e4ns\u00f6<\/td><\/tr><tr><td>Kjellgren<\/td><td>Nils<\/td><td>1830<\/td><td>1846<\/td><td>Lind\u00f6ija<\/td><td>Ark\u00f6<\/td><\/tr><\/tbody><\/table><\/figure>\n","protected":false},"excerpt":{"rendered":"<p>58\u00b0 32.584&#8242; N 16\u00b0 56.652&#8242; E Lind\u00f6ija \u00e4r en mindre \u00f6 rakt norr om Gr\u00e4ns\u00f6 i en m\u00e4ngd holmar och sk\u00e4r, bel\u00e4gen knappt 1 M fr\u00e5n Gr\u00e4ns\u00f6. Nedanst\u00e5ende ur Reglemente f\u00f6r Lotswerket 1799: Under lotsuppsyningsmannen f\u00f6r Norrk\u00f6pings f\u00f6rdelning lyder Lind\u00f6ija lotsplats med 1 ord lots, 1 utl\u00e4rd ord lotsdr\u00e4ng, 1 utl\u00e4rd reservlotsdr\u00e4ng och 1 lotsl\u00e4rling.&hellip; <a class=\"more-link\" href=\"https:\/\/lotsarnastockholm.se\/index.php\/lindoija-lotsplats\/\">Forts\u00e4tt l\u00e4sa <span class=\"screen-reader-text\">Lind\u00f6ija Lotsplats<\/span><\/a><\/p>\n","protected":false},"author":1,"featured_media":0,"parent":0,"menu_order":0,"comment_status":"closed","ping_status":"closed","template":"","meta":{"footnotes":""},"class_list":["post-4639","page","type-page","status-publish","hentry","entry"],"_links":{"self":[{"href":"https:\/\/lotsarnastockholm.se\/index.php\/wp-json\/wp\/v2\/pages\/4639","targetHints":{"allow":["GET"]}}],"collection":[{"href":"https:\/\/lotsarnastockholm.se\/index.php\/wp-json\/wp\/v2\/pages"}],"about":[{"href":"https:\/\/lotsarnastockholm.se\/index.php\/wp-json\/wp\/v2\/types\/page"}],"author":[{"embeddable":true,"href":"https:\/\/lotsarnastockholm.se\/index.php\/wp-json\/wp\/v2\/users\/1"}],"replies":[{"embeddable":true,"href":"https:\/\/lotsarnastockholm.se\/index.php\/wp-json\/wp\/v2\/comments?post=4639"}],"version-history":[{"count":5,"href":"https:\/\/lotsarnastockholm.se\/index.php\/wp-json\/wp\/v2\/pages\/4639\/revisions"}],"predecessor-version":[{"id":7761,"href":"https:\/\/lotsarnastockholm.se\/index.php\/wp-json\/wp\/v2\/pages\/4639\/revisions\/7761"}],"wp:attachment":[{"href":"https:\/\/lotsarnastockholm.se\/index.php\/wp-json\/wp\/v2\/media?parent=4639"}],"curies":[{"name":"wp","href":"https:\/\/api.w.org\/{rel}","templated":true}]}}