{"id":4627,"date":"2023-02-10T21:39:52","date_gmt":"2023-02-10T20:39:52","guid":{"rendered":"https:\/\/lotsarnastockholm.se\/?page_id=4627"},"modified":"2026-03-02T21:06:50","modified_gmt":"2026-03-02T20:06:50","slug":"lindo-lotsplats","status":"publish","type":"page","link":"https:\/\/lotsarnastockholm.se\/index.php\/lindo-lotsplats\/","title":{"rendered":"Lind\u00f6 Lotsplats"},"content":{"rendered":"\n<p class=\"has-text-align-center\"><a href=\"https:\/\/www.google.se\/maps\/place\/58%C2%B029'40.1%22N+16%C2%B054'52.9%22E\/@58.4944861,16.9124893,17z\/data=!3m1!4b1!4m4!3m3!8m2!3d58.4944833!4d16.9146833\">58\u00b0 29.669&#8242; N 16\u00b0 54.881&#8242; E<\/a><\/p>\n\n\n\n<p>Nedanst\u00e5ende ur reglemente f\u00f6r Lotswerket 1799<\/p>\n\n\n\n<p>Under lotsuppsyningsmannen f\u00f6r Norrk\u00f6pings f\u00f6rdelning lyder Lind\u00f6 lotsplats med 1 ord lots, 1 utl\u00e4rd ord lotsdr\u00e4ng, 1 utl\u00e4rd reservlotsdr\u00e4ng och en lotsl\u00e4rling. Lotsplatsen lyder under lots\u00e5lderman p\u00e5 Gr\u00e4ns\u00f6:<\/p>\n\n\n\n<p>Enligt 1820 \u00e5rs reglemente 1 m\u00e4sterlots, 2 secund lotsar 1 lotsl\u00e4rling<\/p>\n\n\n\n<p>1844 st\u00e5r Lind\u00f6 som liggandes under Gr\u00e4ns\u00f6 lotsplats, 1877 lades Gr\u00e4ns\u00f6 in under Ark\u00f6 och Ark\u00f6 lades ner 1966<\/p>\n\n\n\n<p>Lotsplatsen finns inte med i 1863 \u00e5rs reglemente<\/p>\n\n\n\n<p>Ur Rulla 1736:<\/p>\n\n\n\n<p>Lots:<br>Erich Olusson 47 \u00e5r i tj\u00e4nst 1718<br>Swen Pehrsson 43 \u00e5r i tj\u00e4nst 1730<br>Lotsdr\u00e4ng:<br>Erich Hemmingsson i tj\u00e4nst 1730<br>Lars Nilsson i tj\u00e4nst 1730<br>Lotsl\u00e4rling: Hemming Ersson<\/p>\n\n\n\n<p>Ur rulla 1769:<\/p>\n\n\n\n<p>Lots Lars Nilsson. 59 \u00e5r i tj\u00e4nst 1733<br>Utl\u00e4rd lotsdr\u00e4ng:<br>Olof Svensson, 38 \u00e5r i tj\u00e4nst 1743<br>Olof Ersson, 54 \u00e5r i tj\u00e4nst 1743<br>Per Ersson, 38 \u00e5r i tj\u00e4nst 1752<br>Lotsl\u00e4rling:<br>Nils Larsson, 32 \u00e5r i tj\u00e4nst 1760<br>Jon Olsson, 24 \u00e5r i tj\u00e4nst 1760<\/p>\n\n\n\n<p>Ur rulla 1774:<\/p>\n\n\n\n<p>Lots:<br>Lars Nilsson, 65 \u00e5r<br>Per Ersson Lindberg, 45 \u00e5r<br>Utl\u00e4rd lotsdr\u00e4ng:<br>Olof Svensson Lindquist, 44 \u00e5r<br>Olof Ersson Lindgren, 61 \u00e5r<br>Nils Larsson Lindroth, 36 \u00e5r<br>Lotsl\u00e4rling Jan Olsson Lindgren, 29 \u00e5r<\/p>\n\n\n\n<p>Ur rulla 1817:<\/p>\n\n\n\n<p>Ord lots: N P-n Lindberg<br>Ord lotsdr\u00e4ng S. Lindquist, P J-n Lindgren. L N.n Lindroth<br>Lotsl\u00e4rling: O s-n Lindquist<\/p>\n\n\n\n<p>Lotsarna vid Lind\u00f6<\/p>\n\n\n\n<figure class=\"wp-block-table alignwide\"><table class=\"has-fixed-layout\"><tbody><tr><td><strong>Efternamn<\/strong><\/td><td><strong>F\u00f6rnamn<\/strong><\/td><td><strong>F\u00f6dd<\/strong><\/td><td><strong>I Staten<\/strong><\/td><td>Lotsplatser<\/td><\/tr><tr><td>Ersson<\/td><td>Hemming<\/td><td><\/td><td><\/td><td>Lind\u00f6<\/td><\/tr><tr><td>Lindquist<\/td><td>S<\/td><td><\/td><td><\/td><td>Lind\u00f6<\/td><\/tr><tr><td>Olufsson<\/td><td>Erich<\/td><td>1689<\/td><td>1718<\/td><td>Lind\u00f6<\/td><\/tr><tr><td>Hemmingsson<\/td><td>Erich<\/td><td><\/td><td>1730<\/td><td>Lind\u00f6<\/td><\/tr><tr><td>Pehrsson<\/td><td>Swen<\/td><td>1693<\/td><td>1730<\/td><td>Lind\u00f6<\/td><\/tr><tr><td>Nilsson<\/td><td>Lars<\/td><td>1709<\/td><td>1733<\/td><td>Lind\u00f6<\/td><\/tr><tr><td>Ersson<\/td><td>Olof<\/td><td>1715<\/td><td>1743<\/td><td>Lind\u00f6<\/td><\/tr><tr><td>Lindgren<\/td><td>Olof<\/td><td>1713<\/td><td>1743<\/td><td>Lind\u00f6<\/td><\/tr><tr><td>Lindquist<\/td><td>Olof<\/td><td>1731<\/td><td>1743<\/td><td>Lind\u00f6<\/td><\/tr><tr><td>Svensson<\/td><td>Olof<\/td><td>1731<\/td><td>1743<\/td><td>Lind\u00f6<\/td><\/tr><tr><td>Ersson<\/td><td>Per<\/td><td>1731<\/td><td>1752<\/td><td>Lind\u00f6<\/td><\/tr><tr><td>Lindberg<\/td><td>Per<\/td><td>1731<\/td><td>1752<\/td><td>Lind\u00f6<\/td><\/tr><tr><td>Lindroth<\/td><td>Nils<\/td><td>1737<\/td><td>1754<\/td><td>Lind\u00f6<\/td><\/tr><tr><td>Larsson<\/td><td>Nils<\/td><td>1737<\/td><td>1760<\/td><td>Lind\u00f6<\/td><\/tr><tr><td>Lindgren<\/td><td>Jan<\/td><td>1745<\/td><td>1760<\/td><td>Lind\u00f6<\/td><\/tr><tr><td>Olsson<\/td><td>Jon<\/td><td>1745<\/td><td>1760<\/td><td>Lind\u00f6<\/td><\/tr><tr><td>Lindgren<\/td><td>Per<\/td><td>1772<\/td><td>1785<\/td><td>Lind\u00f6<\/td><\/tr><tr><td>Lindroth<\/td><td>Lars<\/td><td>1776<\/td><td>1785<\/td><td>Lind\u00f6<\/td><\/tr><tr><td>Lindgren<\/td><td>Olof<\/td><td>1776<\/td><td>1789<\/td><td>Lind\u00f6<\/td><\/tr><tr><td>Gr\u00e4ntzelius<\/td><td>Pehr<\/td><td>1787<\/td><td>1806<\/td><td>Ark\u00f6\/Lind\u00f6\/Gr\u00e4ns\u00f6<\/td><\/tr><tr><td>Lindberg<\/td><td>Johan<\/td><td>1796<\/td><td><\/td><td>Lind\u00f6<\/td><\/tr><tr><td>Lindquist<\/td><td>Olof<\/td><td>1801<\/td><td>1816<\/td><td>Lind\u00f6<\/td><\/tr><tr><td>Gr\u00e4ntzelius<\/td><td>Nils<\/td><td>1790<\/td><td>1830<\/td><td>Lind\u00f6<\/td><\/tr><tr><td>Herrstr\u00f6m<\/td><td>Olof<\/td><td>1816<\/td><td>1839<\/td><td>Lind\u00f6\/Gr\u00e4ns\u00f6<\/td><\/tr><tr><td>Husberg<\/td><td>Anders<\/td><td>1825<\/td><td>1846<\/td><td>Lind\u00f6<\/td><\/tr><tr><td>Lindquist<\/td><td>Sven<\/td><td>1838<\/td><td>1857<\/td><td>Lind\u00f6<\/td><\/tr><\/tbody><\/table><\/figure>\n","protected":false},"excerpt":{"rendered":"<p>58\u00b0 29.669&#8242; N 16\u00b0 54.881&#8242; E Nedanst\u00e5ende ur reglemente f\u00f6r Lotswerket 1799 Under lotsuppsyningsmannen f\u00f6r Norrk\u00f6pings f\u00f6rdelning lyder Lind\u00f6 lotsplats med 1 ord lots, 1 utl\u00e4rd ord lotsdr\u00e4ng, 1 utl\u00e4rd reservlotsdr\u00e4ng och en lotsl\u00e4rling. Lotsplatsen lyder under lots\u00e5lderman p\u00e5 Gr\u00e4ns\u00f6: Enligt 1820 \u00e5rs reglemente 1 m\u00e4sterlots, 2 secund lotsar 1 lotsl\u00e4rling 1844 st\u00e5r Lind\u00f6 som&hellip; <a class=\"more-link\" href=\"https:\/\/lotsarnastockholm.se\/index.php\/lindo-lotsplats\/\">Forts\u00e4tt l\u00e4sa <span class=\"screen-reader-text\">Lind\u00f6 Lotsplats<\/span><\/a><\/p>\n","protected":false},"author":1,"featured_media":0,"parent":0,"menu_order":0,"comment_status":"closed","ping_status":"closed","template":"","meta":{"footnotes":""},"class_list":["post-4627","page","type-page","status-publish","hentry","entry"],"_links":{"self":[{"href":"https:\/\/lotsarnastockholm.se\/index.php\/wp-json\/wp\/v2\/pages\/4627","targetHints":{"allow":["GET"]}}],"collection":[{"href":"https:\/\/lotsarnastockholm.se\/index.php\/wp-json\/wp\/v2\/pages"}],"about":[{"href":"https:\/\/lotsarnastockholm.se\/index.php\/wp-json\/wp\/v2\/types\/page"}],"author":[{"embeddable":true,"href":"https:\/\/lotsarnastockholm.se\/index.php\/wp-json\/wp\/v2\/users\/1"}],"replies":[{"embeddable":true,"href":"https:\/\/lotsarnastockholm.se\/index.php\/wp-json\/wp\/v2\/comments?post=4627"}],"version-history":[{"count":5,"href":"https:\/\/lotsarnastockholm.se\/index.php\/wp-json\/wp\/v2\/pages\/4627\/revisions"}],"predecessor-version":[{"id":7760,"href":"https:\/\/lotsarnastockholm.se\/index.php\/wp-json\/wp\/v2\/pages\/4627\/revisions\/7760"}],"wp:attachment":[{"href":"https:\/\/lotsarnastockholm.se\/index.php\/wp-json\/wp\/v2\/media?parent=4627"}],"curies":[{"name":"wp","href":"https:\/\/api.w.org\/{rel}","templated":true}]}}