{"id":4545,"date":"2023-01-23T19:57:09","date_gmt":"2023-01-23T18:57:09","guid":{"rendered":"https:\/\/lotsarnastockholm.se\/?page_id=4545"},"modified":"2023-04-10T15:58:26","modified_gmt":"2023-04-10T14:58:26","slug":"valdemarsviks-lotsplats","status":"publish","type":"page","link":"https:\/\/lotsarnastockholm.se\/index.php\/valdemarsviks-lotsplats\/","title":{"rendered":"Valdemarsvik Lotsplats"},"content":{"rendered":"\n<p class=\"has-text-align-center\"><a href=\"https:\/\/www.google.com\/maps\/place\/58%C2%B012'08.9%22N+16%C2%B036'14.0%22E\/@58.2024695,16.6017113,17z\/data=!3m1!4b1!4m4!3m3!8m2!3d58.2024667!4d16.6039\">58\u00b0 12.148&#8242; N 16\u00b0 36.234&#8242; E<\/a><\/p>\n\n\n\n<p>Det enda som \u00e4r k\u00e4nt om denna lotsplats \u00e4r att i 1774 \u00e5rs rulla och generalm\u00f6nstring f\u00f6r Lotswerket finns lotsen Amund Amundsson S\u00f6derberg 59 \u00e5r upptagen med angivande av att vara anst\u00e4lld 1773<\/p>\n\n\n\n<p>Sen finns inget mer noterat i senare upplagor 1799 eller 1820 \u00e5rs reglementen.<\/p>\n","protected":false},"excerpt":{"rendered":"<p>58\u00b0 12.148&#8242; N 16\u00b0 36.234&#8242; E Det enda som \u00e4r k\u00e4nt om denna lotsplats \u00e4r att i 1774 \u00e5rs rulla och generalm\u00f6nstring f\u00f6r Lotswerket finns lotsen Amund Amundsson S\u00f6derberg 59 \u00e5r upptagen med angivande av att vara anst\u00e4lld 1773 Sen finns inget mer noterat i senare upplagor 1799 eller 1820 \u00e5rs reglementen.<\/p>\n","protected":false},"author":1,"featured_media":0,"parent":0,"menu_order":0,"comment_status":"closed","ping_status":"closed","template":"","meta":{"footnotes":""},"class_list":["post-4545","page","type-page","status-publish","hentry","entry"],"_links":{"self":[{"href":"https:\/\/lotsarnastockholm.se\/index.php\/wp-json\/wp\/v2\/pages\/4545","targetHints":{"allow":["GET"]}}],"collection":[{"href":"https:\/\/lotsarnastockholm.se\/index.php\/wp-json\/wp\/v2\/pages"}],"about":[{"href":"https:\/\/lotsarnastockholm.se\/index.php\/wp-json\/wp\/v2\/types\/page"}],"author":[{"embeddable":true,"href":"https:\/\/lotsarnastockholm.se\/index.php\/wp-json\/wp\/v2\/users\/1"}],"replies":[{"embeddable":true,"href":"https:\/\/lotsarnastockholm.se\/index.php\/wp-json\/wp\/v2\/comments?post=4545"}],"version-history":[{"count":4,"href":"https:\/\/lotsarnastockholm.se\/index.php\/wp-json\/wp\/v2\/pages\/4545\/revisions"}],"predecessor-version":[{"id":5359,"href":"https:\/\/lotsarnastockholm.se\/index.php\/wp-json\/wp\/v2\/pages\/4545\/revisions\/5359"}],"wp:attachment":[{"href":"https:\/\/lotsarnastockholm.se\/index.php\/wp-json\/wp\/v2\/media?parent=4545"}],"curies":[{"name":"wp","href":"https:\/\/api.w.org\/{rel}","templated":true}]}}