{"id":4539,"date":"2023-01-22T21:19:40","date_gmt":"2023-01-22T20:19:40","guid":{"rendered":"https:\/\/lotsarnastockholm.se\/?page_id=4539"},"modified":"2023-11-14T20:04:48","modified_gmt":"2023-11-14T19:04:48","slug":"kallso-lotsplats","status":"publish","type":"page","link":"https:\/\/lotsarnastockholm.se\/index.php\/kallso-lotsplats\/","title":{"rendered":"Kalls\u00f6 Lotsplats"},"content":{"rendered":"\n<p class=\"has-text-align-center\"><a href=\"https:\/\/www.google.com\/maps\/place\/58%C2%B013'13.7%22N+16%C2%B049'30.5%22E\/@58.2204861,16.8229613,17z\/data=!3m1!4b1!4m4!3m3!8m2!3d58.2204833!4d16.82515\">58\u00b0 13.229&#8242; N 16\u00b0 49.509&#8242; E<\/a><\/p>\n\n\n\n<p>Lotsplatsen fanns f\u00f6re 1736 och drogs in 1808.<\/p>\n\n\n\n<p>Den \u00e4ldsta dokumenterade lotsen \u00e4r Peder i Kalls\u00f6 som l\u00e4r varit lots mellan 1545 och 1565.<\/p>\n\n\n\n<p>De sist antagna lotsarna p\u00e5 Kalls\u00f6 var Olof och Anders \u00d6sterman som antogs 1795<\/p>\n\n\n\n<p>I&nbsp; \u201dKongl Maj:ts Stadga och f\u00f6rordning\u201d daterad i Stockholm den 20 Mars 1697:<\/p>\n\n\n\n<p>\u201d<em>Wijd Bahresund taga K\u00e4ttl\u00f6 Lootsarne emot the utur Sj\u00f6n dijt instyrrde Skeppen och Fahrk\u00e5starne \/ Lootsandes dem til Gr\u00f6nts\u00f6\u00f6 \/ doch afl\u00f6sas de ibland\/utaf de i w\u00e4gen boende Lootsane i H\u00e5sk\u00f6 \/ efter F\u00f6rordning dem emellan \/ om B\u00f6rderne \/ s\u00e5 med Kongl. Man:ts egne \/ som Coffardie Skeppens Lootsande giord \u00e4r \/ hwarwijd och och de Lootsar som bo i Kalls\u00f6\u00f6 \/ skole wara dem behielpelige \/ n\u00e4r B\u00f6rden dem tr\u00e4ffar \/ med Kongl. Man:ts egne Skepps lootsande \/ men intet n\u00e5gon Coffardie Lootsning \u201d<\/em><\/p>\n\n\n\n<p>Det vill s\u00e4ga att lotsarna p\u00e5 Kalls\u00f6 bara fick lotsa kronans skepp.<\/p>\n\n\n\n<p>Vid indragningen fanns 1 lots, 3 utl\u00e4rda lotsdr\u00e4ngar samt 2 lotsdr\u00e4ngar. En annan anledning till nedl\u00e4ggningen kan ha varit att lotsg\u00e5rden blivit reducerad till en s\u00e5 kallad hj\u00e4lplotsg\u00e5rd som enbart lotsade kronans fartyg vilket medf\u00f6rde att man inte fick betalt f\u00f6r lotsningen.<\/p>\n\n\n\n<p>Lotsarna p\u00e5 Kalls\u00f6 bodde p\u00e5 sina egna hemman och n\u00e5gra specifika lotsbyggnader har troligen aldrig existerat<\/p>\n\n\n\n<p>\u00d6stligaste delen som tidigare varit avskild av ett sund kallas f\u00f6r husholmen. P\u00e5 toppen av berget p\u00e5 Husholmen var lotsutkiken.<\/p>\n\n\n\n<p>Kalls\u00f6lotsarna k\u00f6pte \u00f6n med tillh\u00f6rande holmar och fiskevatten f\u00f6r 250 riksdaler av lotsverket. (Omkr 1810)<\/p>\n\n\n\n<p>Ur rulla 1736:<br>Lots Sunesson, Olof i tj\u00e4nst 1725<br>Lotsdr\u00e4ng: Nilsson, Per i tj\u00e4nst 1718<br>Lotsdr\u00e4ng: J\u00f6nsson, Peter i tj\u00e4nst 1718<\/p>\n\n\n\n<p>Ur rulla 1769:<br>Lots: Persson, Anders, 56 \u00e5r i tj 1738<br>Lots Olsson, Hans, 33 \u00e5r i tj 1747<br>Lotsdr\u00e4ng: Andersson, Olof 26 \u00e5r i tj 1752<\/p>\n\n\n\n<p>Ur rulla 1774:<\/p>\n\n\n\n<p>Lots Persson \u00c5kerman, Nils, 62 \u00e5r<br>Lots Olsson Lindstr\u00f6m, M\u00e5ns, 39 \u00e5r<br>Lots Andersson \u00d6sterman, Olof, 31 \u00e5r<br>Lotsdr\u00e4ng Bengtsson Asplund Pehr. 49 \u00e5r<br>Lotsdr\u00e4ng Olsson \u00d6sterman. Nils, 24 \u00e5r<br>Lotsl\u00e4rling Andersson S\u00f6derman, M\u00e5ns 21 \u00e5r<\/p>\n\n\n\n<p>Lotsar vid kalls\u00f6 Lpl<\/p>\n\n\n\n<figure class=\"wp-block-table alignwide\"><table><tbody><tr><td><strong>Efternamn<\/strong><\/td><td><strong>Efternamn<\/strong><\/td><td><strong>F\u00f6rnamn<\/strong><\/td><td><strong>F\u00f6dd<\/strong><\/td><td><strong>Antagen i lotsverket<\/strong><\/td><td><strong>Avsked<\/strong><\/td><\/tr><tr><td>I Kalls\u00f6<\/td><td>&nbsp;<\/td><td>Peder<\/td><td>1500<\/td><td>1525<\/td><td>1565<\/td><\/tr><tr><td>J\u00f6nsson<\/td><td>&nbsp;<\/td><td>Peter<\/td><td>&nbsp;<\/td><td>1718<\/td><td>&nbsp;<\/td><\/tr><tr><td>Nilsson<\/td><td>&nbsp;<\/td><td>Per<\/td><td>&nbsp;<\/td><td>1718<\/td><td>&nbsp;<\/td><\/tr><tr><td>Persson<\/td><td>&nbsp;<\/td><td>Anders<\/td><td>1713<\/td><td>1725<\/td><td>&nbsp;<\/td><\/tr><tr><td>Sunesson<\/td><td>&nbsp;<\/td><td>Olof<\/td><td>1690<\/td><td>1725<\/td><td>&nbsp;<\/td><\/tr><tr><td>Olsson<\/td><td>&nbsp;<\/td><td>Hans<\/td><td>1736<\/td><td>1747<\/td><td>&nbsp;<\/td><\/tr><tr><td>Andersson<\/td><td>&nbsp;<\/td><td>Olof<\/td><td>1743<\/td><td>1752<\/td><td>&nbsp;<\/td><\/tr><tr><td>Andersson<\/td><td>S\u00f6derman<\/td><td>M\u00e5ns<\/td><td>1753<\/td><td>1774<\/td><td>&nbsp;<\/td><\/tr><tr><td>Andersson<\/td><td>\u00d6sterman<\/td><td>Olof<\/td><td>1743<\/td><td>1774<\/td><td>&nbsp;<\/td><\/tr><tr><td>Asplund<\/td><td>Bengtsson<\/td><td>Pehr<\/td><td>1725<\/td><td>1774<\/td><td>&nbsp;<\/td><\/tr><tr><td>Olsson<\/td><td>Lindstr\u00f6m<\/td><td>M\u00e5ns<\/td><td>1735<\/td><td>1774<\/td><td>&nbsp;<\/td><\/tr><tr><td>Olsson<\/td><td>\u00d6sterman<\/td><td>Nils<\/td><td>1750<\/td><td>1774<\/td><td>&nbsp;<\/td><\/tr><tr><td>Persson<\/td><td>\u00c5kerman<\/td><td>Nils<\/td><td>1712<\/td><td>1774<\/td><td>&nbsp;<\/td><\/tr><\/tbody><\/table><\/figure>\n","protected":false},"excerpt":{"rendered":"<p>58\u00b0 13.229&#8242; N 16\u00b0 49.509&#8242; E Lotsplatsen fanns f\u00f6re 1736 och drogs in 1808. Den \u00e4ldsta dokumenterade lotsen \u00e4r Peder i Kalls\u00f6 som l\u00e4r varit lots mellan 1545 och 1565. De sist antagna lotsarna p\u00e5 Kalls\u00f6 var Olof och Anders \u00d6sterman som antogs 1795 I&nbsp; \u201dKongl Maj:ts Stadga och f\u00f6rordning\u201d daterad i Stockholm den 20&hellip; <a class=\"more-link\" href=\"https:\/\/lotsarnastockholm.se\/index.php\/kallso-lotsplats\/\">Forts\u00e4tt l\u00e4sa <span class=\"screen-reader-text\">Kalls\u00f6 Lotsplats<\/span><\/a><\/p>\n","protected":false},"author":1,"featured_media":0,"parent":0,"menu_order":0,"comment_status":"closed","ping_status":"closed","template":"","meta":{"footnotes":""},"class_list":["post-4539","page","type-page","status-publish","hentry","entry"],"_links":{"self":[{"href":"https:\/\/lotsarnastockholm.se\/index.php\/wp-json\/wp\/v2\/pages\/4539","targetHints":{"allow":["GET"]}}],"collection":[{"href":"https:\/\/lotsarnastockholm.se\/index.php\/wp-json\/wp\/v2\/pages"}],"about":[{"href":"https:\/\/lotsarnastockholm.se\/index.php\/wp-json\/wp\/v2\/types\/page"}],"author":[{"embeddable":true,"href":"https:\/\/lotsarnastockholm.se\/index.php\/wp-json\/wp\/v2\/users\/1"}],"replies":[{"embeddable":true,"href":"https:\/\/lotsarnastockholm.se\/index.php\/wp-json\/wp\/v2\/comments?post=4539"}],"version-history":[{"count":5,"href":"https:\/\/lotsarnastockholm.se\/index.php\/wp-json\/wp\/v2\/pages\/4539\/revisions"}],"predecessor-version":[{"id":5822,"href":"https:\/\/lotsarnastockholm.se\/index.php\/wp-json\/wp\/v2\/pages\/4539\/revisions\/5822"}],"wp:attachment":[{"href":"https:\/\/lotsarnastockholm.se\/index.php\/wp-json\/wp\/v2\/media?parent=4539"}],"curies":[{"name":"wp","href":"https:\/\/api.w.org\/{rel}","templated":true}]}}