{"id":4474,"date":"2023-01-16T18:58:05","date_gmt":"2023-01-16T17:58:05","guid":{"rendered":"https:\/\/lotsarnastockholm.se\/?page_id=4474"},"modified":"2025-03-31T16:04:38","modified_gmt":"2025-03-31T15:04:38","slug":"litteratur-forteckning","status":"publish","type":"page","link":"https:\/\/lotsarnastockholm.se\/index.php\/litteratur-forteckning\/","title":{"rendered":"Litteratur f\u00f6rteckning och \u00f6vriga k\u00e4llor"},"content":{"rendered":"\n<p>F\u00f6r den som vill f\u00f6rdjupa sig \u00e4nnu mer s\u00e5 rekommenderar jag f\u00f6ljande b\u00f6cker och skrifter, samt en del andra hemsidor<\/p>\n\n\n\n<p><\/p>\n\n\n\n<p>Bertil Wulff &#8221;<em>Sj\u00f6folkets by II &#8211; Torekov i en svunnen tid<\/em>&#8221; (2021) <br>Margareta Vestin &#8221;<em>Arholma g\u00e5rdar under 300 \u00e5r<\/em>&#8221; (1988)<br>Axel Quist &#8221;Dalar\u00f6 :\u00a0&#8221;<em>N\u00e5gra anteckningar ur en S\u00f6dert\u00f6rns f\u00f6rsamlings historia<\/em>&#8221; 1930<br>Gunnar Mattsson, O. Bergstr\u00f6m, V. Madg\u00e5rd &#8221;<em>En bok om Asp\u00f6<\/em>&#8221; (1988)<br>\u00c5ke \u00d6hman &#8221;<em> Lotsarna p\u00e5 Husar\u00f6<\/em>&#8221; i skriften Sk\u00e4rg\u00e5rd 1990<br>Gunnar Jedeus-Palmgren &#8221;<em>I Lotsmans farvatten. Ledsagare och kronolotsar i Onsala<\/em>\u201d (1978)<br>Ivar Schnell <em>&#8221;S\u00f6rmlandsbygden&#8221;<\/em> (1956)<br>Erik Severin &#8221;<em>Lotsbarnskolorna <\/em>1845-1925&#8243; (1977)<br>Anders Hedin &#8221;<em>Ljus l\u00e4ngs kusten<\/em>&#8221; (1988)<br>\u00c5ke Berggren &#8221;<em>Pite\u00e5 Sj\u00f6fart<\/em>&#8221; (1988)<br>Kurt Boberg &#8221; <em>Om lotsning och lotsar vid V\u00e4sterbottenskusten<\/em>&#8221; (V\u00e4sterbottens Norra Fornminnesf\u00f6rening 1980)<br>Nathan Gerhard Schult\u00e9n <em>&#8221;Om lotsv\u00e4sendets tillst\u00e5nd vid V\u00e4stkusten i b\u00f6rjan av 1800-talet\u201d<\/em> (1805)<br>Nils-Erik Molin &#8221;<em>Fragment ur J\u00e4rn\u00e4s lotsplats historia<\/em>&#8221; (1986)<br>Kjell EO S\u00f6derberg &#8221;<em>Lotsarna p\u00e5 Ulv\u00f6n<\/em>&#8221; (1975)<br>E. Alfred Jansson &#8221;<em> Sing\u00f6-en Roslagssockens kr\u00f6nika<\/em>&#8221; (1962)<br>E. Alfred Jansson &#8221;O<em>m segelsj\u00f6farten i Bj\u00e4re h\u00e4rad<\/em>&#8221; (1947)<br>Ragnar Wirsen, \u201d<em>Kring en lotsg\u00e5rds historia\u201d<\/em>, Nordiska museets handlingar, 1968<br>I Holms, \u201d<em>Om lots- och fyrinr\u00e4ttningens, sj\u00f6karteverkets och sj\u00f6r\u00e4ddningsv\u00e4sendets uppkomst och utveckling\u201d<\/em>, vilken historik \u00e4r intagen i Lotsverkets ber\u00e4ttelse f\u00f6r 1874<br>A. Zettersten, \u201d<em>Svenska flottans historia I\u201d<\/em> (Stockholm 1890)<br>Emil Smitt, \u201d <em>Lots och fyrv\u00e4sendet samt sj\u00f6karteverket<\/em>\u201d (Ing\u00e5r i Sveriges sj\u00f6fart Stockholm 1921)<br>Erik H\u00e4gg, \u201d<em>Bland lotsar och fyrm\u00e4n<\/em>\u201d (Stockholm 1930)<br>Rickard Edman, <em>\u201dLotsv\u00e4sen\u201d<\/em> (Boken om havet band 2 Stockholm 1951)<br>Minnesalbum \u00f6ver lotsverkets Personal 1914-1924, redigerad av H. Bent (Stockholm 1929)<br>Stig Hallberg, <em>\u201dV\u00e4nersj\u00f6fartens utveckling\u201d<\/em> (Trollh\u00e4ttan 1986)<br>Institutet f\u00f6r r\u00e4ttshistorisk forskning <em>\u201d1667 \u00e5rs sj\u00f6lag i ett 300 \u00e5rigt perspektiv\u201d<\/em> (Bloms tryckeri Lund 1984)<br>Ingvar S\u00f6derholm \u201d <em>Lotsb\u00e5tar<\/em>\u201d (Sj\u00f6fartsverket Norrk\u00f6ping 2003)<br>Wilhelm Hansson, <em>\u201dS\u00f6dra Bohusl\u00e4ns \u00f6v\u00e4rld\u201d<\/em> (Uddevalla 1983)<br>Wilhelm Hansson, \u201d<em>Norra Bohusl\u00e4ns \u00f6v\u00e4rld\u201d<\/em> (Uddevalla 1980)<br>Ulf Bergman, \u201d<em>Fr\u00e5n bondelots till yrkesman\u201d<\/em> (LUP Lund 1995)<br>E Alfred Janssons \u201d<em>Sk\u00e4rg\u00e5rdsliv i forna tider<\/em>\u201d (1965)<br>Nathan Odenvik &#8221;<em>\u00d6cker\u00f6 socken <\/em>\u201d (1957)<br>Kullens Hembygdsf\u00f6renings \u00c5rsskrift 1981<br>Svensk Lots fyrtidning olika nummer<br>Sj\u00f6historiska samfundet <em>&#8221;Forum Navales skriftserie&#8221; <\/em><br>Av Lotsstyrelsen \u00e5r 1874 utgivna \u201d<em>Anteckningar om Lots- &amp; Fyrv\u00e4sendets uppkomst<\/em>\u201d<br>L\u00e4hteenoja, Aina , &#8221;<em>Lots- och Fyrv\u00e4sendets i Finland historia. Tiden intill \u00e5r 1808 <\/em>&#8221;, Helsingfors: Sj\u00f6fartsstyrelsen 1948\u00a0<br>Henry Forssell<em> &#8221;V\u00e5tsk\u00e4r \u2013 bland sk\u00e4rib\u00f6nder, lotsar och sommarg\u00e4ster<\/em>&#8221; (2016)<br>Flottans Arkiv Lotskontoret E ser. IV: Handlingar r\u00f6rande \u00d6regrundslotsar \u00e5ren 1740\u201454<br>Flottans Arkiv Norra lotsdistriktets handlingar F: II<br>Flottans Arkiv Manskapsrullor ser. XII: Lotsrullor f\u00f6r \u00d6regrund M\u00e5sesten.<br>Flottans Arkiv Norra lotsdistriktet E Inkommande handlingar 1820\u201425.<br>Flottans Arkiv Lotskontoret E IV: 2.<br>Kammarkollegii arkiv: Lotsregleringen i Stockholms l\u00e4n, Handling no. 73 \u00e5r 1827.<br>Riksark. \u00d6stermalmsavd.: Lotsstyrelsens arkiv 1872\u20141920, E III a.<br>Flottans Arkiv Norra lotsdistriktet E: Ink. Handlingar 1842.<br>Flottans Arkiv Norra lotsdistriktet ser. D.<br>Riksark. \u00d6stermalms avd: Lotsstyrelsens arkiv E III a<\/p>\n\n\n\n<p><strong>Arkiv som kan inneh\u00e5lla \u00e4nnu mer information:<\/strong> <br>Kammararkivet (KA)<br>Riksarkivet(RA)<br>Generaltullstyrelsens arkiv(GtA)<br>Lotsstyrelsens arkiv(LsA)<br>Krigsarkivet (KrA)<br>Amiralitetskollegiums arkiv (AmK)<br>F\u00f6rvaltningen av Sj\u00f6\u00e4rendenas arkiv (FS\u00c4)<br>Marinens rullor (MR)<\/p>\n\n\n\n<p>WebSites:<\/p>\n\n\n\n<p><a href=\"https:\/\/www.hembygd.se\/oxelosund\/lotsarkivet\">Lotsarkivet<\/a> Oxel\u00f6sund<br><a href=\"https:\/\/www.skargardsmuseet.org\/\">Sk\u00e4rg\u00e5rdmuseet Stavsn\u00e4s<\/a><\/p>\n\n\n\n<p><a href=\"https:\/\/nyhemsida.langoraslakten.org\/\">L\u00e5ng\u00f6rasl\u00e4kten<\/a><br><a href=\"https:\/\/blakusten.se\/\" data-type=\"URL\" data-id=\"https:\/\/blakusten.se\/\">Bl\u00e5 Kusten<\/a><br><a href=\"http:\/\/(https:\/\/langoraslakten.org\/hjalmar_berglund\/)\">Hjalmar Berglund <\/a><br><a href=\"https:\/\/insf.se\/\">Inlands sl\u00e4ktforskare<\/a><br><a href=\"https:\/\/www.angermark.se\/lotsstationen-pa-stora-askeron\">Wille \u00c4ngermark<\/a><br><a href=\"http:\/\/www.tjsf.org\/bera\/vo.htm\">Tj\u00f6rns sl\u00e4ktforskare<\/a><br><a href=\"https:\/\/fyr.org\/\">Start | Svenska Fyrs\u00e4llskapet<\/a><br><a href=\"https:\/\/fyr.org\/wiki\/index.php\/Huvudsida\">fyrwiki<\/a><\/p>\n\n\n\n<p><\/p>\n\n\n\n<p><\/p>\n","protected":false},"excerpt":{"rendered":"<p>F\u00f6r den som vill f\u00f6rdjupa sig \u00e4nnu mer s\u00e5 rekommenderar jag f\u00f6ljande b\u00f6cker och skrifter, samt en del andra hemsidor Bertil Wulff &#8221;Sj\u00f6folkets by II &#8211; Torekov i en svunnen tid&#8221; (2021) Margareta Vestin &#8221;Arholma g\u00e5rdar under 300 \u00e5r&#8221; (1988)Axel Quist &#8221;Dalar\u00f6 :\u00a0&#8221;N\u00e5gra anteckningar ur en S\u00f6dert\u00f6rns f\u00f6rsamlings historia&#8221; 1930Gunnar Mattsson, O. Bergstr\u00f6m, V. Madg\u00e5rd&hellip; <a class=\"more-link\" href=\"https:\/\/lotsarnastockholm.se\/index.php\/litteratur-forteckning\/\">Forts\u00e4tt l\u00e4sa <span class=\"screen-reader-text\">Litteratur f\u00f6rteckning och \u00f6vriga k\u00e4llor<\/span><\/a><\/p>\n","protected":false},"author":1,"featured_media":0,"parent":0,"menu_order":0,"comment_status":"closed","ping_status":"closed","template":"","meta":{"footnotes":""},"class_list":["post-4474","page","type-page","status-publish","hentry","entry"],"_links":{"self":[{"href":"https:\/\/lotsarnastockholm.se\/index.php\/wp-json\/wp\/v2\/pages\/4474","targetHints":{"allow":["GET"]}}],"collection":[{"href":"https:\/\/lotsarnastockholm.se\/index.php\/wp-json\/wp\/v2\/pages"}],"about":[{"href":"https:\/\/lotsarnastockholm.se\/index.php\/wp-json\/wp\/v2\/types\/page"}],"author":[{"embeddable":true,"href":"https:\/\/lotsarnastockholm.se\/index.php\/wp-json\/wp\/v2\/users\/1"}],"replies":[{"embeddable":true,"href":"https:\/\/lotsarnastockholm.se\/index.php\/wp-json\/wp\/v2\/comments?post=4474"}],"version-history":[{"count":40,"href":"https:\/\/lotsarnastockholm.se\/index.php\/wp-json\/wp\/v2\/pages\/4474\/revisions"}],"predecessor-version":[{"id":7165,"href":"https:\/\/lotsarnastockholm.se\/index.php\/wp-json\/wp\/v2\/pages\/4474\/revisions\/7165"}],"wp:attachment":[{"href":"https:\/\/lotsarnastockholm.se\/index.php\/wp-json\/wp\/v2\/media?parent=4474"}],"curies":[{"name":"wp","href":"https:\/\/api.w.org\/{rel}","templated":true}]}}