{"id":4309,"date":"2023-01-08T12:47:33","date_gmt":"2023-01-08T11:47:33","guid":{"rendered":"https:\/\/lotsarnastockholm.se\/?page_id=4309"},"modified":"2026-02-13T22:26:33","modified_gmt":"2026-02-13T21:26:33","slug":"figeholms-lotsplats","status":"publish","type":"page","link":"https:\/\/lotsarnastockholm.se\/index.php\/figeholms-lotsplats\/","title":{"rendered":"Figeholm Lotsplats"},"content":{"rendered":"\n<p class=\"has-text-align-center\"><a href=\"https:\/\/www.google.com\/maps\/place\/57%C2%B021'44.3%22N+16%C2%B035'24.6%22E\/@57.3623196,16.587978,17z\/data=!3m1!4b1!4m4!3m3!8m2!3d57.3623167!4d16.5901667\">57\u00b0 21.739&#8242; N 16\u00b0 35.410&#8242; E<\/a><\/p>\n\n\n\n<figure class=\"wp-block-image size-large\"><img decoding=\"async\" src=\"https:\/\/lotsarnastockholm.se\/wp-content\/uploads\/lotsar\/stockholm\/IMG_0011-4.jpg\" alt=\"\"\/><\/figure>\n\n\n\n<p>Figeholm inr\u00e4ttades slutet av 1700-talet och indrogs 1 juli 1953. Lotsningarna \u00f6vertogs d\u00e5 av Oskarshamns lotsplats. Lotsningar utgick ofta fr\u00e5n F\u00e5gel\u00f6<\/p>\n\n\n\n<p>Tillh\u00f6rde S\u00f6dra distriktet, Kalmar f\u00f6rdelning<\/p>\n\n\n\n<p>1744 \u00e5rs rulla: Inte omn\u00e4mnt.<\/p>\n\n\n\n<p>Ur reglemente 1799: Under lotsuppsyningsman f\u00f6r Kalmar f\u00f6rdelning lyder Figeholms lotsplats 1 ord lots och 1 utl\u00e4rd reservlotsdr\u00e4ng och 1 lotsl\u00e4rling. Lotsplatsen lyder under lots\u00e5lderman p\u00e5 W\u00e5ll\u00f6<\/p>\n\n\n\n<p>Ur rulla 1817: Ord. lots P Andersson<br>Reservlotsdr\u00e4ng CM Andersson<br>Lotsl\u00e4rling N J\u00f6nsson<\/p>\n\n\n\n<p>1820 \u00e5rs reglemente: Till W\u00e5ll\u00f6, D\u00f6derhultsviken, Saltviken och Kr\u00e5kelund. Enl reglementet 1 secund lots, 1 l\u00e4rling. Lots uppassa i k\u00f6pingen och m\u00f6ta fartygen vid Fogd\u00f6<\/p>\n\n\n\n<p>Ur \u201dDen Svenske Lotsen\u201d 1853: S\u00f6dra inloppet till Figeholm, Fr\u00e5n F\u00e5gel\u00f6 redd fram till k\u00f6pingen \u00e4r farvattnet v\u00e4l utprickat men mycket tr\u00e5ngt och s\u00e5 grunt att endast fartyg om 6 fots djg kan begagna det. Till F\u00e5gel\u00f6 redd kan d\u00e4remot 16 fots djg fartyg g\u00e5 men hamnen bes\u00f6kes vanligen av fartyg om h\u00f6gst 10 fot. D\u00e5 lotsen icke \u00e4r van vid st\u00f6rre ansvar. Kr\u00e5kelunds och W\u00e5ll\u00f6 lotsar f\u00f6ra fartygen ifr\u00e5n sj\u00f6n till F\u00e5gel\u00f6 redd och Figeholmslotsen vidare till k\u00f6pingen.<\/p>\n\n\n\n<p>Ur reglemente 1864. Lotsningsomr\u00e5de Fr\u00e5n Figeholm till V\u00e5ll\u00f6 respektive Oskarshamn, Saltviken, Kr\u00e5kelund. Till sj\u00f6ss eller fr\u00e5n sj\u00f6n.<\/p>\n\n\n\n<p>1877: \u00c5tal mot kronolotsen PJ Wir\u00e9n f\u00f6r ov\u00e4rdigt upptr\u00e4dande. Straff 3 m\u00e5naders f\u00e4ngelse,<\/p>\n\n\n\n<p>1896 Byggdes ett uppassningshus och en brygga<\/p>\n\n\n\n<p>1916 Ur lotsledsf\u00f6rteckningen Lots uppassa \u00e5 Fogel\u00f6, Lotsning sker icke i m\u00f6rker.<\/p>\n\n\n\n<p>1920 \u00e5rs b\u00e5tbest\u00e5nd = 1 motorb\u00e5t i ek, 7 m l\u00e5ng (d\u00e5ligt skick)<\/p>\n\n\n\n<p>1938 tillbyggdes k\u00f6k och renoverades lotsvaktsstugan p\u00e5 Fogel\u00f6<\/p>\n\n\n\n<p>1943 Reparation av lotsuppassningshuset<\/p>\n\n\n\n<p>Lotsar vid Figeholms Lpl<\/p>\n\n\n\n<figure class=\"wp-block-table alignwide\"><table class=\"has-fixed-layout\"><tbody><tr><td>Efternamn<\/td><td>F\u00f6rnamn<\/td><td>F\u00f6dd<\/td><td>I Staten<\/td><td>Lpl 1<\/td><td>Lpl 2<\/td><\/tr><tr><td>Andersson<\/td><td>P<\/td><td><\/td><td><\/td><td>Figeholm<\/td><td><\/td><\/tr><tr><td>Andersson<\/td><td>C<\/td><td><\/td><td><\/td><td>Figeholm<\/td><td><\/td><\/tr><tr><td>J\u00f6nsson<\/td><td>N<\/td><td><\/td><td><\/td><td>Figeholm<\/td><td><\/td><\/tr><tr><td>Wir\u00e9n<\/td><td>P<\/td><td><\/td><td><\/td><td>Figeholm<\/td><td><\/td><\/tr><tr><td>Sundstr\u00f6m<\/td><td>Anders<\/td><td>1853<\/td><td>1874<\/td><td>Kr\u00e5kelund<\/td><td>Figeholm<\/td><\/tr><tr><td>Holm<\/td><td>Carl<\/td><td>1828<\/td><td>1878<\/td><td>Figeholm<\/td><td><\/td><\/tr><tr><td>Olsson<\/td><td>Olaus<\/td><td>1854<\/td><td>1893<\/td><td>Figeholm<\/td><td><\/td><\/tr><tr><td>Westerholm<\/td><td>Johan<\/td><td>1879<\/td><td>1899<\/td><td>Figeholm<\/td><td>H\u00e4radsk\u00e4r<\/td><\/tr><tr><td>Sundstr\u00f6m<\/td><td>Karl<\/td><td>1883<\/td><td>1901<\/td><td>Figeholm<\/td><td><\/td><\/tr><tr><td>Sundstr\u00f6m<\/td><td>Peter<\/td><td>1885<\/td><td>1904<\/td><td>Figeholm<\/td><td><\/td><\/tr><tr><td>Sundstr\u00f6m<\/td><td>Tage<\/td><td>1896<\/td><td>1914<\/td><td>Figeholm<\/td><td><\/td><\/tr><tr><td>Sundstr\u00f6m<\/td><td>Hans<\/td><td>1905<\/td><td>1919<\/td><td>Figeholm<\/td><td>M\u00f6nster\u00e5s<\/td><\/tr><\/tbody><\/table><\/figure>\n","protected":false},"excerpt":{"rendered":"<p>57\u00b0 21.739&#8242; N 16\u00b0 35.410&#8242; E Figeholm inr\u00e4ttades slutet av 1700-talet och indrogs 1 juli 1953. Lotsningarna \u00f6vertogs d\u00e5 av Oskarshamns lotsplats. Lotsningar utgick ofta fr\u00e5n F\u00e5gel\u00f6 Tillh\u00f6rde S\u00f6dra distriktet, Kalmar f\u00f6rdelning 1744 \u00e5rs rulla: Inte omn\u00e4mnt. Ur reglemente 1799: Under lotsuppsyningsman f\u00f6r Kalmar f\u00f6rdelning lyder Figeholms lotsplats 1 ord lots och 1 utl\u00e4rd reservlotsdr\u00e4ng&hellip; <a class=\"more-link\" href=\"https:\/\/lotsarnastockholm.se\/index.php\/figeholms-lotsplats\/\">Forts\u00e4tt l\u00e4sa <span class=\"screen-reader-text\">Figeholm Lotsplats<\/span><\/a><\/p>\n","protected":false},"author":1,"featured_media":0,"parent":0,"menu_order":0,"comment_status":"closed","ping_status":"closed","template":"","meta":{"footnotes":""},"class_list":["post-4309","page","type-page","status-publish","hentry","entry"],"_links":{"self":[{"href":"https:\/\/lotsarnastockholm.se\/index.php\/wp-json\/wp\/v2\/pages\/4309","targetHints":{"allow":["GET"]}}],"collection":[{"href":"https:\/\/lotsarnastockholm.se\/index.php\/wp-json\/wp\/v2\/pages"}],"about":[{"href":"https:\/\/lotsarnastockholm.se\/index.php\/wp-json\/wp\/v2\/types\/page"}],"author":[{"embeddable":true,"href":"https:\/\/lotsarnastockholm.se\/index.php\/wp-json\/wp\/v2\/users\/1"}],"replies":[{"embeddable":true,"href":"https:\/\/lotsarnastockholm.se\/index.php\/wp-json\/wp\/v2\/comments?post=4309"}],"version-history":[{"count":7,"href":"https:\/\/lotsarnastockholm.se\/index.php\/wp-json\/wp\/v2\/pages\/4309\/revisions"}],"predecessor-version":[{"id":7632,"href":"https:\/\/lotsarnastockholm.se\/index.php\/wp-json\/wp\/v2\/pages\/4309\/revisions\/7632"}],"wp:attachment":[{"href":"https:\/\/lotsarnastockholm.se\/index.php\/wp-json\/wp\/v2\/media?parent=4309"}],"curies":[{"name":"wp","href":"https:\/\/api.w.org\/{rel}","templated":true}]}}