{"id":4298,"date":"2023-01-07T15:10:57","date_gmt":"2023-01-07T14:10:57","guid":{"rendered":"https:\/\/lotsarnastockholm.se\/?page_id=4298"},"modified":"2023-04-10T16:09:27","modified_gmt":"2023-04-10T15:09:27","slug":"paskallavik","status":"publish","type":"page","link":"https:\/\/lotsarnastockholm.se\/index.php\/paskallavik\/","title":{"rendered":"P\u00e5skallavik Lotsplats"},"content":{"rendered":"\n<p class=\"has-text-align-center\"><a href=\"https:\/\/www.google.com\/maps\/place\/57%C2%B009'46.3%22N+16%C2%B027'52.4%22E\/@57.1628696,16.4623613,17z\/data=!3m1!4b1!4m4!3m3!8m2!3d57.1628667!4d16.46455\">57\u00b0 09.772&#8242; N 16\u00b0 27.873&#8242; E<\/a><\/p>\n\n\n\n<p>P\u00e5skallavik finns inte med i vare sig 1799, 1820 eller 1863 \u00e5rs f\u00f6rteckningar<\/p>\n\n\n\n<p>F\u00f6sta k\u00e4nda lotsningen \u00e4r fr\u00e5n 1873 och platsen lades ned 1 juli 1953. N\u00e4r lotsplatsen upph\u00f6rde flyttade John Mauritz Dillstr\u00f6m till M\u00f6nster\u00e5s och G\u00f6trik Holmstr\u00f6m till Oskarshamn?<\/p>\n\n\n\n<p>1877 \u00c5tal mot JA Dillstr\u00f6m f\u00f6r grundst\u00f6tning med skonerten IDUNAS p\u00e5 L\u00e5nggrund vid Run\u00f6. Straff 2 m\u00e5naders f\u00e4ngelse.<\/p>\n\n\n\n<p>Ur lotsledsf\u00f6rteckning 1916: Lots uppassa vid hamnen. Lotsning \u00e4ger icke rum under m\u00f6rker.<\/p>\n\n\n\n<p>1920 \u00e5rs b\u00e5tbest\u00e5nd: 1 motorb\u00e5t byggd 1916 i ek, 6&#215;1.95 m 3 hk V\u00e4sterviks motor<\/p>\n\n\n\n<p>1930 fick lotsplatsen telefon<\/p>\n\n\n\n<figure class=\"wp-block-table alignwide\"><table><tbody><tr><td>Lotsplats 1<\/td><td>Lotsplats 2<\/td><td>Efternamn<\/td><td>F\u00f6rnamn 1<\/td><td>F\u00f6rnamn 2<\/td><td>F\u00f6dd<\/td><td>Antagen i lotsverket<\/td><\/tr><tr><td>P\u00e5skallavik<\/td><td>&nbsp;<\/td><td>Dillstr\u00f6m<\/td><td>Johan<\/td><td>Alfred<\/td><td>1836<\/td><td>1876<\/td><\/tr><tr><td>P\u00e5skallavik<\/td><td>&nbsp;<\/td><td>Dillstr\u00f6m<\/td><td>Johan<\/td><td>Filip<\/td><td>1867<\/td><td>1888<\/td><\/tr><tr><td>P\u00e5skallavik<\/td><td>&nbsp;<\/td><td>Dillstr\u00f6m<\/td><td>Bror<\/td><td>August<\/td><td>1902<\/td><td>1914<\/td><\/tr><tr><td>P\u00e5skallavik<\/td><td>M\u00f6nster\u00e5s<\/td><td>Dillstr\u00f6m<\/td><td>John<\/td><td>Mauritz<\/td><td>1902<\/td><td>1914<\/td><\/tr><tr><td>P\u00e5skallavik<\/td><td>V\u00e5ll\u00f6<\/td><td>Holmstr\u00f6m<\/td><td>Robert<\/td><td>G\u00f6trik<\/td><td>1893<\/td><td>1917<\/td><\/tr><tr><td>V\u00e5ll\u00f6<\/td><td>P\u00e5skallavik<\/td><td>Lindstr\u00f6m<\/td><td>Josef<\/td><td>&nbsp;<\/td><td>1876<\/td><td>1896<\/td><\/tr><\/tbody><\/table><figcaption class=\"wp-element-caption\">K\u00e4nda lotsar vid p\u00e5skallavik<\/figcaption><\/figure>\n","protected":false},"excerpt":{"rendered":"<p>57\u00b0 09.772&#8242; N 16\u00b0 27.873&#8242; E P\u00e5skallavik finns inte med i vare sig 1799, 1820 eller 1863 \u00e5rs f\u00f6rteckningar F\u00f6sta k\u00e4nda lotsningen \u00e4r fr\u00e5n 1873 och platsen lades ned 1 juli 1953. N\u00e4r lotsplatsen upph\u00f6rde flyttade John Mauritz Dillstr\u00f6m till M\u00f6nster\u00e5s och G\u00f6trik Holmstr\u00f6m till Oskarshamn? 1877 \u00c5tal mot JA Dillstr\u00f6m f\u00f6r grundst\u00f6tning med skonerten&hellip; <a class=\"more-link\" href=\"https:\/\/lotsarnastockholm.se\/index.php\/paskallavik\/\">Forts\u00e4tt l\u00e4sa <span class=\"screen-reader-text\">P\u00e5skallavik Lotsplats<\/span><\/a><\/p>\n","protected":false},"author":1,"featured_media":0,"parent":0,"menu_order":0,"comment_status":"closed","ping_status":"closed","template":"","meta":{"footnotes":""},"class_list":["post-4298","page","type-page","status-publish","hentry","entry"],"_links":{"self":[{"href":"https:\/\/lotsarnastockholm.se\/index.php\/wp-json\/wp\/v2\/pages\/4298","targetHints":{"allow":["GET"]}}],"collection":[{"href":"https:\/\/lotsarnastockholm.se\/index.php\/wp-json\/wp\/v2\/pages"}],"about":[{"href":"https:\/\/lotsarnastockholm.se\/index.php\/wp-json\/wp\/v2\/types\/page"}],"author":[{"embeddable":true,"href":"https:\/\/lotsarnastockholm.se\/index.php\/wp-json\/wp\/v2\/users\/1"}],"replies":[{"embeddable":true,"href":"https:\/\/lotsarnastockholm.se\/index.php\/wp-json\/wp\/v2\/comments?post=4298"}],"version-history":[{"count":3,"href":"https:\/\/lotsarnastockholm.se\/index.php\/wp-json\/wp\/v2\/pages\/4298\/revisions"}],"predecessor-version":[{"id":5373,"href":"https:\/\/lotsarnastockholm.se\/index.php\/wp-json\/wp\/v2\/pages\/4298\/revisions\/5373"}],"wp:attachment":[{"href":"https:\/\/lotsarnastockholm.se\/index.php\/wp-json\/wp\/v2\/media?parent=4298"}],"curies":[{"name":"wp","href":"https:\/\/api.w.org\/{rel}","templated":true}]}}