{"id":4287,"date":"2023-01-02T19:07:16","date_gmt":"2023-01-02T18:07:16","guid":{"rendered":"https:\/\/lotsarnastockholm.se\/?page_id=4287"},"modified":"2026-02-12T21:27:43","modified_gmt":"2026-02-12T20:27:43","slug":"dammans-lotsplats-2","status":"publish","type":"page","link":"https:\/\/lotsarnastockholm.se\/index.php\/dammans-lotsplats-2\/","title":{"rendered":"D\u00e4mman Lotsplats"},"content":{"rendered":"\n<p class=\"has-text-align-center\"><a href=\"https:\/\/www.google.com\/maps\/place\/57%C2%B003'28.6%22N+16%C2%B040'33.2%22E\/@57.0579529,16.6736946,17z\/data=!3m1!4b1!4m4!3m3!8m2!3d57.05795!4d16.6758833\">57\u00b0 03.477&#8242; N 16\u00b0 40.553&#8242; E<\/a><\/p>\n\n\n\n<figure class=\"wp-block-image size-full\"><a href=\"https:\/\/lotsarnastockholm.se\/wp-content\/uploads\/2023\/01\/22042016-Damman_fore_ombyggn_1893-1.jpg\"><img fetchpriority=\"high\" decoding=\"async\" width=\"477\" height=\"600\" src=\"https:\/\/lotsarnastockholm.se\/wp-content\/uploads\/2023\/01\/22042016-Damman_fore_ombyggn_1893-1.jpg\" alt=\"\" class=\"wp-image-4288\" srcset=\"https:\/\/lotsarnastockholm.se\/wp-content\/uploads\/2023\/01\/22042016-Damman_fore_ombyggn_1893-1.jpg 477w, https:\/\/lotsarnastockholm.se\/wp-content\/uploads\/2023\/01\/22042016-Damman_fore_ombyggn_1893-1-239x300.jpg 239w\" sizes=\"(max-width: 477px) 100vw, 477px\" \/><\/a><figcaption class=\"wp-element-caption\">Innan ombyggnationen 1893<\/figcaption><\/figure>\n\n\n\n<p>D\u00e4mmans fyrplats fungerade \u00e4ven som lotsplats mellan 1878-1885<\/p>\n\n\n\n<p>Tillh\u00f6rde S\u00f6dra distriktet och Kalmars f\u00f6rdelning<\/p>\n\n\n\n<p>1878 monterades en signalkula p\u00e5 D\u00e4mmans fyrhus<\/p>\n\n\n\n<p>Tre lotsar har tj\u00e4nstgjort p\u00e5 D\u00e4mman och finns namngivna i 1881 \u00e5rs rulla.<br>Carl Rundqvist f 1840, Anst\u00e4lld: 1878, d\u00f6d  1884<br>Nils Petersson f 1829 Anst\u00e4lld 1878, d\u00f6d 1880<br>Edvard Lundqvist f 1841 Anst\u00e4lld 1880 \u00e4ven lotsf\u00f6rman, d\u00f6d 1905<\/p>\n\n\n\n<p>1884 den 9 november drunknade kronolotsen CJ Rundqvist under tj\u00e4nsteut\u00f6vning<\/p>\n\n\n\n<p>Totalt genomf\u00f6rdes i snitt ca 40 lotsningar per \u00e5r<\/p>\n\n\n\n<p>Ur <strong>Underr\u00e4ttelse f\u00f6r Sj\u00f6farande<\/strong> n:o 15 \u00e5r 1878<br><strong>Kongl. Lots-Styrelsen<\/strong> <em>l\u00e5ter h\u00e4rigenom till sj\u00f6farandes k\u00e4nnedom kung\u00f6ra: Att <strong>lotsuppassning<\/strong> numera blifvit anordnad \u00e5 <strong>D\u00e4mmans<\/strong> fyrplats i Kalmarsund och den n\u00e4rliggande \u00f6stra udden af \u00f6n V\u00e5ll\u00f6 eller <strong>V\u00e5ll\u00f6rump<\/strong>.<br>Kommande \u00e5 D\u00e4mman of\u00f6rdr\u00f6jligen att upps\u00e4ttas en signalst\u00e5ng p\u00e5 vilken hissas en svart kula med horisontelt vitt b\u00e4lte d\u00e5 lots finnes p\u00e5 platsen och kan utg\u00e5 men i motsatt fall kulan s\u00e4nkas i hvilken h\u00e4ndelse lotsuppassning bes\u00f6rjes fr\u00e5n kryssande lotsb\u00e5t eller fr\u00e5n lotsuppassningshuset \u00e5 V\u00e5ll\u00f6rump<\/em><\/p>\n\n\n\n<p>se \u00e4ven intressant hemsida: <a href=\"https:\/\/johansfotoblogg.blogspot.com\/2017\/02\/historien-om-dammans-fyr.html\" data-type=\"URL\" data-id=\"https:\/\/johansfotoblogg.blogspot.com\/2017\/02\/historien-om-dammans-fyr.html\">https:\/\/johansfotoblogg.blogspot.com\/2017\/02\/historien-om-dammans-fyr.html<\/a><\/p>\n","protected":false},"excerpt":{"rendered":"<p>57\u00b0 03.477&#8242; N 16\u00b0 40.553&#8242; E D\u00e4mmans fyrplats fungerade \u00e4ven som lotsplats mellan 1878-1885 Tillh\u00f6rde S\u00f6dra distriktet och Kalmars f\u00f6rdelning 1878 monterades en signalkula p\u00e5 D\u00e4mmans fyrhus Tre lotsar har tj\u00e4nstgjort p\u00e5 D\u00e4mman och finns namngivna i 1881 \u00e5rs rulla.Carl Rundqvist f 1840, Anst\u00e4lld: 1878, d\u00f6d 1884Nils Petersson f 1829 Anst\u00e4lld 1878, d\u00f6d 1880Edvard Lundqvist&hellip; <a class=\"more-link\" href=\"https:\/\/lotsarnastockholm.se\/index.php\/dammans-lotsplats-2\/\">Forts\u00e4tt l\u00e4sa <span class=\"screen-reader-text\">D\u00e4mman Lotsplats<\/span><\/a><\/p>\n","protected":false},"author":1,"featured_media":0,"parent":0,"menu_order":0,"comment_status":"closed","ping_status":"closed","template":"","meta":{"footnotes":""},"class_list":["post-4287","page","type-page","status-publish","hentry","entry"],"_links":{"self":[{"href":"https:\/\/lotsarnastockholm.se\/index.php\/wp-json\/wp\/v2\/pages\/4287","targetHints":{"allow":["GET"]}}],"collection":[{"href":"https:\/\/lotsarnastockholm.se\/index.php\/wp-json\/wp\/v2\/pages"}],"about":[{"href":"https:\/\/lotsarnastockholm.se\/index.php\/wp-json\/wp\/v2\/types\/page"}],"author":[{"embeddable":true,"href":"https:\/\/lotsarnastockholm.se\/index.php\/wp-json\/wp\/v2\/users\/1"}],"replies":[{"embeddable":true,"href":"https:\/\/lotsarnastockholm.se\/index.php\/wp-json\/wp\/v2\/comments?post=4287"}],"version-history":[{"count":5,"href":"https:\/\/lotsarnastockholm.se\/index.php\/wp-json\/wp\/v2\/pages\/4287\/revisions"}],"predecessor-version":[{"id":7619,"href":"https:\/\/lotsarnastockholm.se\/index.php\/wp-json\/wp\/v2\/pages\/4287\/revisions\/7619"}],"wp:attachment":[{"href":"https:\/\/lotsarnastockholm.se\/index.php\/wp-json\/wp\/v2\/media?parent=4287"}],"curies":[{"name":"wp","href":"https:\/\/api.w.org\/{rel}","templated":true}]}}