{"id":4255,"date":"2022-12-28T13:08:44","date_gmt":"2022-12-28T12:08:44","guid":{"rendered":"https:\/\/lotsarnastockholm.se\/?page_id=4255"},"modified":"2026-02-10T20:49:57","modified_gmt":"2026-02-10T19:49:57","slug":"borgholm","status":"publish","type":"page","link":"https:\/\/lotsarnastockholm.se\/index.php\/borgholm\/","title":{"rendered":"Borgholm Lotsplats"},"content":{"rendered":"\n<p class=\"has-text-align-center\"><a href=\"https:\/\/www.google.se\/maps\/place\/56%C2%B052'46.6%22N+16%C2%B039'06.5%22E\/@56.8796,16.649628,17z\/data=!3m1!4b1!4m4!3m3!8m2!3d56.8796!4d16.6518167\">56\u00b0 52.776&#8242; N 16\u00b0 39.109&#8242; E<\/a><\/p>\n\n\n\n<p>Borgholms lotsplats inr\u00e4ttades ca 1820 och lades ned 1 januari 1937.<br>D\u00e4refter sk\u00f6ttes lotsningarna av Sk\u00e4ggen\u00e4s lotsarna.<\/p>\n\n\n\n<p>Tillh\u00f6rde S\u00f6dra lotsdistriktet och Kalmar f\u00f6rdelning.<\/p>\n\n\n\n<p>Finns inte med i 1799 \u00e5rs reglemente eller i 1817 \u00e5rs rulla men finns med i:<br>1820 \u00e5rs f\u00f6rteckning: Lotsningsomr\u00e5de Fr\u00e5n Borgholm till V\u00e5ll\u00f6 respektive Sk\u00e4ggan\u00e4s, Ekerumshamn, till sj\u00f6ss eller fr\u00e5n sj\u00f6n. Uppassa vid Borghamn och m\u00f6ta fartyg utom grunden.<\/p>\n\n\n\n<p>Enligt 1820 reglemente hade lotsplatsen 1 Lots\u00e5lderman, 1 secundlots 1 l\u00e4rling och vid \u00d6lands norra udde 1 m\u00e4sterlots, 1 secundlots och 2 l\u00e4rlingar d\u00e4r lots uppassa vid udden och m\u00f6ta utanf\u00f6r inloppet.<\/p>\n\n\n\n<p>Ur ledsledsf\u00f6rteckning 1916: Lots uppassa i staden och m\u00f6ter fr\u00e5n sj\u00f6n kommande fartyg utanf\u00f6r grunden. Lotsleder fr\u00e5n Borgholm till sj\u00f6ss eller tv\u00e4rtom, Till sj\u00f6ss vid D\u00e4mman eller V\u00e5ll\u00f6, fr\u00e5n sj\u00f6n vid M\u00f6nster\u00e5s dito Timmernabben, Pataholm och Sk\u00e4ggan\u00e4s.<\/p>\n\n\n\n<p>B\u00e5tbest\u00e5ndet 1920:<br>1 segelb\u00e5t byggd 1904, ek, 6&#215;1.8 m<\/p>\n\n\n\n<p>Lotsar vid Borgholm<\/p>\n\n\n\n<div class=\"wp-block-group alignwide\"><div class=\"wp-block-group__inner-container is-layout-constrained wp-block-group-is-layout-constrained\">\n<figure class=\"wp-block-table alignwide\"><table class=\"has-fixed-layout\"><tbody><tr><td><strong>Efternamn<\/strong><\/td><td><strong>F\u00f6rnamn<\/strong><\/td><td><strong>F\u00f6dd<\/strong><\/td><td><strong>I Staten<\/strong><\/td><td><strong>Lpl 1<\/strong><\/td><td><strong>Lpl 2<\/strong><\/td><\/tr><tr><td>Bergqvist<\/td><td>Sven<\/td><td>1830<\/td><td>1862<\/td><td>Borgholm<\/td><td><\/td><\/tr><tr><td>Widergren<\/td><td>Ernst<\/td><td>1868<\/td><td>1897<\/td><td>Borgholm<\/td><td><\/td><\/tr><tr><td>Sj\u00f6berg<\/td><td>Albin<\/td><td>1873<\/td><td>1898<\/td><td>Degerhamn<\/td><td>Borgholm<\/td><\/tr><tr><td>\u00c5man<\/td><td>Gunnar<\/td><td>1888<\/td><td>1907<\/td><td>H\u00e4radsk\u00e4r<\/td><td>Borgholm<\/td><\/tr><tr><td>Sj\u00f6berg<\/td><td>Albin<\/td><td>1909<\/td><td>1932<\/td><td>Degerhamn<\/td><td>Borgholm\/Sk\u00e4ggen\u00e4s\/Kalmar<\/td><\/tr><\/tbody><\/table><\/figure>\n<\/div><\/div>\n","protected":false},"excerpt":{"rendered":"<p>56\u00b0 52.776&#8242; N 16\u00b0 39.109&#8242; E Borgholms lotsplats inr\u00e4ttades ca 1820 och lades ned 1 januari 1937.D\u00e4refter sk\u00f6ttes lotsningarna av Sk\u00e4ggen\u00e4s lotsarna. Tillh\u00f6rde S\u00f6dra lotsdistriktet och Kalmar f\u00f6rdelning. Finns inte med i 1799 \u00e5rs reglemente eller i 1817 \u00e5rs rulla men finns med i:1820 \u00e5rs f\u00f6rteckning: Lotsningsomr\u00e5de Fr\u00e5n Borgholm till V\u00e5ll\u00f6 respektive Sk\u00e4ggan\u00e4s, Ekerumshamn, till&hellip; <a class=\"more-link\" href=\"https:\/\/lotsarnastockholm.se\/index.php\/borgholm\/\">Forts\u00e4tt l\u00e4sa <span class=\"screen-reader-text\">Borgholm Lotsplats<\/span><\/a><\/p>\n","protected":false},"author":1,"featured_media":0,"parent":0,"menu_order":0,"comment_status":"closed","ping_status":"closed","template":"","meta":{"footnotes":""},"class_list":["post-4255","page","type-page","status-publish","hentry","entry"],"_links":{"self":[{"href":"https:\/\/lotsarnastockholm.se\/index.php\/wp-json\/wp\/v2\/pages\/4255","targetHints":{"allow":["GET"]}}],"collection":[{"href":"https:\/\/lotsarnastockholm.se\/index.php\/wp-json\/wp\/v2\/pages"}],"about":[{"href":"https:\/\/lotsarnastockholm.se\/index.php\/wp-json\/wp\/v2\/types\/page"}],"author":[{"embeddable":true,"href":"https:\/\/lotsarnastockholm.se\/index.php\/wp-json\/wp\/v2\/users\/1"}],"replies":[{"embeddable":true,"href":"https:\/\/lotsarnastockholm.se\/index.php\/wp-json\/wp\/v2\/comments?post=4255"}],"version-history":[{"count":5,"href":"https:\/\/lotsarnastockholm.se\/index.php\/wp-json\/wp\/v2\/pages\/4255\/revisions"}],"predecessor-version":[{"id":7601,"href":"https:\/\/lotsarnastockholm.se\/index.php\/wp-json\/wp\/v2\/pages\/4255\/revisions\/7601"}],"wp:attachment":[{"href":"https:\/\/lotsarnastockholm.se\/index.php\/wp-json\/wp\/v2\/media?parent=4255"}],"curies":[{"name":"wp","href":"https:\/\/api.w.org\/{rel}","templated":true}]}}