{"id":4252,"date":"2022-12-28T11:31:48","date_gmt":"2022-12-28T10:31:48","guid":{"rendered":"https:\/\/lotsarnastockholm.se\/?page_id=4252"},"modified":"2023-04-10T20:45:43","modified_gmt":"2023-04-10T19:45:43","slug":"grankullaviken","status":"publish","type":"page","link":"https:\/\/lotsarnastockholm.se\/index.php\/grankullaviken\/","title":{"rendered":"Grankullaviken Lotsplats"},"content":{"rendered":"\n<p class=\"has-text-align-center\"><a href=\"https:\/\/www.google.se\/maps\/place\/57%C2%B019'59.5%22N+17%C2%B006'08.2%22E\/@57.3332,17.100078,17z\/data=!3m1!4b1!4m4!3m3!8m2!3d57.3332!4d17.1022667\">57\u00b0 19.992&#8242; N 17\u00b0 06.136&#8242; E<\/a><\/p>\n\n\n\n<p>Grankullavikens lotsplats fungerade mellan ca 1890 talet och fram 1 januari 1915<\/p>\n\n\n\n<p>Troligen f\u00f6r att lotsa ut fartyg som lastat virke, se nedan historik fr\u00e5n Borgholms kommun:<\/p>\n\n\n\n<p><em>P\u00e5 \u00d6lands nordspets st\u00e5r fyren L\u00e5nge Erik, ett 32 meter h\u00f6gt vitputsat kalkstenstorn som uppf\u00f6rdes 1844\u201345. P\u00e5 den s\u00f6dra sidan av holmen finns ett mindre fiskel\u00e4ge med en modern pir och ett par tr\u00e4bryggor. Fyren \u00e4r rest p\u00e5 en liten holme, Stora grundet, i inloppet till Grankullaviken.<\/em><\/p>\n\n\n\n<p><em>\u00d6lands norra udde har alltid utgjort en viktig ang\u00f6ringspunkt f\u00f6r handelsflottan i norra Kalmar sund och en mycket stor del av den \u00e4ldre sj\u00f6farten mot Gotland har passerat h\u00e4r. Under modern tid har Grankullaviken varit av stor betydelse f\u00f6r utskeppning av virke och har \u00e4ven haft en \u00e5ngs\u00e5g. Arbetarbost\u00e4derna och en skogsj\u00e4rnv\u00e4g finns \u00e4nnu kvar.<\/em><\/p>\n\n\n\n<p><em>Den nord\u00f6stra udden med den v\u00e4lk\u00e4nda Trollskogen, utg\u00f6r ett av \u00f6ns mer v\u00e4lbes\u00f6kta turistm\u00e5l. P\u00e5 uddens norra del l\u00e5g en \u00f6rlogsbas p\u00e5 1400-talet<\/em><\/p>\n\n\n\n<p>Grankullaviken finns med endast med i 1897 \u00e5rs Lotsledsf\u00f6rteckning<\/p>\n\n\n\n<p>Vi har hittat en lots som arbetade d\u00e4r, Lotsf\u00f6rman Anders Wilhelm Rydberg som \u00e4r registrerad som extra Lots under tillf\u00e4llig period.<\/p>\n\n\n\n<p>AW Rydberg var f\u00f6dd 28\/10 1876 och blev antagen som lots direkt den 13 maj 1905<\/p>\n\n\n\n<p>Antal k\u00e4nda lotsningar var:<\/p>\n\n\n\n<figure class=\"wp-block-table\"><table><tbody><tr><td>1905<\/td><td>14<\/td><\/tr><tr><td>1906<\/td><td>37<\/td><\/tr><tr><td>1907<\/td><td>11<\/td><\/tr><tr><td>1908<\/td><td>17<\/td><\/tr><tr><td>1909<\/td><td>16<\/td><\/tr><tr><td>1910<\/td><td>25<\/td><\/tr><tr><td>1911<\/td><td>18<\/td><\/tr><tr><td>1912<\/td><td>26<\/td><\/tr><tr><td>1913<\/td><td>19<\/td><\/tr><tr><td>1914<\/td><td>36<\/td><\/tr><tr><td>1915<\/td><td>0<\/td><\/tr><\/tbody><\/table><\/figure>\n\n\n\n<p>Totalt &nbsp;&nbsp;&nbsp;&nbsp;&nbsp;&nbsp;&nbsp;&nbsp;&nbsp;&nbsp;&nbsp;&nbsp;&nbsp;&nbsp;&nbsp;&nbsp;&nbsp;&nbsp;&nbsp;&nbsp;219 lotsningar<\/p>\n","protected":false},"excerpt":{"rendered":"<p>57\u00b0 19.992&#8242; N 17\u00b0 06.136&#8242; E Grankullavikens lotsplats fungerade mellan ca 1890 talet och fram 1 januari 1915 Troligen f\u00f6r att lotsa ut fartyg som lastat virke, se nedan historik fr\u00e5n Borgholms kommun: P\u00e5 \u00d6lands nordspets st\u00e5r fyren L\u00e5nge Erik, ett 32 meter h\u00f6gt vitputsat kalkstenstorn som uppf\u00f6rdes 1844\u201345. P\u00e5 den s\u00f6dra sidan av holmen&hellip; <a class=\"more-link\" href=\"https:\/\/lotsarnastockholm.se\/index.php\/grankullaviken\/\">Forts\u00e4tt l\u00e4sa <span class=\"screen-reader-text\">Grankullaviken Lotsplats<\/span><\/a><\/p>\n","protected":false},"author":1,"featured_media":0,"parent":0,"menu_order":0,"comment_status":"closed","ping_status":"closed","template":"","meta":{"footnotes":""},"class_list":["post-4252","page","type-page","status-publish","hentry","entry"],"_links":{"self":[{"href":"https:\/\/lotsarnastockholm.se\/index.php\/wp-json\/wp\/v2\/pages\/4252","targetHints":{"allow":["GET"]}}],"collection":[{"href":"https:\/\/lotsarnastockholm.se\/index.php\/wp-json\/wp\/v2\/pages"}],"about":[{"href":"https:\/\/lotsarnastockholm.se\/index.php\/wp-json\/wp\/v2\/types\/page"}],"author":[{"embeddable":true,"href":"https:\/\/lotsarnastockholm.se\/index.php\/wp-json\/wp\/v2\/users\/1"}],"replies":[{"embeddable":true,"href":"https:\/\/lotsarnastockholm.se\/index.php\/wp-json\/wp\/v2\/comments?post=4252"}],"version-history":[{"count":3,"href":"https:\/\/lotsarnastockholm.se\/index.php\/wp-json\/wp\/v2\/pages\/4252\/revisions"}],"predecessor-version":[{"id":5389,"href":"https:\/\/lotsarnastockholm.se\/index.php\/wp-json\/wp\/v2\/pages\/4252\/revisions\/5389"}],"wp:attachment":[{"href":"https:\/\/lotsarnastockholm.se\/index.php\/wp-json\/wp\/v2\/media?parent=4252"}],"curies":[{"name":"wp","href":"https:\/\/api.w.org\/{rel}","templated":true}]}}