{"id":4229,"date":"2022-12-26T18:58:21","date_gmt":"2022-12-26T17:58:21","guid":{"rendered":"https:\/\/lotsarnastockholm.se\/?page_id=4229"},"modified":"2023-12-05T20:14:54","modified_gmt":"2023-12-05T19:14:54","slug":"botorps-lotsplats","status":"publish","type":"page","link":"https:\/\/lotsarnastockholm.se\/index.php\/botorps-lotsplats\/","title":{"rendered":"Botorps Lotsplats"},"content":{"rendered":"\n<p class=\"has-text-align-center\"><a href=\"https:\/\/www.google.se\/maps\/place\/56%C2%B035'35.5%22N+16%C2%B013'50.2%22E\/@56.5931833,16.2284113,17z\/data=!3m1!4b1!4m4!3m3!8m2!3d56.5931833!4d16.2306\">56\u00b0 35.591&#8242; N 16\u00b0 13.836&#8242; E<\/a><\/p>\n\n\n\n<p>Botorps (Bottorp) lotsplats tillh\u00f6rde s\u00f6dra distriktet och Kalmar f\u00f6rdelning.<\/p>\n\n\n\n<p>Bel\u00e4get ca 15 km syd Kalmar<\/p>\n\n\n\n<p>Finns inte med i n\u00e5gon f\u00f6rteckning. F\u00f6rsta k\u00e4nda lotsningen \u00e5r 1873 och sista lotsningen 1906<\/p>\n\n\n\n<p>Till Bottorp h\u00f6r en gammal lastageplats, som kan sp\u00e5ras tillbaka till medeltiden. D\u00e4r ska ha funnits ett varv, f\u00f6rmodligen p\u00e5 uddens norra sida. Numera \u00e4r hamnen ett fiskel\u00e4ge. Byggnaderna p\u00e5 hamnplanen best\u00e5r av flera f\u00f6rr\u00e5dshus. D\u00e4r finns ocks\u00e5 ett stort tj\u00e4rkar f\u00f6r impregnering av fiskeredskap. <\/p>\n\n\n\n<p>Vid hamnen l\u00e5g enligt en karta fr\u00e5n 1850 lotsens hus och hamnfogdens hus p\u00e5 norra delen av udden. P\u00e5 udden lagrades stora kvantiteter tr\u00e4varor som skulle skeppas ut. Det kunde vara s\u00e5gade tr\u00e4varor men \u00e4ven \u201dprops\u201d, st\u00f6ttor till de engelska gruvorna. <\/p>\n\n\n\n<p>Fr\u00e5n 1909 tillkom en ny produkt som skulle skeppas ut till \u00d6land, sockerbetor vars slutdestination var nya sockerbruket i M\u00f6rbyl\u00e5nga. Betorna lagrades p\u00e5 hamnplanen i v\u00e4ntan p\u00e5 transport. Fr\u00e5n \u00d6land kom det varor som kalk och kalksten till hamnen och \u00e5tertransporten bestod av ved och tr\u00e4varor. Vid hamnen l\u00e5g \u00e4ven en lotsstation.<\/p>\n\n\n\n<p>Lotsens uppgift var att dels lotsa in b\u00e5tar i hamnen och dels att navigera in skepp till Kalmar. Vid bryggan fanns lotsens flaggst\u00e5ng med lotsflaggan hissad. Den stora l\u00f6nnen \u201dM\u00e4rkeken\u201d  hade en uppgift. Hagtornsbusken p\u00e5 Bosk\u00e4r och M\u00e4rkeken gav enslinjen, en r\u00e4tt riktning f\u00f6r insegling till Bottorps hamn. <\/p>\n\n\n\n<p>Den f\u00f6rsta k\u00e4nde lotsen var fiskaren Jonas Peter Sj\u00f6gren som var antagen till kronolots 1863. Sonen Carl Anton Sj\u00f6gren f\u00f6dd 1862, eftertr\u00e4dde fadern 1890. Det var sonen som uppf\u00f6rde bostadshuset p\u00e5 Bottorp 1:10 \u00e5r 1896 -97. Det finns en uppgift om att det tidigare lotshuset legat p\u00e5 norra delen av udden och att det ska ha varit i tv\u00e5 v\u00e5ningar<\/p>\n\n\n\n<p>Lotsplatsen avvecklad 28 februari 1910<\/p>\n\n\n\n<figure class=\"wp-block-image size-full\"><a href=\"https:\/\/lotsarnastockholm.se\/wp-content\/uploads\/2022\/12\/carlantonsjogren.jpg\"><img fetchpriority=\"high\" decoding=\"async\" width=\"770\" height=\"717\" src=\"https:\/\/lotsarnastockholm.se\/wp-content\/uploads\/2022\/12\/carlantonsjogren.jpg\" alt=\"\" class=\"wp-image-4230\" srcset=\"https:\/\/lotsarnastockholm.se\/wp-content\/uploads\/2022\/12\/carlantonsjogren.jpg 770w, https:\/\/lotsarnastockholm.se\/wp-content\/uploads\/2022\/12\/carlantonsjogren-300x279.jpg 300w, https:\/\/lotsarnastockholm.se\/wp-content\/uploads\/2022\/12\/carlantonsjogren-768x715.jpg 768w\" sizes=\"(max-width: 770px) 100vw, 770px\" \/><\/a><figcaption class=\"wp-element-caption\">M\u00e4sterlots Karl Anton Sj\u00f6gren till v\u00e4nster<\/figcaption><\/figure>\n","protected":false},"excerpt":{"rendered":"<p>56\u00b0 35.591&#8242; N 16\u00b0 13.836&#8242; E Botorps (Bottorp) lotsplats tillh\u00f6rde s\u00f6dra distriktet och Kalmar f\u00f6rdelning. Bel\u00e4get ca 15 km syd Kalmar Finns inte med i n\u00e5gon f\u00f6rteckning. F\u00f6rsta k\u00e4nda lotsningen \u00e5r 1873 och sista lotsningen 1906 Till Bottorp h\u00f6r en gammal lastageplats, som kan sp\u00e5ras tillbaka till medeltiden. D\u00e4r ska ha funnits ett varv, f\u00f6rmodligen&hellip; <a class=\"more-link\" href=\"https:\/\/lotsarnastockholm.se\/index.php\/botorps-lotsplats\/\">Forts\u00e4tt l\u00e4sa <span class=\"screen-reader-text\">Botorps Lotsplats<\/span><\/a><\/p>\n","protected":false},"author":1,"featured_media":0,"parent":0,"menu_order":0,"comment_status":"closed","ping_status":"closed","template":"","meta":{"footnotes":""},"class_list":["post-4229","page","type-page","status-publish","hentry","entry"],"_links":{"self":[{"href":"https:\/\/lotsarnastockholm.se\/index.php\/wp-json\/wp\/v2\/pages\/4229","targetHints":{"allow":["GET"]}}],"collection":[{"href":"https:\/\/lotsarnastockholm.se\/index.php\/wp-json\/wp\/v2\/pages"}],"about":[{"href":"https:\/\/lotsarnastockholm.se\/index.php\/wp-json\/wp\/v2\/types\/page"}],"author":[{"embeddable":true,"href":"https:\/\/lotsarnastockholm.se\/index.php\/wp-json\/wp\/v2\/users\/1"}],"replies":[{"embeddable":true,"href":"https:\/\/lotsarnastockholm.se\/index.php\/wp-json\/wp\/v2\/comments?post=4229"}],"version-history":[{"count":6,"href":"https:\/\/lotsarnastockholm.se\/index.php\/wp-json\/wp\/v2\/pages\/4229\/revisions"}],"predecessor-version":[{"id":5985,"href":"https:\/\/lotsarnastockholm.se\/index.php\/wp-json\/wp\/v2\/pages\/4229\/revisions\/5985"}],"wp:attachment":[{"href":"https:\/\/lotsarnastockholm.se\/index.php\/wp-json\/wp\/v2\/media?parent=4229"}],"curies":[{"name":"wp","href":"https:\/\/api.w.org\/{rel}","templated":true}]}}