{"id":4225,"date":"2022-12-25T22:33:00","date_gmt":"2022-12-25T21:33:00","guid":{"rendered":"https:\/\/lotsarnastockholm.se\/?page_id=4225"},"modified":"2026-02-12T21:32:39","modified_gmt":"2026-02-12T20:32:39","slug":"ekenas-lotsplats","status":"publish","type":"page","link":"https:\/\/lotsarnastockholm.se\/index.php\/ekenas-lotsplats\/","title":{"rendered":"Eken\u00e4s Lotsplats"},"content":{"rendered":"\n<p class=\"has-text-align-center\"><a href=\"https:\/\/www.google.se\/maps\/place\/56%C2%B030'37.9%22N+16%C2%B010'49.6%22E\/@56.5105167,16.1782613,17z\/data=!3m1!4b1!4m4!3m3!8m2!3d56.5105167!4d16.18045\">56\u00b0 30.631&#8242; N 16\u00b0 10.827&#8242; E<\/a><\/p>\n\n\n\n<p>Eken\u00e4s lotsplats inr\u00e4ttad 1888 och nedlagd 14 november 1910<\/p>\n\n\n\n<p>Tillh\u00f6rde S\u00f6dra distriktet, Kalmars f\u00f6rdelning<br>Lotsningsanatalet l\u00e5g p\u00e5 mellan 40-75 per \u00e5r och sista \u00e5ret var det nere p\u00e5 10 lotsningar totalt.<\/p>\n\n\n\n<p>Tre lotsar vid platsen:<\/p>\n\n\n\n<figure class=\"wp-block-table alignwide\"><table class=\"has-fixed-layout\"><tbody><tr><td>Efternamn<\/td><td>F\u00f6rnamn<\/td><td>F\u00f6dd<\/td><td>I Staten<\/td><td>Lpl 1<\/td><td>Lpl 2<\/td><\/tr><tr><td>H\u00f6rgren<\/td><td>Carl<\/td><td>1863<\/td><td>1890<\/td><td>Eken\u00e4s<\/td><td><\/td><\/tr><tr><td>Levin<\/td><td>Carl<\/td><td>1851<\/td><td>1888<\/td><td>Eken\u00e4s<\/td><td><\/td><\/tr><tr><td>Valtin<\/td><td>Johan<\/td><td>1882<\/td><td>1904<\/td><td>Eken\u00e4s<\/td><td>Kalmar<\/td><\/tr><\/tbody><\/table><\/figure>\n","protected":false},"excerpt":{"rendered":"<p>56\u00b0 30.631&#8242; N 16\u00b0 10.827&#8242; E Eken\u00e4s lotsplats inr\u00e4ttad 1888 och nedlagd 14 november 1910 Tillh\u00f6rde S\u00f6dra distriktet, Kalmars f\u00f6rdelningLotsningsanatalet l\u00e5g p\u00e5 mellan 40-75 per \u00e5r och sista \u00e5ret var det nere p\u00e5 10 lotsningar totalt. Tre lotsar vid platsen: Efternamn F\u00f6rnamn F\u00f6dd I Staten Lpl 1 Lpl 2 H\u00f6rgren Carl 1863 1890 Eken\u00e4s Levin&hellip; <a class=\"more-link\" href=\"https:\/\/lotsarnastockholm.se\/index.php\/ekenas-lotsplats\/\">Forts\u00e4tt l\u00e4sa <span class=\"screen-reader-text\">Eken\u00e4s Lotsplats<\/span><\/a><\/p>\n","protected":false},"author":1,"featured_media":0,"parent":0,"menu_order":0,"comment_status":"closed","ping_status":"closed","template":"","meta":{"footnotes":""},"class_list":["post-4225","page","type-page","status-publish","hentry","entry"],"_links":{"self":[{"href":"https:\/\/lotsarnastockholm.se\/index.php\/wp-json\/wp\/v2\/pages\/4225","targetHints":{"allow":["GET"]}}],"collection":[{"href":"https:\/\/lotsarnastockholm.se\/index.php\/wp-json\/wp\/v2\/pages"}],"about":[{"href":"https:\/\/lotsarnastockholm.se\/index.php\/wp-json\/wp\/v2\/types\/page"}],"author":[{"embeddable":true,"href":"https:\/\/lotsarnastockholm.se\/index.php\/wp-json\/wp\/v2\/users\/1"}],"replies":[{"embeddable":true,"href":"https:\/\/lotsarnastockholm.se\/index.php\/wp-json\/wp\/v2\/comments?post=4225"}],"version-history":[{"count":4,"href":"https:\/\/lotsarnastockholm.se\/index.php\/wp-json\/wp\/v2\/pages\/4225\/revisions"}],"predecessor-version":[{"id":7621,"href":"https:\/\/lotsarnastockholm.se\/index.php\/wp-json\/wp\/v2\/pages\/4225\/revisions\/7621"}],"wp:attachment":[{"href":"https:\/\/lotsarnastockholm.se\/index.php\/wp-json\/wp\/v2\/media?parent=4225"}],"curies":[{"name":"wp","href":"https:\/\/api.w.org\/{rel}","templated":true}]}}