{"id":4219,"date":"2022-12-25T22:13:26","date_gmt":"2022-12-25T21:13:26","guid":{"rendered":"https:\/\/lotsarnastockholm.se\/?page_id=4219"},"modified":"2026-02-11T17:36:06","modified_gmt":"2026-02-11T16:36:06","slug":"degerhamn","status":"publish","type":"page","link":"https:\/\/lotsarnastockholm.se\/index.php\/degerhamn\/","title":{"rendered":"Degerhamn Lotsplats"},"content":{"rendered":"\n<p class=\"has-text-align-center\"><a href=\"https:\/\/www.google.se\/maps\/place\/56%C2%B021'12.9%22N+16%C2%B024'23.2%22E\/@56.3535833,16.4042446,17z\/data=!3m1!4b1!4m4!3m3!8m2!3d56.3535833!4d16.4064333\">56\u00b0 21.215&#8242; N 16\u00b0 24.386&#8242; E<\/a><\/p>\n\n\n\n<p>Finns ej med 1799 men i 1820 \u00e5rs f\u00f6rteckning. Indragen 1 oktober 1936<\/p>\n\n\n\n<p>Ligger p\u00e5 \u00d6land SV kust, Tillh\u00f6rde s\u00f6dra lotsdistriktet under Kalmars f\u00f6rdelning och lots\u00e5lderman i Borgholm.<br>Ur 1820 \u00e5rs f\u00f6rteckning: Lotsning till Kalmar, Kristianopel, Bergkvara till sj\u00f6ss, fr\u00e5n K\u00e5rholmen till sj\u00f6ss fr\u00e5n Gr\u00e4sg\u00e5rdshamn till sj\u00f6ss.<br>Enl. 1820 \u00e5rs f\u00f6rordning skall Lpl ha 1 m\u00e4sterlots, 1 secund lots och 1 lotsl\u00e4rling. Lots uppassa vid hamnen och emottaga fartyg utanf\u00f6r grunden.<\/p>\n\n\n\n<p>Ur reglemente 1863: Lotsningsomr\u00e5de Fr\u00e5n Degerhamn till Kalmar respektive Kristianopel, Bergkvara, till sj\u00f6ss eller fr\u00e5n sj\u00f6n<\/p>\n\n\n\n<p>1892 uppf\u00f6rdes ett lotsuppassningshus<\/p>\n\n\n\n<p>Den 1 nov 1910 lyckades lotsf\u00f6rman och en lotsl\u00e4rling vid Degerhamns lotsplats samt en fiskare under sv\u00e5ra v\u00e4derleksf\u00f6rh\u00e5llanden b\u00e4rga bes\u00e4ttningen \u00e5 det f\u00f6rolyckade barkskeppet SUPERIOR. F\u00f6r ifr\u00e5gavarande r\u00e4ddningsf\u00f6retag som var f\u00f6renat med fara tilldela lotsf\u00f6rmannen 20 kr och de b\u00e5da andra 15 kr vardera.<\/p>\n\n\n\n<p>Ur lotsledsf\u00f6rteckningen 1916: Lots uppassa vid hamnen, Lotsleder fr\u00e5n sj\u00f6n vid Degerhamn eller tv\u00e4rtom.<\/p>\n\n\n\n<p>1920 \u00e5rs b\u00e5tbest\u00e5nd:<br>1 segelb\u00e5t byggd 1916 i ek, 6.2m x 2m<\/p>\n\n\n\n<p>F\u00f6ljande lotsar i Degerhamn samt \u00f6vriga Lpl de varit p\u00e5 i kronologisk ordning<\/p>\n\n\n\n<figure class=\"wp-block-table alignwide\"><table class=\"has-fixed-layout\"><tbody><tr><td><strong>Efternamn<\/strong><\/td><td><strong>F\u00f6rnamn<\/strong><\/td><td><strong>F\u00f6dd<\/strong><\/td><td><strong>I Staten<\/strong><\/td><td><strong>Lpl 1<\/strong><\/td><td><strong>Lpl 2<\/strong><\/td><td><strong>Lpl 3<\/strong><\/td><\/tr><tr><td>K\u00f6nig<\/td><td>Johan<\/td><td>1884<\/td><td><\/td><td>Degerhamn<\/td><td><\/td><td><\/td><\/tr><tr><td>Lundin<\/td><td>Per<\/td><td>1856<\/td><td>1881<\/td><td>L\u00e5ng\u00f6ren<\/td><td>Degerhamn<\/td><td><\/td><\/tr><tr><td>Bryniel<\/td><td>Bror<\/td><td>1867<\/td><td>1890<\/td><td>Degerhamn<\/td><td><\/td><td><\/td><\/tr><tr><td>Bark<\/td><td>Peter<\/td><td>1877<\/td><td>1897<\/td><td>Degerhamn<\/td><td><\/td><td><\/td><\/tr><tr><td>Sj\u00f6berg<\/td><td>Albin<\/td><td>1873<\/td><td>1898<\/td><td>Degerhamn<\/td><td>Borgholm<\/td><td><\/td><\/tr><tr><td>Linde<\/td><td>Gunnar<\/td><td>1882<\/td><td>1904<\/td><td>Degerhamn<\/td><td>Bergkvara<\/td><td><\/td><\/tr><tr><td>Sj\u00f6berg<\/td><td>Albin<\/td><td>1909<\/td><td>1932<\/td><td>Degerhamn<\/td><td>Borgholm<\/td><td>Sk\u00e4ggen\u00e4s\/ Kalmar<\/td><\/tr><\/tbody><\/table><\/figure>\n","protected":false},"excerpt":{"rendered":"<p>56\u00b0 21.215&#8242; N 16\u00b0 24.386&#8242; E Finns ej med 1799 men i 1820 \u00e5rs f\u00f6rteckning. Indragen 1 oktober 1936 Ligger p\u00e5 \u00d6land SV kust, Tillh\u00f6rde s\u00f6dra lotsdistriktet under Kalmars f\u00f6rdelning och lots\u00e5lderman i Borgholm.Ur 1820 \u00e5rs f\u00f6rteckning: Lotsning till Kalmar, Kristianopel, Bergkvara till sj\u00f6ss, fr\u00e5n K\u00e5rholmen till sj\u00f6ss fr\u00e5n Gr\u00e4sg\u00e5rdshamn till sj\u00f6ss.Enl. 1820 \u00e5rs f\u00f6rordning&hellip; <a class=\"more-link\" href=\"https:\/\/lotsarnastockholm.se\/index.php\/degerhamn\/\">Forts\u00e4tt l\u00e4sa <span class=\"screen-reader-text\">Degerhamn Lotsplats<\/span><\/a><\/p>\n","protected":false},"author":1,"featured_media":0,"parent":0,"menu_order":0,"comment_status":"closed","ping_status":"closed","template":"","meta":{"footnotes":""},"class_list":["post-4219","page","type-page","status-publish","hentry","entry"],"_links":{"self":[{"href":"https:\/\/lotsarnastockholm.se\/index.php\/wp-json\/wp\/v2\/pages\/4219","targetHints":{"allow":["GET"]}}],"collection":[{"href":"https:\/\/lotsarnastockholm.se\/index.php\/wp-json\/wp\/v2\/pages"}],"about":[{"href":"https:\/\/lotsarnastockholm.se\/index.php\/wp-json\/wp\/v2\/types\/page"}],"author":[{"embeddable":true,"href":"https:\/\/lotsarnastockholm.se\/index.php\/wp-json\/wp\/v2\/users\/1"}],"replies":[{"embeddable":true,"href":"https:\/\/lotsarnastockholm.se\/index.php\/wp-json\/wp\/v2\/comments?post=4219"}],"version-history":[{"count":6,"href":"https:\/\/lotsarnastockholm.se\/index.php\/wp-json\/wp\/v2\/pages\/4219\/revisions"}],"predecessor-version":[{"id":7606,"href":"https:\/\/lotsarnastockholm.se\/index.php\/wp-json\/wp\/v2\/pages\/4219\/revisions\/7606"}],"wp:attachment":[{"href":"https:\/\/lotsarnastockholm.se\/index.php\/wp-json\/wp\/v2\/media?parent=4219"}],"curies":[{"name":"wp","href":"https:\/\/api.w.org\/{rel}","templated":true}]}}