{"id":4211,"date":"2022-12-23T21:46:05","date_gmt":"2022-12-23T20:46:05","guid":{"rendered":"https:\/\/lotsarnastockholm.se\/?page_id=4211"},"modified":"2022-12-23T22:18:09","modified_gmt":"2022-12-23T21:18:09","slug":"k-majtz-stadga-1697","status":"publish","type":"page","link":"https:\/\/lotsarnastockholm.se\/index.php\/k-majtz-stadga-1697\/","title":{"rendered":"K. Maj:tz Stadga 1697"},"content":{"rendered":"\n<p>Nedan f\u00f6ljer endast delar av Stadga och f\u00f6rordning, kap 16, 17 och 18. F\u00e5r jag tag i hela boka l\u00e4gger jag ut den<\/p>\n\n\n\n<p><strong>Kongl. May:tz<\/strong><\/p>\n\n\n\n<p><strong>Stadga och F\u00f6rordning<\/strong><\/p>\n\n\n\n<p><strong>Ang\u00e5ende F\u00f6rdelningen upp\u00e5 samptel. Lootzarnes B\u00f6rder och hwad Styrning dem hwar i synnerheet tillkommer\/ med bifogad Taxa, huru Lootzpenningarne \u00f6fwer alt af de Traffiquerande betalas b\u00f6re.<\/strong><\/p>\n\n\n\n<p><strong>Dat. Stockholm den 20 Martii 1697<\/strong>.<\/p>\n\n\n\n<p>XVI.<\/p>\n\n\n\n<p>Stadz-Lootzarnes plicht i Marstrand \u00e4r\/at uppwachta och uthur Si\u00f6n dijt i hambnen inlootza alle de Skepp och Fahrk\u00e5star som willia dijt in\/sammaledes derifr\u00e5n uth til si\u00f6s igen\/ item de Skepp och Fahrk\u00e5star som g\u00e5 der ifr\u00e5n til Kalfwesund\/ hwarest Gi\u00f6theborgz Lootzarne dem\/s\u00e5som sagt \u00e4r\/ afl\u00f6sa\/ och \u00e4nda fram til Gi\u00f6theborg lootza\/ sorterandes bem:te Lootzar under den der i Staden f\u00f6rordnade Uppsyningzmannen\/ och betahlas Lootzpenningarne \u00e5th dem p\u00e5 f\u00f6lliande s\u00e4tt\/ n\u00e4mbl. f\u00f6r inlootzningen&nbsp; uthur Si\u00f6n in i Hambnen af en Fahrk\u00e5st&nbsp; til 5 a 6 Foot\/ in alles 1 D:r 16 \u00f6re S\u00f6lf:mt\/ och f\u00f6r ett Skepp eller Fahrk\u00e5st som g\u00e5r der\u00f6fwer til 10 foot\/ 8 \u00f6re S:rM:t\/ och de der\u00f6fwer til 14 foot liggiande\/ 10 \u00f6re S\u00f6lf:mt\/ samt de diupare g\u00e5ende\/ 12 \u00f6re S:mt f\u00f6r hwar foot\/ och \u00e4fwen s\u00e5 mycket f\u00f6r utlootzningen derifr\u00e5n til si\u00f6s igen\/ item f\u00f6r Lootzningen den indre Leeden ifr\u00e5n Marstrand til Kalfwesund\/ lijka som f\u00f6r Lootzandet emillan Gi\u00f6theborg och Kalfwesund i f\u00f6reg\u00e5ende punct f\u00f6rm\u00e4lt \u00e4r.<\/p>\n\n\n\n<p>XVII.<\/p>\n\n\n\n<p>D\u00e4rn\u00e4st och hwad de \u00f6vrige dehlarne af Boohuusl\u00e4nske Cousterne anbelangar\/ s\u00e5 \u00e4re fullan \u00e4nnu inge flere ordinarie Lootzar p\u00e5 bem:te Couster f\u00f6rordnade\/\u00e4n i de n\u00e4st \u00e5fwanbem:te orter wid Gi\u00f6theborg och Marstrand; men som lijkw\u00e4l ibland h\u00e4nder\/ at s\u00e5 w\u00e4l f\u00f6r Kongl. May:tz egne som privatorum Skepp och Fahrk\u00e5star\/ hwilke p\u00e5 desse Couster komma at segla\/ erfordras n\u00e5gon ledsagning och adsistence, dy skole alle de p\u00e5 Boohuus Cousten boende Fiskare och Strandsittiare wara skylldige\/ n\u00e4r som p\u00e5fordras\/ at bewijsa de Si\u00f6farande igemeen wid n\u00f6dfall\/ all gi\u00f6rlig tienst och uppwachtning med Lootzande och elliest emoot en billig betalning\/ som med omaket och Fahrwattnetz beskaffenhet enlig \u00e4r; och som de icke mindre \u00e4n andre Kongl. May:tz Unders\u00e5tare \u00e4ro Kongl. May:t med troohet och lydno f\u00f6rbundne\/ dy \u00e4ro de och plichtige\/ at willigt uppwachta och med ledsagning betiena Kongl. May:tz Skepp och Fahrk\u00e5star\/ en\u00e4r s\u00e5 beh\u00f6fwes\/ som doch s\u00e4llan skee pl\u00e4gar\/ til hwilken \u00e4nda dem \u00e4fwen \u00e5ligger s\u00e5 mycket som m\u00f6yeliget \u00e4r\/ at st\u00e4dze beflijta sig\/ til gi\u00f6ra sig informerade och erfarne om Fahrwattnetz beskaffenhet med Grund\/ Hambnar och annat mehra\/ alldenstund dem och s\u00e4rdeles f\u00f6rm\u00e5ner af Kongl. May:t derf\u00f6re i n\u00e5der f\u00f6rundte \u00e4re\/ i synnerhet de wid Kl\u00e4dzholmen\/ Ki\u00e4ring\u00f6\/ Gullhollmen\/ Sothehufwud\/ Hafsteenssunds Kl\u00e5ster\/ etc. skolandes elliest Uppsyningzmannen i Marstrand tijd efter annan skaffa sig godt besked derom\/ hwilka af f\u00f6rbem:te orters \u00e5boer om Fahrwattnet b\u00e4sta kundskapen och befarenheten hafwa\/ at han m\u00e5 wetta wid f\u00f6refallande tilf\u00e4lle\/ d\u00e5 de beh\u00f6fwes\/ at gifwa p\u00e5 dem f\u00f6rslag.<\/p>\n\n\n\n<p>XVIII.<\/p>\n\n\n\n<p>Sedan och betr\u00e4ffande lootsarne p\u00e5 den Finske Cousten, s\u00e5 er Lootsarnes plicht upp\u00e5 den stora \u00c5boleden wiijd Uth\u00f6\/at instyra alle de uthur Sji\u00f6n kommande Fahrk\u00e5star d\u00e4r in i hambnen och sedan derifr\u00e5n til Korpostr\u00f6m och de wid Korspostr\u00f6m derifr\u00e5n in til Staden \u00c5bo\/ hafvandes StadzLootsarne i \u00c5boo \u00e5ter at lootsa de derifr\u00e5n utg\u00e5ende til Korspostr\u00f6m och de vid Korspostr\u00f6m derifr\u00e5n til Uth\u00f6n igen\/ och de i Uth\u00f6n alle derifr\u00e5n til si\u00f6s uthg\u00e5ende\/ depederandes samtliga ber\u00f6rda lootsar under uppsyningsmannen i \u00c5bo och niuta de sin betalning i Lootspenningar s\u00e5som efterf\u00f6llier\/ nembl. f\u00f6r inlotsandet ifr\u00e5n si\u00f6n in i hambnen eller p\u00e5 redden wid Uth\u00f6 f\u00f6r en Fahrk\u00e5st til5 a 6 foot\/ 24 \u00f6re S:mt\/ och f\u00f6r de skepp eller fartyg\/ som g\u00e5 der\u00f6fwer till 10 foot\/ 1 Dal S\u00f6lf:mt\/ och de som liggia diupare\/ 1 Dal.16 \u00f6re S:r-M:t inalles; men ifr\u00e5n Uth\u00f6n til Kosprostr\u00f6m\/ betales f\u00f6r en Fahrk\u00e5st til 5 a 6 foot inalles 2 Dal.16 \u00f6re Silf:mt\/ och de som liggia der\u00f6fwer til 12 foot\/12 \u00f6re Silf:mt\/ och de der\u00f6fwer g\u00e5ende\/ 14 \u00f6re Silf:mt f\u00f6r hwaar foot\/ samma betahlning gifwes och f\u00f6r lootsningen af de&nbsp; \u00e5 den ena sidan derifr\u00e5n Korpostr\u00f6m til \u00c5bo g\u00e5ende och jembw\u00e4l \u00e5 andre sidan derifr\u00e5n til Uth\u00f6n\/ bekommandes jembw\u00e4l lootsarna i \u00c5bo f\u00f6r deras styrning ifr\u00e5n Staden til Korpostr\u00f6m samma betahlning; Men hwad den \u00f6frige finske Ski\u00e4ren med \u00c5hland och hela Norbottn samt Custerne af Finland\/ Carelen och Ingermanland ang\u00e5r s\u00e5 finner Kongl. May:t sk\u00e4ligt\/ at\u2026\u2026..<\/p>\n\n\n\n<figure class=\"wp-block-gallery has-nested-images columns-default is-cropped wp-block-gallery-1 is-layout-flex wp-block-gallery-is-layout-flex\">\n<figure class=\"wp-block-image size-large\"><a href=\"https:\/\/lotsarnastockholm.se\/wp-content\/uploads\/2022\/02\/IMG_0002-1.jpg\"><img fetchpriority=\"high\" decoding=\"async\" width=\"805\" height=\"1024\" data-id=\"3713\" src=\"https:\/\/lotsarnastockholm.se\/wp-content\/uploads\/2022\/02\/IMG_0002-1-805x1024.jpg\" alt=\"\" class=\"wp-image-3713\" srcset=\"https:\/\/lotsarnastockholm.se\/wp-content\/uploads\/2022\/02\/IMG_0002-1-805x1024.jpg 805w, https:\/\/lotsarnastockholm.se\/wp-content\/uploads\/2022\/02\/IMG_0002-1-236x300.jpg 236w, https:\/\/lotsarnastockholm.se\/wp-content\/uploads\/2022\/02\/IMG_0002-1-768x977.jpg 768w, https:\/\/lotsarnastockholm.se\/wp-content\/uploads\/2022\/02\/IMG_0002-1-1208x1536.jpg 1208w, https:\/\/lotsarnastockholm.se\/wp-content\/uploads\/2022\/02\/IMG_0002-1.jpg 1568w\" sizes=\"(max-width: 805px) 100vw, 805px\" \/><\/a><\/figure>\n\n\n\n<figure class=\"wp-block-image size-large\"><a href=\"https:\/\/lotsarnastockholm.se\/wp-content\/uploads\/2022\/02\/IMG_0003.jpg\"><img decoding=\"async\" width=\"683\" height=\"1024\" data-id=\"3715\" src=\"https:\/\/lotsarnastockholm.se\/wp-content\/uploads\/2022\/02\/IMG_0003-683x1024.jpg\" alt=\"\" class=\"wp-image-3715\" srcset=\"https:\/\/lotsarnastockholm.se\/wp-content\/uploads\/2022\/02\/IMG_0003-683x1024.jpg 683w, https:\/\/lotsarnastockholm.se\/wp-content\/uploads\/2022\/02\/IMG_0003-200x300.jpg 200w, https:\/\/lotsarnastockholm.se\/wp-content\/uploads\/2022\/02\/IMG_0003-768x1151.jpg 768w, https:\/\/lotsarnastockholm.se\/wp-content\/uploads\/2022\/02\/IMG_0003-1025x1536.jpg 1025w, https:\/\/lotsarnastockholm.se\/wp-content\/uploads\/2022\/02\/IMG_0003.jpg 1358w\" sizes=\"(max-width: 683px) 100vw, 683px\" \/><\/a><\/figure>\n\n\n\n<figure class=\"wp-block-image size-large\"><a href=\"https:\/\/lotsarnastockholm.se\/wp-content\/uploads\/2022\/02\/IMG_0004.jpg\"><img decoding=\"async\" width=\"717\" height=\"1024\" data-id=\"3714\" src=\"https:\/\/lotsarnastockholm.se\/wp-content\/uploads\/2022\/02\/IMG_0004-717x1024.jpg\" alt=\"\" class=\"wp-image-3714\" srcset=\"https:\/\/lotsarnastockholm.se\/wp-content\/uploads\/2022\/02\/IMG_0004-717x1024.jpg 717w, https:\/\/lotsarnastockholm.se\/wp-content\/uploads\/2022\/02\/IMG_0004-210x300.jpg 210w, https:\/\/lotsarnastockholm.se\/wp-content\/uploads\/2022\/02\/IMG_0004-768x1097.jpg 768w, https:\/\/lotsarnastockholm.se\/wp-content\/uploads\/2022\/02\/IMG_0004-1076x1536.jpg 1076w, https:\/\/lotsarnastockholm.se\/wp-content\/uploads\/2022\/02\/IMG_0004.jpg 1358w\" sizes=\"(max-width: 717px) 100vw, 717px\" \/><\/a><\/figure>\n<\/figure>\n","protected":false},"excerpt":{"rendered":"<p>Nedan f\u00f6ljer endast delar av Stadga och f\u00f6rordning, kap 16, 17 och 18. F\u00e5r jag tag i hela boka l\u00e4gger jag ut den Kongl. May:tz Stadga och F\u00f6rordning Ang\u00e5ende F\u00f6rdelningen upp\u00e5 samptel. Lootzarnes B\u00f6rder och hwad Styrning dem hwar i synnerheet tillkommer\/ med bifogad Taxa, huru Lootzpenningarne \u00f6fwer alt af de Traffiquerande betalas b\u00f6re. Dat.&hellip; <a class=\"more-link\" href=\"https:\/\/lotsarnastockholm.se\/index.php\/k-majtz-stadga-1697\/\">Forts\u00e4tt l\u00e4sa <span class=\"screen-reader-text\">K. Maj:tz Stadga 1697<\/span><\/a><\/p>\n","protected":false},"author":1,"featured_media":0,"parent":0,"menu_order":0,"comment_status":"closed","ping_status":"closed","template":"","meta":{"footnotes":""},"class_list":["post-4211","page","type-page","status-publish","hentry","entry"],"_links":{"self":[{"href":"https:\/\/lotsarnastockholm.se\/index.php\/wp-json\/wp\/v2\/pages\/4211","targetHints":{"allow":["GET"]}}],"collection":[{"href":"https:\/\/lotsarnastockholm.se\/index.php\/wp-json\/wp\/v2\/pages"}],"about":[{"href":"https:\/\/lotsarnastockholm.se\/index.php\/wp-json\/wp\/v2\/types\/page"}],"author":[{"embeddable":true,"href":"https:\/\/lotsarnastockholm.se\/index.php\/wp-json\/wp\/v2\/users\/1"}],"replies":[{"embeddable":true,"href":"https:\/\/lotsarnastockholm.se\/index.php\/wp-json\/wp\/v2\/comments?post=4211"}],"version-history":[{"count":2,"href":"https:\/\/lotsarnastockholm.se\/index.php\/wp-json\/wp\/v2\/pages\/4211\/revisions"}],"predecessor-version":[{"id":4218,"href":"https:\/\/lotsarnastockholm.se\/index.php\/wp-json\/wp\/v2\/pages\/4211\/revisions\/4218"}],"wp:attachment":[{"href":"https:\/\/lotsarnastockholm.se\/index.php\/wp-json\/wp\/v2\/media?parent=4211"}],"curies":[{"name":"wp","href":"https:\/\/api.w.org\/{rel}","templated":true}]}}