{"id":4182,"date":"2022-12-21T22:24:34","date_gmt":"2022-12-21T21:24:34","guid":{"rendered":"https:\/\/lotsarnastockholm.se\/?page_id=4182"},"modified":"2023-11-16T08:52:33","modified_gmt":"2023-11-16T07:52:33","slug":"grasgardshamns-lotsplats","status":"publish","type":"page","link":"https:\/\/lotsarnastockholm.se\/index.php\/grasgardshamns-lotsplats\/","title":{"rendered":"Gr\u00e4sg\u00e5rdshamn Lotsplats"},"content":{"rendered":"\n<p class=\"has-text-align-center\"><a href=\"https:\/\/www.google.se\/maps\/place\/56%C2%B019'01.9%22N+16%C2%B031'53.5%22E\/@56.3171833,16.5293446,17z\/data=!3m1!4b1!4m4!3m3!8m2!3d56.3171833!4d16.5315333\">56\u00b0 19.031&#8242; N 16\u00b0 31.892&#8242; E<\/a><\/p>\n\n\n\n<p>Gr\u00e4sg\u00e5rdshamns lotsplats (\u00d6lands sydostkust)<\/p>\n\n\n\n<p>Enligt 1820 \u00e5rs reglemente lyder den under \u00c5lderman i Borgholm med en m\u00e4sterlots och 1 l\u00e4rling<\/p>\n\n\n\n<p>Lotsarna uppassa vid Fiskbodarna och m\u00f6ta fartygen utanf\u00f6r grunden.<\/p>\n\n\n\n<p>Gr\u00e4sg\u00e5rdshamn finns bara omn\u00e4mnd i 1820 \u00e5rs reglemente, inget f\u00f6re eller efter. Ej heller finns uppgifter om vilka som lotsat d\u00e4r.<\/p>\n\n\n\n<p>Det \u00e4r ju ocks\u00e5 s\u00e5 att reglementen utf\u00e4rdades i Stockholm och det var ofta en m\u00e5ls\u00e4ttning hur det skulle se ut runt om i Sverige men det kanske inte alltid blev s\u00e5 i verkligheten. Sv\u00e5righeter att f\u00e5 tag i kompetent folk var nog den vanligaste orsaken men \u00e4ven kan det ha funnits &#8221;prestige&#8221; b\u00e5de i Stockholm  som p\u00e5 den lokala orten att ha en lotsplats. <\/p>\n\n\n\n<p>Om Gr\u00e4sg\u00e5rdshamn st\u00e5r f\u00f6ljande i Svenske Lotsen 1853<br>Gr\u00e4sg\u00e5rds hamn \u00e4r \u00f6ppen f\u00f6r syd och sydv\u00e4stlig sj\u00f6g\u00e5ng och kan endast med s\u00e4kerhet begagnas av 4 till 5 fot djg fartyg vilka finna skydd tv\u00e4rs f\u00f6r Gammelby sj\u00f6bodar.<\/p>\n\n\n\n<p>Inloppet \u00e4r 2 kablar brett och har 10-14 fots djup, r\u00e4cker v.p. 6 kablar innanf\u00f6r revet och utg\u00f6r hamnen. Fasta sj\u00f6m\u00e4rken f\u00f6r insegling finns ej, endast sk m\u00e4rketr\u00e4d, egentligen tv\u00e5 buskar, den ena v\u00e4xande vid stranden tv\u00e4rs f\u00f6r Gr\u00e4sg\u00e5rds kyrka, den andra mitt emot Gammelbj\u00f6rssk\u00e4ret.&nbsp;<\/p>\n\n\n\n<p>Men ingen obekant kan s\u00f6ka in p\u00e5 dessa vanskliga m\u00e4rken. I vackert v\u00e4der kan man dock ang\u00f6ra med att bringa Gr\u00e4sg\u00e5rds kyrka&nbsp; i NV \u00bd V&nbsp; och styra denna kurs med flitigt begagnade av lodet samt antingen stoppa upp med ankaret p\u00e5 5 famnars djup, stenblandad botten eller l\u00e4gga bi tills man f\u00e5tt n\u00e5got slags lotsbitr\u00e4de att g\u00e5 in.<\/p>\n","protected":false},"excerpt":{"rendered":"<p>56\u00b0 19.031&#8242; N 16\u00b0 31.892&#8242; E Gr\u00e4sg\u00e5rdshamns lotsplats (\u00d6lands sydostkust) Enligt 1820 \u00e5rs reglemente lyder den under \u00c5lderman i Borgholm med en m\u00e4sterlots och 1 l\u00e4rling Lotsarna uppassa vid Fiskbodarna och m\u00f6ta fartygen utanf\u00f6r grunden. Gr\u00e4sg\u00e5rdshamn finns bara omn\u00e4mnd i 1820 \u00e5rs reglemente, inget f\u00f6re eller efter. Ej heller finns uppgifter om vilka som lotsat&hellip; <a class=\"more-link\" href=\"https:\/\/lotsarnastockholm.se\/index.php\/grasgardshamns-lotsplats\/\">Forts\u00e4tt l\u00e4sa <span class=\"screen-reader-text\">Gr\u00e4sg\u00e5rdshamn Lotsplats<\/span><\/a><\/p>\n","protected":false},"author":1,"featured_media":0,"parent":0,"menu_order":0,"comment_status":"closed","ping_status":"closed","template":"","meta":{"footnotes":""},"class_list":["post-4182","page","type-page","status-publish","hentry","entry"],"_links":{"self":[{"href":"https:\/\/lotsarnastockholm.se\/index.php\/wp-json\/wp\/v2\/pages\/4182","targetHints":{"allow":["GET"]}}],"collection":[{"href":"https:\/\/lotsarnastockholm.se\/index.php\/wp-json\/wp\/v2\/pages"}],"about":[{"href":"https:\/\/lotsarnastockholm.se\/index.php\/wp-json\/wp\/v2\/types\/page"}],"author":[{"embeddable":true,"href":"https:\/\/lotsarnastockholm.se\/index.php\/wp-json\/wp\/v2\/users\/1"}],"replies":[{"embeddable":true,"href":"https:\/\/lotsarnastockholm.se\/index.php\/wp-json\/wp\/v2\/comments?post=4182"}],"version-history":[{"count":5,"href":"https:\/\/lotsarnastockholm.se\/index.php\/wp-json\/wp\/v2\/pages\/4182\/revisions"}],"predecessor-version":[{"id":5834,"href":"https:\/\/lotsarnastockholm.se\/index.php\/wp-json\/wp\/v2\/pages\/4182\/revisions\/5834"}],"wp:attachment":[{"href":"https:\/\/lotsarnastockholm.se\/index.php\/wp-json\/wp\/v2\/media?parent=4182"}],"curies":[{"name":"wp","href":"https:\/\/api.w.org\/{rel}","templated":true}]}}