{"id":4177,"date":"2022-12-21T20:40:21","date_gmt":"2022-12-21T19:40:21","guid":{"rendered":"https:\/\/lotsarnastockholm.se\/?page_id=4177"},"modified":"2023-04-10T20:51:34","modified_gmt":"2023-04-10T19:51:34","slug":"breaviks-lotsplats","status":"publish","type":"page","link":"https:\/\/lotsarnastockholm.se\/index.php\/breaviks-lotsplats\/","title":{"rendered":"Breaviks Lotsplats"},"content":{"rendered":"\n<p class=\"has-text-align-center\"><a href=\"https:\/\/www.google.se\/maps\/place\/56%C2%B017'41.4%22N+16%C2%B003'10.0%22E\/@56.2948333,16.0505946,17z\/data=!3m1!4b1!4m4!3m3!8m2!3d56.2948333!4d16.0527833\">56\u00b0 17.690&#8242; N 16\u00b0 3.167&#8242; E<\/a><\/p>\n\n\n\n<p>Breavik (Bredavik)<\/p>\n\n\n\n<p>Inr\u00e4ttades efter 1744, indrogs 1805. Tillh\u00f6rde s\u00f6dra distriktet, Carlskrona f\u00f6rdelning.<\/p>\n\n\n\n<p>Reglementet f\u00f6r 1799 : Under chefen s\u00e5som uppsyningsman f\u00f6r Carlskrona f\u00f6rdelning lyder Breaviks lotsplats. Lotsplatsen lyder under lots\u00e5ldermannen i L\u00e5ng\u00f6ren med 1 lots, 1 utl\u00e4rd reservlotsdr\u00e4ng och 1 lotsl\u00e4rling.<\/p>\n\n\n\n<p>Lotsningsomr\u00e5det: <em>Breaviks lotsarna uppassa wid Trolleboda, en fjerdedels mil fr\u00e5n hamnen emottaga fr\u00e5n sj\u00f6n at inlotsa och utlotsa til sj\u00f6ss, samt till Bergquara, til Christianopel<\/em>.<\/p>\n\n\n\n<p>Breavik finns inte med i 1744 \u00e5rs rulla eller i Reglementet 1817 eller 1863.<\/p>\n\n\n\n<p>Inga uppgifter p\u00e5 lotsar finns<\/p>\n\n\n\n<figure class=\"wp-block-image size-full\"><a href=\"https:\/\/lotsarnastockholm.se\/wp-content\/uploads\/2022\/12\/karta-1.jpg\"><img fetchpriority=\"high\" decoding=\"async\" width=\"763\" height=\"699\" src=\"https:\/\/lotsarnastockholm.se\/wp-content\/uploads\/2022\/12\/karta-1.jpg\" alt=\"\" class=\"wp-image-4178\" srcset=\"https:\/\/lotsarnastockholm.se\/wp-content\/uploads\/2022\/12\/karta-1.jpg 763w, https:\/\/lotsarnastockholm.se\/wp-content\/uploads\/2022\/12\/karta-1-300x275.jpg 300w\" sizes=\"(max-width: 763px) 100vw, 763px\" \/><\/a><figcaption class=\"wp-element-caption\">Bredaviksudde \u00e4r troligen det som var Breaviks lotsplats<\/figcaption><\/figure>\n","protected":false},"excerpt":{"rendered":"<p>56\u00b0 17.690&#8242; N 16\u00b0 3.167&#8242; E Breavik (Bredavik) Inr\u00e4ttades efter 1744, indrogs 1805. Tillh\u00f6rde s\u00f6dra distriktet, Carlskrona f\u00f6rdelning. Reglementet f\u00f6r 1799 : Under chefen s\u00e5som uppsyningsman f\u00f6r Carlskrona f\u00f6rdelning lyder Breaviks lotsplats. Lotsplatsen lyder under lots\u00e5ldermannen i L\u00e5ng\u00f6ren med 1 lots, 1 utl\u00e4rd reservlotsdr\u00e4ng och 1 lotsl\u00e4rling. Lotsningsomr\u00e5det: Breaviks lotsarna uppassa wid Trolleboda, en fjerdedels&hellip; <a class=\"more-link\" href=\"https:\/\/lotsarnastockholm.se\/index.php\/breaviks-lotsplats\/\">Forts\u00e4tt l\u00e4sa <span class=\"screen-reader-text\">Breaviks Lotsplats<\/span><\/a><\/p>\n","protected":false},"author":1,"featured_media":0,"parent":0,"menu_order":0,"comment_status":"closed","ping_status":"closed","template":"","meta":{"footnotes":""},"class_list":["post-4177","page","type-page","status-publish","hentry","entry"],"_links":{"self":[{"href":"https:\/\/lotsarnastockholm.se\/index.php\/wp-json\/wp\/v2\/pages\/4177","targetHints":{"allow":["GET"]}}],"collection":[{"href":"https:\/\/lotsarnastockholm.se\/index.php\/wp-json\/wp\/v2\/pages"}],"about":[{"href":"https:\/\/lotsarnastockholm.se\/index.php\/wp-json\/wp\/v2\/types\/page"}],"author":[{"embeddable":true,"href":"https:\/\/lotsarnastockholm.se\/index.php\/wp-json\/wp\/v2\/users\/1"}],"replies":[{"embeddable":true,"href":"https:\/\/lotsarnastockholm.se\/index.php\/wp-json\/wp\/v2\/comments?post=4177"}],"version-history":[{"count":4,"href":"https:\/\/lotsarnastockholm.se\/index.php\/wp-json\/wp\/v2\/pages\/4177\/revisions"}],"predecessor-version":[{"id":5395,"href":"https:\/\/lotsarnastockholm.se\/index.php\/wp-json\/wp\/v2\/pages\/4177\/revisions\/5395"}],"wp:attachment":[{"href":"https:\/\/lotsarnastockholm.se\/index.php\/wp-json\/wp\/v2\/media?parent=4177"}],"curies":[{"name":"wp","href":"https:\/\/api.w.org\/{rel}","templated":true}]}}