{"id":4170,"date":"2022-12-21T16:48:39","date_gmt":"2022-12-21T15:48:39","guid":{"rendered":"https:\/\/lotsarnastockholm.se\/?page_id=4170"},"modified":"2023-04-10T20:55:49","modified_gmt":"2023-04-10T19:55:49","slug":"kristianopel","status":"publish","type":"page","link":"https:\/\/lotsarnastockholm.se\/index.php\/kristianopel\/","title":{"rendered":"Kristianopel Lotsplats"},"content":{"rendered":"\n<p class=\"has-text-align-center\"><a href=\"https:\/\/www.google.se\/maps\/place\/56%C2%B015'23.8%22N+16%C2%B002'37.6%22E\/@56.2566167,16.0415946,17z\/data=!3m1!4b1!4m4!3m3!8m2!3d56.2566167!4d16.0437833\">56\u00b0 15.397&#8242; N 16\u00b0 2.627&#8242; E<\/a><\/p>\n\n\n\n<p>Kristianopel inr\u00e4ttades ca 1697 och indrogs 1 oktober 1912.<\/p>\n\n\n\n<p>Tillh\u00f6rde S\u00f6dra lotsdistriktet Carlskrona f\u00f6rdelning fram till 1881, d\u00e4refter Kalmar f\u00f6rdelning.<\/p>\n\n\n\n<p>Enligt Stadgarna 1697: Lotsarne i Christianopel skall lotsa norrut till Bergqvara och s\u00f6derut till Torhamn och H\u00e4stholmarna.<\/p>\n\n\n\n<p>1697 hade lotsplatsen 1 lots och 2 lotsdr\u00e4ngar<\/p>\n\n\n\n<p>Ur rulla 1736: Lots Swen Leijon 42 \u00e5r<\/p>\n\n\n\n<p>Ur 1744 \u00e5rs rulla<\/p>\n\n\n\n<p>Lotsar: Hans Andersson och Oluf Truedsson Lilja<br>Lotsdr\u00e4ng: P\u00e4r Svensson<\/p>\n\n\n\n<p>Reglemente f\u00f6r Lotswerket 1799: Under lotsuppsyningsman f\u00f6r Karlskrona f\u00f6rdelning lyder Christianopels lotsplats med 1 ord lots, 1 utl\u00e4rd reservlotsdr\u00e4ng och 1 lotsl\u00e4rling. Lotsplatsen lyder under Lots\u00e5lderman p\u00e5 L\u00e5ng\u00f6ren. Lotsningsomr\u00e5de Lotsarna uppassa p\u00e5 Milsten en \u00e5ttondels mil fr\u00e5n hamnen, emottaga fr\u00e5n sj\u00f6n att inlotsa, utlotsa till sj\u00f6ss och till Bergkvara, till Breavik, till Orran\u00e4s.<\/p>\n\n\n\n<p>Ur 1817 \u00e5rs rulla: Lotsl\u00e4rling J. Berggren<\/p>\n\n\n\n<p>Enligt 1820 \u00e5rs reglemente 1 secund lots och 1 l\u00e4rling. Lotsuppassningen i K\u00f6pingen och m\u00f6ta utanf\u00f6r grunden. &nbsp;Lotsa till Bergkvara, Breavik, Orran\u00e4s<\/p>\n\n\n\n<p>Reglemente 1863: Lotsningsomr\u00e5de: Fr\u00e5n Christianopel till Bergkvara respektive Breavik, L\u00e5ng\u00f6ren, till Sj\u00f6ss eller fr\u00e5n sj\u00f6n<\/p>\n\n\n\n<p>Lotsar<\/p>\n\n\n\n<figure class=\"wp-block-table alignwide\"><table><thead><tr><td><strong>lotsar<\/strong><\/td><\/tr><tr><td><strong>efternamn<\/strong><strong><\/strong><\/td><td><strong>efternamn 2<\/strong><strong><\/strong><\/td><td><strong>f\u00f6rnamn 1<\/strong><strong><\/strong><\/td><td><strong>f\u00f6rnamn 2<\/strong><strong><\/strong><\/td><td><strong>F\u00f6dd<\/strong><strong><\/strong><\/td><td><strong>antagen i lotsverket<\/strong><strong><\/strong><\/td><td><strong>Avsked<\/strong><strong><\/strong><\/td><\/tr><\/thead><tbody><tr><td>Leijon<\/td><td><\/td><td>Swen<\/td><td><\/td><td>1694<\/td><td>1736<\/td><td><\/td><\/tr><tr><td>andersson<\/td><td><\/td><td>hans<\/td><td><\/td><td><\/td><td>1744<\/td><td><\/td><\/tr><tr><td>truedsson<\/td><td>lilja<\/td><td>oluf<\/td><td><\/td><td><\/td><td>1744<\/td><td><\/td><\/tr><tr><td>svensson<\/td><td><\/td><td>p\u00e4r<\/td><td><\/td><td><\/td><td>1744<\/td><td><\/td><\/tr><tr><td>berggren<\/td><td><\/td><td>J<\/td><td><\/td><td><\/td><td>1817<\/td><td><\/td><\/tr><tr><td>pettersson<\/td><td><\/td><td>m\u00e5rten<\/td><td><\/td><td>1794<\/td><td>1821<\/td><td><\/td><\/tr><tr><td>M\u00e5rtensson<\/td><td><\/td><td>johan<\/td><td>petter<\/td><td>1822<\/td><td>1834<\/td><td><\/td><\/tr><tr><td>M\u00e5rtensson<\/td><td><\/td><td>anders<\/td><td>wirgilius<\/td><td>1837<\/td><td>1846<\/td><td><\/td><\/tr><tr><td>johansson<\/td><td>sj\u00f6holm<\/td><td>sven<\/td><td>peter<\/td><td>1850<\/td><td>1872<\/td><td>1912<\/td><\/tr><tr><td>moring<\/td><td><\/td><td>karl<\/td><td>peter<\/td><td>1862<\/td><td>1889<\/td><td><\/td><\/tr><\/tbody><\/table><\/figure>\n\n\n\n<h5 class=\"wp-block-heading\">Utdrag ur:<br>\u201dRulla p\u00e5 Lotsarna inom Carlskrona F\u00f6rdelning 1846\u201d<br>(Originalet p\u00e5 Krigsarkivet i Stockholm.<br>Handling: S\u00f6dra Lotsdistriktet 508A, bunt 50)<\/h5>\n\n\n\n<h4 class=\"wp-block-heading\">Christianopels Lotsplats<\/h4>\n\n\n\n<p><strong>M\u00e4ster Lots M\u00e5rten Pettersson<\/strong><br>F\u00f6delse: 1794. Antagen i Lotsverkets tjenst: 1821 8\/2.<br>Uppf\u00f6rande: hjelplig. Tjenstbarhet: oduglig<br>Medier af sist f\u00f6rflutna 5 \u00e5rens Lotsf\u00f6rtjenst Riks Bco: 49<br>Gift. Barn: Joh. Petter 1822, Anders Wirgilius 1837<br>M\u00e5rten Pettersson har till f\u00f6ljd af \u00e5samkad sjuklighet blifvit oduglig i tjensten, \u00e4r dessutom fallen f\u00f6r starka drycker. Hustrun har fordom varit stark och arbetsam, men \u00e4r nu mera slarfaktig och begiven p\u00e5 fylleri.<\/p>\n\n\n\n<p><strong>Lots L\u00e4rling Joh. Pett. M\u00e5rtensson<\/strong><br>F\u00f6delse: 1822. Antagen i Lotsverkets tjenst: 1834 28\/6<br>Uppf\u00f6rande: f\u00f6rb\u00e4ttradt. Tjenstbarhet: duglig<br>Medier af sist f\u00f6rflutna 5 \u00e5rens Lotsf\u00f6rtjenst Riks Bco: 14<br>Ogift. Har erh\u00e5llet f\u00f6rordnande att bitr\u00e4da M\u00e4sterlotstjensten i faderns st\u00e4lle, \u00e4r rask och gifver godt hopp om sig.<\/p>\n\n\n\n<p><strong>Lots L\u00e4rling Anders Wirgil M\u00e5rtensson<\/strong><br>Antagen i Lotsverkets tjenst: 1846 31\/7<br>Uppf\u00f6rande: godt. Tjenstbarhet: obefaren<br>Ogift<\/p>\n\n\n\n<p><strong>Utdrag ur: \u201cKunskaps Rulla \u00f6fver Lotsarne inom Carlskrona Lotsf\u00f6rdelning 1850-55.\u201d<br>(Originalet p\u00e5 Krigsarkivet i Stockholm. Handling: S\u00f6dra Lotsdistriktet 508A, bunt 50)<\/strong><\/p>\n\n\n\n<p><strong>Christianopels Lotsplats<\/strong><\/p>\n\n\n\n<p><strong>M\u00e5rten Pettersson<\/strong><br>F\u00f6delse: 1794. Lotsl\u00e4rling: -. Secundlots 1821 8\/2. M\u00e4sterlots 1832<br>Skicklighet i tj\u00e4nsten: dd. Uppf\u00f6rande: b<br>Ekonomiska omst\u00e4ndigheter: c<br>Gift\/ogift: Gdf. Barn minder\u00e5riga: -, \u00f6fver 12 \u00e5r: 3.<\/p>\n\n\n\n<p><strong>Joh. Pett. M\u00e5rtensson<\/strong><br>F\u00f6delse: 1822 19\/2. Lotsl\u00e4rling: 1834 28\/6<br>Skicklighet i tj\u00e4nsten: a. Uppf\u00f6rande: c<br>Ekonomiska omst\u00e4ndigheter: b<br>Gift\/ogift: Ga.<\/p>\n\n\n\n<p><strong>Anders Wirgil M\u00e5rtensson<\/strong><br>Lotsl\u00e4rling: 1831 31\/7.<br>Skicklighet i tj\u00e4nsten: b. Uppf\u00f6rande: b<br>Son till M\u00e4sterlotsman<\/p>\n","protected":false},"excerpt":{"rendered":"<p>56\u00b0 15.397&#8242; N 16\u00b0 2.627&#8242; E Kristianopel inr\u00e4ttades ca 1697 och indrogs 1 oktober 1912. Tillh\u00f6rde S\u00f6dra lotsdistriktet Carlskrona f\u00f6rdelning fram till 1881, d\u00e4refter Kalmar f\u00f6rdelning. Enligt Stadgarna 1697: Lotsarne i Christianopel skall lotsa norrut till Bergqvara och s\u00f6derut till Torhamn och H\u00e4stholmarna. 1697 hade lotsplatsen 1 lots och 2 lotsdr\u00e4ngar Ur rulla 1736: Lots&hellip; <a class=\"more-link\" href=\"https:\/\/lotsarnastockholm.se\/index.php\/kristianopel\/\">Forts\u00e4tt l\u00e4sa <span class=\"screen-reader-text\">Kristianopel Lotsplats<\/span><\/a><\/p>\n","protected":false},"author":1,"featured_media":0,"parent":0,"menu_order":0,"comment_status":"closed","ping_status":"closed","template":"","meta":{"footnotes":""},"class_list":["post-4170","page","type-page","status-publish","hentry","entry"],"_links":{"self":[{"href":"https:\/\/lotsarnastockholm.se\/index.php\/wp-json\/wp\/v2\/pages\/4170","targetHints":{"allow":["GET"]}}],"collection":[{"href":"https:\/\/lotsarnastockholm.se\/index.php\/wp-json\/wp\/v2\/pages"}],"about":[{"href":"https:\/\/lotsarnastockholm.se\/index.php\/wp-json\/wp\/v2\/types\/page"}],"author":[{"embeddable":true,"href":"https:\/\/lotsarnastockholm.se\/index.php\/wp-json\/wp\/v2\/users\/1"}],"replies":[{"embeddable":true,"href":"https:\/\/lotsarnastockholm.se\/index.php\/wp-json\/wp\/v2\/comments?post=4170"}],"version-history":[{"count":4,"href":"https:\/\/lotsarnastockholm.se\/index.php\/wp-json\/wp\/v2\/pages\/4170\/revisions"}],"predecessor-version":[{"id":5397,"href":"https:\/\/lotsarnastockholm.se\/index.php\/wp-json\/wp\/v2\/pages\/4170\/revisions\/5397"}],"wp:attachment":[{"href":"https:\/\/lotsarnastockholm.se\/index.php\/wp-json\/wp\/v2\/media?parent=4170"}],"curies":[{"name":"wp","href":"https:\/\/api.w.org\/{rel}","templated":true}]}}