{"id":4144,"date":"2022-12-18T20:48:27","date_gmt":"2022-12-18T19:48:27","guid":{"rendered":"https:\/\/lotsarnastockholm.se\/?page_id=4144"},"modified":"2023-04-10T20:57:45","modified_gmt":"2023-04-10T19:57:45","slug":"orranas-lotsgard","status":"publish","type":"page","link":"https:\/\/lotsarnastockholm.se\/index.php\/orranas-lotsgard\/","title":{"rendered":"Orran\u00e4s lotsg\u00e5rd"},"content":{"rendered":"\n<p class=\"has-text-align-center\"><a href=\"https:\/\/www.google.se\/maps\/place\/56%C2%B011'33.5%22N+15%C2%B057'36.1%22E\/@56.1926333,15.9578446,17z\/data=!3m1!4b1!4m4!3m3!8m2!3d56.1926333!4d15.9600333\">56\u00b0 11.558&#8242; N 15\u00b0 57.602&#8242; E<\/a><\/p>\n\n\n\n<figure class=\"wp-block-image size-full\"><a href=\"https:\/\/lotsarnastockholm.se\/wp-content\/uploads\/2022\/12\/orranas.jpg\"><img fetchpriority=\"high\" decoding=\"async\" width=\"630\" height=\"613\" src=\"https:\/\/lotsarnastockholm.se\/wp-content\/uploads\/2022\/12\/orranas.jpg\" alt=\"\" class=\"wp-image-4145\" srcset=\"https:\/\/lotsarnastockholm.se\/wp-content\/uploads\/2022\/12\/orranas.jpg 630w, https:\/\/lotsarnastockholm.se\/wp-content\/uploads\/2022\/12\/orranas-300x292.jpg 300w\" sizes=\"(max-width: 630px) 100vw, 630px\" \/><\/a><figcaption class=\"wp-element-caption\">Specialcharta \u00f6fver Blekingekusten omkring Carlskrona fr\u00e5n Salt\u00e4rna f\u00f6rbi Gj\u00f6 och Torum uddar till Orran\u00e4s lotsplats. Sent 1700-tal.<\/figcaption><\/figure>\n\n\n\n<p>Lotsplatsen ej n\u00e4mnd i 1744 \u00e5rs rulla. N\u00e4mnd i 1820 \u00e5rs rulla. Ej n\u00e4mnd i 1863 \u00e5rs rulla.<\/p>\n\n\n\n<p>Lotsplatsen inr\u00e4ttades n\u00e5gon g\u00e5ng i slutet av 1700 talet och indrogs 1827<\/p>\n\n\n\n<p><strong>Ur reglemente f\u00f6r 1799<\/strong>: Under lotschefen s\u00e5som lotsuppsyningsman f\u00f6r Karlskrona f\u00f6rdelning lyder Orran\u00e4s lotsplats: 1 ord lots i utl\u00e4rd reservlotsdr\u00e4ng och en lotsl\u00e4rling. Lotsplatsen lyder under lots\u00e5lderman p\u00e5 L\u00e5ng\u00f6ren.<br>Lotsningsomr\u00e5de: Lotsarna uppassa vid Orran\u00e4s, emottaga fr\u00e5n sj\u00f6n att inlotsa, utlotsa till sj\u00f6ss och dessutom till Kristianopel, Till Sandhamn, till L\u00e5ng\u00f6ren.<\/p>\n\n\n\n<p><strong>Ur 1817 \u00e5rs rulla: <\/strong><br>Ordinarie lots A. Andersson<br>Lotsl\u00e4rling T.Olsson och A. Holgersson<\/p>\n\n\n\n<p>Ur 1820 \u00e5rs reglemente: 1 m\u00e4sterlots, 1 secund lots, 1 lotsl\u00e4rling. Lots uppassa vid Orran\u00e4s utom grunden.<\/p>\n","protected":false},"excerpt":{"rendered":"<p>56\u00b0 11.558&#8242; N 15\u00b0 57.602&#8242; E Lotsplatsen ej n\u00e4mnd i 1744 \u00e5rs rulla. N\u00e4mnd i 1820 \u00e5rs rulla. Ej n\u00e4mnd i 1863 \u00e5rs rulla. Lotsplatsen inr\u00e4ttades n\u00e5gon g\u00e5ng i slutet av 1700 talet och indrogs 1827 Ur reglemente f\u00f6r 1799: Under lotschefen s\u00e5som lotsuppsyningsman f\u00f6r Karlskrona f\u00f6rdelning lyder Orran\u00e4s lotsplats: 1 ord lots i utl\u00e4rd&hellip; <a class=\"more-link\" href=\"https:\/\/lotsarnastockholm.se\/index.php\/orranas-lotsgard\/\">Forts\u00e4tt l\u00e4sa <span class=\"screen-reader-text\">Orran\u00e4s lotsg\u00e5rd<\/span><\/a><\/p>\n","protected":false},"author":1,"featured_media":0,"parent":0,"menu_order":0,"comment_status":"closed","ping_status":"closed","template":"","meta":{"footnotes":""},"class_list":["post-4144","page","type-page","status-publish","hentry","entry"],"_links":{"self":[{"href":"https:\/\/lotsarnastockholm.se\/index.php\/wp-json\/wp\/v2\/pages\/4144","targetHints":{"allow":["GET"]}}],"collection":[{"href":"https:\/\/lotsarnastockholm.se\/index.php\/wp-json\/wp\/v2\/pages"}],"about":[{"href":"https:\/\/lotsarnastockholm.se\/index.php\/wp-json\/wp\/v2\/types\/page"}],"author":[{"embeddable":true,"href":"https:\/\/lotsarnastockholm.se\/index.php\/wp-json\/wp\/v2\/users\/1"}],"replies":[{"embeddable":true,"href":"https:\/\/lotsarnastockholm.se\/index.php\/wp-json\/wp\/v2\/comments?post=4144"}],"version-history":[{"count":4,"href":"https:\/\/lotsarnastockholm.se\/index.php\/wp-json\/wp\/v2\/pages\/4144\/revisions"}],"predecessor-version":[{"id":5398,"href":"https:\/\/lotsarnastockholm.se\/index.php\/wp-json\/wp\/v2\/pages\/4144\/revisions\/5398"}],"wp:attachment":[{"href":"https:\/\/lotsarnastockholm.se\/index.php\/wp-json\/wp\/v2\/media?parent=4144"}],"curies":[{"name":"wp","href":"https:\/\/api.w.org\/{rel}","templated":true}]}}