{"id":4141,"date":"2022-12-16T21:59:12","date_gmt":"2022-12-16T20:59:12","guid":{"rendered":"https:\/\/lotsarnastockholm.se\/?page_id=4141"},"modified":"2023-11-16T09:10:33","modified_gmt":"2023-11-16T08:10:33","slug":"sandhamn-i-blekinge","status":"publish","type":"page","link":"https:\/\/lotsarnastockholm.se\/index.php\/sandhamn-i-blekinge\/","title":{"rendered":"Sandhamn\/Blekinge Lpl"},"content":{"rendered":"\n<p class=\"has-text-align-center\"><a href=\"https:\/\/www.google.se\/maps\/place\/56%C2%B005'47.4%22N+15%C2%B051'21.9%22E\/@56.0965,15.8538946,17z\/data=!3m1!4b1!4m4!3m3!8m2!3d56.0965!4d15.8560833\">56\u00b0 05.790&#8242; N 15\u00b0 51.365&#8242; E<\/a><\/p>\n\n\n\n<p>Lotsplatsen tillkom efter 1744 samt indrogs 1 mars 1878 och lotsarna \u00f6verf\u00f6rdes till L\u00e5ng\u00f6rens lpl<\/p>\n\n\n\n<p>Lotsplatsen tillh\u00f6rde s\u00f6dra distriktet och Karlskrona f\u00f6rdelning<\/p>\n\n\n\n<p>I reglemente f\u00f6r Lotswerket 1799: Under Lotschefen s\u00e5som uppsyningsman f\u00f6r Carlscrona f\u00f6rdelning lyder Sandhamns lotsplats. Lotsplatsen lyder under lots\u00e5ldermannen i L\u00e5ng\u00f6ren. 1 ord lots, 1 utl\u00e4rd reservlotsdr\u00e4ng 1 llotsl\u00e4rling<br>Lotsningsomr\u00e5det: Lotsarnas skall passa wid Sandhamn, emottaga fr\u00e5n sj\u00f6n att inlotsa, utlotsa till sj\u00f6ss samt till Orran\u00e4s, til L\u00e5ng\u00f6ren.<\/p>\n\n\n\n<p>Ur rulla 1817:<\/p>\n\n\n\n<p>Ord. Lots O. Erson<br>Res lots dr\u00e4ng A. Jonsson<br>Lotsl\u00e4rlingar: M. Svensson, M. Olsson, A. Svensson.<\/p>\n\n\n\n<p>Vid visitationen 1817 beg\u00e4rdes f\u00f6rst\u00e4rkning f\u00f6r den l\u00e5nga och sv\u00e5ra utrodden.<\/p>\n\n\n\n<p>Ur 1820 \u00e5rs f\u00f6rteckning: Till Orran\u00e4s, L\u00e5ng\u00f6ren till sj\u00f6ss eller fr\u00e5n sj\u00f6n<\/p>\n\n\n\n<p>1820: 1 mls, 2 sec lots, 2 l\u00e4rl. De uppassa vid Sandhamn, de inkommande fartygen emottaga utanf\u00f6r grunden.<\/p>\n\n\n\n<p>Ur reglemente 1863. Lotsningsomr\u00e5de: Fr\u00e5n Sandhamn till Kalmar och till sj\u00f6ss eller fr\u00e5n sj\u00f6n.<\/p>\n\n\n\n<p><strong>Sandhamns Lotsplats<\/strong><\/p>\n\n\n\n<h5 class=\"wp-block-heading\">Utdrag ur:<br>\u201dRulla p\u00e5 Lotsarna inom Carlskrona F\u00f6rdelning 1846\u201d<br>(Originalet p\u00e5 Krigsarkivet i Stockholm.<br>Handling: S\u00f6dra Lotsdistriktet 508A, bunt 50<\/h5>\n\n\n\n<p><strong>M\u00e4ster Lotsen Ola M\u00e5rtensson d.\u00e4.<\/strong><br>F\u00f6delse: 1821. Antagen i Lotsverkets tjenst: 1839 8\/7.<br>Uppf\u00f6rande: godt. Tjenstbarhet: duglig<br>Medier af sist f\u00f6rflutna 5 \u00e5rens Lotsf\u00f6rtjenst Riks Bco: 6<br>Ogift<br>Ola M\u00e5rtensson \u00e4r af ett stilla och beskedligt sinnelag, samt m\u00e5ttlig i bruket af starka drycker \u2013 har ingen hemmansdel, utan bor hos f\u00f6r\u00e4ldrarna.<\/p>\n\n\n\n<p><strong>Secund Lotsen Ola M\u00e5nsson<\/strong><br>F\u00f6delse: 1821.Antagen i Lotsverkets tjenst: 1836 5\/8.<br>Uppf\u00f6rande: f\u00f6rb\u00e4ttradt. Tjenstbarhet: duglig<br>Medier af sist f\u00f6rflutna 5 \u00e5rens Lotsf\u00f6rtjenst Riks Bco: 6<br>Ogift. Ola M\u00e5nsson \u00e4r egare af \u00bc hemman och st\u00e5r sig bra, har f\u00f6rut varit begifven p\u00e5 supa men \u00e4r nu f\u00f6rb\u00e4ttrad.<\/p>\n\n\n\n<p><strong>Lots L\u00e4rling Ola Svensson<\/strong><br>F\u00f6delse: 1822. Antagen i Lotsverkets tjenst: 1843 10\/4.<br>Uppf\u00f6rande: godt. Tjenstbarhet: obefaren<br>Gift. \u00c4gare af 1\/16 hemman och m\u00e5r bra.<\/p>\n\n\n\n<p>L<strong>ots L\u00e4rling Nils Svensson<\/strong><br>Antagen i Lotsverkets tjenst: 1844 18\/10.<br>Uppf\u00f6rande: beskedligt. Tjenstbarhet: obefaren<br>Ogift. Bor hos hos modern som \u00e4r Enka med 7 barn och mycket fattig.<\/p>\n\n\n\n<p><strong>Utdrag ur: \u201cKunskaps Rulla \u00f6fver Lotsarne inom Carlskrona Lotsf\u00f6rdelning 1850-55.\u201d<br>(Originalet p\u00e5 Krigsarkivet i Stockholm. Handling: S\u00f6dra Lotsdistriktet 508A, bunt 50)<\/strong><\/p>\n\n\n\n<p><strong>Ola M\u00e5rtensson<\/strong><br>F\u00f6delse: 1821 5\/8. Lotsl\u00e4rling: 1839 8\/7. Secundlots: 1842 23\/9. M\u00e4sterlots: 1847 21\/9. Skicklighet i tj\u00e4nsten: a. Uppf\u00f6rande: b<br>Ekonomiska omst\u00e4ndigheter: aa.<br>Gift\/ogift: Ga. Barn minder\u00e5riga: 3<\/p>\n\n\n\n<p><strong>Ola M\u00e5nsson<\/strong><br>F\u00f6delse: 1821 20\/12. Lotsl\u00e4rling: 1836 5\/8. Secundlots 1844 25\/10<br>Skicklighet i tj\u00e4nsten: b. Uppf\u00f6rande: b<br>Ekonomiska omst\u00e4ndigheter: a.<br>Gift\/ogift: Ga. Barn minder\u00e5riga: 1<\/p>\n\n\n\n<p><strong>Ola Svensson<\/strong><br>F\u00f6delse: 1822 23\/12. Lotsl\u00e4rling: 1843 10\/4.<br>Skicklighet i tj\u00e4nsten: c. Uppf\u00f6rande: b<br>Ekonomiska omst\u00e4ndigheter: b.<br>Gift\/ogift: Gc Barn minder\u00e5riga: 2<\/p>\n\n\n\n<p><strong>Nils Svensson<\/strong><br>Lotsl\u00e4rling: 1844 18\/10. Skicklighet i tj\u00e4nsten: b Uppf\u00f6rande: b<\/p>\n\n\n\n<p><strong>Ola Olsson<\/strong><br>Lotsl\u00e4rling: 1847 16\/9. Skicklighet i tj\u00e4nsten: aa. Uppf\u00f6rande: b<\/p>\n\n\n\n<p><strong>Petter Nilsson<\/strong><br>F\u00f6delse: 1823 1\/6. Lotsl\u00e4rling: 1848 18\/5.<\/p>\n\n\n\n<p><strong>Nils M\u00e5rtenson<\/strong><br>F\u00f6delse: 1838 22\/1 1836 22\/1. Lotsl\u00e4rling: 1848 22\/<\/p>\n\n\n\n<figure class=\"wp-block-table\"><table><tbody><tr><td><strong>Efternamn<\/strong><\/td><td><strong>F\u00f6rnamn<\/strong><\/td><td><strong>F\u00f6rnamn<\/strong><\/td><td><strong>F\u00f6dd<\/strong><\/td><td><strong>Antagen i lotsverket<\/strong><\/td><\/tr><tr><td>Erson<\/td><td>O<\/td><td>&nbsp;<\/td><td>&nbsp;<\/td><td>1817<\/td><\/tr><tr><td>Jonsson<\/td><td>A<\/td><td>&nbsp;<\/td><td>&nbsp;<\/td><td>1817<\/td><\/tr><tr><td>Olsson<\/td><td>M<\/td><td>Ll<\/td><td>&nbsp;<\/td><td>1817<\/td><\/tr><tr><td>Svensson<\/td><td>A<\/td><td>Ll<\/td><td>&nbsp;<\/td><td>1817<\/td><\/tr><tr><td>Svensson<\/td><td>M<\/td><td>Ll<\/td><td>&nbsp;<\/td><td>1817<\/td><\/tr><tr><td>M\u00e5nsson<\/td><td>Ola<\/td><td>&nbsp;<\/td><td>1821<\/td><td>1836<\/td><\/tr><tr><td>M\u00e5rtensson<\/td><td>Ola d\u00e4<\/td><td>&nbsp;<\/td><td>1821<\/td><td>1839<\/td><\/tr><tr><td>Svensson<\/td><td>Ola<\/td><td>&nbsp;<\/td><td>1822<\/td><td>1843<\/td><\/tr><tr><td>Svensson<\/td><td>Nils<\/td><td>&nbsp;<\/td><td>&nbsp;<\/td><td>1844<\/td><\/tr><tr><td>Olsson<\/td><td>Ola<\/td><td>&nbsp;<\/td><td>&nbsp;<\/td><td>1847<\/td><\/tr><tr><td>M\u00e5rtensson<\/td><td>Nils<\/td><td>&nbsp;<\/td><td>1836<\/td><td>1848<\/td><\/tr><tr><td>Nilsson<\/td><td>Petter<\/td><td>&nbsp;<\/td><td>1823<\/td><td>1848<\/td><\/tr><\/tbody><\/table><figcaption class=\"wp-element-caption\">Lotsar vid Sandhamns Lpl<\/figcaption><\/figure>\n","protected":false},"excerpt":{"rendered":"<p>56\u00b0 05.790&#8242; N 15\u00b0 51.365&#8242; E Lotsplatsen tillkom efter 1744 samt indrogs 1 mars 1878 och lotsarna \u00f6verf\u00f6rdes till L\u00e5ng\u00f6rens lpl Lotsplatsen tillh\u00f6rde s\u00f6dra distriktet och Karlskrona f\u00f6rdelning I reglemente f\u00f6r Lotswerket 1799: Under Lotschefen s\u00e5som uppsyningsman f\u00f6r Carlscrona f\u00f6rdelning lyder Sandhamns lotsplats. Lotsplatsen lyder under lots\u00e5ldermannen i L\u00e5ng\u00f6ren. 1 ord lots, 1 utl\u00e4rd reservlotsdr\u00e4ng&hellip; <a class=\"more-link\" href=\"https:\/\/lotsarnastockholm.se\/index.php\/sandhamn-i-blekinge\/\">Forts\u00e4tt l\u00e4sa <span class=\"screen-reader-text\">Sandhamn\/Blekinge Lpl<\/span><\/a><\/p>\n","protected":false},"author":1,"featured_media":0,"parent":0,"menu_order":0,"comment_status":"closed","ping_status":"closed","template":"","meta":{"footnotes":""},"class_list":["post-4141","page","type-page","status-publish","hentry","entry"],"_links":{"self":[{"href":"https:\/\/lotsarnastockholm.se\/index.php\/wp-json\/wp\/v2\/pages\/4141","targetHints":{"allow":["GET"]}}],"collection":[{"href":"https:\/\/lotsarnastockholm.se\/index.php\/wp-json\/wp\/v2\/pages"}],"about":[{"href":"https:\/\/lotsarnastockholm.se\/index.php\/wp-json\/wp\/v2\/types\/page"}],"author":[{"embeddable":true,"href":"https:\/\/lotsarnastockholm.se\/index.php\/wp-json\/wp\/v2\/users\/1"}],"replies":[{"embeddable":true,"href":"https:\/\/lotsarnastockholm.se\/index.php\/wp-json\/wp\/v2\/comments?post=4141"}],"version-history":[{"count":5,"href":"https:\/\/lotsarnastockholm.se\/index.php\/wp-json\/wp\/v2\/pages\/4141\/revisions"}],"predecessor-version":[{"id":5835,"href":"https:\/\/lotsarnastockholm.se\/index.php\/wp-json\/wp\/v2\/pages\/4141\/revisions\/5835"}],"wp:attachment":[{"href":"https:\/\/lotsarnastockholm.se\/index.php\/wp-json\/wp\/v2\/media?parent=4141"}],"curies":[{"name":"wp","href":"https:\/\/api.w.org\/{rel}","templated":true}]}}